{"id":16706,"date":"2023-03-02T14:46:49","date_gmt":"2023-03-02T13:46:49","guid":{"rendered":"https:\/\/aquavis.it\/prodotto\/pasta-bianca\/"},"modified":"2025-11-19T15:51:45","modified_gmt":"2025-11-19T14:51:45","slug":"pasta-bianca","status":"publish","type":"product","link":"https:\/\/aquavis.it\/pl\/prodotto\/pasta-bianca\/","title":{"rendered":"Pasta Ochronna Bia\u0142a 200 ml"},"content":{"rendered":"\t\t<div data-elementor-type=\"wp-post\" data-elementor-id=\"16706\" class=\"elementor elementor-16706 elementor-102\" data-elementor-post-type=\"product\">\n\t\t\t\t\t\t<section class=\"elementor-section elementor-top-section elementor-element elementor-element-d4d24ad rey-section-stretched rey-section-bg--classic elementor-section-boxed elementor-section-height-default elementor-section-height-default\" data-id=\"d4d24ad\" data-element_type=\"section\" data-settings=\"{&quot;background_background&quot;:&quot;classic&quot;}\">\n\t\t\t\t\t\t<div class=\"elementor-container elementor-column-gap-default\">\n\t\t\t\t\t<div class=\"elementor-column elementor-col-33 elementor-top-column elementor-element elementor-element-adf74a5\" data-id=\"adf74a5\" data-element_type=\"column\">\n\t\t\t<div class=\"elementor-column-wrap--adf74a5 elementor-widget-wrap elementor-element-populated\">\n\t\t\t\t\t\t<div class=\"elementor-element elementor-element-f728371 elementor-widget elementor-widget-image\" data-id=\"f728371\" data-element_type=\"widget\" data-widget_type=\"image.default\">\n\t\t\t\t<div class=\"elementor-widget-container\">\n\t\t\t\t\t\t\t\t\t\t\t\t\t<img decoding=\"async\" width=\"70\" height=\"70\" src=\"https:\/\/aquavis.it\/wp-content\/uploads\/2024\/10\/icona1-1-1.svg\" class=\"attachment-full size-full wp-image-9891\" alt=\"\" \/>\t\t\t\t\t\t\t\t\t\t\t\t\t<\/div>\n\t\t\t\t<\/div>\n\t\t\t\t<div class=\"elementor-element elementor-element-9c670b8 elementor-widget elementor-widget-heading\" data-id=\"9c670b8\" data-element_type=\"widget\" data-widget_type=\"heading.default\">\n\t\t\t\t<div class=\"elementor-widget-container\">\n\t\t\t<h3 class=\"elementor-heading-title elementor-size-default\"> Sk\u0142adniki aktywne:<\/h3>\t\t<\/div>\n\t\t\t\t<\/div>\n\t\t\t\t<div class=\"elementor-element elementor-element-3d10bca elementor-widget elementor-widget-text-editor\" data-id=\"3d10bca\" data-element_type=\"widget\" data-widget_type=\"text-editor.default\">\n\t\t\t\t<div class=\"elementor-widget-container\">\n\t\t\t\t\t\t\t<p class=\"p1\">Aquavis\u00ae, Tlenek cynku, Witamina B5, Krwawnik, Nagietek, Aloes 100% BIO, Pantenol, Alantoina, Bisabolol.<\/p>\t\t\t\t\t\t<\/div>\n\t\t\t\t<\/div>\n\t\t\t\t<div class=\"elementor-element elementor-element-1d017b7 elementor-widget elementor-widget-heading\" data-id=\"1d017b7\" data-element_type=\"widget\" data-widget_type=\"heading.default\">\n\t\t\t\t<div class=\"elementor-widget-container\">\n\t\t\t<h3 class=\"elementor-heading-title elementor-size-default\">Jako\u015b\u0107 i bezpiecze\u0144stwo:<\/h3>\t\t<\/div>\n\t\t\t\t<\/div>\n\t\t\t\t<div class=\"elementor-element elementor-element-ad31271 elementor-widget elementor-widget-text-editor\" data-id=\"ad31271\" data-element_type=\"widget\" data-widget_type=\"text-editor.default\">\n\t\t\t\t<div class=\"elementor-widget-container\">\n\t\t\t\t\t\t\t<p class=\"p1\">Ka\u017cdy produkt Aquavis\u00ae jest testowany dermatologicznie, aby zagwarantowa\u0107 jako\u015b\u0107 i bezpiecze\u0144stwo stosowania. Badanie kliniczne maj\u0105ce na celu potwierdzenie ochronnej skuteczno\u015bci produktu Pasta Bianca wykaza\u0142o redukcj\u0119 TEWL o 54% oraz zmniejszenie wska\u017anika rumienia o 45% ju\u017c po jednorazowym zastosowaniu produktu. 100% uczestnik\u00f3w badania wyrazi\u0142o pozytywn\u0105 opini\u0119, potwierdzaj\u0105c ochronne i \u0142agodz\u0105ce dzia\u0142anie pasty.<\/p>\t\t\t\t\t\t<\/div>\n\t\t\t\t<\/div>\n\t\t\t\t\t<\/div>\n\t\t<\/div>\n\t\t\t\t<div class=\"elementor-column elementor-col-33 elementor-top-column elementor-element elementor-element-c324d8e\" data-id=\"c324d8e\" data-element_type=\"column\">\n\t\t\t<div class=\"elementor-column-wrap--c324d8e elementor-widget-wrap elementor-element-populated\">\n\t\t\t\t\t\t<div class=\"elementor-element elementor-element-70cdce3 elementor-widget elementor-widget-image\" data-id=\"70cdce3\" data-element_type=\"widget\" data-widget_type=\"image.default\">\n\t\t\t\t<div class=\"elementor-widget-container\">\n\t\t\t\t\t\t\t\t\t\t\t\t\t<img decoding=\"async\" width=\"70\" height=\"70\" src=\"https:\/\/aquavis.it\/wp-content\/uploads\/2024\/10\/icona2-1-1.svg\" class=\"attachment-full size-full wp-image-9892\" alt=\"\" \/>\t\t\t\t\t\t\t\t\t\t\t\t\t<\/div>\n\t\t\t\t<\/div>\n\t\t\t\t<div class=\"elementor-element elementor-element-8e00207 elementor-widget elementor-widget-heading\" data-id=\"8e00207\" data-element_type=\"widget\" data-widget_type=\"heading.default\">\n\t\t\t\t<div class=\"elementor-widget-container\">\n\t\t\t<h3 class=\"elementor-heading-title elementor-size-default\">Korzy\u015bci:<\/h3>\t\t<\/div>\n\t\t\t\t<\/div>\n\t\t\t\t<div class=\"elementor-element elementor-element-c43bbc7 elementor-widget elementor-widget-text-editor\" data-id=\"c43bbc7\" data-element_type=\"widget\" data-widget_type=\"text-editor.default\">\n\t\t\t\t<div class=\"elementor-widget-container\">\n\t\t\t\t\t\t\t<p class=\"p1\">Mimo bogatej, g\u0119stej i kremowej konsystencji, Pasta Bianca szybko si\u0119 wch\u0142ania i dzia\u0142a od pierwszej aplikacji. Skuteczna przeciw oparzeniom i oparzeniom s\u0142onecznym, nadmiernemu rogowaceniu, podra\u017cnieniom po tatua\u017cu, uk\u0105szeniom owad\u00f3w, depilacji, otarciom lub odparzeniom sk\u00f3ry oraz jako wzmocnienie ochrony sk\u00f3ry przed szkodliwymi czynnikami zewn\u0119trznymi. Dzia\u0142a \u0142agodz\u0105co, regeneruj\u0105co, przeciwzapalnie i wspomaga gojenie. Zawiera Aquavis\u00ae, pierwszy biofizyczny aktywator autofagii, kt\u00f3ry wspiera regeneracj\u0119 kom\u00f3rkow\u0105. Pasta Bianca jest dodatkowo wzbogacona o tlenek cynku, tworz\u0105cy ochronny film wzmacniaj\u0105cy barier\u0119 sk\u00f3ry przed czynnikami zewn\u0119trznymi, w tym promieniowaniem UV. ProWitamina B5 (Pantenol) nawil\u017ca, \u0142agodzi i wspiera regeneracj\u0119. Sok z aloesu 100% BIO dzia\u0142a koj\u0105co i nawil\u017caj\u0105co. Alantoina wspiera proces regeneracji, natomiast Bisabolol jest znany ze swoich w\u0142a\u015bciwo\u015bci \u0142agodz\u0105cych i przeciwzapalnych. Krwawnik dzia\u0142a regeneruj\u0105co, a nagietek przeciwzapalnie i koj\u0105co.<\/p>\t\t\t\t\t\t<\/div>\n\t\t\t\t<\/div>\n\t\t\t\t\t<\/div>\n\t\t<\/div>\n\t\t\t\t<div class=\"elementor-column elementor-col-33 elementor-top-column elementor-element elementor-element-5e80842\" data-id=\"5e80842\" data-element_type=\"column\">\n\t\t\t<div class=\"elementor-column-wrap--5e80842 elementor-widget-wrap elementor-element-populated\">\n\t\t\t\t\t\t<div class=\"elementor-element elementor-element-bdd3704 elementor-widget elementor-widget-image\" data-id=\"bdd3704\" data-element_type=\"widget\" data-widget_type=\"image.default\">\n\t\t\t\t<div class=\"elementor-widget-container\">\n\t\t\t\t\t\t\t\t\t\t\t\t\t<img decoding=\"async\" width=\"70\" height=\"70\" src=\"https:\/\/aquavis.it\/wp-content\/uploads\/2024\/10\/icona3-1-1.svg\" class=\"attachment-full size-full wp-image-9893\" alt=\"\" \/>\t\t\t\t\t\t\t\t\t\t\t\t\t<\/div>\n\t\t\t\t<\/div>\n\t\t\t\t<div class=\"elementor-element elementor-element-1cd82bf elementor-widget elementor-widget-heading\" data-id=\"1cd82bf\" data-element_type=\"widget\" data-widget_type=\"heading.default\">\n\t\t\t\t<div class=\"elementor-widget-container\">\n\t\t\t<h3 class=\"elementor-heading-title elementor-size-default\">Sk\u0142adniki:<\/h3>\t\t<\/div>\n\t\t\t\t<\/div>\n\t\t\t\t<div class=\"elementor-element elementor-element-4af369d elementor-widget elementor-widget-text-editor\" data-id=\"4af369d\" data-element_type=\"widget\" data-widget_type=\"text-editor.default\">\n\t\t\t\t<div class=\"elementor-widget-container\">\n\t\t\t\t\t\t\t<p class=\"p1\">aqua (water), glyceryl stearate, zinc oxide, caprylic\/capric triglyceride, cetearyl alcohol, glycerin, dicaprylyl ether, calcium chloride, magnesium chloride, zinc chloride, potassium chloride, aloe barbadensis leaf juice*, calendula officinalis flower extract, achillea millefolium flower extract, panthenol, allantoin, lactic acid, sodium dehydroacetate, ethylhexylglycerin, sodium chloride, sodium cetearyl sulfate, sodium lauryl sulfate, tetrasodium glutamate diacetate, lecithin, bisabolol, tocopherol, ascorbyl palmitate, disodium edta, phenoxyethanol *z rolnictwa ekologicznego.<\/p>\t\t\t\t\t\t<\/div>\n\t\t\t\t<\/div>\n\t\t\t\t<div class=\"elementor-element elementor-element-dc18831 elementor-widget elementor-widget-heading\" data-id=\"dc18831\" data-element_type=\"widget\" data-widget_type=\"heading.default\">\n\t\t\t\t<div class=\"elementor-widget-container\">\n\t\t\t<h3 class=\"elementor-heading-title elementor-size-default\">Wskazania i spos\u00f3b u\u017cycia:<\/h3>\t\t<\/div>\n\t\t\t\t<\/div>\n\t\t\t\t<div class=\"elementor-element elementor-element-20b5196 elementor-widget elementor-widget-text-editor\" data-id=\"20b5196\" data-element_type=\"widget\" data-widget_type=\"text-editor.default\">\n\t\t\t\t<div class=\"elementor-widget-container\">\n\t\t\t\t\t\t\t<p class=\"p1\">Stosowa\u0107 na potrzebuj\u0105ce obszary sk\u00f3ry, delikatnie masuj\u0105c a\u017c do ca\u0142kowitego wch\u0142oni\u0119cia. Mo\u017cna stosowa\u0107 kilka razy dziennie dla zwi\u0119kszenia dzia\u0142ania przeciwzapalnego i ochronnego.<\/p>\t\t\t\t\t\t<\/div>\n\t\t\t\t<\/div>\n\t\t\t\t\t<\/div>\n\t\t<\/div>\n\t\t\t\t\t<\/div>\n\t\t<\/section>\n\t\t\t\t<\/div>\n\t\t","protected":false},"excerpt":{"rendered":"<p class=\"p1\"><b>Z Aquavis\u00ae, krwawnikiem, nagietkiem, pantenolem, alantoin\u0105, bisabobolem, aloesem. Tlenek cynku.<\/b><\/p>\n<p class=\"p1\">\u0141agodz\u0105ca pasta przeznaczona do delikatnej i wra\u017cliwej sk\u00f3ry, kt\u00f3ra wymaga zwi\u0119kszonej ochrony. Wzmacnia barier\u0119 sk\u00f3rn\u0105, utrzymuje prawid\u0142owe nawil\u017cenie i wspiera regeneracj\u0119 kom\u00f3rkow\u0105. Kremowa konsystencja, przyjemna w dotyku.<\/p>\n<ul>\n<li class=\"p1\"><strong>OCHRONNA<\/strong><\/li>\n<li class=\"p1\"><strong>POBUDZA AUTOFAGI\u0118.<\/strong><\/li>\n<li class=\"p1\"><strong>WZMACNIA BARIER\u0118 SK\u00d3RN\u0104<\/strong><\/li>\n<li class=\"p1\"><strong>PRZECIWZAPALNA.<\/strong><\/li>\n<li class=\"p1\"><strong>REGENERUJE SK\u00d3R\u0118.<\/strong><\/li>\n<\/ul>\n","protected":false},"featured_media":18490,"comment_status":"open","ping_status":"closed","template":"","meta":{"_acf_changed":false},"product_cat":[369],"product_tag":[],"class_list":{"0":"post-16706","1":"product","2":"type-product","3":"status-publish","4":"has-post-thumbnail","6":"product_cat-skincare","8":"first","9":"instock","10":"shipping-taxable","11":"purchasable","12":"product-type-simple","swatches":"rey-swatches","show_selected":"","stretch_labels":"rey-swatches--stretch-labels"},"acf":[],"yoast_head":"<!-- This site is optimized with the Yoast SEO plugin v26.4 - https:\/\/yoast.com\/wordpress\/plugins\/seo\/ -->\n<title>Pasta ochronna Aquavis: ochrona i regeneracja sk\u00f3ry<\/title>\n<meta name=\"description\" content=\"Pasta z tlenkiem cynku tworzy barier\u0119 ochronn\u0105 i wspiera regeneracj\u0119 podra\u017cnionej sk\u00f3ry.\" \/>\n<meta name=\"robots\" content=\"index, follow, max-snippet:-1, max-image-preview:large, max-video-preview:-1\" \/>\n<link rel=\"canonical\" href=\"https:\/\/aquavis.it\/pl\/prodotto\/pasta-bianca\/\" \/>\n<meta property=\"og:locale\" content=\"pl_PL\" \/>\n<meta property=\"og:type\" content=\"article\" \/>\n<meta property=\"og:title\" content=\"Pasta ochronna Aquavis: ochrona i regeneracja sk\u00f3ry\" \/>\n<meta property=\"og:description\" content=\"Pasta z tlenkiem cynku tworzy barier\u0119 ochronn\u0105 i wspiera regeneracj\u0119 podra\u017cnionej sk\u00f3ry.\" \/>\n<meta property=\"og:url\" content=\"https:\/\/aquavis.it\/pl\/prodotto\/pasta-bianca\/\" \/>\n<meta property=\"og:site_name\" content=\"Aquavis\" \/>\n<meta property=\"article:publisher\" content=\"https:\/\/www.facebook.com\/aquavis.it\" \/>\n<meta property=\"article:modified_time\" content=\"2025-11-19T14:51:45+00:00\" \/>\n<meta property=\"og:image\" content=\"https:\/\/aquavis.it\/wp-content\/uploads\/2023\/03\/pasta-bianca-aquavis-barattolo-1.jpg\" \/>\n\t<meta property=\"og:image:width\" content=\"1000\" \/>\n\t<meta property=\"og:image:height\" content=\"1000\" \/>\n\t<meta property=\"og:image:type\" content=\"image\/jpeg\" \/>\n<meta name=\"twitter:card\" content=\"summary_large_image\" \/>\n<meta name=\"twitter:label1\" content=\"Szacowany czas czytania\" \/>\n\t<meta name=\"twitter:data1\" content=\"3 minuty\" \/>\n<script type=\"application\/ld+json\" class=\"yoast-schema-graph\">{\"@context\":\"https:\/\/schema.org\",\"@graph\":[{\"@type\":\"WebPage\",\"@id\":\"https:\/\/aquavis.it\/pl\/prodotto\/pasta-bianca\/\",\"url\":\"https:\/\/aquavis.it\/pl\/prodotto\/pasta-bianca\/\",\"name\":\"Pasta ochronna Aquavis: ochrona i regeneracja sk\u00f3ry\",\"isPartOf\":{\"@id\":\"https:\/\/aquavis.it\/pl\/#website\"},\"primaryImageOfPage\":{\"@id\":\"https:\/\/aquavis.it\/pl\/prodotto\/pasta-bianca\/#primaryimage\"},\"image\":{\"@id\":\"https:\/\/aquavis.it\/pl\/prodotto\/pasta-bianca\/#primaryimage\"},\"thumbnailUrl\":\"https:\/\/aquavis.it\/wp-content\/uploads\/2023\/03\/pasta-bianca-aquavis-barattolo-1.jpg\",\"datePublished\":\"2023-03-02T13:46:49+00:00\",\"dateModified\":\"2025-11-19T14:51:45+00:00\",\"description\":\"Pasta z tlenkiem cynku tworzy barier\u0119 ochronn\u0105 i wspiera regeneracj\u0119 podra\u017cnionej sk\u00f3ry.\",\"breadcrumb\":{\"@id\":\"https:\/\/aquavis.it\/pl\/prodotto\/pasta-bianca\/#breadcrumb\"},\"inLanguage\":\"pl-PL\",\"potentialAction\":[{\"@type\":\"ReadAction\",\"target\":[\"https:\/\/aquavis.it\/pl\/prodotto\/pasta-bianca\/\"]}]},{\"@type\":\"ImageObject\",\"inLanguage\":\"pl-PL\",\"@id\":\"https:\/\/aquavis.it\/pl\/prodotto\/pasta-bianca\/#primaryimage\",\"url\":\"https:\/\/aquavis.it\/wp-content\/uploads\/2023\/03\/pasta-bianca-aquavis-barattolo-1.jpg\",\"contentUrl\":\"https:\/\/aquavis.it\/wp-content\/uploads\/2023\/03\/pasta-bianca-aquavis-barattolo-1.jpg\",\"width\":1000,\"height\":1000},{\"@type\":\"BreadcrumbList\",\"@id\":\"https:\/\/aquavis.it\/pl\/prodotto\/pasta-bianca\/#breadcrumb\",\"itemListElement\":[{\"@type\":\"ListItem\",\"position\":1,\"name\":\"Home\",\"item\":\"https:\/\/aquavis.it\/pl\/\"},{\"@type\":\"ListItem\",\"position\":2,\"name\":\"Shop\",\"item\":\"https:\/\/aquavis.it\/pl\/shop\/\"},{\"@type\":\"ListItem\",\"position\":3,\"name\":\"Pasta Ochronna Bia\u0142a 200 ml\"}]},{\"@type\":\"WebSite\",\"@id\":\"https:\/\/aquavis.it\/pl\/#website\",\"url\":\"https:\/\/aquavis.it\/pl\/\",\"name\":\"Aquavis\",\"description\":\"\",\"potentialAction\":[{\"@type\":\"SearchAction\",\"target\":{\"@type\":\"EntryPoint\",\"urlTemplate\":\"https:\/\/aquavis.it\/pl\/?s={search_term_string}\"},\"query-input\":{\"@type\":\"PropertyValueSpecification\",\"valueRequired\":true,\"valueName\":\"search_term_string\"}}],\"inLanguage\":\"pl-PL\"}]}<\/script>\n<!-- \/ Yoast SEO plugin. -->","yoast_head_json":{"title":"Pasta ochronna Aquavis: ochrona i regeneracja sk\u00f3ry","description":"Pasta z tlenkiem cynku tworzy barier\u0119 ochronn\u0105 i wspiera regeneracj\u0119 podra\u017cnionej sk\u00f3ry.","robots":{"index":"index","follow":"follow","max-snippet":"max-snippet:-1","max-image-preview":"max-image-preview:large","max-video-preview":"max-video-preview:-1"},"canonical":"https:\/\/aquavis.it\/pl\/prodotto\/pasta-bianca\/","og_locale":"pl_PL","og_type":"article","og_title":"Pasta ochronna Aquavis: ochrona i regeneracja sk\u00f3ry","og_description":"Pasta z tlenkiem cynku tworzy barier\u0119 ochronn\u0105 i wspiera regeneracj\u0119 podra\u017cnionej sk\u00f3ry.","og_url":"https:\/\/aquavis.it\/pl\/prodotto\/pasta-bianca\/","og_site_name":"Aquavis","article_publisher":"https:\/\/www.facebook.com\/aquavis.it","article_modified_time":"2025-11-19T14:51:45+00:00","og_image":[{"width":1000,"height":1000,"url":"https:\/\/aquavis.it\/wp-content\/uploads\/2023\/03\/pasta-bianca-aquavis-barattolo-1.jpg","type":"image\/jpeg"}],"twitter_card":"summary_large_image","twitter_misc":{"Szacowany czas czytania":"3 minuty"},"schema":{"@context":"https:\/\/schema.org","@graph":[{"@type":"WebPage","@id":"https:\/\/aquavis.it\/pl\/prodotto\/pasta-bianca\/","url":"https:\/\/aquavis.it\/pl\/prodotto\/pasta-bianca\/","name":"Pasta ochronna Aquavis: ochrona i regeneracja sk\u00f3ry","isPartOf":{"@id":"https:\/\/aquavis.it\/pl\/#website"},"primaryImageOfPage":{"@id":"https:\/\/aquavis.it\/pl\/prodotto\/pasta-bianca\/#primaryimage"},"image":{"@id":"https:\/\/aquavis.it\/pl\/prodotto\/pasta-bianca\/#primaryimage"},"thumbnailUrl":"https:\/\/aquavis.it\/wp-content\/uploads\/2023\/03\/pasta-bianca-aquavis-barattolo-1.jpg","datePublished":"2023-03-02T13:46:49+00:00","dateModified":"2025-11-19T14:51:45+00:00","description":"Pasta z tlenkiem cynku tworzy barier\u0119 ochronn\u0105 i wspiera regeneracj\u0119 podra\u017cnionej sk\u00f3ry.","breadcrumb":{"@id":"https:\/\/aquavis.it\/pl\/prodotto\/pasta-bianca\/#breadcrumb"},"inLanguage":"pl-PL","potentialAction":[{"@type":"ReadAction","target":["https:\/\/aquavis.it\/pl\/prodotto\/pasta-bianca\/"]}]},{"@type":"ImageObject","inLanguage":"pl-PL","@id":"https:\/\/aquavis.it\/pl\/prodotto\/pasta-bianca\/#primaryimage","url":"https:\/\/aquavis.it\/wp-content\/uploads\/2023\/03\/pasta-bianca-aquavis-barattolo-1.jpg","contentUrl":"https:\/\/aquavis.it\/wp-content\/uploads\/2023\/03\/pasta-bianca-aquavis-barattolo-1.jpg","width":1000,"height":1000},{"@type":"BreadcrumbList","@id":"https:\/\/aquavis.it\/pl\/prodotto\/pasta-bianca\/#breadcrumb","itemListElement":[{"@type":"ListItem","position":1,"name":"Home","item":"https:\/\/aquavis.it\/pl\/"},{"@type":"ListItem","position":2,"name":"Shop","item":"https:\/\/aquavis.it\/pl\/shop\/"},{"@type":"ListItem","position":3,"name":"Pasta Ochronna Bia\u0142a 200 ml"}]},{"@type":"WebSite","@id":"https:\/\/aquavis.it\/pl\/#website","url":"https:\/\/aquavis.it\/pl\/","name":"Aquavis","description":"","potentialAction":[{"@type":"SearchAction","target":{"@type":"EntryPoint","urlTemplate":"https:\/\/aquavis.it\/pl\/?s={search_term_string}"},"query-input":{"@type":"PropertyValueSpecification","valueRequired":true,"valueName":"search_term_string"}}],"inLanguage":"pl-PL"}]}},"_links":{"self":[{"href":"https:\/\/aquavis.it\/pl\/wp-json\/wp\/v2\/product\/16706","targetHints":{"allow":["GET"]}}],"collection":[{"href":"https:\/\/aquavis.it\/pl\/wp-json\/wp\/v2\/product"}],"about":[{"href":"https:\/\/aquavis.it\/pl\/wp-json\/wp\/v2\/types\/product"}],"replies":[{"embeddable":true,"href":"https:\/\/aquavis.it\/pl\/wp-json\/wp\/v2\/comments?post=16706"}],"version-history":[{"count":4,"href":"https:\/\/aquavis.it\/pl\/wp-json\/wp\/v2\/product\/16706\/revisions"}],"predecessor-version":[{"id":16962,"href":"https:\/\/aquavis.it\/pl\/wp-json\/wp\/v2\/product\/16706\/revisions\/16962"}],"wp:featuredmedia":[{"embeddable":true,"href":"https:\/\/aquavis.it\/pl\/wp-json\/wp\/v2\/media\/18490"}],"wp:attachment":[{"href":"https:\/\/aquavis.it\/pl\/wp-json\/wp\/v2\/media?parent=16706"}],"wp:term":[{"taxonomy":"product_cat","embeddable":true,"href":"https:\/\/aquavis.it\/pl\/wp-json\/wp\/v2\/product_cat?post=16706"},{"taxonomy":"product_tag","embeddable":true,"href":"https:\/\/aquavis.it\/pl\/wp-json\/wp\/v2\/product_tag?post=16706"}],"curies":[{"name":"wp","href":"https:\/\/api.w.org\/{rel}","templated":true}]}}