{"id":16700,"date":"2023-09-15T13:43:48","date_gmt":"2023-09-15T11:43:48","guid":{"rendered":"https:\/\/aquavis.it\/prodotto\/lozione\/"},"modified":"2025-11-19T15:43:11","modified_gmt":"2025-11-19T14:43:11","slug":"lozione","status":"publish","type":"product","link":"https:\/\/aquavis.it\/pl\/prodotto\/lozione\/","title":{"rendered":"Kuracja przeciw wypadaniu w\u0142os\u00f3w 4&#215;15 ml"},"content":{"rendered":"\t\t<div data-elementor-type=\"wp-post\" data-elementor-id=\"16700\" class=\"elementor elementor-16700 elementor-2305\" data-elementor-post-type=\"product\">\n\t\t\t\t\t\t<section class=\"elementor-section elementor-top-section elementor-element elementor-element-3d45139 rey-section-stretched rey-section-bg--classic elementor-section-boxed elementor-section-height-default elementor-section-height-default\" data-id=\"3d45139\" data-element_type=\"section\" data-settings=\"{&quot;background_background&quot;:&quot;classic&quot;}\">\n\t\t\t\t\t\t<div class=\"elementor-container elementor-column-gap-default\">\n\t\t\t\t\t<div class=\"elementor-column elementor-col-33 elementor-top-column elementor-element elementor-element-c4373e9\" data-id=\"c4373e9\" data-element_type=\"column\">\n\t\t\t<div class=\"elementor-column-wrap--c4373e9 elementor-widget-wrap elementor-element-populated\">\n\t\t\t\t\t\t<div class=\"elementor-element elementor-element-a58fa4b elementor-widget elementor-widget-image\" data-id=\"a58fa4b\" data-element_type=\"widget\" data-widget_type=\"image.default\">\n\t\t\t\t<div class=\"elementor-widget-container\">\n\t\t\t\t\t\t\t\t\t\t\t\t\t<img decoding=\"async\" width=\"70\" height=\"70\" src=\"https:\/\/aquavis.it\/wp-content\/uploads\/2024\/10\/icona1-1-1.svg\" class=\"attachment-full size-full wp-image-9891\" alt=\"\" \/>\t\t\t\t\t\t\t\t\t\t\t\t\t<\/div>\n\t\t\t\t<\/div>\n\t\t\t\t<div class=\"elementor-element elementor-element-79b7203 elementor-widget elementor-widget-heading\" data-id=\"79b7203\" data-element_type=\"widget\" data-widget_type=\"heading.default\">\n\t\t\t\t<div class=\"elementor-widget-container\">\n\t\t\t<h3 class=\"elementor-heading-title elementor-size-default\">Sk\u0142adniki aktywne:<\/h3>\t\t<\/div>\n\t\t\t\t<\/div>\n\t\t\t\t<div class=\"elementor-element elementor-element-0a3893a elementor-widget elementor-widget-text-editor\" data-id=\"0a3893a\" data-element_type=\"widget\" data-widget_type=\"text-editor.default\">\n\t\t\t\t<div class=\"elementor-widget-container\">\n\t\t\t\t\t\t\t<p class=\"p1\">Aquavis\u00ae, witamina B6, zielona herbata, ekstrakt z rozmarynu i mi\u0119ty.<\/p>\t\t\t\t\t\t<\/div>\n\t\t\t\t<\/div>\n\t\t\t\t<div class=\"elementor-element elementor-element-af377db elementor-widget elementor-widget-heading\" data-id=\"af377db\" data-element_type=\"widget\" data-widget_type=\"heading.default\">\n\t\t\t\t<div class=\"elementor-widget-container\">\n\t\t\t<h3 class=\"elementor-heading-title elementor-size-default\">Jako\u015b\u0107 i bezpiecze\u0144stwo:<\/h3>\t\t<\/div>\n\t\t\t\t<\/div>\n\t\t\t\t<div class=\"elementor-element elementor-element-6d96f39 elementor-widget elementor-widget-text-editor\" data-id=\"6d96f39\" data-element_type=\"widget\" data-widget_type=\"text-editor.default\">\n\t\t\t\t<div class=\"elementor-widget-container\">\n\t\t\t\t\t\t\t<p class=\"p1\">Badania naukowe wykazuj\u0105, \u017ce po 8 tygodniach kuracji lotion zmniejsza wypadanie w\u0142os\u00f3w o 75% dzi\u0119ki zwi\u0119kszeniu odporno\u015bci i witalno\u015bci w\u0142\u00f3kien w\u0142osowych, +60% odrostu w\u0142os\u00f3w, +20% wi\u0119kszej obj\u0119to\u015bci i g\u0119sto\u015bci. Test oceniaj\u0105cy wzrost liczby w\u0142os\u00f3w przeprowadzony przez Uniwersytet Complutense w Madrycie.<\/p>\t\t\t\t\t\t<\/div>\n\t\t\t\t<\/div>\n\t\t\t\t\t<\/div>\n\t\t<\/div>\n\t\t\t\t<div class=\"elementor-column elementor-col-33 elementor-top-column elementor-element elementor-element-544f512\" data-id=\"544f512\" data-element_type=\"column\">\n\t\t\t<div class=\"elementor-column-wrap--544f512 elementor-widget-wrap elementor-element-populated\">\n\t\t\t\t\t\t<div class=\"elementor-element elementor-element-1ed9744 elementor-widget elementor-widget-image\" data-id=\"1ed9744\" data-element_type=\"widget\" data-widget_type=\"image.default\">\n\t\t\t\t<div class=\"elementor-widget-container\">\n\t\t\t\t\t\t\t\t\t\t\t\t\t<img decoding=\"async\" width=\"70\" height=\"70\" src=\"https:\/\/aquavis.it\/wp-content\/uploads\/2024\/10\/icona2-1-1.svg\" class=\"attachment-full size-full wp-image-9892\" alt=\"\" \/>\t\t\t\t\t\t\t\t\t\t\t\t\t<\/div>\n\t\t\t\t<\/div>\n\t\t\t\t<div class=\"elementor-element elementor-element-d600513 elementor-widget elementor-widget-heading\" data-id=\"d600513\" data-element_type=\"widget\" data-widget_type=\"heading.default\">\n\t\t\t\t<div class=\"elementor-widget-container\">\n\t\t\t<h3 class=\"elementor-heading-title elementor-size-default\">Korzy\u015bci:<\/h3>\t\t<\/div>\n\t\t\t\t<\/div>\n\t\t\t\t<div class=\"elementor-element elementor-element-03499b9 elementor-widget elementor-widget-text-editor\" data-id=\"03499b9\" data-element_type=\"widget\" data-widget_type=\"text-editor.default\">\n\t\t\t\t<div class=\"elementor-widget-container\">\n\t\t\t\t\t\t\t<p class=\"p1\">Szampon i kuracja maj\u0105 jako g\u0142\u00f3wny sk\u0142adnik aktywny magnetyzowan\u0105 wod\u0119 s\u0142on\u0105 Aquavis\u00ae, kt\u00f3ra aktywuje autofagi\u0119. Dlaczego to wa\u017cne? W przypadku \u0142ysienia androgenowego (AGA) chodzi przede wszystkim o mechanizm zwi\u0105zany z dihydrotestosteronem (DHT). Autofagia sprzyja degradacji receptora DHT i nadmiaru enzymu 5-alfa-reduktazy. W fazie telogenowej (kr\u00f3tka pauza wzrostu w\u0142osa) autofagia sprzyja stabilizacji brodawki w\u0142osa i wzmacnia jego zakotwiczenie w sk\u00f3rze (okres zielonej herbaty), sprzyjaj\u0105c powstawaniu nowych matryc keratyny, kt\u00f3re pomagaj\u0105 w przej\u015bciu w\u0142osa do fazy anagenu (d\u0142ugi okres odrostu). Witamina B6 pomaga utrzyma\u0107 odpowiedni poziom wilgotno\u015bci, wzmacniaj\u0105c w\u0142osy i hamuj\u0105c ich wypadanie. Arginina dzia\u0142a jako wazodylatator: poprawia mikrokr\u0105\u017cenie, zwi\u0119kszaj\u0105c dop\u0142yw substancji od\u017cywczych do mieszk\u00f3w w\u0142osowych, co sprzyja odrostowi i zmniejsza wypadanie. Kofeina dzia\u0142a jako stymulant, wspieraj\u0105c odrost w\u0142osa i zmniejszaj\u0105c wypadanie poprzez popraw\u0119 witalno\u015bci mieszka w\u0142osowego. Ekstrakt z rozmarynu dzia\u0142a wzmacniaj\u0105co, poniewa\u017c stymuluje kr\u0105\u017cenie, sprzyjaj\u0105c dotlenieniu tkanek i odrastaniu w\u0142os\u00f3w. Mi\u0119ta dzia\u0142a od\u015bwie\u017caj\u0105co. Pantenol nawil\u017ca i regeneruje. Proteiny grochu wzmacniaj\u0105 \u0142odyg\u0119 w\u0142osa, chroni\u0105c ko\u0144c\u00f3wki i poprawiaj\u0105c jego odporno\u015b\u0107 na rozci\u0105ganie. Dodatkowo dzia\u0142aj\u0105 antyoksydacyjnie.<\/p>\t\t\t\t\t\t<\/div>\n\t\t\t\t<\/div>\n\t\t\t\t\t<\/div>\n\t\t<\/div>\n\t\t\t\t<div class=\"elementor-column elementor-col-33 elementor-top-column elementor-element elementor-element-ff679a5\" data-id=\"ff679a5\" data-element_type=\"column\">\n\t\t\t<div class=\"elementor-column-wrap--ff679a5 elementor-widget-wrap elementor-element-populated\">\n\t\t\t\t\t\t<div class=\"elementor-element elementor-element-ac6396a elementor-widget elementor-widget-image\" data-id=\"ac6396a\" data-element_type=\"widget\" data-widget_type=\"image.default\">\n\t\t\t\t<div class=\"elementor-widget-container\">\n\t\t\t\t\t\t\t\t\t\t\t\t\t<img decoding=\"async\" width=\"70\" height=\"70\" src=\"https:\/\/aquavis.it\/wp-content\/uploads\/2024\/10\/icona3-1-1.svg\" class=\"attachment-full size-full wp-image-9893\" alt=\"\" \/>\t\t\t\t\t\t\t\t\t\t\t\t\t<\/div>\n\t\t\t\t<\/div>\n\t\t\t\t<div class=\"elementor-element elementor-element-a4ff53e elementor-widget elementor-widget-heading\" data-id=\"a4ff53e\" data-element_type=\"widget\" data-widget_type=\"heading.default\">\n\t\t\t\t<div class=\"elementor-widget-container\">\n\t\t\t<h3 class=\"elementor-heading-title elementor-size-default\">Sk\u0142adniki:<\/h3>\t\t<\/div>\n\t\t\t\t<\/div>\n\t\t\t\t<div class=\"elementor-element elementor-element-58a8fea elementor-widget elementor-widget-text-editor\" data-id=\"58a8fea\" data-element_type=\"widget\" data-widget_type=\"text-editor.default\">\n\t\t\t\t<div class=\"elementor-widget-container\">\n\t\t\t\t\t\t\t<p class=\"p1\">aqua (water), pisum sativum (pea) sprout extract, pyridoxine hcl, mentha piperita (peppermint) oil, panthenol, caffeine, rosmarinus officinalis (rosemary) leaf extract, rosmarinus officinalis (rosemary) leaf oil, arginine, potassium chloride, tocopherol, calcium chloride, magnesium chloride, zinc chloride, sodium benzoate, phenoxyethanol, peg-40 hydrogenated castor oil, ethylhexylglycerin, peg-40 castor oil, polysorbate 20, disodium edta, propylene glycol, limonene, benzyl alcohol.<\/p>\t\t\t\t\t\t<\/div>\n\t\t\t\t<\/div>\n\t\t\t\t<div class=\"elementor-element elementor-element-79edd90 elementor-widget elementor-widget-heading\" data-id=\"79edd90\" data-element_type=\"widget\" data-widget_type=\"heading.default\">\n\t\t\t\t<div class=\"elementor-widget-container\">\n\t\t\t<h3 class=\"elementor-heading-title elementor-size-default\">Wskazania i spos\u00f3b u\u017cycia:<\/h3>\t\t<\/div>\n\t\t\t\t<\/div>\n\t\t\t\t<div class=\"elementor-element elementor-element-3d277c3 elementor-widget elementor-widget-text-editor\" data-id=\"3d277c3\" data-element_type=\"widget\" data-widget_type=\"text-editor.default\">\n\t\t\t\t<div class=\"elementor-widget-container\">\n\t\t\t\t\t\t\t<p class=\"p1\">Nak\u0142ada\u0107 bezpo\u015brednio na przerzedzone obszary sk\u00f3ry g\u0142owy. Stosowa\u0107 2\/3 razy w tygodniu. Zalecamy regularn\u0105 kuracj\u0119 trwaj\u0105c\u0105 co najmniej 8 tygodni, aby uzyska\u0107 widoczne rezultaty. Jedna fiolka wystarcza na oko\u0142o 4\/5 aplikacji.<\/p>\t\t\t\t\t\t<\/div>\n\t\t\t\t<\/div>\n\t\t\t\t\t<\/div>\n\t\t<\/div>\n\t\t\t\t\t<\/div>\n\t\t<\/section>\n\t\t\t\t<\/div>\n\t\t","protected":false},"excerpt":{"rendered":"<p class=\"p1\"><strong>Z Aquavis\u00ae, arginin\u0105, kofein\u0105, pantenolem, ekstraktem z rozmarynu i mi\u0119ty.<\/strong><\/p>\n<p class=\"p1\">Na bazie magnetyzowanej wody s\u0142onej Aquavis\u00ae, z dobrze zbalansowanymi, a jednocze\u015bnie skutecznymi sk\u0142adnikami aktywnymi, zwi\u0119ksza odporno\u015b\u0107 w\u0142os\u00f3w na sytuacje takie jak stres emocjonalny, szczotkowanie, u\u017cywanie suszarki, d\u0142ugotrwa\u0142a ekspozycja na zanieczyszczenia; wzmacnia \u0142odyg\u0119 w\u0142osa i zapobiega jego wypadaniu.<\/p>\n<ul>\n<li class=\"p1\"><strong>AKTYWUJE ODRASTANIE.<\/strong><\/li>\n<li class=\"p2\"><strong>WZMACNIA CEBULK\u0118.<\/strong><\/li>\n<li class=\"p2\"><strong>REGENERUJE W\u0141OS.<\/strong><\/li>\n<li class=\"p2\"><strong>STYMULUJE AUTOFAGI\u0118.<\/strong><\/li>\n<li class=\"p2\"><strong>PRZECIW WYPADANIU W\u0141OS\u00d3W<\/strong><\/li>\n<\/ul>\n","protected":false},"featured_media":18479,"comment_status":"open","ping_status":"closed","template":"","meta":{"_acf_changed":false},"product_cat":[376],"product_tag":[],"class_list":{"0":"post-16700","1":"product","2":"type-product","3":"status-publish","4":"has-post-thumbnail","6":"product_cat-hair-regeneration","8":"first","9":"instock","10":"shipping-taxable","11":"purchasable","12":"product-type-simple","swatches":"rey-swatches","show_selected":"","stretch_labels":"rey-swatches--stretch-labels"},"acf":[],"yoast_head":"<!-- This site is optimized with the Yoast SEO plugin v26.4 - https:\/\/yoast.com\/wordpress\/plugins\/seo\/ -->\n<title>Kuracja przeciw wypadaniu w\u0142os\u00f3w Aquavis: mocniejsze w\u0142osy<\/title>\n<meta name=\"description\" content=\"Ampu\u0142ki z Aquavis wzmacniaj\u0105 w\u0142osy, ograniczaj\u0105 wypadanie i stymuluj\u0105 wzrost.\" \/>\n<meta name=\"robots\" content=\"index, follow, max-snippet:-1, max-image-preview:large, max-video-preview:-1\" \/>\n<link rel=\"canonical\" href=\"https:\/\/aquavis.it\/pl\/prodotto\/lozione\/\" \/>\n<meta property=\"og:locale\" content=\"pl_PL\" \/>\n<meta property=\"og:type\" content=\"article\" \/>\n<meta property=\"og:title\" content=\"Kuracja przeciw wypadaniu w\u0142os\u00f3w Aquavis: mocniejsze w\u0142osy\" \/>\n<meta property=\"og:description\" content=\"Ampu\u0142ki z Aquavis wzmacniaj\u0105 w\u0142osy, ograniczaj\u0105 wypadanie i stymuluj\u0105 wzrost.\" \/>\n<meta property=\"og:url\" content=\"https:\/\/aquavis.it\/pl\/prodotto\/lozione\/\" \/>\n<meta property=\"og:site_name\" content=\"Aquavis\" \/>\n<meta property=\"article:publisher\" content=\"https:\/\/www.facebook.com\/aquavis.it\" \/>\n<meta property=\"article:modified_time\" content=\"2025-11-19T14:43:11+00:00\" \/>\n<meta property=\"og:image\" content=\"https:\/\/aquavis.it\/wp-content\/uploads\/2023\/09\/LOZIONE-ANTICADUTA.jpg\" \/>\n\t<meta property=\"og:image:width\" content=\"1000\" \/>\n\t<meta property=\"og:image:height\" content=\"1000\" \/>\n\t<meta property=\"og:image:type\" content=\"image\/jpeg\" \/>\n<meta name=\"twitter:card\" content=\"summary_large_image\" \/>\n<meta name=\"twitter:label1\" content=\"Szacowany czas czytania\" \/>\n\t<meta name=\"twitter:data1\" content=\"3 minuty\" \/>\n<script type=\"application\/ld+json\" class=\"yoast-schema-graph\">{\"@context\":\"https:\/\/schema.org\",\"@graph\":[{\"@type\":\"WebPage\",\"@id\":\"https:\/\/aquavis.it\/pl\/prodotto\/lozione\/\",\"url\":\"https:\/\/aquavis.it\/pl\/prodotto\/lozione\/\",\"name\":\"Kuracja przeciw wypadaniu w\u0142os\u00f3w Aquavis: mocniejsze w\u0142osy\",\"isPartOf\":{\"@id\":\"https:\/\/aquavis.it\/pl\/#website\"},\"primaryImageOfPage\":{\"@id\":\"https:\/\/aquavis.it\/pl\/prodotto\/lozione\/#primaryimage\"},\"image\":{\"@id\":\"https:\/\/aquavis.it\/pl\/prodotto\/lozione\/#primaryimage\"},\"thumbnailUrl\":\"https:\/\/aquavis.it\/wp-content\/uploads\/2023\/09\/LOZIONE-ANTICADUTA.jpg\",\"datePublished\":\"2023-09-15T11:43:48+00:00\",\"dateModified\":\"2025-11-19T14:43:11+00:00\",\"description\":\"Ampu\u0142ki z Aquavis wzmacniaj\u0105 w\u0142osy, ograniczaj\u0105 wypadanie i stymuluj\u0105 wzrost.\",\"breadcrumb\":{\"@id\":\"https:\/\/aquavis.it\/pl\/prodotto\/lozione\/#breadcrumb\"},\"inLanguage\":\"pl-PL\",\"potentialAction\":[{\"@type\":\"ReadAction\",\"target\":[\"https:\/\/aquavis.it\/pl\/prodotto\/lozione\/\"]}]},{\"@type\":\"ImageObject\",\"inLanguage\":\"pl-PL\",\"@id\":\"https:\/\/aquavis.it\/pl\/prodotto\/lozione\/#primaryimage\",\"url\":\"https:\/\/aquavis.it\/wp-content\/uploads\/2023\/09\/LOZIONE-ANTICADUTA.jpg\",\"contentUrl\":\"https:\/\/aquavis.it\/wp-content\/uploads\/2023\/09\/LOZIONE-ANTICADUTA.jpg\",\"width\":1000,\"height\":1000},{\"@type\":\"BreadcrumbList\",\"@id\":\"https:\/\/aquavis.it\/pl\/prodotto\/lozione\/#breadcrumb\",\"itemListElement\":[{\"@type\":\"ListItem\",\"position\":1,\"name\":\"Home\",\"item\":\"https:\/\/aquavis.it\/pl\/\"},{\"@type\":\"ListItem\",\"position\":2,\"name\":\"Shop\",\"item\":\"https:\/\/aquavis.it\/pl\/shop\/\"},{\"@type\":\"ListItem\",\"position\":3,\"name\":\"Kuracja przeciw wypadaniu w\u0142os\u00f3w 4&#215;15 ml\"}]},{\"@type\":\"WebSite\",\"@id\":\"https:\/\/aquavis.it\/pl\/#website\",\"url\":\"https:\/\/aquavis.it\/pl\/\",\"name\":\"Aquavis\",\"description\":\"\",\"potentialAction\":[{\"@type\":\"SearchAction\",\"target\":{\"@type\":\"EntryPoint\",\"urlTemplate\":\"https:\/\/aquavis.it\/pl\/?s={search_term_string}\"},\"query-input\":{\"@type\":\"PropertyValueSpecification\",\"valueRequired\":true,\"valueName\":\"search_term_string\"}}],\"inLanguage\":\"pl-PL\"}]}<\/script>\n<!-- \/ Yoast SEO plugin. -->","yoast_head_json":{"title":"Kuracja przeciw wypadaniu w\u0142os\u00f3w Aquavis: mocniejsze w\u0142osy","description":"Ampu\u0142ki z Aquavis wzmacniaj\u0105 w\u0142osy, ograniczaj\u0105 wypadanie i stymuluj\u0105 wzrost.","robots":{"index":"index","follow":"follow","max-snippet":"max-snippet:-1","max-image-preview":"max-image-preview:large","max-video-preview":"max-video-preview:-1"},"canonical":"https:\/\/aquavis.it\/pl\/prodotto\/lozione\/","og_locale":"pl_PL","og_type":"article","og_title":"Kuracja przeciw wypadaniu w\u0142os\u00f3w Aquavis: mocniejsze w\u0142osy","og_description":"Ampu\u0142ki z Aquavis wzmacniaj\u0105 w\u0142osy, ograniczaj\u0105 wypadanie i stymuluj\u0105 wzrost.","og_url":"https:\/\/aquavis.it\/pl\/prodotto\/lozione\/","og_site_name":"Aquavis","article_publisher":"https:\/\/www.facebook.com\/aquavis.it","article_modified_time":"2025-11-19T14:43:11+00:00","og_image":[{"width":1000,"height":1000,"url":"https:\/\/aquavis.it\/wp-content\/uploads\/2023\/09\/LOZIONE-ANTICADUTA.jpg","type":"image\/jpeg"}],"twitter_card":"summary_large_image","twitter_misc":{"Szacowany czas czytania":"3 minuty"},"schema":{"@context":"https:\/\/schema.org","@graph":[{"@type":"WebPage","@id":"https:\/\/aquavis.it\/pl\/prodotto\/lozione\/","url":"https:\/\/aquavis.it\/pl\/prodotto\/lozione\/","name":"Kuracja przeciw wypadaniu w\u0142os\u00f3w Aquavis: mocniejsze w\u0142osy","isPartOf":{"@id":"https:\/\/aquavis.it\/pl\/#website"},"primaryImageOfPage":{"@id":"https:\/\/aquavis.it\/pl\/prodotto\/lozione\/#primaryimage"},"image":{"@id":"https:\/\/aquavis.it\/pl\/prodotto\/lozione\/#primaryimage"},"thumbnailUrl":"https:\/\/aquavis.it\/wp-content\/uploads\/2023\/09\/LOZIONE-ANTICADUTA.jpg","datePublished":"2023-09-15T11:43:48+00:00","dateModified":"2025-11-19T14:43:11+00:00","description":"Ampu\u0142ki z Aquavis wzmacniaj\u0105 w\u0142osy, ograniczaj\u0105 wypadanie i stymuluj\u0105 wzrost.","breadcrumb":{"@id":"https:\/\/aquavis.it\/pl\/prodotto\/lozione\/#breadcrumb"},"inLanguage":"pl-PL","potentialAction":[{"@type":"ReadAction","target":["https:\/\/aquavis.it\/pl\/prodotto\/lozione\/"]}]},{"@type":"ImageObject","inLanguage":"pl-PL","@id":"https:\/\/aquavis.it\/pl\/prodotto\/lozione\/#primaryimage","url":"https:\/\/aquavis.it\/wp-content\/uploads\/2023\/09\/LOZIONE-ANTICADUTA.jpg","contentUrl":"https:\/\/aquavis.it\/wp-content\/uploads\/2023\/09\/LOZIONE-ANTICADUTA.jpg","width":1000,"height":1000},{"@type":"BreadcrumbList","@id":"https:\/\/aquavis.it\/pl\/prodotto\/lozione\/#breadcrumb","itemListElement":[{"@type":"ListItem","position":1,"name":"Home","item":"https:\/\/aquavis.it\/pl\/"},{"@type":"ListItem","position":2,"name":"Shop","item":"https:\/\/aquavis.it\/pl\/shop\/"},{"@type":"ListItem","position":3,"name":"Kuracja przeciw wypadaniu w\u0142os\u00f3w 4&#215;15 ml"}]},{"@type":"WebSite","@id":"https:\/\/aquavis.it\/pl\/#website","url":"https:\/\/aquavis.it\/pl\/","name":"Aquavis","description":"","potentialAction":[{"@type":"SearchAction","target":{"@type":"EntryPoint","urlTemplate":"https:\/\/aquavis.it\/pl\/?s={search_term_string}"},"query-input":{"@type":"PropertyValueSpecification","valueRequired":true,"valueName":"search_term_string"}}],"inLanguage":"pl-PL"}]}},"_links":{"self":[{"href":"https:\/\/aquavis.it\/pl\/wp-json\/wp\/v2\/product\/16700","targetHints":{"allow":["GET"]}}],"collection":[{"href":"https:\/\/aquavis.it\/pl\/wp-json\/wp\/v2\/product"}],"about":[{"href":"https:\/\/aquavis.it\/pl\/wp-json\/wp\/v2\/types\/product"}],"replies":[{"embeddable":true,"href":"https:\/\/aquavis.it\/pl\/wp-json\/wp\/v2\/comments?post=16700"}],"version-history":[{"count":4,"href":"https:\/\/aquavis.it\/pl\/wp-json\/wp\/v2\/product\/16700\/revisions"}],"predecessor-version":[{"id":16934,"href":"https:\/\/aquavis.it\/pl\/wp-json\/wp\/v2\/product\/16700\/revisions\/16934"}],"wp:featuredmedia":[{"embeddable":true,"href":"https:\/\/aquavis.it\/pl\/wp-json\/wp\/v2\/media\/18479"}],"wp:attachment":[{"href":"https:\/\/aquavis.it\/pl\/wp-json\/wp\/v2\/media?parent=16700"}],"wp:term":[{"taxonomy":"product_cat","embeddable":true,"href":"https:\/\/aquavis.it\/pl\/wp-json\/wp\/v2\/product_cat?post=16700"},{"taxonomy":"product_tag","embeddable":true,"href":"https:\/\/aquavis.it\/pl\/wp-json\/wp\/v2\/product_tag?post=16700"}],"curies":[{"name":"wp","href":"https:\/\/api.w.org\/{rel}","templated":true}]}}