{"id":16685,"date":"2023-12-19T15:21:39","date_gmt":"2023-12-19T14:21:39","guid":{"rendered":"https:\/\/aquavis.it\/prodotto\/crema-rigenerante\/"},"modified":"2025-11-19T13:03:32","modified_gmt":"2025-11-19T12:03:32","slug":"crema-rigenerante","status":"publish","type":"product","link":"https:\/\/aquavis.it\/pl\/prodotto\/crema-rigenerante\/","title":{"rendered":"Krem Regeneruj\u0105cy do Twarzy 50 ml"},"content":{"rendered":"\t\t<div data-elementor-type=\"wp-post\" data-elementor-id=\"16685\" class=\"elementor elementor-16685 elementor-2932\" data-elementor-post-type=\"product\">\n\t\t\t\t\t\t<section class=\"elementor-section elementor-top-section elementor-element elementor-element-8259c22 rey-section-stretched rey-section-bg--classic elementor-section-boxed elementor-section-height-default elementor-section-height-default\" data-id=\"8259c22\" data-element_type=\"section\" data-settings=\"{&quot;background_background&quot;:&quot;classic&quot;}\">\n\t\t\t\t\t\t<div class=\"elementor-container elementor-column-gap-default\">\n\t\t\t\t\t<div class=\"elementor-column elementor-col-33 elementor-top-column elementor-element elementor-element-291b988\" data-id=\"291b988\" data-element_type=\"column\">\n\t\t\t<div class=\"elementor-column-wrap--291b988 elementor-widget-wrap elementor-element-populated\">\n\t\t\t\t\t\t<div class=\"elementor-element elementor-element-a6c9b41 elementor-widget elementor-widget-image\" data-id=\"a6c9b41\" data-element_type=\"widget\" data-widget_type=\"image.default\">\n\t\t\t\t<div class=\"elementor-widget-container\">\n\t\t\t\t\t\t\t\t\t\t\t\t\t<img decoding=\"async\" width=\"70\" height=\"70\" src=\"https:\/\/aquavis.it\/wp-content\/uploads\/2024\/10\/icona1-1-1.svg\" class=\"attachment-full size-full wp-image-9891\" alt=\"\" \/>\t\t\t\t\t\t\t\t\t\t\t\t\t<\/div>\n\t\t\t\t<\/div>\n\t\t\t\t<div class=\"elementor-element elementor-element-2ca2e54 elementor-widget elementor-widget-heading\" data-id=\"2ca2e54\" data-element_type=\"widget\" data-widget_type=\"heading.default\">\n\t\t\t\t<div class=\"elementor-widget-container\">\n\t\t\t<h3 class=\"elementor-heading-title elementor-size-default\">Sk\u0142adniki aktywne:\n<\/h3>\t\t<\/div>\n\t\t\t\t<\/div>\n\t\t\t\t<div class=\"elementor-element elementor-element-07dd651 elementor-widget elementor-widget-text-editor\" data-id=\"07dd651\" data-element_type=\"widget\" data-widget_type=\"text-editor.default\">\n\t\t\t\t<div class=\"elementor-widget-container\">\n\t\t\t\t\t\t\t<p class=\"p1\">Aquavis\u00ae, witamina E, kwas hialuronowy o 4 masach cz\u0105steczkowych, peptyd Matrixyl oraz mas\u0142o shea.<\/p>\t\t\t\t\t\t<\/div>\n\t\t\t\t<\/div>\n\t\t\t\t<div class=\"elementor-element elementor-element-4a8e3ec elementor-widget elementor-widget-heading\" data-id=\"4a8e3ec\" data-element_type=\"widget\" data-widget_type=\"heading.default\">\n\t\t\t\t<div class=\"elementor-widget-container\">\n\t\t\t<h3 class=\"elementor-heading-title elementor-size-default\">Jako\u015b\u0107 i bezpiecze\u0144stwo:\n<\/h3>\t\t<\/div>\n\t\t\t\t<\/div>\n\t\t\t\t<div class=\"elementor-element elementor-element-4ec0f80 elementor-widget elementor-widget-text-editor\" data-id=\"4ec0f80\" data-element_type=\"widget\" data-widget_type=\"text-editor.default\">\n\t\t\t\t<div class=\"elementor-widget-container\">\n\t\t\t\t\t\t\t<p>Ka\u017cdy produkt Aquavis\u00ae jest testowany dermatologicznie, aby zapewni\u0107 jako\u015b\u0107 i bezpiecze\u0144stwo stosowania. Badanie kliniczne przeprowadzone przez presti\u017cowy mi\u0119dzynarodowy instytut badawczy wykaza\u0142o, \u017ce 12-tygodniowa kuracja Aquavis\u00ae poprawia parametry biofizyczne oraz wygl\u0105d estetyczny sk\u00f3ry. W szczeg\u00f3lno\u015bci: wzrost nawil\u017cenia sk\u00f3ry o 20%. Zmniejszenie poziomu sebum o 21%. Redukcja TEWL o 20%. Zmniejszenie indeksu melaniny o 6%. Redukcja indeksu rumienia o 16%. 100% uczestnik\u00f3w badania potwierdzi\u0142o, \u017ce kuracja poprawi\u0142a wygl\u0105d sk\u00f3ry twarzy, szyi i dekoltu.<\/p>\t\t\t\t\t\t<\/div>\n\t\t\t\t<\/div>\n\t\t\t\t\t<\/div>\n\t\t<\/div>\n\t\t\t\t<div class=\"elementor-column elementor-col-33 elementor-top-column elementor-element elementor-element-dc8789b\" data-id=\"dc8789b\" data-element_type=\"column\">\n\t\t\t<div class=\"elementor-column-wrap--dc8789b elementor-widget-wrap elementor-element-populated\">\n\t\t\t\t\t\t<div class=\"elementor-element elementor-element-0bc6e93 elementor-widget elementor-widget-image\" data-id=\"0bc6e93\" data-element_type=\"widget\" data-widget_type=\"image.default\">\n\t\t\t\t<div class=\"elementor-widget-container\">\n\t\t\t\t\t\t\t\t\t\t\t\t\t<img decoding=\"async\" width=\"70\" height=\"70\" src=\"https:\/\/aquavis.it\/wp-content\/uploads\/2024\/10\/icona2-1-1.svg\" class=\"attachment-full size-full wp-image-9892\" alt=\"\" \/>\t\t\t\t\t\t\t\t\t\t\t\t\t<\/div>\n\t\t\t\t<\/div>\n\t\t\t\t<div class=\"elementor-element elementor-element-a0e642e elementor-widget elementor-widget-heading\" data-id=\"a0e642e\" data-element_type=\"widget\" data-widget_type=\"heading.default\">\n\t\t\t\t<div class=\"elementor-widget-container\">\n\t\t\t<h3 class=\"elementor-heading-title elementor-size-default\">Korzy\u015bci:<\/h3>\t\t<\/div>\n\t\t\t\t<\/div>\n\t\t\t\t<div class=\"elementor-element elementor-element-19f3b76 elementor-widget elementor-widget-text-editor\" data-id=\"19f3b76\" data-element_type=\"widget\" data-widget_type=\"text-editor.default\">\n\t\t\t\t<div class=\"elementor-widget-container\">\n\t\t\t\t\t\t\t<p>Krem o wysokim st\u0119\u017ceniu Aquavis\u00ae, magnetyzowanej wody solankowej o silnym dzia\u0142aniu regeneruj\u0105cym i przeciwstarzeniowym potwierdzonym badaniami klinicznymi. Krem Regeneruj\u0105cy wzbogacony jest o witamin\u0119 E, silny przeciwutleniacz, kt\u00f3ry przeciwdzia\u0142a powstawaniu wolnych rodnik\u00f3w i spowalnia starzenie si\u0119 kom\u00f3rek; 4 r\u00f3\u017cne typy kwasu hialuronowego, tworz\u0105ce tr\u00f3jwymiarow\u0105 warstw\u0119 na sk\u00f3rze, nawil\u017caj\u0105ce j\u0105, chroni\u0105ce i poprawiaj\u0105ce jej elastyczno\u015b\u0107. Matrixyl Synthe-6, peptyd nowej generacji wyg\u0142adzaj\u0105cy struktur\u0119 sk\u00f3ry, wype\u0142niaj\u0105cy zmarszczki od wewn\u0105trz i przynosz\u0105cy ukojenie. Mas\u0142o shea, cenny naturalny sk\u0142adnik o w\u0142a\u015bciwo\u015bciach regeneruj\u0105cych i od\u017cywczych, nadaj\u0105cy sk\u00f3rze j\u0119drno\u015b\u0107 i elastyczno\u015b\u0107. Krem dzia\u0142a szybko, daj\u0105c efekt liftinguj\u0105cy ju\u017c od pierwszego u\u017cycia, wspiera ochron\u0119 przed promieniowaniem UV i zanieczyszczeniami \u015brodowiska, utrzymuj\u0105c sk\u00f3r\u0119 od\u017cywion\u0105, nawil\u017con\u0105 i chronion\u0105 przez ca\u0142y dzie\u0144.<\/p>\t\t\t\t\t\t<\/div>\n\t\t\t\t<\/div>\n\t\t\t\t\t<\/div>\n\t\t<\/div>\n\t\t\t\t<div class=\"elementor-column elementor-col-33 elementor-top-column elementor-element elementor-element-e3615eb\" data-id=\"e3615eb\" data-element_type=\"column\">\n\t\t\t<div class=\"elementor-column-wrap--e3615eb elementor-widget-wrap elementor-element-populated\">\n\t\t\t\t\t\t<div class=\"elementor-element elementor-element-039fa9f elementor-widget elementor-widget-image\" data-id=\"039fa9f\" data-element_type=\"widget\" data-widget_type=\"image.default\">\n\t\t\t\t<div class=\"elementor-widget-container\">\n\t\t\t\t\t\t\t\t\t\t\t\t\t<img decoding=\"async\" width=\"70\" height=\"70\" src=\"https:\/\/aquavis.it\/wp-content\/uploads\/2024\/10\/icona3-1-1.svg\" class=\"attachment-full size-full wp-image-9893\" alt=\"\" \/>\t\t\t\t\t\t\t\t\t\t\t\t\t<\/div>\n\t\t\t\t<\/div>\n\t\t\t\t<div class=\"elementor-element elementor-element-b9bff6b elementor-widget elementor-widget-heading\" data-id=\"b9bff6b\" data-element_type=\"widget\" data-widget_type=\"heading.default\">\n\t\t\t\t<div class=\"elementor-widget-container\">\n\t\t\t<h3 class=\"elementor-heading-title elementor-size-default\">Sk\u0142adniki:<\/h3>\t\t<\/div>\n\t\t\t\t<\/div>\n\t\t\t\t<div class=\"elementor-element elementor-element-5c316fc elementor-widget elementor-widget-text-editor\" data-id=\"5c316fc\" data-element_type=\"widget\" data-widget_type=\"text-editor.default\">\n\t\t\t\t<div class=\"elementor-widget-container\">\n\t\t\t\t\t\t\t<p>aqua [water], triisostearin, glycerin, ethylhexyl stearate, coco-caprylate, butyrospermum parkii (shea) butter, sodium hyaluronate crosspolymer, hydroxypropyl cyclodextrin, tocopherol, palmitoyl tripeptide-38, phospholipids, sodium hyaluronate, hydrolyzed sodium hyaluronate, tocopheryl acetate, salvia hispanica seed oil, sodium acetylated hyaluronate, triticum vulgare (wheat) germ oil, helianthus annuus (sunflower) seed oil, cetearyl glucoside, titanium dioxide, pentylene glycol, potassium chloride, calcium chloride, magnesium chloride, zincchloride, hydrogenated polydecene,cetearyl alcohol, glyceryl stearate, polyglyceryl-10 stearate, dehydroxanthan gum, sodium benzoate, sodium acrylates copolymer, parfum fragrance], phenoxyethanol, ethylhexylglycerin, mica, disodium edta, citronellol, linalool, limonene, hexyl cinnamal.<\/p>\t\t\t\t\t\t<\/div>\n\t\t\t\t<\/div>\n\t\t\t\t<div class=\"elementor-element elementor-element-099671d elementor-widget elementor-widget-heading\" data-id=\"099671d\" data-element_type=\"widget\" data-widget_type=\"heading.default\">\n\t\t\t\t<div class=\"elementor-widget-container\">\n\t\t\t<h3 class=\"elementor-heading-title elementor-size-default\">Wskazania i spos\u00f3b u\u017cycia:<\/h3>\t\t<\/div>\n\t\t\t\t<\/div>\n\t\t\t\t<div class=\"elementor-element elementor-element-754e3c4 elementor-widget elementor-widget-text-editor\" data-id=\"754e3c4\" data-element_type=\"widget\" data-widget_type=\"text-editor.default\">\n\t\t\t\t<div class=\"elementor-widget-container\">\n\t\t\t\t\t\t\t<p class=\"p1\">Nak\u0142ada\u0107 delikatnie masuj\u0105c, a\u017c do ca\u0142kowitego wch\u0142oni\u0119cia, na twarz, szyj\u0119 i dekolt. Zaleca si\u0119 co najmniej 8 tygodni regularnej kuracji, aby uzyska\u0107 wyra\u017anie widoczne rezultaty.<\/p>\t\t\t\t\t\t<\/div>\n\t\t\t\t<\/div>\n\t\t\t\t\t<\/div>\n\t\t<\/div>\n\t\t\t\t\t<\/div>\n\t\t<\/section>\n\t\t<div class=\"e-con-top elementor-element elementor-element-490238e e-flex e-con-boxed e-con e-parent\" data-id=\"490238e\" data-element_type=\"container\">\n\t\t\t\t\t<div class=\"e-con-inner\">\n\t\t\t\t\t<\/div>\n\t\t\t\t<\/div>\n\t\t\t\t<\/div>\n\t\t","protected":false},"excerpt":{"rendered":"<p class=\"p1\"><strong>Z Aquavis\u00ae, witamin\u0105 E, kwasem hialuronowym o 4 masach cz\u0105steczkowych, Matrixylem i mas\u0142em shea.<\/strong><\/p>\n<p class=\"p1\">Krem regeneruj\u0105cy przeznaczony do zachowania m\u0142odo\u015bci sk\u00f3ry. Do stosowania na twarz, szyj\u0119 i dekolt. Zawiera Aquavis\u00ae: dermokosmetyczny aktywator o silnym dzia\u0142aniu \u0142agodz\u0105cym i przeciwstarzeniowym. To pierwszy biofizyczny sk\u0142adnik naturalny zdolny do pobudzania autofagii sk\u00f3ry, wspieraj\u0105cy regeneracj\u0119 kom\u00f3rkow\u0105 i wzmacniaj\u0105cy dzia\u0142anie wszystkich pozosta\u0142ych sk\u0142adnik\u00f3w kremu. Nie zawiera silikon\u00f3w ani paraben\u00f3w.<\/p>\n<ul>\n<li class=\"p1\"><strong>PRZECIW WOLNYM RODNIKOM<\/strong><\/li>\n<li class=\"p2\"><strong>PRZECIWSTARZENIOWY<\/strong><\/li>\n<li class=\"p2\"><strong>REGENERUJ\u0104CY<\/strong><\/li>\n<li class=\"p2\"><strong>STYMULUJE AUTOFAGI\u0118<\/strong><\/li>\n<li class=\"p2\"><strong>ANTYOKSYDACYJNY<\/strong><\/li>\n<\/ul>\n","protected":false},"featured_media":18457,"comment_status":"open","ping_status":"closed","template":"","meta":{"_acf_changed":false},"product_cat":[375],"product_tag":[],"class_list":{"0":"post-16685","1":"product","2":"type-product","3":"status-publish","4":"has-post-thumbnail","6":"product_cat-skin-recovery","8":"first","9":"instock","10":"shipping-taxable","11":"purchasable","12":"product-type-simple","swatches":"rey-swatches","show_selected":"","stretch_labels":"rey-swatches--stretch-labels"},"acf":[],"yoast_head":"<!-- This site is optimized with the Yoast SEO plugin v26.4 - https:\/\/yoast.com\/wordpress\/plugins\/seo\/ -->\n<title>Krem Regeneruj\u0105cy do Twarzy 50 ml - Aquavis<\/title>\n<meta name=\"robots\" content=\"index, follow, max-snippet:-1, max-image-preview:large, max-video-preview:-1\" \/>\n<link rel=\"canonical\" href=\"https:\/\/aquavis.it\/pl\/prodotto\/crema-rigenerante\/\" \/>\n<meta property=\"og:locale\" content=\"pl_PL\" \/>\n<meta property=\"og:type\" content=\"article\" \/>\n<meta property=\"og:title\" content=\"Krem Regeneruj\u0105cy do Twarzy 50 ml - Aquavis\" \/>\n<meta property=\"og:description\" content=\"Z Aquavis\u00ae, witamin\u0105 E, kwasem hialuronowym o 4 masach cz\u0105steczkowych, Matrixylem i mas\u0142em shea. Krem regeneruj\u0105cy przeznaczony do zachowania m\u0142odo\u015bci sk\u00f3ry. Do stosowania na twarz, szyj\u0119 i dekolt. Zawiera Aquavis\u00ae: dermokosmetyczny aktywator o silnym dzia\u0142aniu \u0142agodz\u0105cym i przeciwstarzeniowym. To pierwszy biofizyczny sk\u0142adnik naturalny zdolny do pobudzania autofagii sk\u00f3ry, wspieraj\u0105cy regeneracj\u0119 kom\u00f3rkow\u0105 i wzmacniaj\u0105cy dzia\u0142anie wszystkich pozosta\u0142ych sk\u0142adnik\u00f3w kremu. Nie zawiera silikon\u00f3w ani paraben\u00f3w.    PRZECIW WOLNYM RODNIKOM  PRZECIWSTARZENIOWY  REGENERUJ\u0104CY  STYMULUJE AUTOFAGI\u0118  ANTYOKSYDACYJNY\" \/>\n<meta property=\"og:url\" content=\"https:\/\/aquavis.it\/pl\/prodotto\/crema-rigenerante\/\" \/>\n<meta property=\"og:site_name\" content=\"Aquavis\" \/>\n<meta property=\"article:publisher\" content=\"https:\/\/www.facebook.com\/aquavis.it\" \/>\n<meta property=\"article:modified_time\" content=\"2025-11-19T12:03:32+00:00\" \/>\n<meta property=\"og:image\" content=\"https:\/\/aquavis.it\/wp-content\/uploads\/2023\/12\/468270051_1349590559337121_4272363783004385772_n.jpg\" \/>\n\t<meta property=\"og:image:width\" content=\"960\" \/>\n\t<meta property=\"og:image:height\" content=\"960\" \/>\n\t<meta property=\"og:image:type\" content=\"image\/jpeg\" \/>\n<meta name=\"twitter:card\" content=\"summary_large_image\" \/>\n<meta name=\"twitter:label1\" content=\"Szacowany czas czytania\" \/>\n\t<meta name=\"twitter:data1\" content=\"3 minuty\" \/>\n<script type=\"application\/ld+json\" class=\"yoast-schema-graph\">{\"@context\":\"https:\/\/schema.org\",\"@graph\":[{\"@type\":\"WebPage\",\"@id\":\"https:\/\/aquavis.it\/pl\/prodotto\/crema-rigenerante\/\",\"url\":\"https:\/\/aquavis.it\/pl\/prodotto\/crema-rigenerante\/\",\"name\":\"Krem Regeneruj\u0105cy do Twarzy 50 ml - Aquavis\",\"isPartOf\":{\"@id\":\"https:\/\/aquavis.it\/pl\/#website\"},\"primaryImageOfPage\":{\"@id\":\"https:\/\/aquavis.it\/pl\/prodotto\/crema-rigenerante\/#primaryimage\"},\"image\":{\"@id\":\"https:\/\/aquavis.it\/pl\/prodotto\/crema-rigenerante\/#primaryimage\"},\"thumbnailUrl\":\"https:\/\/aquavis.it\/wp-content\/uploads\/2023\/12\/crema-rigenerante-pack-1.jpg\",\"datePublished\":\"2023-12-19T14:21:39+00:00\",\"dateModified\":\"2025-11-19T12:03:32+00:00\",\"breadcrumb\":{\"@id\":\"https:\/\/aquavis.it\/pl\/prodotto\/crema-rigenerante\/#breadcrumb\"},\"inLanguage\":\"pl-PL\",\"potentialAction\":[{\"@type\":\"ReadAction\",\"target\":[\"https:\/\/aquavis.it\/pl\/prodotto\/crema-rigenerante\/\"]}]},{\"@type\":\"ImageObject\",\"inLanguage\":\"pl-PL\",\"@id\":\"https:\/\/aquavis.it\/pl\/prodotto\/crema-rigenerante\/#primaryimage\",\"url\":\"https:\/\/aquavis.it\/wp-content\/uploads\/2023\/12\/crema-rigenerante-pack-1.jpg\",\"contentUrl\":\"https:\/\/aquavis.it\/wp-content\/uploads\/2023\/12\/crema-rigenerante-pack-1.jpg\",\"width\":1000,\"height\":1000},{\"@type\":\"BreadcrumbList\",\"@id\":\"https:\/\/aquavis.it\/pl\/prodotto\/crema-rigenerante\/#breadcrumb\",\"itemListElement\":[{\"@type\":\"ListItem\",\"position\":1,\"name\":\"Home\",\"item\":\"https:\/\/aquavis.it\/pl\/\"},{\"@type\":\"ListItem\",\"position\":2,\"name\":\"Shop\",\"item\":\"https:\/\/aquavis.it\/pl\/shop\/\"},{\"@type\":\"ListItem\",\"position\":3,\"name\":\"Krem Regeneruj\u0105cy do Twarzy 50 ml\"}]},{\"@type\":\"WebSite\",\"@id\":\"https:\/\/aquavis.it\/pl\/#website\",\"url\":\"https:\/\/aquavis.it\/pl\/\",\"name\":\"Aquavis\",\"description\":\"\",\"potentialAction\":[{\"@type\":\"SearchAction\",\"target\":{\"@type\":\"EntryPoint\",\"urlTemplate\":\"https:\/\/aquavis.it\/pl\/?s={search_term_string}\"},\"query-input\":{\"@type\":\"PropertyValueSpecification\",\"valueRequired\":true,\"valueName\":\"search_term_string\"}}],\"inLanguage\":\"pl-PL\"}]}<\/script>\n<!-- \/ Yoast SEO plugin. -->","yoast_head_json":{"title":"Krem Regeneruj\u0105cy do Twarzy 50 ml - Aquavis","robots":{"index":"index","follow":"follow","max-snippet":"max-snippet:-1","max-image-preview":"max-image-preview:large","max-video-preview":"max-video-preview:-1"},"canonical":"https:\/\/aquavis.it\/pl\/prodotto\/crema-rigenerante\/","og_locale":"pl_PL","og_type":"article","og_title":"Krem Regeneruj\u0105cy do Twarzy 50 ml - Aquavis","og_description":"Z Aquavis\u00ae, witamin\u0105 E, kwasem hialuronowym o 4 masach cz\u0105steczkowych, Matrixylem i mas\u0142em shea. Krem regeneruj\u0105cy przeznaczony do zachowania m\u0142odo\u015bci sk\u00f3ry. Do stosowania na twarz, szyj\u0119 i dekolt. Zawiera Aquavis\u00ae: dermokosmetyczny aktywator o silnym dzia\u0142aniu \u0142agodz\u0105cym i przeciwstarzeniowym. To pierwszy biofizyczny sk\u0142adnik naturalny zdolny do pobudzania autofagii sk\u00f3ry, wspieraj\u0105cy regeneracj\u0119 kom\u00f3rkow\u0105 i wzmacniaj\u0105cy dzia\u0142anie wszystkich pozosta\u0142ych sk\u0142adnik\u00f3w kremu. Nie zawiera silikon\u00f3w ani paraben\u00f3w.    PRZECIW WOLNYM RODNIKOM  PRZECIWSTARZENIOWY  REGENERUJ\u0104CY  STYMULUJE AUTOFAGI\u0118  ANTYOKSYDACYJNY","og_url":"https:\/\/aquavis.it\/pl\/prodotto\/crema-rigenerante\/","og_site_name":"Aquavis","article_publisher":"https:\/\/www.facebook.com\/aquavis.it","article_modified_time":"2025-11-19T12:03:32+00:00","og_image":[{"width":960,"height":960,"url":"https:\/\/aquavis.it\/wp-content\/uploads\/2023\/12\/468270051_1349590559337121_4272363783004385772_n.jpg","type":"image\/jpeg"}],"twitter_card":"summary_large_image","twitter_misc":{"Szacowany czas czytania":"3 minuty"},"schema":{"@context":"https:\/\/schema.org","@graph":[{"@type":"WebPage","@id":"https:\/\/aquavis.it\/pl\/prodotto\/crema-rigenerante\/","url":"https:\/\/aquavis.it\/pl\/prodotto\/crema-rigenerante\/","name":"Krem Regeneruj\u0105cy do Twarzy 50 ml - Aquavis","isPartOf":{"@id":"https:\/\/aquavis.it\/pl\/#website"},"primaryImageOfPage":{"@id":"https:\/\/aquavis.it\/pl\/prodotto\/crema-rigenerante\/#primaryimage"},"image":{"@id":"https:\/\/aquavis.it\/pl\/prodotto\/crema-rigenerante\/#primaryimage"},"thumbnailUrl":"https:\/\/aquavis.it\/wp-content\/uploads\/2023\/12\/crema-rigenerante-pack-1.jpg","datePublished":"2023-12-19T14:21:39+00:00","dateModified":"2025-11-19T12:03:32+00:00","breadcrumb":{"@id":"https:\/\/aquavis.it\/pl\/prodotto\/crema-rigenerante\/#breadcrumb"},"inLanguage":"pl-PL","potentialAction":[{"@type":"ReadAction","target":["https:\/\/aquavis.it\/pl\/prodotto\/crema-rigenerante\/"]}]},{"@type":"ImageObject","inLanguage":"pl-PL","@id":"https:\/\/aquavis.it\/pl\/prodotto\/crema-rigenerante\/#primaryimage","url":"https:\/\/aquavis.it\/wp-content\/uploads\/2023\/12\/crema-rigenerante-pack-1.jpg","contentUrl":"https:\/\/aquavis.it\/wp-content\/uploads\/2023\/12\/crema-rigenerante-pack-1.jpg","width":1000,"height":1000},{"@type":"BreadcrumbList","@id":"https:\/\/aquavis.it\/pl\/prodotto\/crema-rigenerante\/#breadcrumb","itemListElement":[{"@type":"ListItem","position":1,"name":"Home","item":"https:\/\/aquavis.it\/pl\/"},{"@type":"ListItem","position":2,"name":"Shop","item":"https:\/\/aquavis.it\/pl\/shop\/"},{"@type":"ListItem","position":3,"name":"Krem Regeneruj\u0105cy do Twarzy 50 ml"}]},{"@type":"WebSite","@id":"https:\/\/aquavis.it\/pl\/#website","url":"https:\/\/aquavis.it\/pl\/","name":"Aquavis","description":"","potentialAction":[{"@type":"SearchAction","target":{"@type":"EntryPoint","urlTemplate":"https:\/\/aquavis.it\/pl\/?s={search_term_string}"},"query-input":{"@type":"PropertyValueSpecification","valueRequired":true,"valueName":"search_term_string"}}],"inLanguage":"pl-PL"}]}},"_links":{"self":[{"href":"https:\/\/aquavis.it\/pl\/wp-json\/wp\/v2\/product\/16685","targetHints":{"allow":["GET"]}}],"collection":[{"href":"https:\/\/aquavis.it\/pl\/wp-json\/wp\/v2\/product"}],"about":[{"href":"https:\/\/aquavis.it\/pl\/wp-json\/wp\/v2\/types\/product"}],"replies":[{"embeddable":true,"href":"https:\/\/aquavis.it\/pl\/wp-json\/wp\/v2\/comments?post=16685"}],"version-history":[{"count":4,"href":"https:\/\/aquavis.it\/pl\/wp-json\/wp\/v2\/product\/16685\/revisions"}],"predecessor-version":[{"id":16864,"href":"https:\/\/aquavis.it\/pl\/wp-json\/wp\/v2\/product\/16685\/revisions\/16864"}],"wp:featuredmedia":[{"embeddable":true,"href":"https:\/\/aquavis.it\/pl\/wp-json\/wp\/v2\/media\/18457"}],"wp:attachment":[{"href":"https:\/\/aquavis.it\/pl\/wp-json\/wp\/v2\/media?parent=16685"}],"wp:term":[{"taxonomy":"product_cat","embeddable":true,"href":"https:\/\/aquavis.it\/pl\/wp-json\/wp\/v2\/product_cat?post=16685"},{"taxonomy":"product_tag","embeddable":true,"href":"https:\/\/aquavis.it\/pl\/wp-json\/wp\/v2\/product_tag?post=16685"}],"curies":[{"name":"wp","href":"https:\/\/api.w.org\/{rel}","templated":true}]}}