{"id":16682,"date":"2023-12-19T15:27:35","date_gmt":"2023-12-19T14:27:35","guid":{"rendered":"https:\/\/aquavis.it\/prodotto\/siero-rigenerante\/"},"modified":"2025-11-19T12:57:13","modified_gmt":"2025-11-19T11:57:13","slug":"siero-rigenerante","status":"publish","type":"product","link":"https:\/\/aquavis.it\/pl\/prodotto\/siero-rigenerante\/","title":{"rendered":"Serum Liftinguj\u0105ce do Twarzy 30 ml"},"content":{"rendered":"\t\t<div data-elementor-type=\"wp-post\" data-elementor-id=\"16682\" class=\"elementor elementor-16682 elementor-2935\" data-elementor-post-type=\"product\">\n\t\t\t\t\t\t<section class=\"elementor-section elementor-top-section elementor-element elementor-element-540b027 rey-section-stretched rey-section-bg--classic elementor-section-boxed elementor-section-height-default elementor-section-height-default\" data-id=\"540b027\" data-element_type=\"section\" data-settings=\"{&quot;background_background&quot;:&quot;classic&quot;}\">\n\t\t\t\t\t\t<div class=\"elementor-container elementor-column-gap-default\">\n\t\t\t\t\t<div class=\"elementor-column elementor-col-33 elementor-top-column elementor-element elementor-element-623585e\" data-id=\"623585e\" data-element_type=\"column\">\n\t\t\t<div class=\"elementor-column-wrap--623585e elementor-widget-wrap elementor-element-populated\">\n\t\t\t\t\t\t<div class=\"elementor-element elementor-element-e390c5a elementor-widget elementor-widget-image\" data-id=\"e390c5a\" data-element_type=\"widget\" data-widget_type=\"image.default\">\n\t\t\t\t<div class=\"elementor-widget-container\">\n\t\t\t\t\t\t\t\t\t\t\t\t\t<img decoding=\"async\" width=\"70\" height=\"70\" src=\"https:\/\/aquavis.it\/wp-content\/uploads\/2024\/10\/icona1-1-1.svg\" class=\"attachment-full size-full wp-image-9891\" alt=\"\" \/>\t\t\t\t\t\t\t\t\t\t\t\t\t<\/div>\n\t\t\t\t<\/div>\n\t\t\t\t<div class=\"elementor-element elementor-element-65611fc elementor-widget elementor-widget-heading\" data-id=\"65611fc\" data-element_type=\"widget\" data-widget_type=\"heading.default\">\n\t\t\t\t<div class=\"elementor-widget-container\">\n\t\t\t<h3 class=\"elementor-heading-title elementor-size-default\">Sk\u0142adniki aktywne:\n<\/h3>\t\t<\/div>\n\t\t\t\t<\/div>\n\t\t\t\t<div class=\"elementor-element elementor-element-bac63c7 elementor-widget elementor-widget-text-editor\" data-id=\"bac63c7\" data-element_type=\"widget\" data-widget_type=\"text-editor.default\">\n\t\t\t\t<div class=\"elementor-widget-container\">\n\t\t\t\t\t\t\t<p class=\"p1\">Aquavis\u00ae, cyklodekstryna, peptyd, glicokina, witamina C\/E, olej z awokado i nasion chia.<\/p>\t\t\t\t\t\t<\/div>\n\t\t\t\t<\/div>\n\t\t\t\t<div class=\"elementor-element elementor-element-aa0b62e elementor-widget elementor-widget-heading\" data-id=\"aa0b62e\" data-element_type=\"widget\" data-widget_type=\"heading.default\">\n\t\t\t\t<div class=\"elementor-widget-container\">\n\t\t\t<h3 class=\"elementor-heading-title elementor-size-default\">Jako\u015b\u0107 i bezpiecze\u0144stwo:\n<\/h3>\t\t<\/div>\n\t\t\t\t<\/div>\n\t\t\t\t<div class=\"elementor-element elementor-element-5c60469 elementor-widget elementor-widget-text-editor\" data-id=\"5c60469\" data-element_type=\"widget\" data-widget_type=\"text-editor.default\">\n\t\t\t\t<div class=\"elementor-widget-container\">\n\t\t\t\t\t\t\t<p class=\"p1\">Produkt zosta\u0142 przebadany naukowo i dermatologicznie przez Uniwersytet w Pawii, kt\u00f3ry wykaza\u0142, \u017ce regularne stosowanie serum Liftinguj\u0105cego Aquavis\u00ae poprawia parametry biofizyczne i wygl\u0105d sk\u00f3ry. W szczeg\u00f3lno\u015bci: nawil\u017cenie sk\u00f3ry wzros\u0142o o 20% Regulacja sebum, redukcja o 27% Sk\u00f3ra staje si\u0119 bardziej \u015bwietlista i jednolita oraz lepiej zatrzymuje naturalne nawil\u017cenie, wzmacniaj\u0105c barier\u0119 sk\u00f3rn\u0105 Dzia\u0142a szybko, zapewnia efekt liftinguj\u0105cy od pierwszego u\u017cycia Zapewnia ochron\u0119 przed promieniami UV i zanieczyszczeniem atmosferycznym Wra\u017cenie dzia\u0142ania natychmiast po aplikacji Utrzymuje sk\u00f3r\u0119 od\u017cywion\u0105, nawil\u017con\u0105 i chronion\u0105 przez ca\u0142y dzie\u0144.<\/p>\t\t\t\t\t\t<\/div>\n\t\t\t\t<\/div>\n\t\t\t\t\t<\/div>\n\t\t<\/div>\n\t\t\t\t<div class=\"elementor-column elementor-col-33 elementor-top-column elementor-element elementor-element-51eabd4\" data-id=\"51eabd4\" data-element_type=\"column\">\n\t\t\t<div class=\"elementor-column-wrap--51eabd4 elementor-widget-wrap elementor-element-populated\">\n\t\t\t\t\t\t<div class=\"elementor-element elementor-element-9d94592 elementor-widget elementor-widget-image\" data-id=\"9d94592\" data-element_type=\"widget\" data-widget_type=\"image.default\">\n\t\t\t\t<div class=\"elementor-widget-container\">\n\t\t\t\t\t\t\t\t\t\t\t\t\t<img decoding=\"async\" width=\"70\" height=\"70\" src=\"https:\/\/aquavis.it\/wp-content\/uploads\/2024\/10\/icona2-1-1.svg\" class=\"attachment-full size-full wp-image-9892\" alt=\"\" \/>\t\t\t\t\t\t\t\t\t\t\t\t\t<\/div>\n\t\t\t\t<\/div>\n\t\t\t\t<div class=\"elementor-element elementor-element-9acf52a elementor-widget elementor-widget-heading\" data-id=\"9acf52a\" data-element_type=\"widget\" data-widget_type=\"heading.default\">\n\t\t\t\t<div class=\"elementor-widget-container\">\n\t\t\t<h3 class=\"elementor-heading-title elementor-size-default\">Korzy\u015bci:<\/h3>\t\t<\/div>\n\t\t\t\t<\/div>\n\t\t\t\t<div class=\"elementor-element elementor-element-9d12973 elementor-widget elementor-widget-text-editor\" data-id=\"9d12973\" data-element_type=\"widget\" data-widget_type=\"text-editor.default\">\n\t\t\t\t<div class=\"elementor-widget-container\">\n\t\t\t\t\t\t\t<p class=\"p1\">Zawiera aktywowan\u0105 wod\u0119 Aquavis\u00ae, dermokosmetyczny aktywator, kt\u00f3ry stymuluje AUTOFAGI\u0118 sk\u00f3ry. Ponadto zawiera <span class=\"s1\"><b>cyklodekstryn\u0119<\/b><\/span>, kt\u00f3ra dzia\u0142a jak ro\u015blinny czynnik liftinguj\u0105cy, tworz\u0105c cienki, elastyczny i wytrzyma\u0142y film na sk\u00f3rze, natychmiast wyg\u0142adzaj\u0105c drobne zmarszczki. <i>(Podobny do jadu \u017cmii)<\/i> \u2014 to peptyd o silnym dzia\u0142aniu przeciwzmarszczkowym. <span class=\"s1\"><b>Glicokina<\/b><\/span> to sk\u0142adnik pochodz\u0105cy z oligocukr\u00f3w o podobnej strukturze do kwasu hialuronowego. <span class=\"s1\"><b>Olej z awokado<\/b><\/span> jest znany ze swoich w\u0142a\u015bciwo\u015bci elastykuj\u0105cych. <span class=\"s1\"><b>Olej z nasion chia<\/b><\/span>, bogaty w omega-3 i antyoksydanty, ma w\u0142a\u015bciwo\u015bci \u0142agodz\u0105ce i ochronne dla sk\u00f3ry. <span class=\"s1\"><b>Olej z kie\u0142k\u00f3w pszenicy<\/b><\/span>, bogaty w witamin\u0119 E, antyoksydant, kt\u00f3ry chroni sk\u00f3r\u0119 i poprawia jej mi\u0119kko\u015b\u0107. <span class=\"s1\"><b>Olej z pestek winogron<\/b><\/span>, lekki i bogaty w antyoksydanty, pomaga chroni\u0107 i nawil\u017ca\u0107 sk\u00f3r\u0119. Serum dzia\u0142a szybko, zapewniaj\u0105c natychmiastowy efekt liftinguj\u0105cy, ochron\u0119 przed promieniami UV i zanieczyszczeniem atmosferycznym. Utrzymuje sk\u00f3r\u0119 od\u017cywion\u0105, nawil\u017con\u0105 i chronion\u0105 przez ca\u0142y dzie\u0144.<\/p>\t\t\t\t\t\t<\/div>\n\t\t\t\t<\/div>\n\t\t\t\t\t<\/div>\n\t\t<\/div>\n\t\t\t\t<div class=\"elementor-column elementor-col-33 elementor-top-column elementor-element elementor-element-a21c8f4\" data-id=\"a21c8f4\" data-element_type=\"column\">\n\t\t\t<div class=\"elementor-column-wrap--a21c8f4 elementor-widget-wrap elementor-element-populated\">\n\t\t\t\t\t\t<div class=\"elementor-element elementor-element-25c7b43 elementor-widget elementor-widget-image\" data-id=\"25c7b43\" data-element_type=\"widget\" data-widget_type=\"image.default\">\n\t\t\t\t<div class=\"elementor-widget-container\">\n\t\t\t\t\t\t\t\t\t\t\t\t\t<img decoding=\"async\" width=\"70\" height=\"70\" src=\"https:\/\/aquavis.it\/wp-content\/uploads\/2024\/10\/icona3-1-1.svg\" class=\"attachment-full size-full wp-image-9893\" alt=\"\" \/>\t\t\t\t\t\t\t\t\t\t\t\t\t<\/div>\n\t\t\t\t<\/div>\n\t\t\t\t<div class=\"elementor-element elementor-element-ad0f125 elementor-widget elementor-widget-heading\" data-id=\"ad0f125\" data-element_type=\"widget\" data-widget_type=\"heading.default\">\n\t\t\t\t<div class=\"elementor-widget-container\">\n\t\t\t<h3 class=\"elementor-heading-title elementor-size-default\">Sk\u0142adniki:<\/h3>\t\t<\/div>\n\t\t\t\t<\/div>\n\t\t\t\t<div class=\"elementor-element elementor-element-ce03928 elementor-widget elementor-widget-text-editor\" data-id=\"ce03928\" data-element_type=\"widget\" data-widget_type=\"text-editor.default\">\n\t\t\t\t<div class=\"elementor-widget-container\">\n\t\t\t\t\t\t\t<p>aqua [water], persea gratissima (avo- cado) oil, vitis vinifera (grape) seed oil, hydroxypropyl cyclodextrin, glycerin, coco-caprylate, hydrolyzed yeast extract, salvia hispanica seed oil, triticum vulgare (wheat) germ oil, dipep- tide diaminobutyroyl benzylamide diacetate, sodium phosphate, potassium chloride, cetyl hydroxyethylcellulose, calcium chloride, magnesium chloride, zinc chloride, polyglucuronic acid, ascorbyl palmitate, tocopherol, dehy- droxanthan gum, hydroxyethylcellulose, pentylene glycol, sodium acrylates co- polymer, parfum [fragrance], cetearyl glucoside, ethylhexylglycerin, phenox- yethanol, cetearyl alcohol, glyceryl stearate, lecithin, lactic acid, disodium edta, disodium phosphate, sodium benzoate, citronellol, alpha-isomethyl ionone, hydroxycitronellal, linalool, limonene, hexyl cinnamal.<\/p>\t\t\t\t\t\t<\/div>\n\t\t\t\t<\/div>\n\t\t\t\t<div class=\"elementor-element elementor-element-771f822 elementor-widget elementor-widget-heading\" data-id=\"771f822\" data-element_type=\"widget\" data-widget_type=\"heading.default\">\n\t\t\t\t<div class=\"elementor-widget-container\">\n\t\t\t<h3 class=\"elementor-heading-title elementor-size-default\">Wskazania i spos\u00f3b u\u017cycia:\n<\/h3>\t\t<\/div>\n\t\t\t\t<\/div>\n\t\t\t\t<div class=\"elementor-element elementor-element-b936f20 elementor-widget elementor-widget-text-editor\" data-id=\"b936f20\" data-element_type=\"widget\" data-widget_type=\"text-editor.default\">\n\t\t\t\t<div class=\"elementor-widget-container\">\n\t\t\t\t\t\t\t<p>Nak\u0142ada\u0107 lekkim masa\u017cem na twarz i szyj\u0119, rozprowadzaj\u0105c r\u00f3wnomiernie, aby u\u0142atwi\u0107 wch\u0142anianie. Stosowa\u0107 rano i wieczorem, odpowiednie dla wszystkich rodzaj\u00f3w sk\u00f3ry. Zaleca si\u0119 8 tygodni regularnej kuracji, aby uzyska\u0107 widoczne efekty.<\/p>\t\t\t\t\t\t<\/div>\n\t\t\t\t<\/div>\n\t\t\t\t\t<\/div>\n\t\t<\/div>\n\t\t\t\t\t<\/div>\n\t\t<\/section>\n\t\t\t\t<\/div>\n\t\t","protected":false},"excerpt":{"rendered":"<p class=\"p1\"><strong>Z Aquavis\u00ae, cyklodekstryn\u0105, peptydem, witamin\u0105 C\/E, olejem z awokado i nasionami sza\u0142wii chia.<\/strong><\/p>\n<p class=\"p1\">Orze\u017awiaj\u0105ce serum na bazie Aquavis\u00ae, dermokosmetycznego aktywatora o silnym dzia\u0142aniu \u0142agodz\u0105cym i przeciwstarzeniowym. To pierwszy biofizyczny sk\u0142adnik naturalny zdolny do pobudzania autofagii sk\u00f3rnej, opracowany z u\u017cyciem sk\u0142adnik\u00f3w o znanych w\u0142a\u015bciwo\u015bciach liftinguj\u0105cych, antyoksydacyjnych i nawil\u017caj\u0105cych. Wyg\u0142adza zmarszczki, nawil\u017ca zar\u00f3wno powierzchni\u0119, jak i g\u0142\u0119bsze warstwy sk\u00f3ry, zwi\u0119kszaj\u0105c jej elastyczno\u015b\u0107 i odporno\u015b\u0107. Nie zawiera silikon\u00f3w ani paraben\u00f3w.<\/p>\n<ul>\n<li class=\"p1\"><strong>LIFTINGUJ\u0104CE<\/strong><\/li>\n<li class=\"p2\"><strong>PRZECIWSTARZENIOWE<\/strong><\/li>\n<li class=\"p2\"><strong>REGENERUJ\u0104CE<\/strong><\/li>\n<li class=\"p2\"><strong>STYMULUJE AUTOFAGI\u0118<\/strong><\/li>\n<li class=\"p2\"><strong>ANTYOKSYDACYJNE<\/strong><\/li>\n<\/ul>\n","protected":false},"featured_media":18460,"comment_status":"open","ping_status":"closed","template":"","meta":{"_acf_changed":false},"product_cat":[375],"product_tag":[],"class_list":{"0":"post-16682","1":"product","2":"type-product","3":"status-publish","4":"has-post-thumbnail","6":"product_cat-skin-recovery","8":"first","9":"instock","10":"shipping-taxable","11":"purchasable","12":"product-type-simple","swatches":"rey-swatches","show_selected":"","stretch_labels":"rey-swatches--stretch-labels"},"acf":[],"yoast_head":"<!-- This site is optimized with the Yoast SEO plugin v26.4 - https:\/\/yoast.com\/wordpress\/plugins\/seo\/ -->\n<title>Serum Liftinguj\u0105ce do Twarzy 30 ml - Aquavis<\/title>\n<meta name=\"robots\" content=\"index, follow, max-snippet:-1, max-image-preview:large, max-video-preview:-1\" \/>\n<link rel=\"canonical\" href=\"https:\/\/aquavis.it\/pl\/prodotto\/siero-rigenerante\/\" \/>\n<meta property=\"og:locale\" content=\"pl_PL\" \/>\n<meta property=\"og:type\" content=\"article\" \/>\n<meta property=\"og:title\" content=\"Serum Liftinguj\u0105ce do Twarzy 30 ml - Aquavis\" \/>\n<meta property=\"og:description\" content=\"Z Aquavis\u00ae, cyklodekstryn\u0105, peptydem, witamin\u0105 C\/E, olejem z awokado i nasionami sza\u0142wii chia.  Orze\u017awiaj\u0105ce serum na bazie Aquavis\u00ae, dermokosmetycznego aktywatora o silnym dzia\u0142aniu \u0142agodz\u0105cym i przeciwstarzeniowym. To pierwszy biofizyczny sk\u0142adnik naturalny zdolny do pobudzania autofagii sk\u00f3rnej, opracowany z u\u017cyciem sk\u0142adnik\u00f3w o znanych w\u0142a\u015bciwo\u015bciach liftinguj\u0105cych, antyoksydacyjnych i nawil\u017caj\u0105cych. Wyg\u0142adza zmarszczki, nawil\u017ca zar\u00f3wno powierzchni\u0119, jak i g\u0142\u0119bsze warstwy sk\u00f3ry, zwi\u0119kszaj\u0105c jej elastyczno\u015b\u0107 i odporno\u015b\u0107. Nie zawiera silikon\u00f3w ani paraben\u00f3w.    LIFTINGUJ\u0104CE  PRZECIWSTARZENIOWE  REGENERUJ\u0104CE  STYMULUJE AUTOFAGI\u0118  ANTYOKSYDACYJNE\" \/>\n<meta property=\"og:url\" content=\"https:\/\/aquavis.it\/pl\/prodotto\/siero-rigenerante\/\" \/>\n<meta property=\"og:site_name\" content=\"Aquavis\" \/>\n<meta property=\"article:publisher\" content=\"https:\/\/www.facebook.com\/aquavis.it\" \/>\n<meta property=\"article:modified_time\" content=\"2025-11-19T11:57:13+00:00\" \/>\n<meta property=\"og:image\" content=\"https:\/\/aquavis.it\/wp-content\/uploads\/2023\/12\/468187163_898268085769132_982345027887790605_n.jpg\" \/>\n\t<meta property=\"og:image:width\" content=\"960\" \/>\n\t<meta property=\"og:image:height\" content=\"960\" \/>\n\t<meta property=\"og:image:type\" content=\"image\/jpeg\" \/>\n<meta name=\"twitter:card\" content=\"summary_large_image\" \/>\n<meta name=\"twitter:label1\" content=\"Szacowany czas czytania\" \/>\n\t<meta name=\"twitter:data1\" content=\"3 minuty\" \/>\n<script type=\"application\/ld+json\" class=\"yoast-schema-graph\">{\"@context\":\"https:\/\/schema.org\",\"@graph\":[{\"@type\":\"WebPage\",\"@id\":\"https:\/\/aquavis.it\/pl\/prodotto\/siero-rigenerante\/\",\"url\":\"https:\/\/aquavis.it\/pl\/prodotto\/siero-rigenerante\/\",\"name\":\"Serum Liftinguj\u0105ce do Twarzy 30 ml - Aquavis\",\"isPartOf\":{\"@id\":\"https:\/\/aquavis.it\/pl\/#website\"},\"primaryImageOfPage\":{\"@id\":\"https:\/\/aquavis.it\/pl\/prodotto\/siero-rigenerante\/#primaryimage\"},\"image\":{\"@id\":\"https:\/\/aquavis.it\/pl\/prodotto\/siero-rigenerante\/#primaryimage\"},\"thumbnailUrl\":\"https:\/\/aquavis.it\/wp-content\/uploads\/2023\/12\/siero-rigenerante-pack.jpg\",\"datePublished\":\"2023-12-19T14:27:35+00:00\",\"dateModified\":\"2025-11-19T11:57:13+00:00\",\"breadcrumb\":{\"@id\":\"https:\/\/aquavis.it\/pl\/prodotto\/siero-rigenerante\/#breadcrumb\"},\"inLanguage\":\"pl-PL\",\"potentialAction\":[{\"@type\":\"ReadAction\",\"target\":[\"https:\/\/aquavis.it\/pl\/prodotto\/siero-rigenerante\/\"]}]},{\"@type\":\"ImageObject\",\"inLanguage\":\"pl-PL\",\"@id\":\"https:\/\/aquavis.it\/pl\/prodotto\/siero-rigenerante\/#primaryimage\",\"url\":\"https:\/\/aquavis.it\/wp-content\/uploads\/2023\/12\/siero-rigenerante-pack.jpg\",\"contentUrl\":\"https:\/\/aquavis.it\/wp-content\/uploads\/2023\/12\/siero-rigenerante-pack.jpg\",\"width\":1000,\"height\":1000},{\"@type\":\"BreadcrumbList\",\"@id\":\"https:\/\/aquavis.it\/pl\/prodotto\/siero-rigenerante\/#breadcrumb\",\"itemListElement\":[{\"@type\":\"ListItem\",\"position\":1,\"name\":\"Home\",\"item\":\"https:\/\/aquavis.it\/pl\/\"},{\"@type\":\"ListItem\",\"position\":2,\"name\":\"Shop\",\"item\":\"https:\/\/aquavis.it\/pl\/shop\/\"},{\"@type\":\"ListItem\",\"position\":3,\"name\":\"Serum Liftinguj\u0105ce do Twarzy 30 ml\"}]},{\"@type\":\"WebSite\",\"@id\":\"https:\/\/aquavis.it\/pl\/#website\",\"url\":\"https:\/\/aquavis.it\/pl\/\",\"name\":\"Aquavis\",\"description\":\"\",\"potentialAction\":[{\"@type\":\"SearchAction\",\"target\":{\"@type\":\"EntryPoint\",\"urlTemplate\":\"https:\/\/aquavis.it\/pl\/?s={search_term_string}\"},\"query-input\":{\"@type\":\"PropertyValueSpecification\",\"valueRequired\":true,\"valueName\":\"search_term_string\"}}],\"inLanguage\":\"pl-PL\"}]}<\/script>\n<!-- \/ Yoast SEO plugin. -->","yoast_head_json":{"title":"Serum Liftinguj\u0105ce do Twarzy 30 ml - Aquavis","robots":{"index":"index","follow":"follow","max-snippet":"max-snippet:-1","max-image-preview":"max-image-preview:large","max-video-preview":"max-video-preview:-1"},"canonical":"https:\/\/aquavis.it\/pl\/prodotto\/siero-rigenerante\/","og_locale":"pl_PL","og_type":"article","og_title":"Serum Liftinguj\u0105ce do Twarzy 30 ml - Aquavis","og_description":"Z Aquavis\u00ae, cyklodekstryn\u0105, peptydem, witamin\u0105 C\/E, olejem z awokado i nasionami sza\u0142wii chia.  Orze\u017awiaj\u0105ce serum na bazie Aquavis\u00ae, dermokosmetycznego aktywatora o silnym dzia\u0142aniu \u0142agodz\u0105cym i przeciwstarzeniowym. To pierwszy biofizyczny sk\u0142adnik naturalny zdolny do pobudzania autofagii sk\u00f3rnej, opracowany z u\u017cyciem sk\u0142adnik\u00f3w o znanych w\u0142a\u015bciwo\u015bciach liftinguj\u0105cych, antyoksydacyjnych i nawil\u017caj\u0105cych. Wyg\u0142adza zmarszczki, nawil\u017ca zar\u00f3wno powierzchni\u0119, jak i g\u0142\u0119bsze warstwy sk\u00f3ry, zwi\u0119kszaj\u0105c jej elastyczno\u015b\u0107 i odporno\u015b\u0107. Nie zawiera silikon\u00f3w ani paraben\u00f3w.    LIFTINGUJ\u0104CE  PRZECIWSTARZENIOWE  REGENERUJ\u0104CE  STYMULUJE AUTOFAGI\u0118  ANTYOKSYDACYJNE","og_url":"https:\/\/aquavis.it\/pl\/prodotto\/siero-rigenerante\/","og_site_name":"Aquavis","article_publisher":"https:\/\/www.facebook.com\/aquavis.it","article_modified_time":"2025-11-19T11:57:13+00:00","og_image":[{"width":960,"height":960,"url":"https:\/\/aquavis.it\/wp-content\/uploads\/2023\/12\/468187163_898268085769132_982345027887790605_n.jpg","type":"image\/jpeg"}],"twitter_card":"summary_large_image","twitter_misc":{"Szacowany czas czytania":"3 minuty"},"schema":{"@context":"https:\/\/schema.org","@graph":[{"@type":"WebPage","@id":"https:\/\/aquavis.it\/pl\/prodotto\/siero-rigenerante\/","url":"https:\/\/aquavis.it\/pl\/prodotto\/siero-rigenerante\/","name":"Serum Liftinguj\u0105ce do Twarzy 30 ml - Aquavis","isPartOf":{"@id":"https:\/\/aquavis.it\/pl\/#website"},"primaryImageOfPage":{"@id":"https:\/\/aquavis.it\/pl\/prodotto\/siero-rigenerante\/#primaryimage"},"image":{"@id":"https:\/\/aquavis.it\/pl\/prodotto\/siero-rigenerante\/#primaryimage"},"thumbnailUrl":"https:\/\/aquavis.it\/wp-content\/uploads\/2023\/12\/siero-rigenerante-pack.jpg","datePublished":"2023-12-19T14:27:35+00:00","dateModified":"2025-11-19T11:57:13+00:00","breadcrumb":{"@id":"https:\/\/aquavis.it\/pl\/prodotto\/siero-rigenerante\/#breadcrumb"},"inLanguage":"pl-PL","potentialAction":[{"@type":"ReadAction","target":["https:\/\/aquavis.it\/pl\/prodotto\/siero-rigenerante\/"]}]},{"@type":"ImageObject","inLanguage":"pl-PL","@id":"https:\/\/aquavis.it\/pl\/prodotto\/siero-rigenerante\/#primaryimage","url":"https:\/\/aquavis.it\/wp-content\/uploads\/2023\/12\/siero-rigenerante-pack.jpg","contentUrl":"https:\/\/aquavis.it\/wp-content\/uploads\/2023\/12\/siero-rigenerante-pack.jpg","width":1000,"height":1000},{"@type":"BreadcrumbList","@id":"https:\/\/aquavis.it\/pl\/prodotto\/siero-rigenerante\/#breadcrumb","itemListElement":[{"@type":"ListItem","position":1,"name":"Home","item":"https:\/\/aquavis.it\/pl\/"},{"@type":"ListItem","position":2,"name":"Shop","item":"https:\/\/aquavis.it\/pl\/shop\/"},{"@type":"ListItem","position":3,"name":"Serum Liftinguj\u0105ce do Twarzy 30 ml"}]},{"@type":"WebSite","@id":"https:\/\/aquavis.it\/pl\/#website","url":"https:\/\/aquavis.it\/pl\/","name":"Aquavis","description":"","potentialAction":[{"@type":"SearchAction","target":{"@type":"EntryPoint","urlTemplate":"https:\/\/aquavis.it\/pl\/?s={search_term_string}"},"query-input":{"@type":"PropertyValueSpecification","valueRequired":true,"valueName":"search_term_string"}}],"inLanguage":"pl-PL"}]}},"_links":{"self":[{"href":"https:\/\/aquavis.it\/pl\/wp-json\/wp\/v2\/product\/16682","targetHints":{"allow":["GET"]}}],"collection":[{"href":"https:\/\/aquavis.it\/pl\/wp-json\/wp\/v2\/product"}],"about":[{"href":"https:\/\/aquavis.it\/pl\/wp-json\/wp\/v2\/types\/product"}],"replies":[{"embeddable":true,"href":"https:\/\/aquavis.it\/pl\/wp-json\/wp\/v2\/comments?post=16682"}],"version-history":[{"count":4,"href":"https:\/\/aquavis.it\/pl\/wp-json\/wp\/v2\/product\/16682\/revisions"}],"predecessor-version":[{"id":16851,"href":"https:\/\/aquavis.it\/pl\/wp-json\/wp\/v2\/product\/16682\/revisions\/16851"}],"wp:featuredmedia":[{"embeddable":true,"href":"https:\/\/aquavis.it\/pl\/wp-json\/wp\/v2\/media\/18460"}],"wp:attachment":[{"href":"https:\/\/aquavis.it\/pl\/wp-json\/wp\/v2\/media?parent=16682"}],"wp:term":[{"taxonomy":"product_cat","embeddable":true,"href":"https:\/\/aquavis.it\/pl\/wp-json\/wp\/v2\/product_cat?post=16682"},{"taxonomy":"product_tag","embeddable":true,"href":"https:\/\/aquavis.it\/pl\/wp-json\/wp\/v2\/product_tag?post=16682"}],"curies":[{"name":"wp","href":"https:\/\/api.w.org\/{rel}","templated":true}]}}