{"id":16573,"date":"2024-09-07T16:52:54","date_gmt":"2024-09-07T14:52:54","guid":{"rendered":"https:\/\/aquavis.it\/contatti\/"},"modified":"2025-11-19T16:20:17","modified_gmt":"2025-11-19T15:20:17","slug":"kontakt","status":"publish","type":"page","link":"https:\/\/aquavis.it\/pl\/kontakt\/","title":{"rendered":"Kontakt"},"content":{"rendered":"\t\t<div data-elementor-type=\"wp-page\" data-elementor-id=\"16573\" class=\"elementor elementor-16573 elementor-8353\" data-elementor-post-type=\"page\">\n\t\t\t\t<div class=\"e-con-top elementor-element elementor-element-fd11427 e-flex e-con-boxed e-con e-parent\" data-id=\"fd11427\" data-element_type=\"container\">\n\t\t\t\t\t<div class=\"e-con-inner\">\n\t\t<div class=\"elementor-element elementor-element-9909bfc e-con-full e-flex e-con e-child\" data-id=\"9909bfc\" data-element_type=\"container\">\n\t\t\t\t<div class=\"elementor-element elementor-element-ade6d6e elementor-widget elementor-widget-heading\" data-id=\"ade6d6e\" data-element_type=\"widget\" data-widget_type=\"heading.default\">\n\t\t\t\t<div class=\"elementor-widget-container\">\n\t\t\t<h1 class=\"elementor-heading-title elementor-size-default\">Jeste\u015bmy tutaj, je\u015bli potrzebujesz informacji\n<\/h1>\t\t<\/div>\n\t\t\t\t<\/div>\n\t\t\t\t<\/div>\n\t\t\t\t\t<\/div>\n\t\t\t\t<\/div>\n\t\t<div class=\"e-con-top elementor-element elementor-element-72e4fa5 e-flex e-con-boxed e-con e-parent\" data-id=\"72e4fa5\" data-element_type=\"container\">\n\t\t\t\t\t<div class=\"e-con-inner\">\n\t\t<div class=\"elementor-element elementor-element-545c77a e-flex e-con-boxed e-con e-child\" data-id=\"545c77a\" data-element_type=\"container\" data-settings=\"{&quot;background_background&quot;:&quot;classic&quot;}\">\n\t\t\t\t\t<div class=\"e-con-inner\">\n\t\t<div class=\"elementor-element elementor-element-34b6302 e-con-full e-flex e-con e-child\" data-id=\"34b6302\" data-element_type=\"container\" data-settings=\"{&quot;background_background&quot;:&quot;classic&quot;}\">\n\t\t<div class=\"elementor-element elementor-element-aba0d39 e-con-full e-flex e-con e-child\" data-id=\"aba0d39\" data-element_type=\"container\">\n\t\t\t\t<div class=\"elementor-element elementor-element-b5f7785 elementor-widget elementor-widget-heading\" data-id=\"b5f7785\" data-element_type=\"widget\" data-widget_type=\"heading.default\">\n\t\t\t\t<div class=\"elementor-widget-container\">\n\t\t\t<h4 class=\"elementor-heading-title elementor-size-default\">OBS\u0141UGA KLIENTA\n<\/h4>\t\t<\/div>\n\t\t\t\t<\/div>\n\t\t\t\t<div class=\"elementor-element elementor-element-56688a9 elementor-widget elementor-widget-text-editor\" data-id=\"56688a9\" data-element_type=\"widget\" data-widget_type=\"text-editor.default\">\n\t\t\t\t<div class=\"elementor-widget-container\">\n\t\t\t\t\t\t\t<p>Email: <a href=\"mailto:info@aquavis.it\">info@aquavis.it<\/a><br \/>Telefon: <a href=\"tel:+390308050560\">+39030 8050560<\/a><\/p>\t\t\t\t\t\t<\/div>\n\t\t\t\t<\/div>\n\t\t\t\t<\/div>\n\t\t<div class=\"elementor-element elementor-element-30192fa e-con-full e-flex e-con e-child\" data-id=\"30192fa\" data-element_type=\"container\">\n\t\t\t\t<div class=\"elementor-element elementor-element-9ca1b1f elementor-widget elementor-widget-heading\" data-id=\"9ca1b1f\" data-element_type=\"widget\" data-widget_type=\"heading.default\">\n\t\t\t\t<div class=\"elementor-widget-container\">\n\t\t\t<h4 class=\"elementor-heading-title elementor-size-default\">AQUAVIS SRL<\/h4>\t\t<\/div>\n\t\t\t\t<\/div>\n\t\t\t\t<div class=\"elementor-element elementor-element-3c453f2 elementor-widget elementor-widget-text-editor\" data-id=\"3c453f2\" data-element_type=\"widget\" data-widget_type=\"text-editor.default\">\n\t\t\t\t<div class=\"elementor-widget-container\">\n\t\t\t\t\t\t\t<p><a href=\"https:\/\/www.google.it\/maps\/place\/Via+Rodi,+65,+25124+Brescia+BS\/@45.5235215,10.2060143,17z\/data=!3m1!4b1!4m6!3m5!1s0x4781767625f9dceb:0x8c1cdb9bc957687d!8m2!3d45.5235215!4d10.2085892!16s%2Fg%2F11c22595sz?entry=ttu&amp;g_ep=EgoyMDI0MTAxNS4wIKXMDSoASAFQAw%3D%3D\" target=\"_blank\" rel=\"noopener\">Via Rodi 65 <br \/>25126 Brescia<\/a><\/p>\t\t\t\t\t\t<\/div>\n\t\t\t\t<\/div>\n\t\t\t\t<\/div>\n\t\t<div class=\"elementor-element elementor-element-5ddc83f e-con-full e-flex e-con e-child\" data-id=\"5ddc83f\" data-element_type=\"container\">\n\t\t\t\t<div class=\"elementor-element elementor-element-74caf62 elementor-widget elementor-widget-heading\" data-id=\"74caf62\" data-element_type=\"widget\" data-widget_type=\"heading.default\">\n\t\t\t\t<div class=\"elementor-widget-container\">\n\t\t\t<h4 class=\"elementor-heading-title elementor-size-default\">GODZINY OTWARCIA\n<\/h4>\t\t<\/div>\n\t\t\t\t<\/div>\n\t\t\t\t<div class=\"elementor-element elementor-element-8eb8c94 elementor-widget elementor-widget-text-editor\" data-id=\"8eb8c94\" data-element_type=\"widget\" data-widget_type=\"text-editor.default\">\n\t\t\t\t<div class=\"elementor-widget-container\">\n\t\t\t\t\t\t\t<p>Poniedzia\u0142ek \u2013 Pi\u0105tek<br \/>10:00 &#8211; 14:00 \/ 15:00 &#8211; 19:00<\/p>\t\t\t\t\t\t<\/div>\n\t\t\t\t<\/div>\n\t\t\t\t<\/div>\n\t\t\t\t<\/div>\n\t\t\t\t\t<\/div>\n\t\t\t\t<\/div>\n\t\t\t\t\t<\/div>\n\t\t\t\t<\/div>\n\t\t<div class=\"e-con-top elementor-element elementor-element-c7e091c rey-section-stretched e-con-full e-flex e-con e-parent\" data-id=\"c7e091c\" data-element_type=\"container\">\n\t\t<div class=\"elementor-element elementor-element-3cf346a e-con-full e-flex e-con e-child\" data-id=\"3cf346a\" data-element_type=\"container\">\n\t\t\t\t<div class=\"elementor-element elementor-element-06ec11f elementor-widget elementor-widget-heading\" data-id=\"06ec11f\" data-element_type=\"widget\" data-widget_type=\"heading.default\">\n\t\t\t\t<div class=\"elementor-widget-container\">\n\t\t\t<h2 class=\"elementor-heading-title elementor-size-default\">Jak mo\u017cemy ci pom\u00f3c?\n<\/h2>\t\t<\/div>\n\t\t\t\t<\/div>\n\t\t\t\t<div class=\"elementor-element elementor-element-f8bcd18 elementor-widget elementor-widget-reycore-cf7\" data-id=\"f8bcd18\" data-element_type=\"widget\" data-widget_type=\"reycore-cf7.default\">\n\t\t\t\t<div class=\"elementor-widget-container\">\n\t\t\t\t\t<div class=\"rey-element rey-cf7\">\n\t\t\t\n<div class=\"wpcf7 no-js\" id=\"wpcf7-f16975-o1\" lang=\"it-IT\" dir=\"ltr\" data-wpcf7-id=\"16975\">\n<div class=\"screen-reader-response\"><p role=\"status\" aria-live=\"polite\" aria-atomic=\"true\"><\/p> <ul><\/ul><\/div>\n<form action=\"\/pl\/wp-json\/wp\/v2\/pages\/16573#wpcf7-f16975-o1\" method=\"post\" class=\"wpcf7-form init rey-cf7--basic\" aria-label=\"Formularz kontaktowy\" novalidate=\"novalidate\" data-status=\"init\">\n<fieldset class=\"hidden-fields-container\"><input type=\"hidden\" name=\"_wpcf7\" value=\"16975\" \/><input type=\"hidden\" name=\"_wpcf7_version\" value=\"6.1.3\" \/><input type=\"hidden\" name=\"_wpcf7_locale\" value=\"it_IT\" \/><input type=\"hidden\" name=\"_wpcf7_unit_tag\" value=\"wpcf7-f16975-o1\" \/><input type=\"hidden\" name=\"_wpcf7_container_post\" value=\"0\" \/><input type=\"hidden\" name=\"_wpcf7_posted_data_hash\" value=\"\" \/><input type=\"hidden\" name=\"_wpcf7_recaptcha_response\" value=\"\" \/>\n<\/fieldset>\n<div class=\"three-fields-row\">\n\t<p><span class=\"wpcf7-form-control-wrap\" data-name=\"your-name\"><input size=\"40\" maxlength=\"400\" class=\"wpcf7-form-control wpcf7-text wpcf7-validates-as-required\" aria-required=\"true\" aria-invalid=\"false\" placeholder=\"Imi\u0119 *\" value=\"\" type=\"text\" name=\"your-name\" \/><\/span><span class=\"wpcf7-form-control-wrap\" data-name=\"your-email\"><input size=\"40\" maxlength=\"400\" class=\"wpcf7-form-control wpcf7-email wpcf7-validates-as-required wpcf7-text wpcf7-validates-as-email\" aria-required=\"true\" aria-invalid=\"false\" placeholder=\"Email *\" value=\"\" type=\"email\" name=\"your-email\" \/><\/span><span class=\"wpcf7-form-control-wrap\" data-name=\"tel-550\"><input size=\"40\" maxlength=\"400\" class=\"wpcf7-form-control wpcf7-tel wpcf7-text wpcf7-validates-as-tel\" aria-invalid=\"false\" placeholder=\"Telefon\" value=\"\" type=\"tel\" name=\"tel-550\" \/><\/span>\n\t<\/p>\n<\/div>\n<p><span class=\"wpcf7-form-control-wrap\" data-name=\"your-message\"><textarea cols=\"40\" rows=\"10\" maxlength=\"2000\" class=\"wpcf7-form-control wpcf7-textarea\" aria-invalid=\"false\" placeholder=\"Wiadomo\u015b\u0107\" name=\"your-message\"><\/textarea><\/span><br \/>\n<span class=\"wpcf7-form-control-wrap\" data-name=\"acceptance-464\"><span class=\"wpcf7-form-control wpcf7-acceptance\"><span class=\"wpcf7-list-item\"><label><input type=\"checkbox\" name=\"acceptance-464\" value=\"1\" aria-invalid=\"false\" \/><span class=\"wpcf7-list-item-label\">Akceptuj\u0119 warunki okre\u015blone w Polityce Prywatno\u015bci<\/span><\/label><\/span><\/span><\/span>\n<\/p>\n<div class=\"field-to-right\">\n\t<p><input class=\"wpcf7-form-control wpcf7-submit has-spinner art-button art-button-dark\" type=\"submit\" value=\"Wy\u015blij\" \/>\n\t<\/p>\n<\/div><div class=\"wpcf7-response-output\" aria-hidden=\"true\"><\/div>\n<\/form>\n<\/div>\n\t\t<\/div>\n\t\t\t\t<\/div>\n\t\t\t\t<\/div>\n\t\t\t\t<\/div>\n\t\t<div class=\"elementor-element elementor-element-595bc01 e-con-full e-flex e-con e-child\" data-id=\"595bc01\" data-element_type=\"container\">\n\t\t<div class=\"elementor-element elementor-element-d1f51cd e-con-full e-flex e-con e-child\" data-id=\"d1f51cd\" data-element_type=\"container\">\n\t\t\t\t<div class=\"elementor-element elementor-element-ec63325 elementor-widget elementor-widget-heading\" data-id=\"ec63325\" data-element_type=\"widget\" data-widget_type=\"heading.default\">\n\t\t\t\t<div class=\"elementor-widget-container\">\n\t\t\t<h1 class=\"elementor-heading-title elementor-size-default\">Wsp\u00f3\u0142pracuj z nami\n<\/h1>\t\t<\/div>\n\t\t\t\t<\/div>\n\t\t\t\t<div class=\"elementor-element elementor-element-4a2b698 elementor-widget elementor-widget-text-editor\" data-id=\"4a2b698\" data-element_type=\"widget\" data-widget_type=\"text-editor.default\">\n\t\t\t\t<div class=\"elementor-widget-container\">\n\t\t\t\t\t\t\t<p>Aby uzyska\u0107 kontakt lub informacje o naszych produktach<\/p><p>Email: <a href=\"mailto:info@aquavis.it\">info@aquavis.it<\/a><\/p>\t\t\t\t\t\t<\/div>\n\t\t\t\t<\/div>\n\t\t\t\t<\/div>\n\t\t\t\t<\/div>\n\t\t\t\t<\/div>\n\t\t\t\t<\/div>\n\t\t","protected":false},"excerpt":{"rendered":"<p>Jeste\u015bmy tutaj, je\u015bli potrzebujesz informacji OBS\u0141UGA KLIENTA Email: info@aquavis.itTelefon: +39030 8050560 AQUAVIS SRL Via Rodi 65 25126 Brescia GODZINY OTWARCIA [&hellip;]<\/p>\n","protected":false},"author":129,"featured_media":0,"parent":0,"menu_order":0,"comment_status":"closed","ping_status":"closed","template":"template-builder.php","meta":{"_acf_changed":false,"footnotes":""},"class_list":["post-16573","page","type-page","status-publish","hentry"],"acf":[],"yoast_head":"<!-- This site is optimized with the Yoast SEO plugin v26.4 - https:\/\/yoast.com\/wordpress\/plugins\/seo\/ -->\n<title>Kontakt Aquavis: wsparcie i informacje<\/title>\n<meta name=\"description\" content=\"Skontaktuj si\u0119 z nami, aby uzyska\u0107 informacje o produktach Aquavis i porad\u0119.\" \/>\n<meta name=\"robots\" content=\"index, follow, max-snippet:-1, max-image-preview:large, max-video-preview:-1\" \/>\n<link rel=\"canonical\" href=\"https:\/\/aquavis.it\/pl\/kontakt\/\" \/>\n<meta property=\"og:locale\" content=\"pl_PL\" \/>\n<meta property=\"og:type\" content=\"article\" \/>\n<meta property=\"og:title\" content=\"Kontakt Aquavis: wsparcie i informacje\" \/>\n<meta property=\"og:description\" content=\"Skontaktuj si\u0119 z nami, aby uzyska\u0107 informacje o produktach Aquavis i porad\u0119.\" \/>\n<meta property=\"og:url\" content=\"https:\/\/aquavis.it\/pl\/kontakt\/\" \/>\n<meta property=\"og:site_name\" content=\"Aquavis\" \/>\n<meta property=\"article:publisher\" content=\"https:\/\/www.facebook.com\/aquavis.it\" \/>\n<meta property=\"article:modified_time\" content=\"2025-11-19T15:20:17+00:00\" \/>\n<meta name=\"twitter:card\" content=\"summary_large_image\" \/>\n<meta name=\"twitter:label1\" content=\"Szacowany czas czytania\" \/>\n\t<meta name=\"twitter:data1\" content=\"1 minuta\" \/>\n<script type=\"application\/ld+json\" class=\"yoast-schema-graph\">{\"@context\":\"https:\/\/schema.org\",\"@graph\":[{\"@type\":\"WebPage\",\"@id\":\"https:\/\/aquavis.it\/pl\/kontakt\/\",\"url\":\"https:\/\/aquavis.it\/pl\/kontakt\/\",\"name\":\"Kontakt Aquavis: wsparcie i informacje\",\"isPartOf\":{\"@id\":\"https:\/\/aquavis.it\/pl\/#website\"},\"datePublished\":\"2024-09-07T14:52:54+00:00\",\"dateModified\":\"2025-11-19T15:20:17+00:00\",\"description\":\"Skontaktuj si\u0119 z nami, aby uzyska\u0107 informacje o produktach Aquavis i porad\u0119.\",\"breadcrumb\":{\"@id\":\"https:\/\/aquavis.it\/pl\/kontakt\/#breadcrumb\"},\"inLanguage\":\"pl-PL\",\"potentialAction\":[{\"@type\":\"ReadAction\",\"target\":[\"https:\/\/aquavis.it\/pl\/kontakt\/\"]}]},{\"@type\":\"BreadcrumbList\",\"@id\":\"https:\/\/aquavis.it\/pl\/kontakt\/#breadcrumb\",\"itemListElement\":[{\"@type\":\"ListItem\",\"position\":1,\"name\":\"Home\",\"item\":\"https:\/\/aquavis.it\/pl\/\"},{\"@type\":\"ListItem\",\"position\":2,\"name\":\"Kontakt\"}]},{\"@type\":\"WebSite\",\"@id\":\"https:\/\/aquavis.it\/pl\/#website\",\"url\":\"https:\/\/aquavis.it\/pl\/\",\"name\":\"Aquavis\",\"description\":\"\",\"potentialAction\":[{\"@type\":\"SearchAction\",\"target\":{\"@type\":\"EntryPoint\",\"urlTemplate\":\"https:\/\/aquavis.it\/pl\/?s={search_term_string}\"},\"query-input\":{\"@type\":\"PropertyValueSpecification\",\"valueRequired\":true,\"valueName\":\"search_term_string\"}}],\"inLanguage\":\"pl-PL\"}]}<\/script>\n<!-- \/ Yoast SEO plugin. -->","yoast_head_json":{"title":"Kontakt Aquavis: wsparcie i informacje","description":"Skontaktuj si\u0119 z nami, aby uzyska\u0107 informacje o produktach Aquavis i porad\u0119.","robots":{"index":"index","follow":"follow","max-snippet":"max-snippet:-1","max-image-preview":"max-image-preview:large","max-video-preview":"max-video-preview:-1"},"canonical":"https:\/\/aquavis.it\/pl\/kontakt\/","og_locale":"pl_PL","og_type":"article","og_title":"Kontakt Aquavis: wsparcie i informacje","og_description":"Skontaktuj si\u0119 z nami, aby uzyska\u0107 informacje o produktach Aquavis i porad\u0119.","og_url":"https:\/\/aquavis.it\/pl\/kontakt\/","og_site_name":"Aquavis","article_publisher":"https:\/\/www.facebook.com\/aquavis.it","article_modified_time":"2025-11-19T15:20:17+00:00","twitter_card":"summary_large_image","twitter_misc":{"Szacowany czas czytania":"1 minuta"},"schema":{"@context":"https:\/\/schema.org","@graph":[{"@type":"WebPage","@id":"https:\/\/aquavis.it\/pl\/kontakt\/","url":"https:\/\/aquavis.it\/pl\/kontakt\/","name":"Kontakt Aquavis: wsparcie i informacje","isPartOf":{"@id":"https:\/\/aquavis.it\/pl\/#website"},"datePublished":"2024-09-07T14:52:54+00:00","dateModified":"2025-11-19T15:20:17+00:00","description":"Skontaktuj si\u0119 z nami, aby uzyska\u0107 informacje o produktach Aquavis i porad\u0119.","breadcrumb":{"@id":"https:\/\/aquavis.it\/pl\/kontakt\/#breadcrumb"},"inLanguage":"pl-PL","potentialAction":[{"@type":"ReadAction","target":["https:\/\/aquavis.it\/pl\/kontakt\/"]}]},{"@type":"BreadcrumbList","@id":"https:\/\/aquavis.it\/pl\/kontakt\/#breadcrumb","itemListElement":[{"@type":"ListItem","position":1,"name":"Home","item":"https:\/\/aquavis.it\/pl\/"},{"@type":"ListItem","position":2,"name":"Kontakt"}]},{"@type":"WebSite","@id":"https:\/\/aquavis.it\/pl\/#website","url":"https:\/\/aquavis.it\/pl\/","name":"Aquavis","description":"","potentialAction":[{"@type":"SearchAction","target":{"@type":"EntryPoint","urlTemplate":"https:\/\/aquavis.it\/pl\/?s={search_term_string}"},"query-input":{"@type":"PropertyValueSpecification","valueRequired":true,"valueName":"search_term_string"}}],"inLanguage":"pl-PL"}]}},"_links":{"self":[{"href":"https:\/\/aquavis.it\/pl\/wp-json\/wp\/v2\/pages\/16573","targetHints":{"allow":["GET"]}}],"collection":[{"href":"https:\/\/aquavis.it\/pl\/wp-json\/wp\/v2\/pages"}],"about":[{"href":"https:\/\/aquavis.it\/pl\/wp-json\/wp\/v2\/types\/page"}],"author":[{"embeddable":true,"href":"https:\/\/aquavis.it\/pl\/wp-json\/wp\/v2\/users\/129"}],"replies":[{"embeddable":true,"href":"https:\/\/aquavis.it\/pl\/wp-json\/wp\/v2\/comments?post=16573"}],"version-history":[{"count":7,"href":"https:\/\/aquavis.it\/pl\/wp-json\/wp\/v2\/pages\/16573\/revisions"}],"predecessor-version":[{"id":16982,"href":"https:\/\/aquavis.it\/pl\/wp-json\/wp\/v2\/pages\/16573\/revisions\/16982"}],"wp:attachment":[{"href":"https:\/\/aquavis.it\/pl\/wp-json\/wp\/v2\/media?parent=16573"}],"curies":[{"name":"wp","href":"https:\/\/api.w.org\/{rel}","templated":true}]}}