{"id":15721,"date":"2023-02-24T16:30:56","date_gmt":"2023-02-24T15:30:56","guid":{"rendered":"https:\/\/aquavis.it\/prodotto\/gel-puro\/"},"modified":"2025-10-10T15:46:56","modified_gmt":"2025-10-10T13:46:56","slug":"gel-puro","status":"publish","type":"product","link":"https:\/\/aquavis.it\/fr\/prodotto\/gel-puro\/","title":{"rendered":"Gel Pur R\u00e9g\u00e9n\u00e9rant Apaisant 75ml\/150ml"},"content":{"rendered":"\t\t<div data-elementor-type=\"wp-post\" data-elementor-id=\"15721\" class=\"elementor elementor-15721 elementor-31\" data-elementor-post-type=\"product\">\n\t\t\t\t\t\t<section class=\"elementor-section elementor-top-section elementor-element elementor-element-491bf8b3 rey-section-stretched rey-section-bg--classic elementor-section-boxed elementor-section-height-default elementor-section-height-default\" data-id=\"491bf8b3\" data-element_type=\"section\" data-settings=\"{&quot;background_background&quot;:&quot;classic&quot;}\">\n\t\t\t\t\t\t<div class=\"elementor-container elementor-column-gap-default\">\n\t\t\t\t\t<div class=\"elementor-column elementor-col-33 elementor-top-column elementor-element elementor-element-aadcb87\" data-id=\"aadcb87\" data-element_type=\"column\">\n\t\t\t<div class=\"elementor-column-wrap--aadcb87 elementor-widget-wrap elementor-element-populated\">\n\t\t\t\t\t\t<div class=\"elementor-element elementor-element-6bcf2031 elementor-widget elementor-widget-image\" data-id=\"6bcf2031\" data-element_type=\"widget\" data-widget_type=\"image.default\">\n\t\t\t\t<div class=\"elementor-widget-container\">\n\t\t\t\t\t\t\t\t\t\t\t\t\t<img decoding=\"async\" width=\"70\" height=\"70\" src=\"https:\/\/aquavis.it\/wp-content\/uploads\/2024\/10\/icona1-1-1.svg\" class=\"attachment-full size-full wp-image-15822\" alt=\"\" \/>\t\t\t\t\t\t\t\t\t\t\t\t\t<\/div>\n\t\t\t\t<\/div>\n\t\t\t\t<div class=\"elementor-element elementor-element-6b3be803 elementor-widget elementor-widget-heading\" data-id=\"6b3be803\" data-element_type=\"widget\" data-widget_type=\"heading.default\">\n\t\t\t\t<div class=\"elementor-widget-container\">\n\t\t\t<h3 class=\"elementor-heading-title elementor-size-default\">Actifs contenus :<\/h3>\t\t<\/div>\n\t\t\t\t<\/div>\n\t\t\t\t<div class=\"elementor-element elementor-element-302509f3 elementor-widget elementor-widget-text-editor\" data-id=\"302509f3\" data-element_type=\"widget\" data-widget_type=\"text-editor.default\">\n\t\t\t\t<div class=\"elementor-widget-container\">\n\t\t\t\t\t\t\t<p>Aquavis\u00ae, Vitamine B5, Panth\u00e9nol, Aloe vera 100 % BIO, Glycine et Fleurs d\u2019Oranger.<\/p>\t\t\t\t\t\t<\/div>\n\t\t\t\t<\/div>\n\t\t\t\t<div class=\"elementor-element elementor-element-7ff9fe5b elementor-widget elementor-widget-heading\" data-id=\"7ff9fe5b\" data-element_type=\"widget\" data-widget_type=\"heading.default\">\n\t\t\t\t<div class=\"elementor-widget-container\">\n\t\t\t<h3 class=\"elementor-heading-title elementor-size-default\">Qualit\u00e9 et s\u00e9curit\u00e9 :<\/h3>\t\t<\/div>\n\t\t\t\t<\/div>\n\t\t\t\t<div class=\"elementor-element elementor-element-334726f6 elementor-widget elementor-widget-text-editor\" data-id=\"334726f6\" data-element_type=\"widget\" data-widget_type=\"text-editor.default\">\n\t\t\t\t<div class=\"elementor-widget-container\">\n\t\t\t\t\t\t\t<p>Le Gel Pur combat les imperfections cutan\u00e9es et peut \u00e9galement \u00eatre utilis\u00e9 en association avec des traitements pharmacologiques. Son efficacit\u00e9 a \u00e9t\u00e9 test\u00e9e par un institut de recherche sp\u00e9cialis\u00e9 en collaboration avec l\u2019Universit\u00e9 de Pavie. Aucune contre-indication n\u2019a \u00e9t\u00e9 observ\u00e9e. Une augmentation de 49 % de l\u2019activit\u00e9 r\u00e9g\u00e9n\u00e9ratrice des cellules cutan\u00e9es a \u00e9t\u00e9 constat\u00e9e, acc\u00e9l\u00e9rant ainsi le processus de r\u00e9cup\u00e9ration et de r\u00e9paration de la peau. Le produit pr\u00e9sente \u00e9galement une forte action apaisante, r\u00e9duisant les rougeurs et calmant les zones cutan\u00e9es les plus affect\u00e9es.<\/p>\t\t\t\t\t\t<\/div>\n\t\t\t\t<\/div>\n\t\t\t\t\t<\/div>\n\t\t<\/div>\n\t\t\t\t<div class=\"elementor-column elementor-col-33 elementor-top-column elementor-element elementor-element-43356108\" data-id=\"43356108\" data-element_type=\"column\">\n\t\t\t<div class=\"elementor-column-wrap--43356108 elementor-widget-wrap elementor-element-populated\">\n\t\t\t\t\t\t<div class=\"elementor-element elementor-element-5f4f0196 elementor-widget elementor-widget-image\" data-id=\"5f4f0196\" data-element_type=\"widget\" data-widget_type=\"image.default\">\n\t\t\t\t<div class=\"elementor-widget-container\">\n\t\t\t\t\t\t\t\t\t\t\t\t\t<img decoding=\"async\" width=\"70\" height=\"70\" src=\"https:\/\/aquavis.it\/wp-content\/uploads\/2024\/10\/icona2-1-1.svg\" class=\"attachment-full size-full wp-image-15823\" alt=\"\" \/>\t\t\t\t\t\t\t\t\t\t\t\t\t<\/div>\n\t\t\t\t<\/div>\n\t\t\t\t<div class=\"elementor-element elementor-element-460f2d9a elementor-widget elementor-widget-heading\" data-id=\"460f2d9a\" data-element_type=\"widget\" data-widget_type=\"heading.default\">\n\t\t\t\t<div class=\"elementor-widget-container\">\n\t\t\t<h3 class=\"elementor-heading-title elementor-size-default\">B\u00e9n\u00e9fices :<\/h3>\t\t<\/div>\n\t\t\t\t<\/div>\n\t\t\t\t<div class=\"elementor-element elementor-element-30cb0ef4 elementor-widget elementor-widget-text-editor\" data-id=\"30cb0ef4\" data-element_type=\"widget\" data-widget_type=\"text-editor.default\">\n\t\t\t\t<div class=\"elementor-widget-container\">\n\t\t\t\t\t\t\t<p>Renforce la barri\u00e8re cutan\u00e9e, combat la prolif\u00e9ration des bact\u00e9ries pathog\u00e8nes et favorise la r\u00e9g\u00e9n\u00e9ration cellulaire. Offre une action apaisante imm\u00e9diate, favorisant la r\u00e9paration de la peau gr\u00e2ce \u00e0 l\u2019activation du processus d\u2019autophagie cellulaire d\u00e9montr\u00e9 par des tests scientifiques. Gr\u00e2ce \u00e0 ses propri\u00e9t\u00e9s r\u00e9g\u00e9n\u00e9rantes et apaisantes remarquables, c\u2019est un produit extr\u00eamement polyvalent et efficace pour traiter de nombreux probl\u00e8mes cutan\u00e9s tels que l\u2019acn\u00e9, les cicatrices d\u2019acn\u00e9, les irritations, les d\u00e9mangeaisons, les piq\u00fbres d\u2019insectes, les dermatites, les inflammations cutan\u00e9es, les br\u00fblures l\u00e9g\u00e8res, les irritations dues aux tatouages et aux frottements. Il procure un soulagement imm\u00e9diat aux zones les plus enflamm\u00e9es ainsi qu\u2019une sensation de fra\u00eecheur gr\u00e2ce \u00e0 sa texture fluide. Produit inodore, il contient des actifs soigneusement s\u00e9lectionn\u00e9s tels que le Panth\u00e9nol, reconnu pour ses propri\u00e9t\u00e9s apaisantes et r\u00e9g\u00e9n\u00e9rantes, l\u2019Aloe vera issue de l\u2019agriculture biologique pour ses vertus \u00e9mollientes et calmantes, la Vitamine B5 \u00e0 action apaisante et protectrice, ainsi que le jus de Fleurs d\u2019Oranger pour ses bienfaits tonifiants et adoucissants.<\/p>\t\t\t\t\t\t<\/div>\n\t\t\t\t<\/div>\n\t\t\t\t\t<\/div>\n\t\t<\/div>\n\t\t\t\t<div class=\"elementor-column elementor-col-33 elementor-top-column elementor-element elementor-element-3ed9e380\" data-id=\"3ed9e380\" data-element_type=\"column\">\n\t\t\t<div class=\"elementor-column-wrap--3ed9e380 elementor-widget-wrap elementor-element-populated\">\n\t\t\t\t\t\t<div class=\"elementor-element elementor-element-604352d5 elementor-widget elementor-widget-image\" data-id=\"604352d5\" data-element_type=\"widget\" data-widget_type=\"image.default\">\n\t\t\t\t<div class=\"elementor-widget-container\">\n\t\t\t\t\t\t\t\t\t\t\t\t\t<img decoding=\"async\" width=\"70\" height=\"70\" src=\"https:\/\/aquavis.it\/wp-content\/uploads\/2024\/10\/icona3-1-1.svg\" class=\"attachment-full size-full wp-image-15824\" alt=\"\" \/>\t\t\t\t\t\t\t\t\t\t\t\t\t<\/div>\n\t\t\t\t<\/div>\n\t\t\t\t<div class=\"elementor-element elementor-element-58ddda4b elementor-widget elementor-widget-heading\" data-id=\"58ddda4b\" data-element_type=\"widget\" data-widget_type=\"heading.default\">\n\t\t\t\t<div class=\"elementor-widget-container\">\n\t\t\t<h3 class=\"elementor-heading-title elementor-size-default\">Ingr\u00e9dients :<\/h3>\t\t<\/div>\n\t\t\t\t<\/div>\n\t\t\t\t<div class=\"elementor-element elementor-element-59de0dac elementor-widget elementor-widget-text-editor\" data-id=\"59de0dac\" data-element_type=\"widget\" data-widget_type=\"text-editor.default\">\n\t\t\t\t<div class=\"elementor-widget-container\">\n\t\t\t\t\t\t\t<p>aqua (water), acrylates\/c10-30 alkyl acrylate crosspolymer, citrus aurantium amara flower water (citrus aurantium amara (bitter orange) flower water), aloe barbadensis leaf juice*, zinc chloride, potassium chloride, calcium chloride, magnesium chloride, hydrolyzed wheat protein, sodium chloride, glycerin, sodium hydroxide, sodium dehydroacetate, glucose, sorbitol, sodium glutamate, urea, sodium pca, glycine, lactic acid, panthenol, disodium edta, ethylhexylglycerin, phenoxyethanol *da agricoltura biologica.<\/p>\t\t\t\t\t\t<\/div>\n\t\t\t\t<\/div>\n\t\t\t\t<div class=\"elementor-element elementor-element-1e1067b4 elementor-widget elementor-widget-heading\" data-id=\"1e1067b4\" data-element_type=\"widget\" data-widget_type=\"heading.default\">\n\t\t\t\t<div class=\"elementor-widget-container\">\n\t\t\t<h3 class=\"elementor-heading-title elementor-size-default\">Indications et mode d\u2019emploi :<\/h3>\t\t<\/div>\n\t\t\t\t<\/div>\n\t\t\t\t<div class=\"elementor-element elementor-element-47c5aca elementor-widget elementor-widget-text-editor\" data-id=\"47c5aca\" data-element_type=\"widget\" data-widget_type=\"text-editor.default\">\n\t\t\t\t<div class=\"elementor-widget-container\">\n\t\t\t\t\t\t\t<p>Appliquer une fine couche sur les zones concern\u00e9es une \u00e0 deux fois par jour et laisser absorber pendant 10 \u00e0 15 minutes, selon les indications du m\u00e9decin. Si le trouble cutan\u00e9 est en phase aigu\u00eb, une l\u00e9g\u00e8re sensation de br\u00fblure peut \u00eatre ressentie, qui dispara\u00eet avec les applications suivantes.<\/p>\t\t\t\t\t\t<\/div>\n\t\t\t\t<\/div>\n\t\t\t\t\t<\/div>\n\t\t<\/div>\n\t\t\t\t\t<\/div>\n\t\t<\/section>\n\t\t<div class=\"e-con-top elementor-element elementor-element-d1c3222 e-flex e-con-boxed e-con e-parent\" data-id=\"d1c3222\" data-element_type=\"container\">\n\t\t\t\t\t<div class=\"e-con-inner\">\n\t\t\t\t\t<\/div>\n\t\t\t\t<\/div>\n\t\t\t\t<\/div>\n\t\t","protected":false},"excerpt":{"rendered":"<p class=\"p1\"><b>Avec Aquavis\u00ae, Panth\u00e9nol, Aloe vera 100 % BIO et Vitamine B5.<\/b><\/p>\n<p class=\"p1\">Haute concentration en eau saline magn\u00e9tis\u00e9e, le premier principe de nature biophysique capable de stimuler l\u2019autophagie cutan\u00e9e selon un mode d\u2019action non pharmacologique. Elle exerce une action apaisante, r\u00e9g\u00e9n\u00e9rante, cicatrisante et anti-inflammatoire.<\/p>\n<ul>\n<li class=\"p1\"><b>ACTION APAISANTE<\/b><\/li>\n<li class=\"p2\"><b>STIMULE L\u2019AUTOPHAGIE<\/b><\/li>\n<li class=\"p2\"><b>R\u00c9G\u00c9N\u00c9RANTE<\/b><\/li>\n<li class=\"p2\"><b>ANTI-INFLAMMATOIRE<\/b><\/li>\n<li class=\"p2\"><b>R\u00c9PARATION DE LA PEAU<\/b><\/li>\n<\/ul>\n","protected":false},"featured_media":18493,"comment_status":"open","ping_status":"closed","template":"","meta":{"_acf_changed":false},"product_cat":[340],"product_tag":[],"class_list":{"0":"post-15721","1":"product","2":"type-product","3":"status-publish","4":"has-post-thumbnail","6":"product_cat-soin-de-la-peau","8":"first","9":"instock","10":"shipping-taxable","11":"purchasable","12":"product-type-variable","13":"has-default-attributes","swatches":"rey-swatches","show_selected":"","stretch_labels":"rey-swatches--stretch-labels"},"acf":[],"yoast_head":"<!-- This site is optimized with the Yoast SEO plugin v26.4 - https:\/\/yoast.com\/wordpress\/plugins\/seo\/ -->\n<title>Gel Pur R\u00e9g\u00e9n\u00e9rant Apaisant 75ml\/150ml - Aquavis<\/title>\n<meta name=\"robots\" content=\"index, follow, max-snippet:-1, max-image-preview:large, max-video-preview:-1\" \/>\n<link rel=\"canonical\" href=\"https:\/\/aquavis.it\/fr\/prodotto\/gel-puro\/\" \/>\n<meta property=\"og:locale\" content=\"fr_FR\" \/>\n<meta property=\"og:type\" content=\"article\" \/>\n<meta property=\"og:title\" content=\"Gel Pur R\u00e9g\u00e9n\u00e9rant Apaisant 75ml\/150ml - Aquavis\" \/>\n<meta property=\"og:description\" content=\"Avec Aquavis\u00ae, Panth\u00e9nol, Aloe vera 100 % BIO et Vitamine B5. Haute concentration en eau saline magn\u00e9tis\u00e9e, le premier principe de nature biophysique capable de stimuler l\u2019autophagie cutan\u00e9e selon un mode d\u2019action non pharmacologique. Elle exerce une action apaisante, r\u00e9g\u00e9n\u00e9rante, cicatrisante et anti-inflammatoire.    ACTION APAISANTE  STIMULE L\u2019AUTOPHAGIE  R\u00c9G\u00c9N\u00c9RANTE  ANTI-INFLAMMATOIRE  R\u00c9PARATION DE LA PEAU\" \/>\n<meta property=\"og:url\" content=\"https:\/\/aquavis.it\/fr\/prodotto\/gel-puro\/\" \/>\n<meta property=\"og:site_name\" content=\"Aquavis\" \/>\n<meta property=\"article:publisher\" content=\"https:\/\/www.facebook.com\/aquavis.it\" \/>\n<meta property=\"article:modified_time\" content=\"2025-10-10T13:46:56+00:00\" \/>\n<meta property=\"og:image\" content=\"https:\/\/aquavis.it\/wp-content\/uploads\/2023\/02\/468521377_1074939597433202_1821396737374334821_n.jpg\" \/>\n\t<meta property=\"og:image:width\" content=\"960\" \/>\n\t<meta property=\"og:image:height\" content=\"960\" \/>\n\t<meta property=\"og:image:type\" content=\"image\/jpeg\" \/>\n<meta name=\"twitter:card\" content=\"summary_large_image\" \/>\n<meta name=\"twitter:label1\" content=\"Dur\u00e9e de lecture estim\u00e9e\" \/>\n\t<meta name=\"twitter:data1\" content=\"3 minutes\" \/>\n<script type=\"application\/ld+json\" class=\"yoast-schema-graph\">{\"@context\":\"https:\/\/schema.org\",\"@graph\":[{\"@type\":\"WebPage\",\"@id\":\"https:\/\/aquavis.it\/fr\/prodotto\/gel-puro\/\",\"url\":\"https:\/\/aquavis.it\/fr\/prodotto\/gel-puro\/\",\"name\":\"Gel Pur R\u00e9g\u00e9n\u00e9rant Apaisant 75ml\/150ml - Aquavis\",\"isPartOf\":{\"@id\":\"https:\/\/aquavis.it\/fr\/#website\"},\"primaryImageOfPage\":{\"@id\":\"https:\/\/aquavis.it\/fr\/prodotto\/gel-puro\/#primaryimage\"},\"image\":{\"@id\":\"https:\/\/aquavis.it\/fr\/prodotto\/gel-puro\/#primaryimage\"},\"thumbnailUrl\":\"https:\/\/aquavis.it\/wp-content\/uploads\/2023\/02\/gelpuro.jpg\",\"datePublished\":\"2023-02-24T15:30:56+00:00\",\"dateModified\":\"2025-10-10T13:46:56+00:00\",\"breadcrumb\":{\"@id\":\"https:\/\/aquavis.it\/fr\/prodotto\/gel-puro\/#breadcrumb\"},\"inLanguage\":\"fr-FR\",\"potentialAction\":[{\"@type\":\"ReadAction\",\"target\":[\"https:\/\/aquavis.it\/fr\/prodotto\/gel-puro\/\"]}]},{\"@type\":\"ImageObject\",\"inLanguage\":\"fr-FR\",\"@id\":\"https:\/\/aquavis.it\/fr\/prodotto\/gel-puro\/#primaryimage\",\"url\":\"https:\/\/aquavis.it\/wp-content\/uploads\/2023\/02\/gelpuro.jpg\",\"contentUrl\":\"https:\/\/aquavis.it\/wp-content\/uploads\/2023\/02\/gelpuro.jpg\",\"width\":1000,\"height\":1000},{\"@type\":\"BreadcrumbList\",\"@id\":\"https:\/\/aquavis.it\/fr\/prodotto\/gel-puro\/#breadcrumb\",\"itemListElement\":[{\"@type\":\"ListItem\",\"position\":1,\"name\":\"Home\",\"item\":\"https:\/\/aquavis.it\/fr\/\"},{\"@type\":\"ListItem\",\"position\":2,\"name\":\"Boutique\",\"item\":\"https:\/\/aquavis.it\/fr\/boutique\/\"},{\"@type\":\"ListItem\",\"position\":3,\"name\":\"Gel Pur R\u00e9g\u00e9n\u00e9rant Apaisant 75ml\/150ml\"}]},{\"@type\":\"WebSite\",\"@id\":\"https:\/\/aquavis.it\/fr\/#website\",\"url\":\"https:\/\/aquavis.it\/fr\/\",\"name\":\"Aquavis\",\"description\":\"\",\"potentialAction\":[{\"@type\":\"SearchAction\",\"target\":{\"@type\":\"EntryPoint\",\"urlTemplate\":\"https:\/\/aquavis.it\/fr\/?s={search_term_string}\"},\"query-input\":{\"@type\":\"PropertyValueSpecification\",\"valueRequired\":true,\"valueName\":\"search_term_string\"}}],\"inLanguage\":\"fr-FR\"}]}<\/script>\n<!-- \/ Yoast SEO plugin. -->","yoast_head_json":{"title":"Gel Pur R\u00e9g\u00e9n\u00e9rant Apaisant 75ml\/150ml - Aquavis","robots":{"index":"index","follow":"follow","max-snippet":"max-snippet:-1","max-image-preview":"max-image-preview:large","max-video-preview":"max-video-preview:-1"},"canonical":"https:\/\/aquavis.it\/fr\/prodotto\/gel-puro\/","og_locale":"fr_FR","og_type":"article","og_title":"Gel Pur R\u00e9g\u00e9n\u00e9rant Apaisant 75ml\/150ml - Aquavis","og_description":"Avec Aquavis\u00ae, Panth\u00e9nol, Aloe vera 100 % BIO et Vitamine B5. Haute concentration en eau saline magn\u00e9tis\u00e9e, le premier principe de nature biophysique capable de stimuler l\u2019autophagie cutan\u00e9e selon un mode d\u2019action non pharmacologique. Elle exerce une action apaisante, r\u00e9g\u00e9n\u00e9rante, cicatrisante et anti-inflammatoire.    ACTION APAISANTE  STIMULE L\u2019AUTOPHAGIE  R\u00c9G\u00c9N\u00c9RANTE  ANTI-INFLAMMATOIRE  R\u00c9PARATION DE LA PEAU","og_url":"https:\/\/aquavis.it\/fr\/prodotto\/gel-puro\/","og_site_name":"Aquavis","article_publisher":"https:\/\/www.facebook.com\/aquavis.it","article_modified_time":"2025-10-10T13:46:56+00:00","og_image":[{"width":960,"height":960,"url":"https:\/\/aquavis.it\/wp-content\/uploads\/2023\/02\/468521377_1074939597433202_1821396737374334821_n.jpg","type":"image\/jpeg"}],"twitter_card":"summary_large_image","twitter_misc":{"Dur\u00e9e de lecture estim\u00e9e":"3 minutes"},"schema":{"@context":"https:\/\/schema.org","@graph":[{"@type":"WebPage","@id":"https:\/\/aquavis.it\/fr\/prodotto\/gel-puro\/","url":"https:\/\/aquavis.it\/fr\/prodotto\/gel-puro\/","name":"Gel Pur R\u00e9g\u00e9n\u00e9rant Apaisant 75ml\/150ml - Aquavis","isPartOf":{"@id":"https:\/\/aquavis.it\/fr\/#website"},"primaryImageOfPage":{"@id":"https:\/\/aquavis.it\/fr\/prodotto\/gel-puro\/#primaryimage"},"image":{"@id":"https:\/\/aquavis.it\/fr\/prodotto\/gel-puro\/#primaryimage"},"thumbnailUrl":"https:\/\/aquavis.it\/wp-content\/uploads\/2023\/02\/gelpuro.jpg","datePublished":"2023-02-24T15:30:56+00:00","dateModified":"2025-10-10T13:46:56+00:00","breadcrumb":{"@id":"https:\/\/aquavis.it\/fr\/prodotto\/gel-puro\/#breadcrumb"},"inLanguage":"fr-FR","potentialAction":[{"@type":"ReadAction","target":["https:\/\/aquavis.it\/fr\/prodotto\/gel-puro\/"]}]},{"@type":"ImageObject","inLanguage":"fr-FR","@id":"https:\/\/aquavis.it\/fr\/prodotto\/gel-puro\/#primaryimage","url":"https:\/\/aquavis.it\/wp-content\/uploads\/2023\/02\/gelpuro.jpg","contentUrl":"https:\/\/aquavis.it\/wp-content\/uploads\/2023\/02\/gelpuro.jpg","width":1000,"height":1000},{"@type":"BreadcrumbList","@id":"https:\/\/aquavis.it\/fr\/prodotto\/gel-puro\/#breadcrumb","itemListElement":[{"@type":"ListItem","position":1,"name":"Home","item":"https:\/\/aquavis.it\/fr\/"},{"@type":"ListItem","position":2,"name":"Boutique","item":"https:\/\/aquavis.it\/fr\/boutique\/"},{"@type":"ListItem","position":3,"name":"Gel Pur R\u00e9g\u00e9n\u00e9rant Apaisant 75ml\/150ml"}]},{"@type":"WebSite","@id":"https:\/\/aquavis.it\/fr\/#website","url":"https:\/\/aquavis.it\/fr\/","name":"Aquavis","description":"","potentialAction":[{"@type":"SearchAction","target":{"@type":"EntryPoint","urlTemplate":"https:\/\/aquavis.it\/fr\/?s={search_term_string}"},"query-input":{"@type":"PropertyValueSpecification","valueRequired":true,"valueName":"search_term_string"}}],"inLanguage":"fr-FR"}]}},"_links":{"self":[{"href":"https:\/\/aquavis.it\/fr\/wp-json\/wp\/v2\/product\/15721","targetHints":{"allow":["GET"]}}],"collection":[{"href":"https:\/\/aquavis.it\/fr\/wp-json\/wp\/v2\/product"}],"about":[{"href":"https:\/\/aquavis.it\/fr\/wp-json\/wp\/v2\/types\/product"}],"replies":[{"embeddable":true,"href":"https:\/\/aquavis.it\/fr\/wp-json\/wp\/v2\/comments?post=15721"}],"version-history":[{"count":6,"href":"https:\/\/aquavis.it\/fr\/wp-json\/wp\/v2\/product\/15721\/revisions"}],"predecessor-version":[{"id":15837,"href":"https:\/\/aquavis.it\/fr\/wp-json\/wp\/v2\/product\/15721\/revisions\/15837"}],"wp:featuredmedia":[{"embeddable":true,"href":"https:\/\/aquavis.it\/fr\/wp-json\/wp\/v2\/media\/18493"}],"wp:attachment":[{"href":"https:\/\/aquavis.it\/fr\/wp-json\/wp\/v2\/media?parent=15721"}],"wp:term":[{"taxonomy":"product_cat","embeddable":true,"href":"https:\/\/aquavis.it\/fr\/wp-json\/wp\/v2\/product_cat?post=15721"},{"taxonomy":"product_tag","embeddable":true,"href":"https:\/\/aquavis.it\/fr\/wp-json\/wp\/v2\/product_tag?post=15721"}],"curies":[{"name":"wp","href":"https:\/\/api.w.org\/{rel}","templated":true}]}}