{"id":15686,"date":"2023-03-02T14:46:49","date_gmt":"2023-03-02T13:46:49","guid":{"rendered":"https:\/\/aquavis.it\/prodotto\/pasta-bianca\/"},"modified":"2025-10-22T15:42:33","modified_gmt":"2025-10-22T13:42:33","slug":"pasta-bianca","status":"publish","type":"product","link":"https:\/\/aquavis.it\/fr\/prodotto\/pasta-bianca\/","title":{"rendered":"P\u00e2te Blanche Protectrice 200ml"},"content":{"rendered":"\t\t<div data-elementor-type=\"wp-post\" data-elementor-id=\"15686\" class=\"elementor elementor-15686 elementor-102\" data-elementor-post-type=\"product\">\n\t\t\t\t\t\t<section class=\"elementor-section elementor-top-section elementor-element elementor-element-d4d24ad rey-section-stretched rey-section-bg--classic elementor-section-boxed elementor-section-height-default elementor-section-height-default\" data-id=\"d4d24ad\" data-element_type=\"section\" data-settings=\"{&quot;background_background&quot;:&quot;classic&quot;}\">\n\t\t\t\t\t\t<div class=\"elementor-container elementor-column-gap-default\">\n\t\t\t\t\t<div class=\"elementor-column elementor-col-33 elementor-top-column elementor-element elementor-element-adf74a5\" data-id=\"adf74a5\" data-element_type=\"column\">\n\t\t\t<div class=\"elementor-column-wrap--adf74a5 elementor-widget-wrap elementor-element-populated\">\n\t\t\t\t\t\t<div class=\"elementor-element elementor-element-f728371 elementor-widget elementor-widget-image\" data-id=\"f728371\" data-element_type=\"widget\" data-widget_type=\"image.default\">\n\t\t\t\t<div class=\"elementor-widget-container\">\n\t\t\t\t\t\t\t\t\t\t\t\t\t<img decoding=\"async\" width=\"70\" height=\"70\" src=\"https:\/\/aquavis.it\/wp-content\/uploads\/2024\/10\/icona1-1-1.svg\" class=\"attachment-full size-full wp-image-15822\" alt=\"\" \/>\t\t\t\t\t\t\t\t\t\t\t\t\t<\/div>\n\t\t\t\t<\/div>\n\t\t\t\t<div class=\"elementor-element elementor-element-9c670b8 elementor-widget elementor-widget-heading\" data-id=\"9c670b8\" data-element_type=\"widget\" data-widget_type=\"heading.default\">\n\t\t\t\t<div class=\"elementor-widget-container\">\n\t\t\t<h3 class=\"elementor-heading-title elementor-size-default\">Actifs contenus :<\/h3>\t\t<\/div>\n\t\t\t\t<\/div>\n\t\t\t\t<div class=\"elementor-element elementor-element-3d10bca elementor-widget elementor-widget-text-editor\" data-id=\"3d10bca\" data-element_type=\"widget\" data-widget_type=\"text-editor.default\">\n\t\t\t\t<div class=\"elementor-widget-container\">\n\t\t\t\t\t\t\tAquavis\u00ae, Oxyde de Zinc, Vitamine B5, Achill\u00e9e, Calendula, Aloe Vera 100 % BIO, Panth\u00e9nol, Allanto\u00efne, Bisabolol.\t\t\t\t\t\t<\/div>\n\t\t\t\t<\/div>\n\t\t\t\t<div class=\"elementor-element elementor-element-1d017b7 elementor-widget elementor-widget-heading\" data-id=\"1d017b7\" data-element_type=\"widget\" data-widget_type=\"heading.default\">\n\t\t\t\t<div class=\"elementor-widget-container\">\n\t\t\t<h3 class=\"elementor-heading-title elementor-size-default\">Qualit\u00e9 et s\u00e9curit\u00e9 :<\/h3>\t\t<\/div>\n\t\t\t\t<\/div>\n\t\t\t\t<div class=\"elementor-element elementor-element-ad31271 elementor-widget elementor-widget-text-editor\" data-id=\"ad31271\" data-element_type=\"widget\" data-widget_type=\"text-editor.default\">\n\t\t\t\t<div class=\"elementor-widget-container\">\n\t\t\t\t\t\t\tChaque produit Aquavis\u00ae a \u00e9t\u00e9 test\u00e9 dermatologiquement afin de garantir qualit\u00e9 et s\u00e9curit\u00e9 d\u2019utilisation. Un test clinique visant \u00e0 confirmer l\u2019efficacit\u00e9 protectrice du produit P\u00e2te Blanche a d\u00e9montr\u00e9 une r\u00e9duction du TEWL de 54 % et une diminution de l\u2019indice d\u2019\u00e9ryth\u00e8me de 45 % apr\u00e8s une seule application du produit. 100 % des sujets ayant particip\u00e9 au test ont exprim\u00e9 un avis positif, confirmant son efficacit\u00e9 protectrice et apaisante.\t\t\t\t\t\t<\/div>\n\t\t\t\t<\/div>\n\t\t\t\t\t<\/div>\n\t\t<\/div>\n\t\t\t\t<div class=\"elementor-column elementor-col-33 elementor-top-column elementor-element elementor-element-c324d8e\" data-id=\"c324d8e\" data-element_type=\"column\">\n\t\t\t<div class=\"elementor-column-wrap--c324d8e elementor-widget-wrap elementor-element-populated\">\n\t\t\t\t\t\t<div class=\"elementor-element elementor-element-70cdce3 elementor-widget elementor-widget-image\" data-id=\"70cdce3\" data-element_type=\"widget\" data-widget_type=\"image.default\">\n\t\t\t\t<div class=\"elementor-widget-container\">\n\t\t\t\t\t\t\t\t\t\t\t\t\t<img decoding=\"async\" width=\"70\" height=\"70\" src=\"https:\/\/aquavis.it\/wp-content\/uploads\/2024\/10\/icona2-1-1.svg\" class=\"attachment-full size-full wp-image-15823\" alt=\"\" \/>\t\t\t\t\t\t\t\t\t\t\t\t\t<\/div>\n\t\t\t\t<\/div>\n\t\t\t\t<div class=\"elementor-element elementor-element-8e00207 elementor-widget elementor-widget-heading\" data-id=\"8e00207\" data-element_type=\"widget\" data-widget_type=\"heading.default\">\n\t\t\t\t<div class=\"elementor-widget-container\">\n\t\t\t<h3 class=\"elementor-heading-title elementor-size-default\">B\u00e9n\u00e9fices :<\/h3>\t\t<\/div>\n\t\t\t\t<\/div>\n\t\t\t\t<div class=\"elementor-element elementor-element-c43bbc7 elementor-widget elementor-widget-text-editor\" data-id=\"c43bbc7\" data-element_type=\"widget\" data-widget_type=\"text-editor.default\">\n\t\t\t\t<div class=\"elementor-widget-container\">\n\t\t\t\t\t\t\t<p>Malgr\u00e9 sa texture riche, dense et cr\u00e9meuse, la P\u00e2te Blanche est rapidement absorb\u00e9e et agit d\u00e8s la premi\u00e8re application. Efficace contre les br\u00fblures et coups de soleil l\u00e9gers, la desquamation cutan\u00e9e, apr\u00e8s tatouage ou traitements agressifs sur la peau, l\u2019urticaire, les d\u00e9mangeaisons, les irritations, les piq\u00fbres d\u2019insectes, apr\u00e8s l\u2019\u00e9pilation, les irritations dues aux frottements ou aux couches, et pour renforcer la protection cutan\u00e9e contre les agents externes nocifs. Elle exerce une action apaisante, r\u00e9g\u00e9n\u00e9rante, cicatrisante et anti-inflammatoire. Elle contient Aquavis\u00ae, le premier principe de nature biophysique capable d\u2019activer l\u2019autophagie cutan\u00e9e et de favoriser la r\u00e9g\u00e9n\u00e9ration cellulaire.<br \/>La P\u00e2te Blanche est \u00e9galement enrichie en Oxyde de Zinc, un filtre physique reconnu pour renforcer la barri\u00e8re protectrice de la peau contre les agents externes nocifs, y compris les rayons UV ; en ProVitamine B5 (Panth\u00e9nol), connue pour ses propri\u00e9t\u00e9s hydratantes et r\u00e9g\u00e9n\u00e9rantes ; en jus d\u2019Aloe Vera 100 % BIO pour ses propri\u00e9t\u00e9s \u00e9mollientes et apaisantes ; en Allanto\u00efne pour ses propri\u00e9t\u00e9s r\u00e9paratrices et calmantes ainsi que son action protectrice marqu\u00e9e sur l\u2019\u00e9pith\u00e9lium ; en Bisabolol, reconnu pour ses propri\u00e9t\u00e9s apaisantes et calmantes ; en Achill\u00e9e, ingr\u00e9dient \u00e0 l\u2019efficacit\u00e9 cicatrisante et r\u00e9paratrice des tissus ; et enfin en Calendula, r\u00e9put\u00e9e pour ses propri\u00e9t\u00e9s anti-inflammatoires et cicatrisantes.<\/p>\t\t\t\t\t\t<\/div>\n\t\t\t\t<\/div>\n\t\t\t\t\t<\/div>\n\t\t<\/div>\n\t\t\t\t<div class=\"elementor-column elementor-col-33 elementor-top-column elementor-element elementor-element-5e80842\" data-id=\"5e80842\" data-element_type=\"column\">\n\t\t\t<div class=\"elementor-column-wrap--5e80842 elementor-widget-wrap elementor-element-populated\">\n\t\t\t\t\t\t<div class=\"elementor-element elementor-element-bdd3704 elementor-widget elementor-widget-image\" data-id=\"bdd3704\" data-element_type=\"widget\" data-widget_type=\"image.default\">\n\t\t\t\t<div class=\"elementor-widget-container\">\n\t\t\t\t\t\t\t\t\t\t\t\t\t<img decoding=\"async\" width=\"70\" height=\"70\" src=\"https:\/\/aquavis.it\/wp-content\/uploads\/2024\/10\/icona3-1-1.svg\" class=\"attachment-full size-full wp-image-15824\" alt=\"\" \/>\t\t\t\t\t\t\t\t\t\t\t\t\t<\/div>\n\t\t\t\t<\/div>\n\t\t\t\t<div class=\"elementor-element elementor-element-1cd82bf elementor-widget elementor-widget-heading\" data-id=\"1cd82bf\" data-element_type=\"widget\" data-widget_type=\"heading.default\">\n\t\t\t\t<div class=\"elementor-widget-container\">\n\t\t\t<h3 class=\"elementor-heading-title elementor-size-default\">Ingr\u00e9dients :<\/h3>\t\t<\/div>\n\t\t\t\t<\/div>\n\t\t\t\t<div class=\"elementor-element elementor-element-4af369d elementor-widget elementor-widget-text-editor\" data-id=\"4af369d\" data-element_type=\"widget\" data-widget_type=\"text-editor.default\">\n\t\t\t\t<div class=\"elementor-widget-container\">\n\t\t\t\t\t\t\t<p>aqua (water), glyceryl stearate, zinc oxide, caprylic\/capric triglyceride, cetearyl alcohol, glycerin, dicaprylyl ether, calcium chloride, magnesium chloride, zinc chloride, potassium chloride, aloe barbadensis leaf juice*, calendula officinalis flower extract, achillea millefolium flower extract, panthenol, allantoin, lactic acid, sodium dehydroacetate, ethylhexylglycerin, sodium chloride, sodium cetearyl sulfate, sodium lauryl sulfate, tetrasodium glutamate diacetate, lecithin, bisabolol, tocopherol, ascorbyl palmitate, disodium edta, phenoxyethanol *da agricoltura biologica.<\/p>\t\t\t\t\t\t<\/div>\n\t\t\t\t<\/div>\n\t\t\t\t<div class=\"elementor-element elementor-element-dc18831 elementor-widget elementor-widget-heading\" data-id=\"dc18831\" data-element_type=\"widget\" data-widget_type=\"heading.default\">\n\t\t\t\t<div class=\"elementor-widget-container\">\n\t\t\t<h3 class=\"elementor-heading-title elementor-size-default\">Indications et mode d\u2019emploi :<\/h3>\t\t<\/div>\n\t\t\t\t<\/div>\n\t\t\t\t<div class=\"elementor-element elementor-element-20b5196 elementor-widget elementor-widget-text-editor\" data-id=\"20b5196\" data-element_type=\"widget\" data-widget_type=\"text-editor.default\">\n\t\t\t\t<div class=\"elementor-widget-container\">\n\t\t\t\t\t\t\tAppliquer selon les besoins sur les zones concern\u00e9es, masser d\u00e9licatement jusqu\u2019\u00e0 absorption compl\u00e8te. Peut \u00eatre utilis\u00e9e plusieurs fois par jour pour une action anti-inflammatoire et protectrice renforc\u00e9e.\t\t\t\t\t\t<\/div>\n\t\t\t\t<\/div>\n\t\t\t\t\t<\/div>\n\t\t<\/div>\n\t\t\t\t\t<\/div>\n\t\t<\/section>\n\t\t\t\t<\/div>\n\t\t","protected":false},"excerpt":{"rendered":"<p class=\"p1\"><b>Avec Aquavis\u00ae, Achill\u00e9e, Calendula, Panth\u00e9nol, Allanto\u00efne, Bisabolol, Aloe Vera et Oxyde de Zinc.<\/b><\/p>\n<p class=\"p1\">P\u00e2te \u00e9molliente indiqu\u00e9e pour les peaux fragiles et sensibles n\u00e9cessitant une protection renforc\u00e9e. Elle renforce la barri\u00e8re cutan\u00e9e, maintient une hydratation optimale et favorise la r\u00e9g\u00e9n\u00e9ration cellulaire. Texture cr\u00e9meuse et agr\u00e9able au toucher.<\/p>\n<ul>\n<li class=\"p1\"><strong>PROTECTRICE<\/strong><\/li>\n<li class=\"p1\"><strong>STIMULE L\u2019AUTOPHAGIE<\/strong><\/li>\n<li class=\"p1\"><strong>RENFORCE LA BARRI\u00c8RE CUTAN\u00c9E<\/strong><\/li>\n<li class=\"p1\"><strong>ANTI-INFLAMMATOIRE<\/strong><\/li>\n<li class=\"p1\"><strong>R\u00c9PARATION DE LA PEAU<\/strong><\/li>\n<\/ul>\n","protected":false},"featured_media":18489,"comment_status":"open","ping_status":"closed","template":"","meta":{"_acf_changed":false},"product_cat":[340],"product_tag":[],"class_list":{"0":"post-15686","1":"product","2":"type-product","3":"status-publish","4":"has-post-thumbnail","6":"product_cat-soin-de-la-peau","8":"first","9":"instock","10":"shipping-taxable","11":"purchasable","12":"product-type-simple","swatches":"rey-swatches","show_selected":"","stretch_labels":"rey-swatches--stretch-labels"},"acf":[],"yoast_head":"<!-- This site is optimized with the Yoast SEO plugin v26.4 - https:\/\/yoast.com\/wordpress\/plugins\/seo\/ -->\n<title>P\u00e2te Blanche Protectrice 200ml - Aquavis<\/title>\n<meta name=\"robots\" content=\"index, follow, max-snippet:-1, max-image-preview:large, max-video-preview:-1\" \/>\n<link rel=\"canonical\" href=\"https:\/\/aquavis.it\/fr\/prodotto\/pasta-bianca\/\" \/>\n<meta property=\"og:locale\" content=\"fr_FR\" \/>\n<meta property=\"og:type\" content=\"article\" \/>\n<meta property=\"og:title\" content=\"P\u00e2te Blanche Protectrice 200ml - Aquavis\" \/>\n<meta property=\"og:description\" content=\"Avec Aquavis\u00ae, Achill\u00e9e, Calendula, Panth\u00e9nol, Allanto\u00efne, Bisabolol, Aloe Vera et Oxyde de Zinc. P\u00e2te \u00e9molliente indiqu\u00e9e pour les peaux fragiles et sensibles n\u00e9cessitant une protection renforc\u00e9e. Elle renforce la barri\u00e8re cutan\u00e9e, maintient une hydratation optimale et favorise la r\u00e9g\u00e9n\u00e9ration cellulaire. Texture cr\u00e9meuse et agr\u00e9able au toucher.    PROTECTRICE  STIMULE L\u2019AUTOPHAGIE  RENFORCE LA BARRI\u00c8RE CUTAN\u00c9E  ANTI-INFLAMMATOIRE  R\u00c9PARATION DE LA PEAU\" \/>\n<meta property=\"og:url\" content=\"https:\/\/aquavis.it\/fr\/prodotto\/pasta-bianca\/\" \/>\n<meta property=\"og:site_name\" content=\"Aquavis\" \/>\n<meta property=\"article:publisher\" content=\"https:\/\/www.facebook.com\/aquavis.it\" \/>\n<meta property=\"article:modified_time\" content=\"2025-10-22T13:42:33+00:00\" \/>\n<meta property=\"og:image\" content=\"https:\/\/aquavis.it\/wp-content\/uploads\/2023\/03\/468309236_1097827574889250_3060189712898438174_n-1-1.jpg\" \/>\n\t<meta property=\"og:image:width\" content=\"960\" \/>\n\t<meta property=\"og:image:height\" content=\"960\" \/>\n\t<meta property=\"og:image:type\" content=\"image\/jpeg\" \/>\n<meta name=\"twitter:card\" content=\"summary_large_image\" \/>\n<meta name=\"twitter:label1\" content=\"Dur\u00e9e de lecture estim\u00e9e\" \/>\n\t<meta name=\"twitter:data1\" content=\"3 minutes\" \/>\n<script type=\"application\/ld+json\" class=\"yoast-schema-graph\">{\"@context\":\"https:\/\/schema.org\",\"@graph\":[{\"@type\":\"WebPage\",\"@id\":\"https:\/\/aquavis.it\/fr\/prodotto\/pasta-bianca\/\",\"url\":\"https:\/\/aquavis.it\/fr\/prodotto\/pasta-bianca\/\",\"name\":\"P\u00e2te Blanche Protectrice 200ml - Aquavis\",\"isPartOf\":{\"@id\":\"https:\/\/aquavis.it\/fr\/#website\"},\"primaryImageOfPage\":{\"@id\":\"https:\/\/aquavis.it\/fr\/prodotto\/pasta-bianca\/#primaryimage\"},\"image\":{\"@id\":\"https:\/\/aquavis.it\/fr\/prodotto\/pasta-bianca\/#primaryimage\"},\"thumbnailUrl\":\"https:\/\/aquavis.it\/wp-content\/uploads\/2023\/03\/pasta-bianca-aquavis-barattolo-1.jpg\",\"datePublished\":\"2023-03-02T13:46:49+00:00\",\"dateModified\":\"2025-10-22T13:42:33+00:00\",\"breadcrumb\":{\"@id\":\"https:\/\/aquavis.it\/fr\/prodotto\/pasta-bianca\/#breadcrumb\"},\"inLanguage\":\"fr-FR\",\"potentialAction\":[{\"@type\":\"ReadAction\",\"target\":[\"https:\/\/aquavis.it\/fr\/prodotto\/pasta-bianca\/\"]}]},{\"@type\":\"ImageObject\",\"inLanguage\":\"fr-FR\",\"@id\":\"https:\/\/aquavis.it\/fr\/prodotto\/pasta-bianca\/#primaryimage\",\"url\":\"https:\/\/aquavis.it\/wp-content\/uploads\/2023\/03\/pasta-bianca-aquavis-barattolo-1.jpg\",\"contentUrl\":\"https:\/\/aquavis.it\/wp-content\/uploads\/2023\/03\/pasta-bianca-aquavis-barattolo-1.jpg\",\"width\":1000,\"height\":1000},{\"@type\":\"BreadcrumbList\",\"@id\":\"https:\/\/aquavis.it\/fr\/prodotto\/pasta-bianca\/#breadcrumb\",\"itemListElement\":[{\"@type\":\"ListItem\",\"position\":1,\"name\":\"Home\",\"item\":\"https:\/\/aquavis.it\/fr\/\"},{\"@type\":\"ListItem\",\"position\":2,\"name\":\"Boutique\",\"item\":\"https:\/\/aquavis.it\/fr\/boutique\/\"},{\"@type\":\"ListItem\",\"position\":3,\"name\":\"P\u00e2te Blanche Protectrice 200ml\"}]},{\"@type\":\"WebSite\",\"@id\":\"https:\/\/aquavis.it\/fr\/#website\",\"url\":\"https:\/\/aquavis.it\/fr\/\",\"name\":\"Aquavis\",\"description\":\"\",\"potentialAction\":[{\"@type\":\"SearchAction\",\"target\":{\"@type\":\"EntryPoint\",\"urlTemplate\":\"https:\/\/aquavis.it\/fr\/?s={search_term_string}\"},\"query-input\":{\"@type\":\"PropertyValueSpecification\",\"valueRequired\":true,\"valueName\":\"search_term_string\"}}],\"inLanguage\":\"fr-FR\"}]}<\/script>\n<!-- \/ Yoast SEO plugin. -->","yoast_head_json":{"title":"P\u00e2te Blanche Protectrice 200ml - Aquavis","robots":{"index":"index","follow":"follow","max-snippet":"max-snippet:-1","max-image-preview":"max-image-preview:large","max-video-preview":"max-video-preview:-1"},"canonical":"https:\/\/aquavis.it\/fr\/prodotto\/pasta-bianca\/","og_locale":"fr_FR","og_type":"article","og_title":"P\u00e2te Blanche Protectrice 200ml - Aquavis","og_description":"Avec Aquavis\u00ae, Achill\u00e9e, Calendula, Panth\u00e9nol, Allanto\u00efne, Bisabolol, Aloe Vera et Oxyde de Zinc. P\u00e2te \u00e9molliente indiqu\u00e9e pour les peaux fragiles et sensibles n\u00e9cessitant une protection renforc\u00e9e. Elle renforce la barri\u00e8re cutan\u00e9e, maintient une hydratation optimale et favorise la r\u00e9g\u00e9n\u00e9ration cellulaire. Texture cr\u00e9meuse et agr\u00e9able au toucher.    PROTECTRICE  STIMULE L\u2019AUTOPHAGIE  RENFORCE LA BARRI\u00c8RE CUTAN\u00c9E  ANTI-INFLAMMATOIRE  R\u00c9PARATION DE LA PEAU","og_url":"https:\/\/aquavis.it\/fr\/prodotto\/pasta-bianca\/","og_site_name":"Aquavis","article_publisher":"https:\/\/www.facebook.com\/aquavis.it","article_modified_time":"2025-10-22T13:42:33+00:00","og_image":[{"width":960,"height":960,"url":"https:\/\/aquavis.it\/wp-content\/uploads\/2023\/03\/468309236_1097827574889250_3060189712898438174_n-1-1.jpg","type":"image\/jpeg"}],"twitter_card":"summary_large_image","twitter_misc":{"Dur\u00e9e de lecture estim\u00e9e":"3 minutes"},"schema":{"@context":"https:\/\/schema.org","@graph":[{"@type":"WebPage","@id":"https:\/\/aquavis.it\/fr\/prodotto\/pasta-bianca\/","url":"https:\/\/aquavis.it\/fr\/prodotto\/pasta-bianca\/","name":"P\u00e2te Blanche Protectrice 200ml - Aquavis","isPartOf":{"@id":"https:\/\/aquavis.it\/fr\/#website"},"primaryImageOfPage":{"@id":"https:\/\/aquavis.it\/fr\/prodotto\/pasta-bianca\/#primaryimage"},"image":{"@id":"https:\/\/aquavis.it\/fr\/prodotto\/pasta-bianca\/#primaryimage"},"thumbnailUrl":"https:\/\/aquavis.it\/wp-content\/uploads\/2023\/03\/pasta-bianca-aquavis-barattolo-1.jpg","datePublished":"2023-03-02T13:46:49+00:00","dateModified":"2025-10-22T13:42:33+00:00","breadcrumb":{"@id":"https:\/\/aquavis.it\/fr\/prodotto\/pasta-bianca\/#breadcrumb"},"inLanguage":"fr-FR","potentialAction":[{"@type":"ReadAction","target":["https:\/\/aquavis.it\/fr\/prodotto\/pasta-bianca\/"]}]},{"@type":"ImageObject","inLanguage":"fr-FR","@id":"https:\/\/aquavis.it\/fr\/prodotto\/pasta-bianca\/#primaryimage","url":"https:\/\/aquavis.it\/wp-content\/uploads\/2023\/03\/pasta-bianca-aquavis-barattolo-1.jpg","contentUrl":"https:\/\/aquavis.it\/wp-content\/uploads\/2023\/03\/pasta-bianca-aquavis-barattolo-1.jpg","width":1000,"height":1000},{"@type":"BreadcrumbList","@id":"https:\/\/aquavis.it\/fr\/prodotto\/pasta-bianca\/#breadcrumb","itemListElement":[{"@type":"ListItem","position":1,"name":"Home","item":"https:\/\/aquavis.it\/fr\/"},{"@type":"ListItem","position":2,"name":"Boutique","item":"https:\/\/aquavis.it\/fr\/boutique\/"},{"@type":"ListItem","position":3,"name":"P\u00e2te Blanche Protectrice 200ml"}]},{"@type":"WebSite","@id":"https:\/\/aquavis.it\/fr\/#website","url":"https:\/\/aquavis.it\/fr\/","name":"Aquavis","description":"","potentialAction":[{"@type":"SearchAction","target":{"@type":"EntryPoint","urlTemplate":"https:\/\/aquavis.it\/fr\/?s={search_term_string}"},"query-input":{"@type":"PropertyValueSpecification","valueRequired":true,"valueName":"search_term_string"}}],"inLanguage":"fr-FR"}]}},"_links":{"self":[{"href":"https:\/\/aquavis.it\/fr\/wp-json\/wp\/v2\/product\/15686","targetHints":{"allow":["GET"]}}],"collection":[{"href":"https:\/\/aquavis.it\/fr\/wp-json\/wp\/v2\/product"}],"about":[{"href":"https:\/\/aquavis.it\/fr\/wp-json\/wp\/v2\/types\/product"}],"replies":[{"embeddable":true,"href":"https:\/\/aquavis.it\/fr\/wp-json\/wp\/v2\/comments?post=15686"}],"version-history":[{"count":7,"href":"https:\/\/aquavis.it\/fr\/wp-json\/wp\/v2\/product\/15686\/revisions"}],"predecessor-version":[{"id":16430,"href":"https:\/\/aquavis.it\/fr\/wp-json\/wp\/v2\/product\/15686\/revisions\/16430"}],"wp:featuredmedia":[{"embeddable":true,"href":"https:\/\/aquavis.it\/fr\/wp-json\/wp\/v2\/media\/18489"}],"wp:attachment":[{"href":"https:\/\/aquavis.it\/fr\/wp-json\/wp\/v2\/media?parent=15686"}],"wp:term":[{"taxonomy":"product_cat","embeddable":true,"href":"https:\/\/aquavis.it\/fr\/wp-json\/wp\/v2\/product_cat?post=15686"},{"taxonomy":"product_tag","embeddable":true,"href":"https:\/\/aquavis.it\/fr\/wp-json\/wp\/v2\/product_tag?post=15686"}],"curies":[{"name":"wp","href":"https:\/\/api.w.org\/{rel}","templated":true}]}}