{"id":15683,"date":"2023-09-15T13:40:26","date_gmt":"2023-09-15T11:40:26","guid":{"rendered":"https:\/\/aquavis.it\/prodotto\/shampoo\/"},"modified":"2025-10-10T15:49:50","modified_gmt":"2025-10-10T13:49:50","slug":"shampoo","status":"publish","type":"product","link":"https:\/\/aquavis.it\/fr\/prodotto\/shampoo\/","title":{"rendered":"Shampooing Anti-Chute 150ml"},"content":{"rendered":"\t\t<div data-elementor-type=\"wp-post\" data-elementor-id=\"15683\" class=\"elementor elementor-15683 elementor-2303\" data-elementor-post-type=\"product\">\n\t\t\t\t\t\t<section class=\"elementor-section elementor-top-section elementor-element elementor-element-907b661 rey-section-stretched rey-section-bg--classic elementor-section-boxed elementor-section-height-default elementor-section-height-default\" data-id=\"907b661\" data-element_type=\"section\" data-settings=\"{&quot;background_background&quot;:&quot;classic&quot;}\">\n\t\t\t\t\t\t<div class=\"elementor-container elementor-column-gap-default\">\n\t\t\t\t\t<div class=\"elementor-column elementor-col-33 elementor-top-column elementor-element elementor-element-d56fe60\" data-id=\"d56fe60\" data-element_type=\"column\">\n\t\t\t<div class=\"elementor-column-wrap--d56fe60 elementor-widget-wrap elementor-element-populated\">\n\t\t\t\t\t\t<div class=\"elementor-element elementor-element-59aeaa3 elementor-widget elementor-widget-image\" data-id=\"59aeaa3\" data-element_type=\"widget\" data-widget_type=\"image.default\">\n\t\t\t\t<div class=\"elementor-widget-container\">\n\t\t\t\t\t\t\t\t\t\t\t\t\t<img decoding=\"async\" width=\"70\" height=\"70\" src=\"https:\/\/aquavis.it\/wp-content\/uploads\/2024\/10\/icona1-1-1.svg\" class=\"attachment-full size-full wp-image-15822\" alt=\"\" \/>\t\t\t\t\t\t\t\t\t\t\t\t\t<\/div>\n\t\t\t\t<\/div>\n\t\t\t\t<div class=\"elementor-element elementor-element-27d7f55 elementor-widget elementor-widget-heading\" data-id=\"27d7f55\" data-element_type=\"widget\" data-widget_type=\"heading.default\">\n\t\t\t\t<div class=\"elementor-widget-container\">\n\t\t\t<h3 class=\"elementor-heading-title elementor-size-default\">Actifs contenus :<\/h3>\t\t<\/div>\n\t\t\t\t<\/div>\n\t\t\t\t<div class=\"elementor-element elementor-element-85fc3ff elementor-widget elementor-widget-text-editor\" data-id=\"85fc3ff\" data-element_type=\"widget\" data-widget_type=\"text-editor.default\">\n\t\t\t\t<div class=\"elementor-widget-container\">\n\t\t\t\t\t\t\t<p>Aquavis\u00ae, Vitamine B6, Th\u00e9 Vert, Extrait de Romarin et Menthe.<\/p>\n\t\t\t\t\t\t<\/div>\n\t\t\t\t<\/div>\n\t\t\t\t<div class=\"elementor-element elementor-element-7ed8d9b elementor-widget elementor-widget-heading\" data-id=\"7ed8d9b\" data-element_type=\"widget\" data-widget_type=\"heading.default\">\n\t\t\t\t<div class=\"elementor-widget-container\">\n\t\t\t<h3 class=\"elementor-heading-title elementor-size-default\">Qualit\u00e9 et s\u00e9curit\u00e9 :<\/h3>\t\t<\/div>\n\t\t\t\t<\/div>\n\t\t\t\t<div class=\"elementor-element elementor-element-237e6db elementor-widget elementor-widget-text-editor\" data-id=\"237e6db\" data-element_type=\"widget\" data-widget_type=\"text-editor.default\">\n\t\t\t\t<div class=\"elementor-widget-container\">\n\t\t\t\t\t\t\t<p>Un test scientifique d\u00e9montre qu\u2019apr\u00e8s 8 semaines de traitement, le shampooing r\u00e9duit la chute des cheveux de 75 % gr\u00e2ce \u00e0 une augmentation de leur r\u00e9sistance et de leur vitalit\u00e9, avec +60 % de repousse et +20 % de volume et de densit\u00e9. Test d\u2019\u00e9valuation r\u00e9alis\u00e9 par le Centre de Cosm\u00e9tologie de l\u2019Universit\u00e9 de Ferrare.<\/p>\n\t\t\t\t\t\t<\/div>\n\t\t\t\t<\/div>\n\t\t\t\t\t<\/div>\n\t\t<\/div>\n\t\t\t\t<div class=\"elementor-column elementor-col-33 elementor-top-column elementor-element elementor-element-9816d78\" data-id=\"9816d78\" data-element_type=\"column\">\n\t\t\t<div class=\"elementor-column-wrap--9816d78 elementor-widget-wrap elementor-element-populated\">\n\t\t\t\t\t\t<div class=\"elementor-element elementor-element-b66c2c1 elementor-widget elementor-widget-image\" data-id=\"b66c2c1\" data-element_type=\"widget\" data-widget_type=\"image.default\">\n\t\t\t\t<div class=\"elementor-widget-container\">\n\t\t\t\t\t\t\t\t\t\t\t\t\t<img decoding=\"async\" width=\"70\" height=\"70\" src=\"https:\/\/aquavis.it\/wp-content\/uploads\/2024\/10\/icona2-1-1.svg\" class=\"attachment-full size-full wp-image-15823\" alt=\"\" \/>\t\t\t\t\t\t\t\t\t\t\t\t\t<\/div>\n\t\t\t\t<\/div>\n\t\t\t\t<div class=\"elementor-element elementor-element-ea954f8 elementor-widget elementor-widget-heading\" data-id=\"ea954f8\" data-element_type=\"widget\" data-widget_type=\"heading.default\">\n\t\t\t\t<div class=\"elementor-widget-container\">\n\t\t\t<h3 class=\"elementor-heading-title elementor-size-default\">B\u00e9n\u00e9fices :<\/h3>\t\t<\/div>\n\t\t\t\t<\/div>\n\t\t\t\t<div class=\"elementor-element elementor-element-a9dbf9e elementor-widget elementor-widget-text-editor\" data-id=\"a9dbf9e\" data-element_type=\"widget\" data-widget_type=\"text-editor.default\">\n\t\t\t\t<div class=\"elementor-widget-container\">\n\t\t\t\t\t\t\t<p class=\"p1\">Le shampooing et la lotion ont comme actif principal l\u2019eau saline magn\u00e9tis\u00e9e <b><i>Aquavis\u00ae<\/i><\/b>, qui active l\u2019autophagie. Pourquoi est-ce important&nbsp;? En ce qui concerne l\u2019alop\u00e9cie androg\u00e9n\u00e9tique (AGA), il s\u2019agit principalement d\u2019un m\u00e9canisme li\u00e9 \u00e0 la dihydrotestost\u00e9rone (DHT). L\u2019autophagie favorise la d\u00e9gradation du r\u00e9cepteur de la DHT et de l\u2019exc\u00e8s d\u2019enzyme 5-alpha-r\u00e9ductase. Quant \u00e0 la phase de t\u00e9log\u00e8ne effluvium (perte temporaire des cheveux), l\u2019autophagie stimule le catabolisme des prot\u00e9ines dans le follicule pileux en phase t\u00e9log\u00e8ne (croissance de courte dur\u00e9e), favorisant ainsi la synth\u00e8se de nouvelles prot\u00e9ines matricielles qui permettent le passage \u00e0 la phase anag\u00e8ne (croissance de longue dur\u00e9e).  \nElle contient \u00e9galement de la <b><i>Vitamine B6<\/i><\/b>&nbsp;: aide \u00e0 maintenir une bonne hydratation, renforce les cheveux et combat leur chute.  \n<b><i>Extrait de Th\u00e9 Vert<\/i><\/b>&nbsp;: utile pour lutter contre la chute des cheveux gr\u00e2ce \u00e0 sa richesse en flavono\u00efdes, vitamines, oligo\u00e9l\u00e9ments, cat\u00e9chines et autres substances antioxydantes agissant \u00e9galement sur une enzyme sp\u00e9cifique responsable, par r\u00e9action chimique, du r\u00e9tr\u00e9cissement des follicules pileux. Il aide aussi \u00e0 normaliser la s\u00e9cr\u00e9tion s\u00e9bac\u00e9e et \u00e0 favoriser la repousse des cheveux.  \n<b><i>Extrait de Romarin<\/i><\/b>&nbsp;: excellent stimulant du cuir chevelu et du bulbe pileux, il r\u00e9gule \u00e9galement la s\u00e9cr\u00e9tion de s\u00e9bum et la formation de pellicules.  \n<b><i>Extrait de Menthe<\/i><\/b>&nbsp;: rafra\u00eechissant.<\/p>\n\t\t\t\t\t\t<\/div>\n\t\t\t\t<\/div>\n\t\t\t\t\t<\/div>\n\t\t<\/div>\n\t\t\t\t<div class=\"elementor-column elementor-col-33 elementor-top-column elementor-element elementor-element-65b8044\" data-id=\"65b8044\" data-element_type=\"column\">\n\t\t\t<div class=\"elementor-column-wrap--65b8044 elementor-widget-wrap elementor-element-populated\">\n\t\t\t\t\t\t<div class=\"elementor-element elementor-element-60249f5 elementor-widget elementor-widget-image\" data-id=\"60249f5\" data-element_type=\"widget\" data-widget_type=\"image.default\">\n\t\t\t\t<div class=\"elementor-widget-container\">\n\t\t\t\t\t\t\t\t\t\t\t\t\t<img decoding=\"async\" width=\"70\" height=\"70\" src=\"https:\/\/aquavis.it\/wp-content\/uploads\/2024\/10\/icona3-1-1.svg\" class=\"attachment-full size-full wp-image-15824\" alt=\"\" \/>\t\t\t\t\t\t\t\t\t\t\t\t\t<\/div>\n\t\t\t\t<\/div>\n\t\t\t\t<div class=\"elementor-element elementor-element-cf3ded9 elementor-widget elementor-widget-heading\" data-id=\"cf3ded9\" data-element_type=\"widget\" data-widget_type=\"heading.default\">\n\t\t\t\t<div class=\"elementor-widget-container\">\n\t\t\t<h3 class=\"elementor-heading-title elementor-size-default\">Ingr\u00e9dients :<\/h3>\t\t<\/div>\n\t\t\t\t<\/div>\n\t\t\t\t<div class=\"elementor-element elementor-element-ddd134e elementor-widget elementor-widget-text-editor\" data-id=\"ddd134e\" data-element_type=\"widget\" data-widget_type=\"text-editor.default\">\n\t\t\t\t<div class=\"elementor-widget-container\">\n\t\t\t\t\t\t\t<p>aqua [water], ammonium lauryl sulfate, cocamidopropyl betaine, camellia sinensis leaf extract, pyridoxine hcl, mentha piperita (peppermint) oil, rosmarinus officinalis (rosemary) leaf extract, lauryl glucoside, guar hydroxypropyltrimonium chloride, polyquaternium-7, ethylhexylglycerin, potassium chloride, calcium chloride, magnesium chloride, zinc chloride, aluminum chloride, phenoxyethanol, sodium benzoate, parfum [fragrance], lactic acid, disodium edta, propylene glycol.<\/p>\t\t\t\t\t\t<\/div>\n\t\t\t\t<\/div>\n\t\t\t\t<div class=\"elementor-element elementor-element-9d33df1 elementor-widget elementor-widget-heading\" data-id=\"9d33df1\" data-element_type=\"widget\" data-widget_type=\"heading.default\">\n\t\t\t\t<div class=\"elementor-widget-container\">\n\t\t\t<h3 class=\"elementor-heading-title elementor-size-default\">Indications et mode d\u2019emploi :<\/h3>\t\t<\/div>\n\t\t\t\t<\/div>\n\t\t\t\t<div class=\"elementor-element elementor-element-bb41c5f elementor-widget elementor-widget-text-editor\" data-id=\"bb41c5f\" data-element_type=\"widget\" data-widget_type=\"text-editor.default\">\n\t\t\t\t<div class=\"elementor-widget-container\">\n\t\t\t\t\t\t\t<p>Appliquer sur le cuir chevelu humide \u00e0 l\u2019aide de l\u2019applicateur pr\u00e9vu \u00e0 cet effet. Masser soigneusement. Laisser agir pendant au moins une minute, puis rincer. Convient \u00e0 une utilisation quotidienne. Recommand\u00e9 en synergie avec la lotion anti-chute Aquavis.<\/p>\n\t\t\t\t\t\t<\/div>\n\t\t\t\t<\/div>\n\t\t\t\t\t<\/div>\n\t\t<\/div>\n\t\t\t\t\t<\/div>\n\t\t<\/section>\n\t\t\t\t<\/div>\n\t\t","protected":false},"excerpt":{"rendered":"<p class=\"p1\"><strong>Avec Aquavis\u00ae, Vitamine B6, Th\u00e9 Vert, Extrait de Romarin et Menthe.<\/strong><\/p>\n<p class=\"p1\">Formul\u00e9 \u00e0 base d\u2019eau saline magn\u00e9tis\u00e9e Aquavis\u00ae, avec des actifs soigneusement dos\u00e9s mais efficaces, il augmente la r\u00e9sistance des cheveux face aux situations de stress \u00e9motionnel, au brossage, \u00e0 l\u2019utilisation du s\u00e8che-cheveux et \u00e0 l\u2019exposition prolong\u00e9e aux agents polluants. Il renforce la fibre capillaire et pr\u00e9vient la chute des cheveux.<\/p>\n<ul>\n<li class=\"p1\"><strong>STIMULE LA POUSSE.<\/strong><\/li>\n<li class=\"p2\"><strong>RENFORCE LE BULBE.<\/strong><\/li>\n<li class=\"p2\"><strong>R\u00c9G\u00c9N\u00c8RE LE CHEVEU.<\/strong><\/li>\n<li class=\"p2\"><strong>STIMULE L\u2019AUTOPHAGIE.<\/strong><\/li>\n<li class=\"p2\"><strong>S\u00c9BOR\u00c9\u00c9QUILIBRANT.<\/strong><\/li>\n<\/ul>\n","protected":false},"featured_media":18482,"comment_status":"open","ping_status":"closed","template":"","meta":{"_acf_changed":false},"product_cat":[347],"product_tag":[],"class_list":{"0":"post-15683","1":"product","2":"type-product","3":"status-publish","4":"has-post-thumbnail","6":"product_cat-soins-anti-chute","8":"first","9":"instock","10":"shipping-taxable","11":"purchasable","12":"product-type-simple","swatches":"rey-swatches","show_selected":"","stretch_labels":"rey-swatches--stretch-labels"},"acf":[],"yoast_head":"<!-- This site is optimized with the Yoast SEO plugin v26.4 - https:\/\/yoast.com\/wordpress\/plugins\/seo\/ -->\n<title>Shampooing Anti-Chute 150ml - Aquavis<\/title>\n<meta name=\"robots\" content=\"index, follow, max-snippet:-1, max-image-preview:large, max-video-preview:-1\" \/>\n<link rel=\"canonical\" href=\"https:\/\/aquavis.it\/fr\/prodotto\/shampoo\/\" \/>\n<meta property=\"og:locale\" content=\"fr_FR\" \/>\n<meta property=\"og:type\" content=\"article\" \/>\n<meta property=\"og:title\" content=\"Shampooing Anti-Chute 150ml - Aquavis\" \/>\n<meta property=\"og:description\" content=\"Avec Aquavis\u00ae, Vitamine B6, Th\u00e9 Vert, Extrait de Romarin et Menthe. Formul\u00e9 \u00e0 base d\u2019eau saline magn\u00e9tis\u00e9e Aquavis\u00ae, avec des actifs soigneusement dos\u00e9s mais efficaces, il augmente la r\u00e9sistance des cheveux face aux situations de stress \u00e9motionnel, au brossage, \u00e0 l\u2019utilisation du s\u00e8che-cheveux et \u00e0 l\u2019exposition prolong\u00e9e aux agents polluants. Il renforce la fibre capillaire et pr\u00e9vient la chute des cheveux.    STIMULE LA POUSSE.  RENFORCE LE BULBE.  R\u00c9G\u00c9N\u00c8RE LE CHEVEU.  STIMULE L\u2019AUTOPHAGIE.  S\u00c9BOR\u00c9\u00c9QUILIBRANT.\" \/>\n<meta property=\"og:url\" content=\"https:\/\/aquavis.it\/fr\/prodotto\/shampoo\/\" \/>\n<meta property=\"og:site_name\" content=\"Aquavis\" \/>\n<meta property=\"article:publisher\" content=\"https:\/\/www.facebook.com\/aquavis.it\" \/>\n<meta property=\"article:modified_time\" content=\"2025-10-10T13:49:50+00:00\" \/>\n<meta property=\"og:image\" content=\"https:\/\/aquavis.it\/wp-content\/uploads\/2023\/09\/shampoo-new-1.jpg\" \/>\n\t<meta property=\"og:image:width\" content=\"960\" \/>\n\t<meta property=\"og:image:height\" content=\"960\" \/>\n\t<meta property=\"og:image:type\" content=\"image\/jpeg\" \/>\n<meta name=\"twitter:card\" content=\"summary_large_image\" \/>\n<meta name=\"twitter:label1\" content=\"Dur\u00e9e de lecture estim\u00e9e\" \/>\n\t<meta name=\"twitter:data1\" content=\"3 minutes\" \/>\n<script type=\"application\/ld+json\" class=\"yoast-schema-graph\">{\"@context\":\"https:\/\/schema.org\",\"@graph\":[{\"@type\":\"WebPage\",\"@id\":\"https:\/\/aquavis.it\/fr\/prodotto\/shampoo\/\",\"url\":\"https:\/\/aquavis.it\/fr\/prodotto\/shampoo\/\",\"name\":\"Shampooing Anti-Chute 150ml - Aquavis\",\"isPartOf\":{\"@id\":\"https:\/\/aquavis.it\/fr\/#website\"},\"primaryImageOfPage\":{\"@id\":\"https:\/\/aquavis.it\/fr\/prodotto\/shampoo\/#primaryimage\"},\"image\":{\"@id\":\"https:\/\/aquavis.it\/fr\/prodotto\/shampoo\/#primaryimage\"},\"thumbnailUrl\":\"https:\/\/aquavis.it\/wp-content\/uploads\/2023\/09\/shampoo-anticaduta.jpg\",\"datePublished\":\"2023-09-15T11:40:26+00:00\",\"dateModified\":\"2025-10-10T13:49:50+00:00\",\"breadcrumb\":{\"@id\":\"https:\/\/aquavis.it\/fr\/prodotto\/shampoo\/#breadcrumb\"},\"inLanguage\":\"fr-FR\",\"potentialAction\":[{\"@type\":\"ReadAction\",\"target\":[\"https:\/\/aquavis.it\/fr\/prodotto\/shampoo\/\"]}]},{\"@type\":\"ImageObject\",\"inLanguage\":\"fr-FR\",\"@id\":\"https:\/\/aquavis.it\/fr\/prodotto\/shampoo\/#primaryimage\",\"url\":\"https:\/\/aquavis.it\/wp-content\/uploads\/2023\/09\/shampoo-anticaduta.jpg\",\"contentUrl\":\"https:\/\/aquavis.it\/wp-content\/uploads\/2023\/09\/shampoo-anticaduta.jpg\",\"width\":1000,\"height\":1000},{\"@type\":\"BreadcrumbList\",\"@id\":\"https:\/\/aquavis.it\/fr\/prodotto\/shampoo\/#breadcrumb\",\"itemListElement\":[{\"@type\":\"ListItem\",\"position\":1,\"name\":\"Home\",\"item\":\"https:\/\/aquavis.it\/fr\/\"},{\"@type\":\"ListItem\",\"position\":2,\"name\":\"Boutique\",\"item\":\"https:\/\/aquavis.it\/fr\/boutique\/\"},{\"@type\":\"ListItem\",\"position\":3,\"name\":\"Shampooing Anti-Chute 150ml\"}]},{\"@type\":\"WebSite\",\"@id\":\"https:\/\/aquavis.it\/fr\/#website\",\"url\":\"https:\/\/aquavis.it\/fr\/\",\"name\":\"Aquavis\",\"description\":\"\",\"potentialAction\":[{\"@type\":\"SearchAction\",\"target\":{\"@type\":\"EntryPoint\",\"urlTemplate\":\"https:\/\/aquavis.it\/fr\/?s={search_term_string}\"},\"query-input\":{\"@type\":\"PropertyValueSpecification\",\"valueRequired\":true,\"valueName\":\"search_term_string\"}}],\"inLanguage\":\"fr-FR\"}]}<\/script>\n<!-- \/ Yoast SEO plugin. -->","yoast_head_json":{"title":"Shampooing Anti-Chute 150ml - Aquavis","robots":{"index":"index","follow":"follow","max-snippet":"max-snippet:-1","max-image-preview":"max-image-preview:large","max-video-preview":"max-video-preview:-1"},"canonical":"https:\/\/aquavis.it\/fr\/prodotto\/shampoo\/","og_locale":"fr_FR","og_type":"article","og_title":"Shampooing Anti-Chute 150ml - Aquavis","og_description":"Avec Aquavis\u00ae, Vitamine B6, Th\u00e9 Vert, Extrait de Romarin et Menthe. Formul\u00e9 \u00e0 base d\u2019eau saline magn\u00e9tis\u00e9e Aquavis\u00ae, avec des actifs soigneusement dos\u00e9s mais efficaces, il augmente la r\u00e9sistance des cheveux face aux situations de stress \u00e9motionnel, au brossage, \u00e0 l\u2019utilisation du s\u00e8che-cheveux et \u00e0 l\u2019exposition prolong\u00e9e aux agents polluants. Il renforce la fibre capillaire et pr\u00e9vient la chute des cheveux.    STIMULE LA POUSSE.  RENFORCE LE BULBE.  R\u00c9G\u00c9N\u00c8RE LE CHEVEU.  STIMULE L\u2019AUTOPHAGIE.  S\u00c9BOR\u00c9\u00c9QUILIBRANT.","og_url":"https:\/\/aquavis.it\/fr\/prodotto\/shampoo\/","og_site_name":"Aquavis","article_publisher":"https:\/\/www.facebook.com\/aquavis.it","article_modified_time":"2025-10-10T13:49:50+00:00","og_image":[{"width":960,"height":960,"url":"https:\/\/aquavis.it\/wp-content\/uploads\/2023\/09\/shampoo-new-1.jpg","type":"image\/jpeg"}],"twitter_card":"summary_large_image","twitter_misc":{"Dur\u00e9e de lecture estim\u00e9e":"3 minutes"},"schema":{"@context":"https:\/\/schema.org","@graph":[{"@type":"WebPage","@id":"https:\/\/aquavis.it\/fr\/prodotto\/shampoo\/","url":"https:\/\/aquavis.it\/fr\/prodotto\/shampoo\/","name":"Shampooing Anti-Chute 150ml - Aquavis","isPartOf":{"@id":"https:\/\/aquavis.it\/fr\/#website"},"primaryImageOfPage":{"@id":"https:\/\/aquavis.it\/fr\/prodotto\/shampoo\/#primaryimage"},"image":{"@id":"https:\/\/aquavis.it\/fr\/prodotto\/shampoo\/#primaryimage"},"thumbnailUrl":"https:\/\/aquavis.it\/wp-content\/uploads\/2023\/09\/shampoo-anticaduta.jpg","datePublished":"2023-09-15T11:40:26+00:00","dateModified":"2025-10-10T13:49:50+00:00","breadcrumb":{"@id":"https:\/\/aquavis.it\/fr\/prodotto\/shampoo\/#breadcrumb"},"inLanguage":"fr-FR","potentialAction":[{"@type":"ReadAction","target":["https:\/\/aquavis.it\/fr\/prodotto\/shampoo\/"]}]},{"@type":"ImageObject","inLanguage":"fr-FR","@id":"https:\/\/aquavis.it\/fr\/prodotto\/shampoo\/#primaryimage","url":"https:\/\/aquavis.it\/wp-content\/uploads\/2023\/09\/shampoo-anticaduta.jpg","contentUrl":"https:\/\/aquavis.it\/wp-content\/uploads\/2023\/09\/shampoo-anticaduta.jpg","width":1000,"height":1000},{"@type":"BreadcrumbList","@id":"https:\/\/aquavis.it\/fr\/prodotto\/shampoo\/#breadcrumb","itemListElement":[{"@type":"ListItem","position":1,"name":"Home","item":"https:\/\/aquavis.it\/fr\/"},{"@type":"ListItem","position":2,"name":"Boutique","item":"https:\/\/aquavis.it\/fr\/boutique\/"},{"@type":"ListItem","position":3,"name":"Shampooing Anti-Chute 150ml"}]},{"@type":"WebSite","@id":"https:\/\/aquavis.it\/fr\/#website","url":"https:\/\/aquavis.it\/fr\/","name":"Aquavis","description":"","potentialAction":[{"@type":"SearchAction","target":{"@type":"EntryPoint","urlTemplate":"https:\/\/aquavis.it\/fr\/?s={search_term_string}"},"query-input":{"@type":"PropertyValueSpecification","valueRequired":true,"valueName":"search_term_string"}}],"inLanguage":"fr-FR"}]}},"_links":{"self":[{"href":"https:\/\/aquavis.it\/fr\/wp-json\/wp\/v2\/product\/15683","targetHints":{"allow":["GET"]}}],"collection":[{"href":"https:\/\/aquavis.it\/fr\/wp-json\/wp\/v2\/product"}],"about":[{"href":"https:\/\/aquavis.it\/fr\/wp-json\/wp\/v2\/types\/product"}],"replies":[{"embeddable":true,"href":"https:\/\/aquavis.it\/fr\/wp-json\/wp\/v2\/comments?post=15683"}],"version-history":[{"count":6,"href":"https:\/\/aquavis.it\/fr\/wp-json\/wp\/v2\/product\/15683\/revisions"}],"predecessor-version":[{"id":16197,"href":"https:\/\/aquavis.it\/fr\/wp-json\/wp\/v2\/product\/15683\/revisions\/16197"}],"wp:featuredmedia":[{"embeddable":true,"href":"https:\/\/aquavis.it\/fr\/wp-json\/wp\/v2\/media\/18482"}],"wp:attachment":[{"href":"https:\/\/aquavis.it\/fr\/wp-json\/wp\/v2\/media?parent=15683"}],"wp:term":[{"taxonomy":"product_cat","embeddable":true,"href":"https:\/\/aquavis.it\/fr\/wp-json\/wp\/v2\/product_cat?post=15683"},{"taxonomy":"product_tag","embeddable":true,"href":"https:\/\/aquavis.it\/fr\/wp-json\/wp\/v2\/product_tag?post=15683"}],"curies":[{"name":"wp","href":"https:\/\/api.w.org\/{rel}","templated":true}]}}