{"id":15680,"date":"2023-09-15T13:43:48","date_gmt":"2023-09-15T11:43:48","guid":{"rendered":"https:\/\/aquavis.it\/prodotto\/lozione\/"},"modified":"2025-10-10T15:51:08","modified_gmt":"2025-10-10T13:51:08","slug":"lozione","status":"publish","type":"product","link":"https:\/\/aquavis.it\/fr\/prodotto\/lozione\/","title":{"rendered":"Traitement Anti-Chute 4x15ml"},"content":{"rendered":"\t\t<div data-elementor-type=\"wp-post\" data-elementor-id=\"15680\" class=\"elementor elementor-15680 elementor-2305\" data-elementor-post-type=\"product\">\n\t\t\t\t\t\t<section class=\"elementor-section elementor-top-section elementor-element elementor-element-3d45139 rey-section-stretched rey-section-bg--classic elementor-section-boxed elementor-section-height-default elementor-section-height-default\" data-id=\"3d45139\" data-element_type=\"section\" data-settings=\"{&quot;background_background&quot;:&quot;classic&quot;}\">\n\t\t\t\t\t\t<div class=\"elementor-container elementor-column-gap-default\">\n\t\t\t\t\t<div class=\"elementor-column elementor-col-33 elementor-top-column elementor-element elementor-element-c4373e9\" data-id=\"c4373e9\" data-element_type=\"column\">\n\t\t\t<div class=\"elementor-column-wrap--c4373e9 elementor-widget-wrap elementor-element-populated\">\n\t\t\t\t\t\t<div class=\"elementor-element elementor-element-a58fa4b elementor-widget elementor-widget-image\" data-id=\"a58fa4b\" data-element_type=\"widget\" data-widget_type=\"image.default\">\n\t\t\t\t<div class=\"elementor-widget-container\">\n\t\t\t\t\t\t\t\t\t\t\t\t\t<img decoding=\"async\" width=\"70\" height=\"70\" src=\"https:\/\/aquavis.it\/wp-content\/uploads\/2024\/10\/icona1-1-1.svg\" class=\"attachment-full size-full wp-image-15822\" alt=\"\" \/>\t\t\t\t\t\t\t\t\t\t\t\t\t<\/div>\n\t\t\t\t<\/div>\n\t\t\t\t<div class=\"elementor-element elementor-element-79b7203 elementor-widget elementor-widget-heading\" data-id=\"79b7203\" data-element_type=\"widget\" data-widget_type=\"heading.default\">\n\t\t\t\t<div class=\"elementor-widget-container\">\n\t\t\t<h3 class=\"elementor-heading-title elementor-size-default\">Actifs contenus :\n<\/h3>\t\t<\/div>\n\t\t\t\t<\/div>\n\t\t\t\t<div class=\"elementor-element elementor-element-0a3893a elementor-widget elementor-widget-text-editor\" data-id=\"0a3893a\" data-element_type=\"widget\" data-widget_type=\"text-editor.default\">\n\t\t\t\t<div class=\"elementor-widget-container\">\n\t\t\t\t\t\t\t<p>Aquavis\u00ae, Vitamine B6, Th\u00e9 Vert, Extrait de Romarin et Menthe.<\/p>\n\t\t\t\t\t\t<\/div>\n\t\t\t\t<\/div>\n\t\t\t\t<div class=\"elementor-element elementor-element-af377db elementor-widget elementor-widget-heading\" data-id=\"af377db\" data-element_type=\"widget\" data-widget_type=\"heading.default\">\n\t\t\t\t<div class=\"elementor-widget-container\">\n\t\t\t<h3 class=\"elementor-heading-title elementor-size-default\">Qualit\u00e9 et s\u00e9curit\u00e9 :<\/h3>\t\t<\/div>\n\t\t\t\t<\/div>\n\t\t\t\t<div class=\"elementor-element elementor-element-6d96f39 elementor-widget elementor-widget-text-editor\" data-id=\"6d96f39\" data-element_type=\"widget\" data-widget_type=\"text-editor.default\">\n\t\t\t\t<div class=\"elementor-widget-container\">\n\t\t\t\t\t\t\t<p>Un test scientifique d\u00e9montre qu\u2019apr\u00e8s 8 semaines de traitement, la lotion r\u00e9duit la chute des cheveux de 75 % gr\u00e2ce \u00e0 une augmentation de leur r\u00e9sistance et de leur vitalit\u00e9, avec +60 % de repousse et +20 % de volume et de densit\u00e9. Test d\u2019\u00e9valuation de l\u2019augmentation du nombre de cheveux r\u00e9alis\u00e9 par l\u2019Universit\u00e9 Complutense de Madrid.<\/p>\n\t\t\t\t\t\t<\/div>\n\t\t\t\t<\/div>\n\t\t\t\t\t<\/div>\n\t\t<\/div>\n\t\t\t\t<div class=\"elementor-column elementor-col-33 elementor-top-column elementor-element elementor-element-544f512\" data-id=\"544f512\" data-element_type=\"column\">\n\t\t\t<div class=\"elementor-column-wrap--544f512 elementor-widget-wrap elementor-element-populated\">\n\t\t\t\t\t\t<div class=\"elementor-element elementor-element-1ed9744 elementor-widget elementor-widget-image\" data-id=\"1ed9744\" data-element_type=\"widget\" data-widget_type=\"image.default\">\n\t\t\t\t<div class=\"elementor-widget-container\">\n\t\t\t\t\t\t\t\t\t\t\t\t\t<img decoding=\"async\" width=\"70\" height=\"70\" src=\"https:\/\/aquavis.it\/wp-content\/uploads\/2024\/10\/icona2-1-1.svg\" class=\"attachment-full size-full wp-image-15823\" alt=\"\" \/>\t\t\t\t\t\t\t\t\t\t\t\t\t<\/div>\n\t\t\t\t<\/div>\n\t\t\t\t<div class=\"elementor-element elementor-element-d600513 elementor-widget elementor-widget-heading\" data-id=\"d600513\" data-element_type=\"widget\" data-widget_type=\"heading.default\">\n\t\t\t\t<div class=\"elementor-widget-container\">\n\t\t\t<h3 class=\"elementor-heading-title elementor-size-default\">B\u00e9n\u00e9fices :<\/h3>\t\t<\/div>\n\t\t\t\t<\/div>\n\t\t\t\t<div class=\"elementor-element elementor-element-03499b9 elementor-widget elementor-widget-text-editor\" data-id=\"03499b9\" data-element_type=\"widget\" data-widget_type=\"text-editor.default\">\n\t\t\t\t<div class=\"elementor-widget-container\">\n\t\t\t\t\t\t\t<p class=\"p1\">Le shampooing et le traitement ont comme actif principal l\u2019eau saline magn\u00e9tis\u00e9e <b><i>Aquavis\u00ae<\/i><\/b>, qui active l\u2019autophagie. Pourquoi est-ce important\u00a0? En ce qui concerne l\u2019alop\u00e9cie androg\u00e9n\u00e9tique (AGA), il s\u2019agit principalement d\u2019un m\u00e9canisme li\u00e9 \u00e0 la dihydrotestost\u00e9rone (DHT). L\u2019autophagie favorise la d\u00e9gradation du r\u00e9cepteur de la DHT et de l\u2019exc\u00e8s d\u2019enzyme 5-alpha-r\u00e9ductase. Quant \u00e0 la phase de t\u00e9log\u00e8ne effluvium (perte temporaire des cheveux), l\u2019autophagie stimule le catabolisme des prot\u00e9ines dans le follicule pileux en phase t\u00e9log\u00e8ne (croissance de courte dur\u00e9e), favorisant ainsi la synth\u00e8se de nouvelles prot\u00e9ines matricielles qui permettent le passage \u00e0 la phase anag\u00e8ne (croissance de longue dur\u00e9e).<br \/>Elle contient \u00e9galement de la <b><i>Vitamine B6<\/i><\/b>\u00a0: aide \u00e0 maintenir une bonne hydratation, renforce les cheveux et combat leur chute.<br \/><b><i>Arginine<\/i><\/b>\u00a0: vasodilatateur, cette propri\u00e9t\u00e9 est utilis\u00e9e pour augmenter l\u2019afflux sanguin et donc l\u2019oxyg\u00e9nation des bulbes pileux, pr\u00e9venant ainsi la chute des cheveux et favorisant une croissance saine.<br \/><b><i>Caf\u00e9ine<\/i><\/b>\u00a0: des \u00e9tudes in vitro ont d\u00e9montr\u00e9 qu\u2019elle stimule la croissance des cheveux en r\u00e9duisant la suppression de la vitalit\u00e9 du follicule pileux.<br \/><b><i>Extrait de Romarin<\/i><\/b>\u00a0: combat la chute des cheveux en stimulant la circulation, en favorisant l\u2019oxyg\u00e9nation des tissus et la repousse capillaire.<br \/><b><i>Extrait de Menthe<\/i><\/b>\u00a0: rafra\u00eechissant.<br \/><b><i>Panth\u00e9nol<\/i><\/b>\u00a0: r\u00e9pare et renforce les cheveux ab\u00eem\u00e9s, \u00e9paissit la fibre capillaire, r\u00e9duit les fourches et augmente la r\u00e9sistance \u00e0 la traction du cheveu. Il exerce \u00e9galement une action anti-chute.<\/p>\t\t\t\t\t\t<\/div>\n\t\t\t\t<\/div>\n\t\t\t\t\t<\/div>\n\t\t<\/div>\n\t\t\t\t<div class=\"elementor-column elementor-col-33 elementor-top-column elementor-element elementor-element-ff679a5\" data-id=\"ff679a5\" data-element_type=\"column\">\n\t\t\t<div class=\"elementor-column-wrap--ff679a5 elementor-widget-wrap elementor-element-populated\">\n\t\t\t\t\t\t<div class=\"elementor-element elementor-element-ac6396a elementor-widget elementor-widget-image\" data-id=\"ac6396a\" data-element_type=\"widget\" data-widget_type=\"image.default\">\n\t\t\t\t<div class=\"elementor-widget-container\">\n\t\t\t\t\t\t\t\t\t\t\t\t\t<img decoding=\"async\" width=\"70\" height=\"70\" src=\"https:\/\/aquavis.it\/wp-content\/uploads\/2024\/10\/icona3-1-1.svg\" class=\"attachment-full size-full wp-image-15824\" alt=\"\" \/>\t\t\t\t\t\t\t\t\t\t\t\t\t<\/div>\n\t\t\t\t<\/div>\n\t\t\t\t<div class=\"elementor-element elementor-element-a4ff53e elementor-widget elementor-widget-heading\" data-id=\"a4ff53e\" data-element_type=\"widget\" data-widget_type=\"heading.default\">\n\t\t\t\t<div class=\"elementor-widget-container\">\n\t\t\t<h3 class=\"elementor-heading-title elementor-size-default\">Ingr\u00e9dients :<\/h3>\t\t<\/div>\n\t\t\t\t<\/div>\n\t\t\t\t<div class=\"elementor-element elementor-element-58a8fea elementor-widget elementor-widget-text-editor\" data-id=\"58a8fea\" data-element_type=\"widget\" data-widget_type=\"text-editor.default\">\n\t\t\t\t<div class=\"elementor-widget-container\">\n\t\t\t\t\t\t\t<p>aqua [water], pisum sativum (pea) sprout extract, pyridoxine hcl, mentha piperita (peppermint) oil, panthenol, caffeine, rosmarinus officinalis (rosemary) leaf extract, rosmarinus officinalis (rosemary) leaf oil, arginine, potassium chloride, tocopherol, calcium chloride, magnesium chloride, zinc chloride, sodium benzoate, phenoxyethanol, peg-40 hydrogenated castor oil, ethylhexylglycerin, peg-40 castor oil, polysorbate 20, disodium edta, propylene glycol, limonene, benzyl alcohol.<\/p>\t\t\t\t\t\t<\/div>\n\t\t\t\t<\/div>\n\t\t\t\t<div class=\"elementor-element elementor-element-79edd90 elementor-widget elementor-widget-heading\" data-id=\"79edd90\" data-element_type=\"widget\" data-widget_type=\"heading.default\">\n\t\t\t\t<div class=\"elementor-widget-container\">\n\t\t\t<h3 class=\"elementor-heading-title elementor-size-default\">Indications et mode d\u2019emploi :<\/h3>\t\t<\/div>\n\t\t\t\t<\/div>\n\t\t\t\t<div class=\"elementor-element elementor-element-3d277c3 elementor-widget elementor-widget-text-editor\" data-id=\"3d277c3\" data-element_type=\"widget\" data-widget_type=\"text-editor.default\">\n\t\t\t\t<div class=\"elementor-widget-container\">\n\t\t\t\t\t\t\t<p class=\"p1\">\u00c0 appliquer directement sur les zones du cuir chevelu les plus clairsem\u00e9es, 2 \u00e0 3 fois par semaine. Nous recommandons un traitement constant et continu d\u2019au moins 8 semaines pour obtenir des r\u00e9sultats visibles. Une ampoule dure environ 4 \u00e0 5 applications.<\/p>\n\t\t\t\t\t\t<\/div>\n\t\t\t\t<\/div>\n\t\t\t\t\t<\/div>\n\t\t<\/div>\n\t\t\t\t\t<\/div>\n\t\t<\/section>\n\t\t\t\t<\/div>\n\t\t","protected":false},"excerpt":{"rendered":"<p class=\"p1\"><strong>Avec Aquavis\u00ae, Arginine, Caf\u00e9ine, Panth\u00e9nol, Extrait de Romarin et Menthe.<\/strong><\/p>\n<p class=\"p1\">Formul\u00e9 \u00e0 base d\u2019eau saline magn\u00e9tis\u00e9e Aquavis\u00ae, avec des actifs soigneusement dos\u00e9s mais puissants, il augmente la r\u00e9sistance des cheveux face au stress \u00e9motionnel, au brossage, \u00e0 l\u2019utilisation du s\u00e8che-cheveux et \u00e0 l\u2019exposition prolong\u00e9e aux agents polluants. Il renforce la fibre capillaire et pr\u00e9vient la chute des cheveux.<\/p>\n<ul>\n<li class=\"p1\"><strong>STIMULE LA POUSSE.<\/strong><\/li>\n<li class=\"p2\"><strong>RENFORCE LE BULBE.<\/strong><\/li>\n<li class=\"p2\"><strong>R\u00c9G\u00c9N\u00c8RE LE CHEVEU.<\/strong><\/li>\n<li class=\"p2\"><strong>STIMULE L\u2019AUTOPHAGIE.<\/strong><\/li>\n<li class=\"p2\"><strong>ANTI-CHUTE.<\/strong><\/li>\n<\/ul>\n","protected":false},"featured_media":18478,"comment_status":"open","ping_status":"closed","template":"","meta":{"_acf_changed":false},"product_cat":[347],"product_tag":[],"class_list":{"0":"post-15680","1":"product","2":"type-product","3":"status-publish","4":"has-post-thumbnail","6":"product_cat-soins-anti-chute","8":"first","9":"instock","10":"shipping-taxable","11":"purchasable","12":"product-type-simple","swatches":"rey-swatches","show_selected":"","stretch_labels":"rey-swatches--stretch-labels"},"acf":[],"yoast_head":"<!-- This site is optimized with the Yoast SEO plugin v26.4 - https:\/\/yoast.com\/wordpress\/plugins\/seo\/ -->\n<title>Traitement Anti-Chute 4x15ml - Aquavis<\/title>\n<meta name=\"robots\" content=\"index, follow, max-snippet:-1, max-image-preview:large, max-video-preview:-1\" \/>\n<link rel=\"canonical\" href=\"https:\/\/aquavis.it\/fr\/prodotto\/lozione\/\" \/>\n<meta property=\"og:locale\" content=\"fr_FR\" \/>\n<meta property=\"og:type\" content=\"article\" \/>\n<meta property=\"og:title\" content=\"Traitement Anti-Chute 4x15ml - Aquavis\" \/>\n<meta property=\"og:description\" content=\"Avec Aquavis\u00ae, Arginine, Caf\u00e9ine, Panth\u00e9nol, Extrait de Romarin et Menthe. Formul\u00e9 \u00e0 base d\u2019eau saline magn\u00e9tis\u00e9e Aquavis\u00ae, avec des actifs soigneusement dos\u00e9s mais puissants, il augmente la r\u00e9sistance des cheveux face au stress \u00e9motionnel, au brossage, \u00e0 l\u2019utilisation du s\u00e8che-cheveux et \u00e0 l\u2019exposition prolong\u00e9e aux agents polluants. Il renforce la fibre capillaire et pr\u00e9vient la chute des cheveux.    STIMULE LA POUSSE.  RENFORCE LE BULBE.  R\u00c9G\u00c9N\u00c8RE LE CHEVEU.  STIMULE L\u2019AUTOPHAGIE.  ANTI-CHUTE.\" \/>\n<meta property=\"og:url\" content=\"https:\/\/aquavis.it\/fr\/prodotto\/lozione\/\" \/>\n<meta property=\"og:site_name\" content=\"Aquavis\" \/>\n<meta property=\"article:publisher\" content=\"https:\/\/www.facebook.com\/aquavis.it\" \/>\n<meta property=\"article:modified_time\" content=\"2025-10-10T13:51:08+00:00\" \/>\n<meta property=\"og:image\" content=\"https:\/\/aquavis.it\/wp-content\/uploads\/2023\/09\/468225449_586279453901073_226845213673263654_n-1.jpg\" \/>\n\t<meta property=\"og:image:width\" content=\"960\" \/>\n\t<meta property=\"og:image:height\" content=\"960\" \/>\n\t<meta property=\"og:image:type\" content=\"image\/jpeg\" \/>\n<meta name=\"twitter:card\" content=\"summary_large_image\" \/>\n<meta name=\"twitter:label1\" content=\"Dur\u00e9e de lecture estim\u00e9e\" \/>\n\t<meta name=\"twitter:data1\" content=\"3 minutes\" \/>\n<script type=\"application\/ld+json\" class=\"yoast-schema-graph\">{\"@context\":\"https:\/\/schema.org\",\"@graph\":[{\"@type\":\"WebPage\",\"@id\":\"https:\/\/aquavis.it\/fr\/prodotto\/lozione\/\",\"url\":\"https:\/\/aquavis.it\/fr\/prodotto\/lozione\/\",\"name\":\"Traitement Anti-Chute 4x15ml - Aquavis\",\"isPartOf\":{\"@id\":\"https:\/\/aquavis.it\/fr\/#website\"},\"primaryImageOfPage\":{\"@id\":\"https:\/\/aquavis.it\/fr\/prodotto\/lozione\/#primaryimage\"},\"image\":{\"@id\":\"https:\/\/aquavis.it\/fr\/prodotto\/lozione\/#primaryimage\"},\"thumbnailUrl\":\"https:\/\/aquavis.it\/wp-content\/uploads\/2023\/09\/LOZIONE-ANTICADUTA.jpg\",\"datePublished\":\"2023-09-15T11:43:48+00:00\",\"dateModified\":\"2025-10-10T13:51:08+00:00\",\"breadcrumb\":{\"@id\":\"https:\/\/aquavis.it\/fr\/prodotto\/lozione\/#breadcrumb\"},\"inLanguage\":\"fr-FR\",\"potentialAction\":[{\"@type\":\"ReadAction\",\"target\":[\"https:\/\/aquavis.it\/fr\/prodotto\/lozione\/\"]}]},{\"@type\":\"ImageObject\",\"inLanguage\":\"fr-FR\",\"@id\":\"https:\/\/aquavis.it\/fr\/prodotto\/lozione\/#primaryimage\",\"url\":\"https:\/\/aquavis.it\/wp-content\/uploads\/2023\/09\/LOZIONE-ANTICADUTA.jpg\",\"contentUrl\":\"https:\/\/aquavis.it\/wp-content\/uploads\/2023\/09\/LOZIONE-ANTICADUTA.jpg\",\"width\":1000,\"height\":1000},{\"@type\":\"BreadcrumbList\",\"@id\":\"https:\/\/aquavis.it\/fr\/prodotto\/lozione\/#breadcrumb\",\"itemListElement\":[{\"@type\":\"ListItem\",\"position\":1,\"name\":\"Home\",\"item\":\"https:\/\/aquavis.it\/fr\/\"},{\"@type\":\"ListItem\",\"position\":2,\"name\":\"Boutique\",\"item\":\"https:\/\/aquavis.it\/fr\/boutique\/\"},{\"@type\":\"ListItem\",\"position\":3,\"name\":\"Traitement Anti-Chute 4x15ml\"}]},{\"@type\":\"WebSite\",\"@id\":\"https:\/\/aquavis.it\/fr\/#website\",\"url\":\"https:\/\/aquavis.it\/fr\/\",\"name\":\"Aquavis\",\"description\":\"\",\"potentialAction\":[{\"@type\":\"SearchAction\",\"target\":{\"@type\":\"EntryPoint\",\"urlTemplate\":\"https:\/\/aquavis.it\/fr\/?s={search_term_string}\"},\"query-input\":{\"@type\":\"PropertyValueSpecification\",\"valueRequired\":true,\"valueName\":\"search_term_string\"}}],\"inLanguage\":\"fr-FR\"}]}<\/script>\n<!-- \/ Yoast SEO plugin. -->","yoast_head_json":{"title":"Traitement Anti-Chute 4x15ml - Aquavis","robots":{"index":"index","follow":"follow","max-snippet":"max-snippet:-1","max-image-preview":"max-image-preview:large","max-video-preview":"max-video-preview:-1"},"canonical":"https:\/\/aquavis.it\/fr\/prodotto\/lozione\/","og_locale":"fr_FR","og_type":"article","og_title":"Traitement Anti-Chute 4x15ml - Aquavis","og_description":"Avec Aquavis\u00ae, Arginine, Caf\u00e9ine, Panth\u00e9nol, Extrait de Romarin et Menthe. Formul\u00e9 \u00e0 base d\u2019eau saline magn\u00e9tis\u00e9e Aquavis\u00ae, avec des actifs soigneusement dos\u00e9s mais puissants, il augmente la r\u00e9sistance des cheveux face au stress \u00e9motionnel, au brossage, \u00e0 l\u2019utilisation du s\u00e8che-cheveux et \u00e0 l\u2019exposition prolong\u00e9e aux agents polluants. Il renforce la fibre capillaire et pr\u00e9vient la chute des cheveux.    STIMULE LA POUSSE.  RENFORCE LE BULBE.  R\u00c9G\u00c9N\u00c8RE LE CHEVEU.  STIMULE L\u2019AUTOPHAGIE.  ANTI-CHUTE.","og_url":"https:\/\/aquavis.it\/fr\/prodotto\/lozione\/","og_site_name":"Aquavis","article_publisher":"https:\/\/www.facebook.com\/aquavis.it","article_modified_time":"2025-10-10T13:51:08+00:00","og_image":[{"width":960,"height":960,"url":"https:\/\/aquavis.it\/wp-content\/uploads\/2023\/09\/468225449_586279453901073_226845213673263654_n-1.jpg","type":"image\/jpeg"}],"twitter_card":"summary_large_image","twitter_misc":{"Dur\u00e9e de lecture estim\u00e9e":"3 minutes"},"schema":{"@context":"https:\/\/schema.org","@graph":[{"@type":"WebPage","@id":"https:\/\/aquavis.it\/fr\/prodotto\/lozione\/","url":"https:\/\/aquavis.it\/fr\/prodotto\/lozione\/","name":"Traitement Anti-Chute 4x15ml - Aquavis","isPartOf":{"@id":"https:\/\/aquavis.it\/fr\/#website"},"primaryImageOfPage":{"@id":"https:\/\/aquavis.it\/fr\/prodotto\/lozione\/#primaryimage"},"image":{"@id":"https:\/\/aquavis.it\/fr\/prodotto\/lozione\/#primaryimage"},"thumbnailUrl":"https:\/\/aquavis.it\/wp-content\/uploads\/2023\/09\/LOZIONE-ANTICADUTA.jpg","datePublished":"2023-09-15T11:43:48+00:00","dateModified":"2025-10-10T13:51:08+00:00","breadcrumb":{"@id":"https:\/\/aquavis.it\/fr\/prodotto\/lozione\/#breadcrumb"},"inLanguage":"fr-FR","potentialAction":[{"@type":"ReadAction","target":["https:\/\/aquavis.it\/fr\/prodotto\/lozione\/"]}]},{"@type":"ImageObject","inLanguage":"fr-FR","@id":"https:\/\/aquavis.it\/fr\/prodotto\/lozione\/#primaryimage","url":"https:\/\/aquavis.it\/wp-content\/uploads\/2023\/09\/LOZIONE-ANTICADUTA.jpg","contentUrl":"https:\/\/aquavis.it\/wp-content\/uploads\/2023\/09\/LOZIONE-ANTICADUTA.jpg","width":1000,"height":1000},{"@type":"BreadcrumbList","@id":"https:\/\/aquavis.it\/fr\/prodotto\/lozione\/#breadcrumb","itemListElement":[{"@type":"ListItem","position":1,"name":"Home","item":"https:\/\/aquavis.it\/fr\/"},{"@type":"ListItem","position":2,"name":"Boutique","item":"https:\/\/aquavis.it\/fr\/boutique\/"},{"@type":"ListItem","position":3,"name":"Traitement Anti-Chute 4x15ml"}]},{"@type":"WebSite","@id":"https:\/\/aquavis.it\/fr\/#website","url":"https:\/\/aquavis.it\/fr\/","name":"Aquavis","description":"","potentialAction":[{"@type":"SearchAction","target":{"@type":"EntryPoint","urlTemplate":"https:\/\/aquavis.it\/fr\/?s={search_term_string}"},"query-input":{"@type":"PropertyValueSpecification","valueRequired":true,"valueName":"search_term_string"}}],"inLanguage":"fr-FR"}]}},"_links":{"self":[{"href":"https:\/\/aquavis.it\/fr\/wp-json\/wp\/v2\/product\/15680","targetHints":{"allow":["GET"]}}],"collection":[{"href":"https:\/\/aquavis.it\/fr\/wp-json\/wp\/v2\/product"}],"about":[{"href":"https:\/\/aquavis.it\/fr\/wp-json\/wp\/v2\/types\/product"}],"replies":[{"embeddable":true,"href":"https:\/\/aquavis.it\/fr\/wp-json\/wp\/v2\/comments?post=15680"}],"version-history":[{"count":6,"href":"https:\/\/aquavis.it\/fr\/wp-json\/wp\/v2\/product\/15680\/revisions"}],"predecessor-version":[{"id":16201,"href":"https:\/\/aquavis.it\/fr\/wp-json\/wp\/v2\/product\/15680\/revisions\/16201"}],"wp:featuredmedia":[{"embeddable":true,"href":"https:\/\/aquavis.it\/fr\/wp-json\/wp\/v2\/media\/18478"}],"wp:attachment":[{"href":"https:\/\/aquavis.it\/fr\/wp-json\/wp\/v2\/media?parent=15680"}],"wp:term":[{"taxonomy":"product_cat","embeddable":true,"href":"https:\/\/aquavis.it\/fr\/wp-json\/wp\/v2\/product_cat?post=15680"},{"taxonomy":"product_tag","embeddable":true,"href":"https:\/\/aquavis.it\/fr\/wp-json\/wp\/v2\/product_tag?post=15680"}],"curies":[{"name":"wp","href":"https:\/\/api.w.org\/{rel}","templated":true}]}}