{"id":15677,"date":"2023-11-07T16:00:58","date_gmt":"2023-11-07T15:00:58","guid":{"rendered":"https:\/\/aquavis.it\/prodotto\/gel-antiacne\/"},"modified":"2025-10-10T15:52:01","modified_gmt":"2025-10-10T13:52:01","slug":"gel-antiacne","status":"publish","type":"product","link":"https:\/\/aquavis.it\/fr\/prodotto\/gel-antiacne\/","title":{"rendered":"Gel Anti-Acn\u00e9 2x10ml"},"content":{"rendered":"\t\t<div data-elementor-type=\"wp-post\" data-elementor-id=\"15677\" class=\"elementor elementor-15677 elementor-2634\" data-elementor-post-type=\"product\">\n\t\t\t\t\t\t<section class=\"elementor-section elementor-top-section elementor-element elementor-element-839fc3b rey-section-stretched rey-section-bg--classic elementor-section-boxed elementor-section-height-default elementor-section-height-default\" data-id=\"839fc3b\" data-element_type=\"section\" data-settings=\"{&quot;background_background&quot;:&quot;classic&quot;}\">\n\t\t\t\t\t\t<div class=\"elementor-container elementor-column-gap-default\">\n\t\t\t\t\t<div class=\"elementor-column elementor-col-33 elementor-top-column elementor-element elementor-element-82e348a\" data-id=\"82e348a\" data-element_type=\"column\">\n\t\t\t<div class=\"elementor-column-wrap--82e348a elementor-widget-wrap elementor-element-populated\">\n\t\t\t\t\t\t<div class=\"elementor-element elementor-element-c2db1f8 elementor-widget elementor-widget-image\" data-id=\"c2db1f8\" data-element_type=\"widget\" data-widget_type=\"image.default\">\n\t\t\t\t<div class=\"elementor-widget-container\">\n\t\t\t\t\t\t\t\t\t\t\t\t\t<img decoding=\"async\" width=\"70\" height=\"70\" src=\"https:\/\/aquavis.it\/wp-content\/uploads\/2024\/10\/icona1-1-1.svg\" class=\"attachment-full size-full wp-image-15822\" alt=\"\" \/>\t\t\t\t\t\t\t\t\t\t\t\t\t<\/div>\n\t\t\t\t<\/div>\n\t\t\t\t<div class=\"elementor-element elementor-element-1d6566b elementor-widget elementor-widget-heading\" data-id=\"1d6566b\" data-element_type=\"widget\" data-widget_type=\"heading.default\">\n\t\t\t\t<div class=\"elementor-widget-container\">\n\t\t\t<h3 class=\"elementor-heading-title elementor-size-default\">Actifs contenus :<\/h3>\t\t<\/div>\n\t\t\t\t<\/div>\n\t\t\t\t<div class=\"elementor-element elementor-element-a83506e elementor-widget elementor-widget-text-editor\" data-id=\"a83506e\" data-element_type=\"widget\" data-widget_type=\"text-editor.default\">\n\t\t\t\t<div class=\"elementor-widget-container\">\n\t\t\t\t\t\t\t<p>Aquavis\u00ae, Miracne, Fleurs d\u2019Oranger, Aloe BIO, Ur\u00e9e, Zinc, Glycine, Acide Lactique et Panth\u00e9nol.<\/p>\n\t\t\t\t\t\t<\/div>\n\t\t\t\t<\/div>\n\t\t\t\t<div class=\"elementor-element elementor-element-99166e5 elementor-widget elementor-widget-heading\" data-id=\"99166e5\" data-element_type=\"widget\" data-widget_type=\"heading.default\">\n\t\t\t\t<div class=\"elementor-widget-container\">\n\t\t\t<h3 class=\"elementor-heading-title elementor-size-default\">Qualit\u00e9 et s\u00e9curit\u00e9 :<\/h3>\t\t<\/div>\n\t\t\t\t<\/div>\n\t\t\t\t<div class=\"elementor-element elementor-element-9abab95 elementor-widget elementor-widget-text-editor\" data-id=\"9abab95\" data-element_type=\"widget\" data-widget_type=\"text-editor.default\">\n\t\t\t\t<div class=\"elementor-widget-container\">\n\t\t\t\t\t\t\t<p>L\u2019action s\u00e9bo-normalisante d\u2019Aquavis, confirm\u00e9e par des \u00e9tudes in vivo, conf\u00e8re au produit un effet synergique avec celui de Miracne. De plus, l\u2019activation du processus d\u2019autophagie par Aquavis contribue \u00e0 r\u00e9duire les processus cicatriciels que l\u2019acn\u00e9 peut parfois provoquer. Il exerce un effet \u00e9quilibrant sur la production de s\u00e9bum, r\u00e9duit les rougeurs de la peau lors des pouss\u00e9es d\u2019acn\u00e9 et rend les imperfections li\u00e9es \u00e0 l\u2019acn\u00e9 moins visibles.<\/p>\n\t\t\t\t\t\t<\/div>\n\t\t\t\t<\/div>\n\t\t\t\t\t<\/div>\n\t\t<\/div>\n\t\t\t\t<div class=\"elementor-column elementor-col-33 elementor-top-column elementor-element elementor-element-ea0de3d\" data-id=\"ea0de3d\" data-element_type=\"column\">\n\t\t\t<div class=\"elementor-column-wrap--ea0de3d elementor-widget-wrap elementor-element-populated\">\n\t\t\t\t\t\t<div class=\"elementor-element elementor-element-aaeadbb elementor-widget elementor-widget-image\" data-id=\"aaeadbb\" data-element_type=\"widget\" data-widget_type=\"image.default\">\n\t\t\t\t<div class=\"elementor-widget-container\">\n\t\t\t\t\t\t\t\t\t\t\t\t\t<img decoding=\"async\" width=\"70\" height=\"70\" src=\"https:\/\/aquavis.it\/wp-content\/uploads\/2024\/10\/icona2-1-1.svg\" class=\"attachment-full size-full wp-image-15823\" alt=\"\" \/>\t\t\t\t\t\t\t\t\t\t\t\t\t<\/div>\n\t\t\t\t<\/div>\n\t\t\t\t<div class=\"elementor-element elementor-element-03dd408 elementor-widget elementor-widget-heading\" data-id=\"03dd408\" data-element_type=\"widget\" data-widget_type=\"heading.default\">\n\t\t\t\t<div class=\"elementor-widget-container\">\n\t\t\t<h3 class=\"elementor-heading-title elementor-size-default\">B\u00e9n\u00e9fices :<\/h3>\t\t<\/div>\n\t\t\t\t<\/div>\n\t\t\t\t<div class=\"elementor-element elementor-element-baf62c2 elementor-widget elementor-widget-text-editor\" data-id=\"baf62c2\" data-element_type=\"widget\" data-widget_type=\"text-editor.default\">\n\t\t\t\t<div class=\"elementor-widget-container\">\n\t\t\t\t\t\t\t<p class=\"p1\">Contient <b>Aquavis\u00ae<\/b>, le premier principe de nature biophysique capable de stimuler l\u2019autophagie cutan\u00e9e selon un mode d\u2019action non pharmacologique. <b><i>Miracne<\/i><\/b> est un actif multifonctionnel qui exerce trois actions principales&nbsp;: antimicrobienne, anti-inflammatoire et r\u00e9gulatrice du s\u00e9bum. Il aide \u00e0 r\u00e9duire l\u2019apparition des boutons et \u00e0 apaiser la peau irrit\u00e9e. De plus, il r\u00e9gule la production de s\u00e9bum, contribuant \u00e0 pr\u00e9venir l\u2019obstruction des pores et les futures \u00e9ruptions cutan\u00e9es. Des \u00e9tudes cliniques d\u00e9montrent qu\u2019il peut r\u00e9duire l\u2019acn\u00e9 de 53&nbsp;% en une semaine et de 73&nbsp;% en deux semaines.  \n<b><i>Panth\u00e9nol<\/i><\/b>, \u00e9galement connu sous le nom de provitamine B5, poss\u00e8de des propri\u00e9t\u00e9s hydratantes, apaisantes et r\u00e9g\u00e9n\u00e9rantes.  \n<b><i>Glycine&nbsp;:<\/i><\/b> renforce la barri\u00e8re cutan\u00e9e, am\u00e9liorant l\u2019\u00e9lasticit\u00e9 et la fermet\u00e9 de la peau.  \n<b><i>Jus de feuilles d\u2019Aloe Vera<\/i><\/b>&nbsp;: connu pour ses propri\u00e9t\u00e9s apaisantes, il est utilis\u00e9 pour calmer la peau irrit\u00e9e, enflamm\u00e9e ou br\u00fbl\u00e9e par le soleil et favorise la cicatrisation.  \n<b><i>Prot\u00e9ine de Bl\u00e9 (Hydrolys\u00e9e)&nbsp;:<\/i><\/b> aide \u00e0 renforcer la structure de la peau et forme une barri\u00e8re protectrice qui pr\u00e9vient la d\u00e9shydratation.  \nCes ingr\u00e9dients agissent en synergie avec Aquavis pour cicatriser, apaiser et r\u00e9duire les rougeurs de la peau sujette \u00e0 l\u2019acn\u00e9.<\/p>\n\t\t\t\t\t\t<\/div>\n\t\t\t\t<\/div>\n\t\t\t\t\t<\/div>\n\t\t<\/div>\n\t\t\t\t<div class=\"elementor-column elementor-col-33 elementor-top-column elementor-element elementor-element-b717881\" data-id=\"b717881\" data-element_type=\"column\">\n\t\t\t<div class=\"elementor-column-wrap--b717881 elementor-widget-wrap elementor-element-populated\">\n\t\t\t\t\t\t<div class=\"elementor-element elementor-element-e6ee71d elementor-widget elementor-widget-image\" data-id=\"e6ee71d\" data-element_type=\"widget\" data-widget_type=\"image.default\">\n\t\t\t\t<div class=\"elementor-widget-container\">\n\t\t\t\t\t\t\t\t\t\t\t\t\t<img decoding=\"async\" width=\"70\" height=\"70\" src=\"https:\/\/aquavis.it\/wp-content\/uploads\/2024\/10\/icona3-1-1.svg\" class=\"attachment-full size-full wp-image-15824\" alt=\"\" \/>\t\t\t\t\t\t\t\t\t\t\t\t\t<\/div>\n\t\t\t\t<\/div>\n\t\t\t\t<div class=\"elementor-element elementor-element-b69677c elementor-widget elementor-widget-heading\" data-id=\"b69677c\" data-element_type=\"widget\" data-widget_type=\"heading.default\">\n\t\t\t\t<div class=\"elementor-widget-container\">\n\t\t\t<h3 class=\"elementor-heading-title elementor-size-default\">Ingr\u00e9dients :<\/h3>\t\t<\/div>\n\t\t\t\t<\/div>\n\t\t\t\t<div class=\"elementor-element elementor-element-feef175 elementor-widget elementor-widget-text-editor\" data-id=\"feef175\" data-element_type=\"widget\" data-widget_type=\"text-editor.default\">\n\t\t\t\t<div class=\"elementor-widget-container\">\n\t\t\t\t\t\t\t<p>aqua (water), acrylates\/c10-30 alkyl acrylate, crosspolymer, citrus aurantium amara flower water (citrus aurantium amara (bitter orange) flower water), aloe barbadensis leaf juice*, zinc chloride, potassium chloride, aluminum chloride, calcium chloride, magnesium chloride, hydrolyzed wheat protein, sodium chloride, glycerin, sodium hydroxide, sodium dehydroacetate, glucose, sorbitol, sodium glutamate, urea, sodium pca, glycine, lactic acid, panthenol, disodium edta, ethylhexylglycerin, phenoxyethanol, propanediol, xylitol, caprylic acid, tetrasodium glutamate diacetate. *da agricoltura biologica.<\/p>\t\t\t\t\t\t<\/div>\n\t\t\t\t<\/div>\n\t\t\t\t<div class=\"elementor-element elementor-element-a212ddd elementor-widget elementor-widget-heading\" data-id=\"a212ddd\" data-element_type=\"widget\" data-widget_type=\"heading.default\">\n\t\t\t\t<div class=\"elementor-widget-container\">\n\t\t\t<h3 class=\"elementor-heading-title elementor-size-default\">Indications et mode d\u2019emploi :<\/h3>\t\t<\/div>\n\t\t\t\t<\/div>\n\t\t\t\t<div class=\"elementor-element elementor-element-17b5a89 elementor-widget elementor-widget-text-editor\" data-id=\"17b5a89\" data-element_type=\"widget\" data-widget_type=\"text-editor.default\">\n\t\t\t\t<div class=\"elementor-widget-container\">\n\t\t\t\t\t\t\t<p class=\"p1\">Appliquer le gel matin et soir directement sur la peau \u00e0 tendance acn\u00e9ique. Gr\u00e2ce \u00e0 sa formule \u00e0 absorption rapide, le gel p\u00e9n\u00e8tre facilement dans la peau sans laisser de traces. Lors des premi\u00e8res applications, en particulier si le trouble cutan\u00e9 est en phase aigu\u00eb, une l\u00e9g\u00e8re sensation de br\u00fblure peut \u00eatre ressentie, mais elle dispara\u00eet avec les applications suivantes.<\/p>\n\t\t\t\t\t\t<\/div>\n\t\t\t\t<\/div>\n\t\t\t\t\t<\/div>\n\t\t<\/div>\n\t\t\t\t\t<\/div>\n\t\t<\/section>\n\t\t\t\t<\/div>\n\t\t","protected":false},"excerpt":{"rendered":"<p class=\"p1\"><strong>Avec Aquavis\u00ae, Miracne, Fleurs d\u2019Oranger, Aloe BIO, Ur\u00e9e, Zinc, Glycine, Acide Lactique et Panth\u00e9nol.<\/strong><\/p>\n<p class=\"p1\">Gel formul\u00e9 avec Miracne et Aquavis, il r\u00e9duit la production de s\u00e9bum cutan\u00e9, inhibe la formation d\u2019impuret\u00e9s telles que les points noirs et les petites imperfections, et combat la colonisation bact\u00e9rienne.<\/p>\n<ul>\n<li class=\"p1\"><strong>APAISANT<\/strong><\/li>\n<li class=\"p2\"><strong>CICATRISANT<\/strong><\/li>\n<li class=\"p2\"><strong>STIMULE L\u2019AUTOPHAGIE.<\/strong><\/li>\n<li class=\"p2\"><strong>ILLUMINANT.<\/strong><\/li>\n<li class=\"p2\"><strong>ANTIBACT\u00c9RIEN<\/strong><\/li>\n<\/ul>\n","protected":false},"featured_media":18475,"comment_status":"open","ping_status":"closed","template":"","meta":{"_acf_changed":false},"product_cat":[340],"product_tag":[],"class_list":{"0":"post-15677","1":"product","2":"type-product","3":"status-publish","4":"has-post-thumbnail","6":"product_cat-soin-de-la-peau","8":"first","9":"instock","10":"shipping-taxable","11":"purchasable","12":"product-type-simple","swatches":"rey-swatches","show_selected":"","stretch_labels":"rey-swatches--stretch-labels"},"acf":[],"yoast_head":"<!-- This site is optimized with the Yoast SEO plugin v26.4 - https:\/\/yoast.com\/wordpress\/plugins\/seo\/ -->\n<title>Gel Anti-Acn\u00e9 2x10ml - Aquavis<\/title>\n<meta name=\"robots\" content=\"index, follow, max-snippet:-1, max-image-preview:large, max-video-preview:-1\" \/>\n<link rel=\"canonical\" href=\"https:\/\/aquavis.it\/fr\/prodotto\/gel-antiacne\/\" \/>\n<meta property=\"og:locale\" content=\"fr_FR\" \/>\n<meta property=\"og:type\" content=\"article\" \/>\n<meta property=\"og:title\" content=\"Gel Anti-Acn\u00e9 2x10ml - Aquavis\" \/>\n<meta property=\"og:description\" content=\"Avec Aquavis\u00ae, Miracne, Fleurs d\u2019Oranger, Aloe BIO, Ur\u00e9e, Zinc, Glycine, Acide Lactique et Panth\u00e9nol. Gel formul\u00e9 avec Miracne et Aquavis, il r\u00e9duit la production de s\u00e9bum cutan\u00e9, inhibe la formation d\u2019impuret\u00e9s telles que les points noirs et les petites imperfections, et combat la colonisation bact\u00e9rienne.    APAISANT  CICATRISANT  STIMULE L\u2019AUTOPHAGIE.  ILLUMINANT.  ANTIBACT\u00c9RIEN\" \/>\n<meta property=\"og:url\" content=\"https:\/\/aquavis.it\/fr\/prodotto\/gel-antiacne\/\" \/>\n<meta property=\"og:site_name\" content=\"Aquavis\" \/>\n<meta property=\"article:publisher\" content=\"https:\/\/www.facebook.com\/aquavis.it\" \/>\n<meta property=\"article:modified_time\" content=\"2025-10-10T13:52:01+00:00\" \/>\n<meta property=\"og:image\" content=\"https:\/\/aquavis.it\/wp-content\/uploads\/2023\/11\/468433031_1574648263151836_6129001863459218138_n-1.jpg\" \/>\n\t<meta property=\"og:image:width\" content=\"960\" \/>\n\t<meta property=\"og:image:height\" content=\"960\" \/>\n\t<meta property=\"og:image:type\" content=\"image\/jpeg\" \/>\n<meta name=\"twitter:card\" content=\"summary_large_image\" \/>\n<meta name=\"twitter:label1\" content=\"Dur\u00e9e de lecture estim\u00e9e\" \/>\n\t<meta name=\"twitter:data1\" content=\"3 minutes\" \/>\n<script type=\"application\/ld+json\" class=\"yoast-schema-graph\">{\"@context\":\"https:\/\/schema.org\",\"@graph\":[{\"@type\":\"WebPage\",\"@id\":\"https:\/\/aquavis.it\/fr\/prodotto\/gel-antiacne\/\",\"url\":\"https:\/\/aquavis.it\/fr\/prodotto\/gel-antiacne\/\",\"name\":\"Gel Anti-Acn\u00e9 2x10ml - Aquavis\",\"isPartOf\":{\"@id\":\"https:\/\/aquavis.it\/fr\/#website\"},\"primaryImageOfPage\":{\"@id\":\"https:\/\/aquavis.it\/fr\/prodotto\/gel-antiacne\/#primaryimage\"},\"image\":{\"@id\":\"https:\/\/aquavis.it\/fr\/prodotto\/gel-antiacne\/#primaryimage\"},\"thumbnailUrl\":\"https:\/\/aquavis.it\/wp-content\/uploads\/2023\/11\/GEL-ANTIACNE-PACK.jpg\",\"datePublished\":\"2023-11-07T15:00:58+00:00\",\"dateModified\":\"2025-10-10T13:52:01+00:00\",\"breadcrumb\":{\"@id\":\"https:\/\/aquavis.it\/fr\/prodotto\/gel-antiacne\/#breadcrumb\"},\"inLanguage\":\"fr-FR\",\"potentialAction\":[{\"@type\":\"ReadAction\",\"target\":[\"https:\/\/aquavis.it\/fr\/prodotto\/gel-antiacne\/\"]}]},{\"@type\":\"ImageObject\",\"inLanguage\":\"fr-FR\",\"@id\":\"https:\/\/aquavis.it\/fr\/prodotto\/gel-antiacne\/#primaryimage\",\"url\":\"https:\/\/aquavis.it\/wp-content\/uploads\/2023\/11\/GEL-ANTIACNE-PACK.jpg\",\"contentUrl\":\"https:\/\/aquavis.it\/wp-content\/uploads\/2023\/11\/GEL-ANTIACNE-PACK.jpg\",\"width\":1000,\"height\":1000},{\"@type\":\"BreadcrumbList\",\"@id\":\"https:\/\/aquavis.it\/fr\/prodotto\/gel-antiacne\/#breadcrumb\",\"itemListElement\":[{\"@type\":\"ListItem\",\"position\":1,\"name\":\"Home\",\"item\":\"https:\/\/aquavis.it\/fr\/\"},{\"@type\":\"ListItem\",\"position\":2,\"name\":\"Boutique\",\"item\":\"https:\/\/aquavis.it\/fr\/boutique\/\"},{\"@type\":\"ListItem\",\"position\":3,\"name\":\"Gel Anti-Acn\u00e9 2x10ml\"}]},{\"@type\":\"WebSite\",\"@id\":\"https:\/\/aquavis.it\/fr\/#website\",\"url\":\"https:\/\/aquavis.it\/fr\/\",\"name\":\"Aquavis\",\"description\":\"\",\"potentialAction\":[{\"@type\":\"SearchAction\",\"target\":{\"@type\":\"EntryPoint\",\"urlTemplate\":\"https:\/\/aquavis.it\/fr\/?s={search_term_string}\"},\"query-input\":{\"@type\":\"PropertyValueSpecification\",\"valueRequired\":true,\"valueName\":\"search_term_string\"}}],\"inLanguage\":\"fr-FR\"}]}<\/script>\n<!-- \/ Yoast SEO plugin. -->","yoast_head_json":{"title":"Gel Anti-Acn\u00e9 2x10ml - Aquavis","robots":{"index":"index","follow":"follow","max-snippet":"max-snippet:-1","max-image-preview":"max-image-preview:large","max-video-preview":"max-video-preview:-1"},"canonical":"https:\/\/aquavis.it\/fr\/prodotto\/gel-antiacne\/","og_locale":"fr_FR","og_type":"article","og_title":"Gel Anti-Acn\u00e9 2x10ml - Aquavis","og_description":"Avec Aquavis\u00ae, Miracne, Fleurs d\u2019Oranger, Aloe BIO, Ur\u00e9e, Zinc, Glycine, Acide Lactique et Panth\u00e9nol. Gel formul\u00e9 avec Miracne et Aquavis, il r\u00e9duit la production de s\u00e9bum cutan\u00e9, inhibe la formation d\u2019impuret\u00e9s telles que les points noirs et les petites imperfections, et combat la colonisation bact\u00e9rienne.    APAISANT  CICATRISANT  STIMULE L\u2019AUTOPHAGIE.  ILLUMINANT.  ANTIBACT\u00c9RIEN","og_url":"https:\/\/aquavis.it\/fr\/prodotto\/gel-antiacne\/","og_site_name":"Aquavis","article_publisher":"https:\/\/www.facebook.com\/aquavis.it","article_modified_time":"2025-10-10T13:52:01+00:00","og_image":[{"width":960,"height":960,"url":"https:\/\/aquavis.it\/wp-content\/uploads\/2023\/11\/468433031_1574648263151836_6129001863459218138_n-1.jpg","type":"image\/jpeg"}],"twitter_card":"summary_large_image","twitter_misc":{"Dur\u00e9e de lecture estim\u00e9e":"3 minutes"},"schema":{"@context":"https:\/\/schema.org","@graph":[{"@type":"WebPage","@id":"https:\/\/aquavis.it\/fr\/prodotto\/gel-antiacne\/","url":"https:\/\/aquavis.it\/fr\/prodotto\/gel-antiacne\/","name":"Gel Anti-Acn\u00e9 2x10ml - Aquavis","isPartOf":{"@id":"https:\/\/aquavis.it\/fr\/#website"},"primaryImageOfPage":{"@id":"https:\/\/aquavis.it\/fr\/prodotto\/gel-antiacne\/#primaryimage"},"image":{"@id":"https:\/\/aquavis.it\/fr\/prodotto\/gel-antiacne\/#primaryimage"},"thumbnailUrl":"https:\/\/aquavis.it\/wp-content\/uploads\/2023\/11\/GEL-ANTIACNE-PACK.jpg","datePublished":"2023-11-07T15:00:58+00:00","dateModified":"2025-10-10T13:52:01+00:00","breadcrumb":{"@id":"https:\/\/aquavis.it\/fr\/prodotto\/gel-antiacne\/#breadcrumb"},"inLanguage":"fr-FR","potentialAction":[{"@type":"ReadAction","target":["https:\/\/aquavis.it\/fr\/prodotto\/gel-antiacne\/"]}]},{"@type":"ImageObject","inLanguage":"fr-FR","@id":"https:\/\/aquavis.it\/fr\/prodotto\/gel-antiacne\/#primaryimage","url":"https:\/\/aquavis.it\/wp-content\/uploads\/2023\/11\/GEL-ANTIACNE-PACK.jpg","contentUrl":"https:\/\/aquavis.it\/wp-content\/uploads\/2023\/11\/GEL-ANTIACNE-PACK.jpg","width":1000,"height":1000},{"@type":"BreadcrumbList","@id":"https:\/\/aquavis.it\/fr\/prodotto\/gel-antiacne\/#breadcrumb","itemListElement":[{"@type":"ListItem","position":1,"name":"Home","item":"https:\/\/aquavis.it\/fr\/"},{"@type":"ListItem","position":2,"name":"Boutique","item":"https:\/\/aquavis.it\/fr\/boutique\/"},{"@type":"ListItem","position":3,"name":"Gel Anti-Acn\u00e9 2x10ml"}]},{"@type":"WebSite","@id":"https:\/\/aquavis.it\/fr\/#website","url":"https:\/\/aquavis.it\/fr\/","name":"Aquavis","description":"","potentialAction":[{"@type":"SearchAction","target":{"@type":"EntryPoint","urlTemplate":"https:\/\/aquavis.it\/fr\/?s={search_term_string}"},"query-input":{"@type":"PropertyValueSpecification","valueRequired":true,"valueName":"search_term_string"}}],"inLanguage":"fr-FR"}]}},"_links":{"self":[{"href":"https:\/\/aquavis.it\/fr\/wp-json\/wp\/v2\/product\/15677","targetHints":{"allow":["GET"]}}],"collection":[{"href":"https:\/\/aquavis.it\/fr\/wp-json\/wp\/v2\/product"}],"about":[{"href":"https:\/\/aquavis.it\/fr\/wp-json\/wp\/v2\/types\/product"}],"replies":[{"embeddable":true,"href":"https:\/\/aquavis.it\/fr\/wp-json\/wp\/v2\/comments?post=15677"}],"version-history":[{"count":6,"href":"https:\/\/aquavis.it\/fr\/wp-json\/wp\/v2\/product\/15677\/revisions"}],"predecessor-version":[{"id":16205,"href":"https:\/\/aquavis.it\/fr\/wp-json\/wp\/v2\/product\/15677\/revisions\/16205"}],"wp:featuredmedia":[{"embeddable":true,"href":"https:\/\/aquavis.it\/fr\/wp-json\/wp\/v2\/media\/18475"}],"wp:attachment":[{"href":"https:\/\/aquavis.it\/fr\/wp-json\/wp\/v2\/media?parent=15677"}],"wp:term":[{"taxonomy":"product_cat","embeddable":true,"href":"https:\/\/aquavis.it\/fr\/wp-json\/wp\/v2\/product_cat?post=15677"},{"taxonomy":"product_tag","embeddable":true,"href":"https:\/\/aquavis.it\/fr\/wp-json\/wp\/v2\/product_tag?post=15677"}],"curies":[{"name":"wp","href":"https:\/\/api.w.org\/{rel}","templated":true}]}}