{"id":15674,"date":"2023-11-07T17:16:14","date_gmt":"2023-11-07T16:16:14","guid":{"rendered":"https:\/\/aquavis.it\/prodotto\/gel-antimacchia\/"},"modified":"2025-10-10T15:53:12","modified_gmt":"2025-10-10T13:53:12","slug":"gel-antimacchia","status":"publish","type":"product","link":"https:\/\/aquavis.it\/fr\/prodotto\/gel-antimacchia\/","title":{"rendered":"Gel Anti-Taches D\u00c9PIGMENTANT 30ml"},"content":{"rendered":"\t\t<div data-elementor-type=\"wp-post\" data-elementor-id=\"15674\" class=\"elementor elementor-15674 elementor-2641\" data-elementor-post-type=\"product\">\n\t\t\t\t\t\t<section class=\"elementor-section elementor-top-section elementor-element elementor-element-1248bd3 rey-section-stretched rey-section-bg--classic elementor-section-boxed elementor-section-height-default elementor-section-height-default\" data-id=\"1248bd3\" data-element_type=\"section\" data-settings=\"{&quot;background_background&quot;:&quot;classic&quot;}\">\n\t\t\t\t\t\t<div class=\"elementor-container elementor-column-gap-default\">\n\t\t\t\t\t<div class=\"elementor-column elementor-col-33 elementor-top-column elementor-element elementor-element-8a09e40\" data-id=\"8a09e40\" data-element_type=\"column\">\n\t\t\t<div class=\"elementor-column-wrap--8a09e40 elementor-widget-wrap elementor-element-populated\">\n\t\t\t\t\t\t<div class=\"elementor-element elementor-element-4396a3b elementor-widget elementor-widget-image\" data-id=\"4396a3b\" data-element_type=\"widget\" data-widget_type=\"image.default\">\n\t\t\t\t<div class=\"elementor-widget-container\">\n\t\t\t\t\t\t\t\t\t\t\t\t\t<img decoding=\"async\" width=\"70\" height=\"70\" src=\"https:\/\/aquavis.it\/wp-content\/uploads\/2024\/10\/icona1-1-1.svg\" class=\"attachment-full size-full wp-image-15822\" alt=\"\" \/>\t\t\t\t\t\t\t\t\t\t\t\t\t<\/div>\n\t\t\t\t<\/div>\n\t\t\t\t<div class=\"elementor-element elementor-element-6235df5 elementor-widget elementor-widget-heading\" data-id=\"6235df5\" data-element_type=\"widget\" data-widget_type=\"heading.default\">\n\t\t\t\t<div class=\"elementor-widget-container\">\n\t\t\t<h3 class=\"elementor-heading-title elementor-size-default\">Actifs contenus :<\/h3>\t\t<\/div>\n\t\t\t\t<\/div>\n\t\t\t\t<div class=\"elementor-element elementor-element-a5bad70 elementor-widget elementor-widget-text-editor\" data-id=\"a5bad70\" data-element_type=\"widget\" data-widget_type=\"text-editor.default\">\n\t\t\t\t<div class=\"elementor-widget-container\">\n\t\t\t\t\t\t\t<p>Aquavis\u00ae, Arbutine, Aloe Vera 100 % BIO, Glycine, Jus de Fleurs d\u2019Oranger, Vitamine B5 et Panth\u00e9nol.<\/p>\n\t\t\t\t\t\t<\/div>\n\t\t\t\t<\/div>\n\t\t\t\t<div class=\"elementor-element elementor-element-5b5088a elementor-widget elementor-widget-heading\" data-id=\"5b5088a\" data-element_type=\"widget\" data-widget_type=\"heading.default\">\n\t\t\t\t<div class=\"elementor-widget-container\">\n\t\t\t<h3 class=\"elementor-heading-title elementor-size-default\">Indications et mode d\u2019emploi :<\/h3>\t\t<\/div>\n\t\t\t\t<\/div>\n\t\t\t\t<div class=\"elementor-element elementor-element-962b4c4 elementor-widget elementor-widget-text-editor\" data-id=\"962b4c4\" data-element_type=\"widget\" data-widget_type=\"text-editor.default\">\n\t\t\t\t<div class=\"elementor-widget-container\">\n\t\t\t\t\t\t\t<p>Appliquer le gel matin et soir directement sur les taches, imperfections et zones d\u2019hyperpigmentation cutan\u00e9e. Laisser absorber pendant 4 \u00e0 5 minutes. Le gel p\u00e9n\u00e8tre facilement dans la peau sans graisser ni laisser de traces. Son flacon airless de pr\u00e9cision permet une application cibl\u00e9e et sans gaspillage, permettant de traiter m\u00eame les petites taches localis\u00e9es. Les temps d\u2019efficacit\u00e9 varient selon le type de peau, la nature et l\u2019origine des taches. Le gel garantit un effet d\u00e9pigmentant et \u00e9claircissant, avec des r\u00e9sultats visibles en moyenne apr\u00e8s 3 \u00e0 4 semaines de traitement r\u00e9gulier. Certains clients enthousiastes ont constat\u00e9 des r\u00e9sultats d\u00e8s les 2 \u00e0 3 premiers jours d\u2019utilisation.<\/p>\n\t\t\t\t\t\t<\/div>\n\t\t\t\t<\/div>\n\t\t\t\t\t<\/div>\n\t\t<\/div>\n\t\t\t\t<div class=\"elementor-column elementor-col-33 elementor-top-column elementor-element elementor-element-8ea6b33\" data-id=\"8ea6b33\" data-element_type=\"column\">\n\t\t\t<div class=\"elementor-column-wrap--8ea6b33 elementor-widget-wrap elementor-element-populated\">\n\t\t\t\t\t\t<div class=\"elementor-element elementor-element-cc28a70 elementor-widget elementor-widget-image\" data-id=\"cc28a70\" data-element_type=\"widget\" data-widget_type=\"image.default\">\n\t\t\t\t<div class=\"elementor-widget-container\">\n\t\t\t\t\t\t\t\t\t\t\t\t\t<img decoding=\"async\" width=\"70\" height=\"70\" src=\"https:\/\/aquavis.it\/wp-content\/uploads\/2024\/10\/icona2-1-1.svg\" class=\"attachment-full size-full wp-image-15823\" alt=\"\" \/>\t\t\t\t\t\t\t\t\t\t\t\t\t<\/div>\n\t\t\t\t<\/div>\n\t\t\t\t<div class=\"elementor-element elementor-element-2906a0d elementor-widget elementor-widget-heading\" data-id=\"2906a0d\" data-element_type=\"widget\" data-widget_type=\"heading.default\">\n\t\t\t\t<div class=\"elementor-widget-container\">\n\t\t\t<h3 class=\"elementor-heading-title elementor-size-default\">B\u00e9n\u00e9fices:<\/h3>\t\t<\/div>\n\t\t\t\t<\/div>\n\t\t\t\t<div class=\"elementor-element elementor-element-7ce1793 elementor-widget elementor-widget-text-editor\" data-id=\"7ce1793\" data-element_type=\"widget\" data-widget_type=\"text-editor.default\">\n\t\t\t\t<div class=\"elementor-widget-container\">\n\t\t\t\t\t\t\tContient Aquavis\u00ae, le premier principe de nature biophysique capable d\u2019activer l\u2019autophagie cutan\u00e9e, permettant \u00e0 la peau de se r\u00e9g\u00e9n\u00e9rer et de retrouver son \u00e9quilibre. Actifs pr\u00e9sents\u00a0: l\u2019Arbutine, qui agit d\u2019une part en inhibant l\u2019activit\u00e9 de la tyrosinase \u2013 enzyme responsable de la transformation de la tyrosine en m\u00e9lanine \u2013 et d\u2019autre part en favorisant la d\u00e9gradation des m\u00e9lanosomes. Le Panth\u00e9nol, \u00e9galement connu sous le nom de provitamine B5, poss\u00e8de des propri\u00e9t\u00e9s hydratantes, apaisantes et r\u00e9g\u00e9n\u00e9rantes. Il aide \u00e0 am\u00e9liorer l\u2019\u00e9lasticit\u00e9 de la peau et favorise la r\u00e9paration des tissus.\nLa Glycine\u00a0: aide \u00e0 maintenir l\u2019hydratation de la peau, renforce la barri\u00e8re cutan\u00e9e et am\u00e9liore son \u00e9lasticit\u00e9 et sa fermet\u00e9.\nLe Jus d\u2019Aloe Vera\u00a0: reconnu pour ses propri\u00e9t\u00e9s apaisantes, hydratantes et r\u00e9g\u00e9n\u00e9rantes. Il est souvent utilis\u00e9 pour calmer la peau irrit\u00e9e, enflamm\u00e9e ou br\u00fbl\u00e9e par le soleil. L\u2019Aloe Vera procure \u00e9galement une hydratation profonde et aide \u00e0 am\u00e9liorer le teint de la peau tout en favorisant la cicatrisation.\nLa Prot\u00e9ine de Bl\u00e9 (Hydrolys\u00e9e)\u00a0: contribue \u00e0 renforcer la structure de la peau et forme une barri\u00e8re protectrice qui pr\u00e9vient la d\u00e9shydratation, am\u00e9liorant ainsi la douceur et l\u2019\u00e9lasticit\u00e9.\nCette combinaison synergique d\u2019actifs est id\u00e9ale pour traiter diff\u00e9rents types de dyschromies et de taches cutan\u00e9es, am\u00e9liorant visiblement l\u2019aspect et l\u2019\u00e9clat de la peau.\t\t\t\t\t\t<\/div>\n\t\t\t\t<\/div>\n\t\t\t\t\t<\/div>\n\t\t<\/div>\n\t\t\t\t<div class=\"elementor-column elementor-col-33 elementor-top-column elementor-element elementor-element-b9c647d\" data-id=\"b9c647d\" data-element_type=\"column\">\n\t\t\t<div class=\"elementor-column-wrap--b9c647d elementor-widget-wrap elementor-element-populated\">\n\t\t\t\t\t\t<div class=\"elementor-element elementor-element-0531798 elementor-widget elementor-widget-image\" data-id=\"0531798\" data-element_type=\"widget\" data-widget_type=\"image.default\">\n\t\t\t\t<div class=\"elementor-widget-container\">\n\t\t\t\t\t\t\t\t\t\t\t\t\t<img decoding=\"async\" width=\"70\" height=\"70\" src=\"https:\/\/aquavis.it\/wp-content\/uploads\/2024\/10\/icona3-1-1.svg\" class=\"attachment-full size-full wp-image-15824\" alt=\"\" \/>\t\t\t\t\t\t\t\t\t\t\t\t\t<\/div>\n\t\t\t\t<\/div>\n\t\t\t\t<div class=\"elementor-element elementor-element-e4c016b elementor-widget elementor-widget-heading\" data-id=\"e4c016b\" data-element_type=\"widget\" data-widget_type=\"heading.default\">\n\t\t\t\t<div class=\"elementor-widget-container\">\n\t\t\t<h3 class=\"elementor-heading-title elementor-size-default\">Ingr\u00e9dients:<\/h3>\t\t<\/div>\n\t\t\t\t<\/div>\n\t\t\t\t<div class=\"elementor-element elementor-element-efcbb21 elementor-widget elementor-widget-text-editor\" data-id=\"efcbb21\" data-element_type=\"widget\" data-widget_type=\"text-editor.default\">\n\t\t\t\t<div class=\"elementor-widget-container\">\n\t\t\t\t\t\t\t<p>aqua (water), phenoxyethanol, acrylates\/c10-30 alkyl acrylate crosspolymer, arbutin, sodium chloride, glycerin, sodium hydroxide, sodium dehydroacetate, ethylhexylglycerin, citrus aurantium amara flower water (citrus aurantium amara (bitter orange) flower water), aloe barbadensis leaf juice*, disodium edta , potassium chloride, glucose, calcium chloride, zinc chloride, magnesium chloride, sodium glutamate, sorbitol, urea, glycine, sodium pca, lactic acid, hydrolyzed wheat protein, panthenol, tetrasodium glutamate diacetate<br>*da agricoltura biologica<\/p>\t\t\t\t\t\t<\/div>\n\t\t\t\t<\/div>\n\t\t\t\t<div class=\"elementor-element elementor-element-d1869a2 elementor-widget elementor-widget-heading\" data-id=\"d1869a2\" data-element_type=\"widget\" data-widget_type=\"heading.default\">\n\t\t\t\t<div class=\"elementor-widget-container\">\n\t\t\t<h3 class=\"elementor-heading-title elementor-size-default\">Qualit\u00e9 et s\u00e9curit\u00e9 :\n<\/h3>\t\t<\/div>\n\t\t\t\t<\/div>\n\t\t\t\t<div class=\"elementor-element elementor-element-c0b8ed6 elementor-widget elementor-widget-text-editor\" data-id=\"c0b8ed6\" data-element_type=\"widget\" data-widget_type=\"text-editor.default\">\n\t\t\t\t<div class=\"elementor-widget-container\">\n\t\t\t\t\t\t\t<p>Chaque produit Aquavis\u00ae est test\u00e9 dermatologiquement afin de garantir qualit\u00e9 et s\u00e9curit\u00e9. Un test clinique men\u00e9 par un institut de recherche \u00e9tranger reconnu \u00e0 l\u2019\u00e9chelle internationale a d\u00e9montr\u00e9 qu\u2019Aquavis\u00ae contribue de mani\u00e8re significative \u00e0 r\u00e9duire l\u2019indice de m\u00e9lanine et \u00e0 am\u00e9liorer les param\u00e8tres biophysiques de la peau.<\/p>\t\t\t\t\t\t<\/div>\n\t\t\t\t<\/div>\n\t\t\t\t\t<\/div>\n\t\t<\/div>\n\t\t\t\t\t<\/div>\n\t\t<\/section>\n\t\t\t\t<\/div>\n\t\t","protected":false},"excerpt":{"rendered":"<p class=\"p1\"><b>Avec Aquavis\u00ae, Arbutine, Panth\u00e9nol, Glycine, Feuille d\u2019Aloe Vera et Prot\u00e9ine de Bl\u00e9.<\/b><\/p>\n<p class=\"p1\">Compos\u00e9 d\u2019un gel d\u00e9pigmentant formul\u00e9 pour combattre efficacement les taches et les hyperpigmentations tout en favorisant la d\u00e9gradation des m\u00e9lanosomes gr\u00e2ce \u00e0 l\u2019activation de l\u2019autophagie. \u00c0 base d\u2019eau saline magn\u00e9tis\u00e9e <b>Aquavis\u00ae<\/b>.<\/p>\n<ul>\n<li><strong>D\u00c9PIGMENTANT<\/strong><\/li>\n<li><strong>ANTI-TACHES<\/strong><\/li>\n<li><strong>STIMULE L\u2019AUTOPHAGIE.<\/strong><\/li>\n<li><strong>ILLUMINANT<\/strong><\/li>\n<li><strong>R\u00c9G\u00c9N\u00c8RE ET HYDRATE<\/strong><\/li>\n<\/ul>\n","protected":false},"featured_media":18469,"comment_status":"open","ping_status":"closed","template":"","meta":{"_acf_changed":false},"product_cat":[340],"product_tag":[],"class_list":{"0":"post-15674","1":"product","2":"type-product","3":"status-publish","4":"has-post-thumbnail","6":"product_cat-soin-de-la-peau","8":"first","9":"outofstock","10":"shipping-taxable","11":"purchasable","12":"product-type-simple","swatches":"rey-swatches","show_selected":"","stretch_labels":"rey-swatches--stretch-labels"},"acf":[],"yoast_head":"<!-- This site is optimized with the Yoast SEO plugin v26.4 - https:\/\/yoast.com\/wordpress\/plugins\/seo\/ -->\n<title>Gel Anti-Taches D\u00c9PIGMENTANT 30ml - Aquavis<\/title>\n<meta name=\"robots\" content=\"index, follow, max-snippet:-1, max-image-preview:large, max-video-preview:-1\" \/>\n<link rel=\"canonical\" href=\"https:\/\/aquavis.it\/fr\/prodotto\/gel-antimacchia\/\" \/>\n<meta property=\"og:locale\" content=\"fr_FR\" \/>\n<meta property=\"og:type\" content=\"article\" \/>\n<meta property=\"og:title\" content=\"Gel Anti-Taches D\u00c9PIGMENTANT 30ml - Aquavis\" \/>\n<meta property=\"og:description\" content=\"Avec Aquavis\u00ae, Arbutine, Panth\u00e9nol, Glycine, Feuille d\u2019Aloe Vera et Prot\u00e9ine de Bl\u00e9. Compos\u00e9 d\u2019un gel d\u00e9pigmentant formul\u00e9 pour combattre efficacement les taches et les hyperpigmentations tout en favorisant la d\u00e9gradation des m\u00e9lanosomes gr\u00e2ce \u00e0 l\u2019activation de l\u2019autophagie. \u00c0 base d\u2019eau saline magn\u00e9tis\u00e9e Aquavis\u00ae.    D\u00c9PIGMENTANT  ANTI-TACHES  STIMULE L\u2019AUTOPHAGIE.  ILLUMINANT  R\u00c9G\u00c9N\u00c8RE ET HYDRATE\" \/>\n<meta property=\"og:url\" content=\"https:\/\/aquavis.it\/fr\/prodotto\/gel-antimacchia\/\" \/>\n<meta property=\"og:site_name\" content=\"Aquavis\" \/>\n<meta property=\"article:publisher\" content=\"https:\/\/www.facebook.com\/aquavis.it\" \/>\n<meta property=\"article:modified_time\" content=\"2025-10-10T13:53:12+00:00\" \/>\n<meta property=\"og:image\" content=\"https:\/\/aquavis.it\/wp-content\/uploads\/2023\/11\/468076725_605602571925002_3673262358817912639_n-1.jpg\" \/>\n\t<meta property=\"og:image:width\" content=\"960\" \/>\n\t<meta property=\"og:image:height\" content=\"960\" \/>\n\t<meta property=\"og:image:type\" content=\"image\/jpeg\" \/>\n<meta name=\"twitter:card\" content=\"summary_large_image\" \/>\n<meta name=\"twitter:label1\" content=\"Dur\u00e9e de lecture estim\u00e9e\" \/>\n\t<meta name=\"twitter:data1\" content=\"4 minutes\" \/>\n<script type=\"application\/ld+json\" class=\"yoast-schema-graph\">{\"@context\":\"https:\/\/schema.org\",\"@graph\":[{\"@type\":\"WebPage\",\"@id\":\"https:\/\/aquavis.it\/fr\/prodotto\/gel-antimacchia\/\",\"url\":\"https:\/\/aquavis.it\/fr\/prodotto\/gel-antimacchia\/\",\"name\":\"Gel Anti-Taches D\u00c9PIGMENTANT 30ml - Aquavis\",\"isPartOf\":{\"@id\":\"https:\/\/aquavis.it\/fr\/#website\"},\"primaryImageOfPage\":{\"@id\":\"https:\/\/aquavis.it\/fr\/prodotto\/gel-antimacchia\/#primaryimage\"},\"image\":{\"@id\":\"https:\/\/aquavis.it\/fr\/prodotto\/gel-antimacchia\/#primaryimage\"},\"thumbnailUrl\":\"https:\/\/aquavis.it\/wp-content\/uploads\/2023\/11\/GEL-ANTIMACCHIA.jpg\",\"datePublished\":\"2023-11-07T16:16:14+00:00\",\"dateModified\":\"2025-10-10T13:53:12+00:00\",\"breadcrumb\":{\"@id\":\"https:\/\/aquavis.it\/fr\/prodotto\/gel-antimacchia\/#breadcrumb\"},\"inLanguage\":\"fr-FR\",\"potentialAction\":[{\"@type\":\"ReadAction\",\"target\":[\"https:\/\/aquavis.it\/fr\/prodotto\/gel-antimacchia\/\"]}]},{\"@type\":\"ImageObject\",\"inLanguage\":\"fr-FR\",\"@id\":\"https:\/\/aquavis.it\/fr\/prodotto\/gel-antimacchia\/#primaryimage\",\"url\":\"https:\/\/aquavis.it\/wp-content\/uploads\/2023\/11\/GEL-ANTIMACCHIA.jpg\",\"contentUrl\":\"https:\/\/aquavis.it\/wp-content\/uploads\/2023\/11\/GEL-ANTIMACCHIA.jpg\",\"width\":1000,\"height\":1000},{\"@type\":\"BreadcrumbList\",\"@id\":\"https:\/\/aquavis.it\/fr\/prodotto\/gel-antimacchia\/#breadcrumb\",\"itemListElement\":[{\"@type\":\"ListItem\",\"position\":1,\"name\":\"Home\",\"item\":\"https:\/\/aquavis.it\/fr\/\"},{\"@type\":\"ListItem\",\"position\":2,\"name\":\"Boutique\",\"item\":\"https:\/\/aquavis.it\/fr\/boutique\/\"},{\"@type\":\"ListItem\",\"position\":3,\"name\":\"Gel Anti-Taches D\u00c9PIGMENTANT 30ml\"}]},{\"@type\":\"WebSite\",\"@id\":\"https:\/\/aquavis.it\/fr\/#website\",\"url\":\"https:\/\/aquavis.it\/fr\/\",\"name\":\"Aquavis\",\"description\":\"\",\"potentialAction\":[{\"@type\":\"SearchAction\",\"target\":{\"@type\":\"EntryPoint\",\"urlTemplate\":\"https:\/\/aquavis.it\/fr\/?s={search_term_string}\"},\"query-input\":{\"@type\":\"PropertyValueSpecification\",\"valueRequired\":true,\"valueName\":\"search_term_string\"}}],\"inLanguage\":\"fr-FR\"}]}<\/script>\n<!-- \/ Yoast SEO plugin. -->","yoast_head_json":{"title":"Gel Anti-Taches D\u00c9PIGMENTANT 30ml - Aquavis","robots":{"index":"index","follow":"follow","max-snippet":"max-snippet:-1","max-image-preview":"max-image-preview:large","max-video-preview":"max-video-preview:-1"},"canonical":"https:\/\/aquavis.it\/fr\/prodotto\/gel-antimacchia\/","og_locale":"fr_FR","og_type":"article","og_title":"Gel Anti-Taches D\u00c9PIGMENTANT 30ml - Aquavis","og_description":"Avec Aquavis\u00ae, Arbutine, Panth\u00e9nol, Glycine, Feuille d\u2019Aloe Vera et Prot\u00e9ine de Bl\u00e9. Compos\u00e9 d\u2019un gel d\u00e9pigmentant formul\u00e9 pour combattre efficacement les taches et les hyperpigmentations tout en favorisant la d\u00e9gradation des m\u00e9lanosomes gr\u00e2ce \u00e0 l\u2019activation de l\u2019autophagie. \u00c0 base d\u2019eau saline magn\u00e9tis\u00e9e Aquavis\u00ae.    D\u00c9PIGMENTANT  ANTI-TACHES  STIMULE L\u2019AUTOPHAGIE.  ILLUMINANT  R\u00c9G\u00c9N\u00c8RE ET HYDRATE","og_url":"https:\/\/aquavis.it\/fr\/prodotto\/gel-antimacchia\/","og_site_name":"Aquavis","article_publisher":"https:\/\/www.facebook.com\/aquavis.it","article_modified_time":"2025-10-10T13:53:12+00:00","og_image":[{"width":960,"height":960,"url":"https:\/\/aquavis.it\/wp-content\/uploads\/2023\/11\/468076725_605602571925002_3673262358817912639_n-1.jpg","type":"image\/jpeg"}],"twitter_card":"summary_large_image","twitter_misc":{"Dur\u00e9e de lecture estim\u00e9e":"4 minutes"},"schema":{"@context":"https:\/\/schema.org","@graph":[{"@type":"WebPage","@id":"https:\/\/aquavis.it\/fr\/prodotto\/gel-antimacchia\/","url":"https:\/\/aquavis.it\/fr\/prodotto\/gel-antimacchia\/","name":"Gel Anti-Taches D\u00c9PIGMENTANT 30ml - Aquavis","isPartOf":{"@id":"https:\/\/aquavis.it\/fr\/#website"},"primaryImageOfPage":{"@id":"https:\/\/aquavis.it\/fr\/prodotto\/gel-antimacchia\/#primaryimage"},"image":{"@id":"https:\/\/aquavis.it\/fr\/prodotto\/gel-antimacchia\/#primaryimage"},"thumbnailUrl":"https:\/\/aquavis.it\/wp-content\/uploads\/2023\/11\/GEL-ANTIMACCHIA.jpg","datePublished":"2023-11-07T16:16:14+00:00","dateModified":"2025-10-10T13:53:12+00:00","breadcrumb":{"@id":"https:\/\/aquavis.it\/fr\/prodotto\/gel-antimacchia\/#breadcrumb"},"inLanguage":"fr-FR","potentialAction":[{"@type":"ReadAction","target":["https:\/\/aquavis.it\/fr\/prodotto\/gel-antimacchia\/"]}]},{"@type":"ImageObject","inLanguage":"fr-FR","@id":"https:\/\/aquavis.it\/fr\/prodotto\/gel-antimacchia\/#primaryimage","url":"https:\/\/aquavis.it\/wp-content\/uploads\/2023\/11\/GEL-ANTIMACCHIA.jpg","contentUrl":"https:\/\/aquavis.it\/wp-content\/uploads\/2023\/11\/GEL-ANTIMACCHIA.jpg","width":1000,"height":1000},{"@type":"BreadcrumbList","@id":"https:\/\/aquavis.it\/fr\/prodotto\/gel-antimacchia\/#breadcrumb","itemListElement":[{"@type":"ListItem","position":1,"name":"Home","item":"https:\/\/aquavis.it\/fr\/"},{"@type":"ListItem","position":2,"name":"Boutique","item":"https:\/\/aquavis.it\/fr\/boutique\/"},{"@type":"ListItem","position":3,"name":"Gel Anti-Taches D\u00c9PIGMENTANT 30ml"}]},{"@type":"WebSite","@id":"https:\/\/aquavis.it\/fr\/#website","url":"https:\/\/aquavis.it\/fr\/","name":"Aquavis","description":"","potentialAction":[{"@type":"SearchAction","target":{"@type":"EntryPoint","urlTemplate":"https:\/\/aquavis.it\/fr\/?s={search_term_string}"},"query-input":{"@type":"PropertyValueSpecification","valueRequired":true,"valueName":"search_term_string"}}],"inLanguage":"fr-FR"}]}},"_links":{"self":[{"href":"https:\/\/aquavis.it\/fr\/wp-json\/wp\/v2\/product\/15674","targetHints":{"allow":["GET"]}}],"collection":[{"href":"https:\/\/aquavis.it\/fr\/wp-json\/wp\/v2\/product"}],"about":[{"href":"https:\/\/aquavis.it\/fr\/wp-json\/wp\/v2\/types\/product"}],"replies":[{"embeddable":true,"href":"https:\/\/aquavis.it\/fr\/wp-json\/wp\/v2\/comments?post=15674"}],"version-history":[{"count":6,"href":"https:\/\/aquavis.it\/fr\/wp-json\/wp\/v2\/product\/15674\/revisions"}],"predecessor-version":[{"id":16209,"href":"https:\/\/aquavis.it\/fr\/wp-json\/wp\/v2\/product\/15674\/revisions\/16209"}],"wp:featuredmedia":[{"embeddable":true,"href":"https:\/\/aquavis.it\/fr\/wp-json\/wp\/v2\/media\/18469"}],"wp:attachment":[{"href":"https:\/\/aquavis.it\/fr\/wp-json\/wp\/v2\/media?parent=15674"}],"wp:term":[{"taxonomy":"product_cat","embeddable":true,"href":"https:\/\/aquavis.it\/fr\/wp-json\/wp\/v2\/product_cat?post=15674"},{"taxonomy":"product_tag","embeddable":true,"href":"https:\/\/aquavis.it\/fr\/wp-json\/wp\/v2\/product_tag?post=15674"}],"curies":[{"name":"wp","href":"https:\/\/api.w.org\/{rel}","templated":true}]}}