{"id":15671,"date":"2023-11-21T17:18:40","date_gmt":"2023-11-21T16:18:40","guid":{"rendered":"https:\/\/aquavis.it\/prodotto\/aktorepair-gel\/"},"modified":"2025-10-10T15:54:04","modified_gmt":"2025-10-10T13:54:04","slug":"aktorepair-gel","status":"publish","type":"product","link":"https:\/\/aquavis.it\/fr\/prodotto\/aktorepair-gel\/","title":{"rendered":"AktoRepair Gel 75ml"},"content":{"rendered":"\t\t<div data-elementor-type=\"wp-post\" data-elementor-id=\"15671\" class=\"elementor elementor-15671 elementor-2730\" data-elementor-post-type=\"product\">\n\t\t\t\t\t\t<section class=\"elementor-section elementor-top-section elementor-element elementor-element-9bb3e46 rey-section-stretched rey-section-bg--classic elementor-section-boxed elementor-section-height-default elementor-section-height-default\" data-id=\"9bb3e46\" data-element_type=\"section\" data-settings=\"{&quot;background_background&quot;:&quot;classic&quot;}\">\n\t\t\t\t\t\t<div class=\"elementor-container elementor-column-gap-default\">\n\t\t\t\t\t<div class=\"elementor-column elementor-col-33 elementor-top-column elementor-element elementor-element-0c792b2\" data-id=\"0c792b2\" data-element_type=\"column\">\n\t\t\t<div class=\"elementor-column-wrap--0c792b2 elementor-widget-wrap elementor-element-populated\">\n\t\t\t\t\t\t<div class=\"elementor-element elementor-element-66ba6be elementor-widget elementor-widget-image\" data-id=\"66ba6be\" data-element_type=\"widget\" data-widget_type=\"image.default\">\n\t\t\t\t<div class=\"elementor-widget-container\">\n\t\t\t\t\t\t\t\t\t\t\t\t\t<img decoding=\"async\" width=\"70\" height=\"70\" src=\"https:\/\/aquavis.it\/wp-content\/uploads\/2024\/10\/icona1-1-1.svg\" class=\"attachment-full size-full wp-image-15822\" alt=\"\" \/>\t\t\t\t\t\t\t\t\t\t\t\t\t<\/div>\n\t\t\t\t<\/div>\n\t\t\t\t<div class=\"elementor-element elementor-element-0bc3a6c elementor-widget elementor-widget-heading\" data-id=\"0bc3a6c\" data-element_type=\"widget\" data-widget_type=\"heading.default\">\n\t\t\t\t<div class=\"elementor-widget-container\">\n\t\t\t<h3 class=\"elementor-heading-title elementor-size-default\">Actifs contenus :<\/h3>\t\t<\/div>\n\t\t\t\t<\/div>\n\t\t\t\t<div class=\"elementor-element elementor-element-0ba194c elementor-widget elementor-widget-text-editor\" data-id=\"0ba194c\" data-element_type=\"widget\" data-widget_type=\"text-editor.default\">\n\t\t\t\t<div class=\"elementor-widget-container\">\n\t\t\t\t\t\t\t<p>Aquavis\u00ae, Aloe, Algue Brune, Panth\u00e9nol, Vitamine E, Papa\u00efne, Glycine et Acide Lactique.<\/p>\n\t\t\t\t\t\t<\/div>\n\t\t\t\t<\/div>\n\t\t\t\t<div class=\"elementor-element elementor-element-cc24b39 elementor-widget elementor-widget-heading\" data-id=\"cc24b39\" data-element_type=\"widget\" data-widget_type=\"heading.default\">\n\t\t\t\t<div class=\"elementor-widget-container\">\n\t\t\t<h3 class=\"elementor-heading-title elementor-size-default\">Qualit\u00e9 et s\u00e9curit\u00e9 :<\/h3>\t\t<\/div>\n\t\t\t\t<\/div>\n\t\t\t\t<div class=\"elementor-element elementor-element-455ad50 elementor-widget elementor-widget-text-editor\" data-id=\"455ad50\" data-element_type=\"widget\" data-widget_type=\"text-editor.default\">\n\t\t\t\t<div class=\"elementor-widget-container\">\n\t\t\t\t\t\t\t<p>Le produit a \u00e9t\u00e9 test\u00e9 par l\u2019Universit\u00e9 de Pavie, sans aucune contre-indication. Les tests scientifiques in vitro ont d\u00e9montr\u00e9 une forte activit\u00e9 r\u00e9g\u00e9n\u00e9rante du produit&nbsp;: d\u00e8s les premi\u00e8res applications, une augmentation significative du contenu en prot\u00e9ines dans les cultures de fibroblastes humains a \u00e9t\u00e9 observ\u00e9e, am\u00e9liorant visiblement la sant\u00e9 et l\u2019aspect de la peau.<\/p>\n\t\t\t\t\t\t<\/div>\n\t\t\t\t<\/div>\n\t\t\t\t\t<\/div>\n\t\t<\/div>\n\t\t\t\t<div class=\"elementor-column elementor-col-33 elementor-top-column elementor-element elementor-element-acdce44\" data-id=\"acdce44\" data-element_type=\"column\">\n\t\t\t<div class=\"elementor-column-wrap--acdce44 elementor-widget-wrap elementor-element-populated\">\n\t\t\t\t\t\t<div class=\"elementor-element elementor-element-4f21e74 elementor-widget elementor-widget-image\" data-id=\"4f21e74\" data-element_type=\"widget\" data-widget_type=\"image.default\">\n\t\t\t\t<div class=\"elementor-widget-container\">\n\t\t\t\t\t\t\t\t\t\t\t\t\t<img decoding=\"async\" width=\"70\" height=\"70\" src=\"https:\/\/aquavis.it\/wp-content\/uploads\/2024\/10\/icona2-1-1.svg\" class=\"attachment-full size-full wp-image-15823\" alt=\"\" \/>\t\t\t\t\t\t\t\t\t\t\t\t\t<\/div>\n\t\t\t\t<\/div>\n\t\t\t\t<div class=\"elementor-element elementor-element-c424d04 elementor-widget elementor-widget-heading\" data-id=\"c424d04\" data-element_type=\"widget\" data-widget_type=\"heading.default\">\n\t\t\t\t<div class=\"elementor-widget-container\">\n\t\t\t<h3 class=\"elementor-heading-title elementor-size-default\">B\u00e9n\u00e9fices :<\/h3>\t\t<\/div>\n\t\t\t\t<\/div>\n\t\t\t\t<div class=\"elementor-element elementor-element-d96184a elementor-widget elementor-widget-text-editor\" data-id=\"d96184a\" data-element_type=\"widget\" data-widget_type=\"text-editor.default\">\n\t\t\t\t<div class=\"elementor-widget-container\">\n\t\t\t\t\t\t\t<p>Haute concentration en Aquavis\u00ae, le premier principe de nature biophysique capable de stimuler l\u2019autophagie cutan\u00e9e selon un mode d\u2019action non pharmacologique. Il contient \u00e9galement une combinaison d\u2019ingr\u00e9dients de haute qualit\u00e9 tels que l\u2019Aloe Vera, pour apaiser et r\u00e9g\u00e9n\u00e9rer la peau ab\u00eem\u00e9e, la Glyc\u00e9rine pour maintenir la peau hydrat\u00e9e et douce, l\u2019extrait d\u2019Algue Brune riche en antioxydants pour prot\u00e9ger et r\u00e9g\u00e9n\u00e9rer, le Panth\u00e9nol pour favoriser la r\u00e9paration cutan\u00e9e, et la Vitamine E pour son action antioxydante.<br \/>La Papa\u00efne\u00a0: enzyme extraite de la papaye, utilis\u00e9e pour ses propri\u00e9t\u00e9s exfoliantes et de renouvellement cellulaire.<br \/>La Glycine\u00a0: contribue \u00e0 la synth\u00e8se du collag\u00e8ne et am\u00e9liore la douceur de la peau.<br \/>L\u2019Acide Lactique\u00a0: am\u00e9liore la texture et le renouvellement cellulaire.<br \/>Ces ingr\u00e9dients agissent en synergie pour hydrater, apaiser les irritations et am\u00e9liorer la sant\u00e9 g\u00e9n\u00e9rale de la peau, tout en aidant \u00e0 pr\u00e9venir d\u2019\u00e9ventuels dommages cutan\u00e9s, am\u00e9liorant visiblement la sant\u00e9 et l\u2019apparence de la peau.<\/p>\t\t\t\t\t\t<\/div>\n\t\t\t\t<\/div>\n\t\t\t\t\t<\/div>\n\t\t<\/div>\n\t\t\t\t<div class=\"elementor-column elementor-col-33 elementor-top-column elementor-element elementor-element-c19661b\" data-id=\"c19661b\" data-element_type=\"column\">\n\t\t\t<div class=\"elementor-column-wrap--c19661b elementor-widget-wrap elementor-element-populated\">\n\t\t\t\t\t\t<div class=\"elementor-element elementor-element-9e11fd0 elementor-widget elementor-widget-image\" data-id=\"9e11fd0\" data-element_type=\"widget\" data-widget_type=\"image.default\">\n\t\t\t\t<div class=\"elementor-widget-container\">\n\t\t\t\t\t\t\t\t\t\t\t\t\t<img decoding=\"async\" width=\"70\" height=\"70\" src=\"https:\/\/aquavis.it\/wp-content\/uploads\/2024\/10\/icona3-1-1.svg\" class=\"attachment-full size-full wp-image-15824\" alt=\"\" \/>\t\t\t\t\t\t\t\t\t\t\t\t\t<\/div>\n\t\t\t\t<\/div>\n\t\t\t\t<div class=\"elementor-element elementor-element-ef3c376 elementor-widget elementor-widget-heading\" data-id=\"ef3c376\" data-element_type=\"widget\" data-widget_type=\"heading.default\">\n\t\t\t\t<div class=\"elementor-widget-container\">\n\t\t\t<h3 class=\"elementor-heading-title elementor-size-default\">Ingr\u00e9dients :<\/h3>\t\t<\/div>\n\t\t\t\t<\/div>\n\t\t\t\t<div class=\"elementor-element elementor-element-636c942 elementor-widget elementor-widget-text-editor\" data-id=\"636c942\" data-element_type=\"widget\" data-widget_type=\"text-editor.default\">\n\t\t\t\t<div class=\"elementor-widget-container\">\n\t\t\t\t\t\t\t<p>aqua (water), glycerin, acrylates\/c10-30 alkyl acrylate crosspolymer, sodium chloride, phenoxyethanol, sodium hydroxide, sodium dehydroacetate, laminaria japonica extract, urea, ethylhexylglycerin, aloe barbadensis leaf juice*, disodium edta, citric acid, maltodextrin, potassium chloride, glucose, calcium chloride, magnesium chloride, sodium glutamate, sorbitol, zinc chloride, calcium pantothenate, xanthan gum, caprylyl glycol, magnesium lactate, papain, sodium benzoate, potassium lactate, potassium sorbate, sodium pca, glycine, lactic acid, hydrolyzed wheat protein, alanine, proline, serine, panthenol, sodium citrate, tocopherol. *da agricoltura biologica<\/p>\t\t\t\t\t\t<\/div>\n\t\t\t\t<\/div>\n\t\t\t\t<div class=\"elementor-element elementor-element-b51a087 elementor-widget elementor-widget-heading\" data-id=\"b51a087\" data-element_type=\"widget\" data-widget_type=\"heading.default\">\n\t\t\t\t<div class=\"elementor-widget-container\">\n\t\t\t<h3 class=\"elementor-heading-title elementor-size-default\">Indications et mode d\u2019emploi :<\/h3>\t\t<\/div>\n\t\t\t\t<\/div>\n\t\t\t\t<div class=\"elementor-element elementor-element-056f2da elementor-widget elementor-widget-text-editor\" data-id=\"056f2da\" data-element_type=\"widget\" data-widget_type=\"text-editor.default\">\n\t\t\t\t<div class=\"elementor-widget-container\">\n\t\t\t\t\t\t\t<p>Appliquer g\u00e9n\u00e9reusement sur la zone concern\u00e9e en une fine couche, une \u00e0 deux fois par jour, selon les indications du m\u00e9decin. Poursuivre le traitement jusqu\u2019\u00e0 la diminution des sympt\u00f4mes. Sensation de fra\u00eecheur, absorption rapide et soulagement d\u00e8s les premi\u00e8res applications.<\/p>\t\t\t\t\t\t<\/div>\n\t\t\t\t<\/div>\n\t\t\t\t\t<\/div>\n\t\t<\/div>\n\t\t\t\t\t<\/div>\n\t\t<\/section>\n\t\t\t\t<\/div>\n\t\t","protected":false},"excerpt":{"rendered":"<p class=\"p1\"><b>Avec Aquavis\u00ae, Aloe, Algue Brune, Panth\u00e9nol, Vitamine E, Papa\u00efne, Glycine et Acide Lactique.<\/b><\/p>\n<p class=\"p1\">Produit \u00e0 haute concentration en <strong>Aquavis<\/strong>, activateur de l\u2019autophagie et de la r\u00e9g\u00e9n\u00e9ration cellulaire cutan\u00e9e. Gel indiqu\u00e9 pour le traitement des dommages cutan\u00e9s caus\u00e9s par l\u2019exposition aux rayons solaires et pour pr\u00e9venir le d\u00e9veloppement d\u2019alt\u00e9rations cutan\u00e9es pr\u00e9canc\u00e9reuses. Gr\u00e2ce \u00e0 ses propri\u00e9t\u00e9s exfoliantes et hydratantes, le gel aide \u00e0 r\u00e9tablir les processus naturels de k\u00e9ratinisation et de r\u00e9g\u00e9n\u00e9ration cellulaire.<\/p>\n<ul>\n<li class=\"p1\"><strong>R\u00c9PARATION CELLULAIRE<\/strong><\/li>\n<li class=\"p1\"><strong>R\u00c9G\u00c9N\u00c9RANT<\/strong><\/li>\n<li class=\"p1\"><strong>STIMULE L\u2019AUTOPHAGIE<\/strong><\/li>\n<li class=\"p1\"><strong>APAISANT<\/strong><\/li>\n<li class=\"p1\"><strong>ANTIOXYDANT<\/strong><\/li>\n<\/ul>\n","protected":false},"featured_media":18466,"comment_status":"open","ping_status":"closed","template":"","meta":{"_acf_changed":false},"product_cat":[340],"product_tag":[],"class_list":{"0":"post-15671","1":"product","2":"type-product","3":"status-publish","4":"has-post-thumbnail","6":"product_cat-soin-de-la-peau","8":"first","9":"instock","10":"shipping-taxable","11":"purchasable","12":"product-type-simple","swatches":"rey-swatches","show_selected":"","stretch_labels":"rey-swatches--stretch-labels"},"acf":[],"yoast_head":"<!-- This site is optimized with the Yoast SEO plugin v26.4 - https:\/\/yoast.com\/wordpress\/plugins\/seo\/ -->\n<title>AktoRepair Gel 75ml - Aquavis<\/title>\n<meta name=\"robots\" content=\"index, follow, max-snippet:-1, max-image-preview:large, max-video-preview:-1\" \/>\n<link rel=\"canonical\" href=\"https:\/\/aquavis.it\/fr\/prodotto\/aktorepair-gel\/\" \/>\n<meta property=\"og:locale\" content=\"fr_FR\" \/>\n<meta property=\"og:type\" content=\"article\" \/>\n<meta property=\"og:title\" content=\"AktoRepair Gel 75ml - Aquavis\" \/>\n<meta property=\"og:description\" content=\"Avec Aquavis\u00ae, Aloe, Algue Brune, Panth\u00e9nol, Vitamine E, Papa\u00efne, Glycine et Acide Lactique. Produit \u00e0 haute concentration en Aquavis, activateur de l\u2019autophagie et de la r\u00e9g\u00e9n\u00e9ration cellulaire cutan\u00e9e. Gel indiqu\u00e9 pour le traitement des dommages cutan\u00e9s caus\u00e9s par l\u2019exposition aux rayons solaires et pour pr\u00e9venir le d\u00e9veloppement d\u2019alt\u00e9rations cutan\u00e9es pr\u00e9canc\u00e9reuses. Gr\u00e2ce \u00e0 ses propri\u00e9t\u00e9s exfoliantes et hydratantes, le gel aide \u00e0 r\u00e9tablir les processus naturels de k\u00e9ratinisation et de r\u00e9g\u00e9n\u00e9ration cellulaire.    R\u00c9PARATION CELLULAIRE  R\u00c9G\u00c9N\u00c9RANT  STIMULE L\u2019AUTOPHAGIE  APAISANT  ANTIOXYDANT\" \/>\n<meta property=\"og:url\" content=\"https:\/\/aquavis.it\/fr\/prodotto\/aktorepair-gel\/\" \/>\n<meta property=\"og:site_name\" content=\"Aquavis\" \/>\n<meta property=\"article:publisher\" content=\"https:\/\/www.facebook.com\/aquavis.it\" \/>\n<meta property=\"article:modified_time\" content=\"2025-10-10T13:54:04+00:00\" \/>\n<meta property=\"og:image\" content=\"https:\/\/aquavis.it\/wp-content\/uploads\/2023\/11\/468607252_432864663039463_8255531534248301757_n-1.jpg\" \/>\n\t<meta property=\"og:image:width\" content=\"960\" \/>\n\t<meta property=\"og:image:height\" content=\"960\" \/>\n\t<meta property=\"og:image:type\" content=\"image\/jpeg\" \/>\n<meta name=\"twitter:card\" content=\"summary_large_image\" \/>\n<meta name=\"twitter:label1\" content=\"Dur\u00e9e de lecture estim\u00e9e\" \/>\n\t<meta name=\"twitter:data1\" content=\"3 minutes\" \/>\n<script type=\"application\/ld+json\" class=\"yoast-schema-graph\">{\"@context\":\"https:\/\/schema.org\",\"@graph\":[{\"@type\":\"WebPage\",\"@id\":\"https:\/\/aquavis.it\/fr\/prodotto\/aktorepair-gel\/\",\"url\":\"https:\/\/aquavis.it\/fr\/prodotto\/aktorepair-gel\/\",\"name\":\"AktoRepair Gel 75ml - Aquavis\",\"isPartOf\":{\"@id\":\"https:\/\/aquavis.it\/fr\/#website\"},\"primaryImageOfPage\":{\"@id\":\"https:\/\/aquavis.it\/fr\/prodotto\/aktorepair-gel\/#primaryimage\"},\"image\":{\"@id\":\"https:\/\/aquavis.it\/fr\/prodotto\/aktorepair-gel\/#primaryimage\"},\"thumbnailUrl\":\"https:\/\/aquavis.it\/wp-content\/uploads\/2023\/11\/aktorepair.jpg\",\"datePublished\":\"2023-11-21T16:18:40+00:00\",\"dateModified\":\"2025-10-10T13:54:04+00:00\",\"breadcrumb\":{\"@id\":\"https:\/\/aquavis.it\/fr\/prodotto\/aktorepair-gel\/#breadcrumb\"},\"inLanguage\":\"fr-FR\",\"potentialAction\":[{\"@type\":\"ReadAction\",\"target\":[\"https:\/\/aquavis.it\/fr\/prodotto\/aktorepair-gel\/\"]}]},{\"@type\":\"ImageObject\",\"inLanguage\":\"fr-FR\",\"@id\":\"https:\/\/aquavis.it\/fr\/prodotto\/aktorepair-gel\/#primaryimage\",\"url\":\"https:\/\/aquavis.it\/wp-content\/uploads\/2023\/11\/aktorepair.jpg\",\"contentUrl\":\"https:\/\/aquavis.it\/wp-content\/uploads\/2023\/11\/aktorepair.jpg\",\"width\":1000,\"height\":1000},{\"@type\":\"BreadcrumbList\",\"@id\":\"https:\/\/aquavis.it\/fr\/prodotto\/aktorepair-gel\/#breadcrumb\",\"itemListElement\":[{\"@type\":\"ListItem\",\"position\":1,\"name\":\"Home\",\"item\":\"https:\/\/aquavis.it\/fr\/\"},{\"@type\":\"ListItem\",\"position\":2,\"name\":\"Boutique\",\"item\":\"https:\/\/aquavis.it\/fr\/boutique\/\"},{\"@type\":\"ListItem\",\"position\":3,\"name\":\"AktoRepair Gel 75ml\"}]},{\"@type\":\"WebSite\",\"@id\":\"https:\/\/aquavis.it\/fr\/#website\",\"url\":\"https:\/\/aquavis.it\/fr\/\",\"name\":\"Aquavis\",\"description\":\"\",\"potentialAction\":[{\"@type\":\"SearchAction\",\"target\":{\"@type\":\"EntryPoint\",\"urlTemplate\":\"https:\/\/aquavis.it\/fr\/?s={search_term_string}\"},\"query-input\":{\"@type\":\"PropertyValueSpecification\",\"valueRequired\":true,\"valueName\":\"search_term_string\"}}],\"inLanguage\":\"fr-FR\"}]}<\/script>\n<!-- \/ Yoast SEO plugin. -->","yoast_head_json":{"title":"AktoRepair Gel 75ml - Aquavis","robots":{"index":"index","follow":"follow","max-snippet":"max-snippet:-1","max-image-preview":"max-image-preview:large","max-video-preview":"max-video-preview:-1"},"canonical":"https:\/\/aquavis.it\/fr\/prodotto\/aktorepair-gel\/","og_locale":"fr_FR","og_type":"article","og_title":"AktoRepair Gel 75ml - Aquavis","og_description":"Avec Aquavis\u00ae, Aloe, Algue Brune, Panth\u00e9nol, Vitamine E, Papa\u00efne, Glycine et Acide Lactique. Produit \u00e0 haute concentration en Aquavis, activateur de l\u2019autophagie et de la r\u00e9g\u00e9n\u00e9ration cellulaire cutan\u00e9e. Gel indiqu\u00e9 pour le traitement des dommages cutan\u00e9s caus\u00e9s par l\u2019exposition aux rayons solaires et pour pr\u00e9venir le d\u00e9veloppement d\u2019alt\u00e9rations cutan\u00e9es pr\u00e9canc\u00e9reuses. Gr\u00e2ce \u00e0 ses propri\u00e9t\u00e9s exfoliantes et hydratantes, le gel aide \u00e0 r\u00e9tablir les processus naturels de k\u00e9ratinisation et de r\u00e9g\u00e9n\u00e9ration cellulaire.    R\u00c9PARATION CELLULAIRE  R\u00c9G\u00c9N\u00c9RANT  STIMULE L\u2019AUTOPHAGIE  APAISANT  ANTIOXYDANT","og_url":"https:\/\/aquavis.it\/fr\/prodotto\/aktorepair-gel\/","og_site_name":"Aquavis","article_publisher":"https:\/\/www.facebook.com\/aquavis.it","article_modified_time":"2025-10-10T13:54:04+00:00","og_image":[{"width":960,"height":960,"url":"https:\/\/aquavis.it\/wp-content\/uploads\/2023\/11\/468607252_432864663039463_8255531534248301757_n-1.jpg","type":"image\/jpeg"}],"twitter_card":"summary_large_image","twitter_misc":{"Dur\u00e9e de lecture estim\u00e9e":"3 minutes"},"schema":{"@context":"https:\/\/schema.org","@graph":[{"@type":"WebPage","@id":"https:\/\/aquavis.it\/fr\/prodotto\/aktorepair-gel\/","url":"https:\/\/aquavis.it\/fr\/prodotto\/aktorepair-gel\/","name":"AktoRepair Gel 75ml - Aquavis","isPartOf":{"@id":"https:\/\/aquavis.it\/fr\/#website"},"primaryImageOfPage":{"@id":"https:\/\/aquavis.it\/fr\/prodotto\/aktorepair-gel\/#primaryimage"},"image":{"@id":"https:\/\/aquavis.it\/fr\/prodotto\/aktorepair-gel\/#primaryimage"},"thumbnailUrl":"https:\/\/aquavis.it\/wp-content\/uploads\/2023\/11\/aktorepair.jpg","datePublished":"2023-11-21T16:18:40+00:00","dateModified":"2025-10-10T13:54:04+00:00","breadcrumb":{"@id":"https:\/\/aquavis.it\/fr\/prodotto\/aktorepair-gel\/#breadcrumb"},"inLanguage":"fr-FR","potentialAction":[{"@type":"ReadAction","target":["https:\/\/aquavis.it\/fr\/prodotto\/aktorepair-gel\/"]}]},{"@type":"ImageObject","inLanguage":"fr-FR","@id":"https:\/\/aquavis.it\/fr\/prodotto\/aktorepair-gel\/#primaryimage","url":"https:\/\/aquavis.it\/wp-content\/uploads\/2023\/11\/aktorepair.jpg","contentUrl":"https:\/\/aquavis.it\/wp-content\/uploads\/2023\/11\/aktorepair.jpg","width":1000,"height":1000},{"@type":"BreadcrumbList","@id":"https:\/\/aquavis.it\/fr\/prodotto\/aktorepair-gel\/#breadcrumb","itemListElement":[{"@type":"ListItem","position":1,"name":"Home","item":"https:\/\/aquavis.it\/fr\/"},{"@type":"ListItem","position":2,"name":"Boutique","item":"https:\/\/aquavis.it\/fr\/boutique\/"},{"@type":"ListItem","position":3,"name":"AktoRepair Gel 75ml"}]},{"@type":"WebSite","@id":"https:\/\/aquavis.it\/fr\/#website","url":"https:\/\/aquavis.it\/fr\/","name":"Aquavis","description":"","potentialAction":[{"@type":"SearchAction","target":{"@type":"EntryPoint","urlTemplate":"https:\/\/aquavis.it\/fr\/?s={search_term_string}"},"query-input":{"@type":"PropertyValueSpecification","valueRequired":true,"valueName":"search_term_string"}}],"inLanguage":"fr-FR"}]}},"_links":{"self":[{"href":"https:\/\/aquavis.it\/fr\/wp-json\/wp\/v2\/product\/15671","targetHints":{"allow":["GET"]}}],"collection":[{"href":"https:\/\/aquavis.it\/fr\/wp-json\/wp\/v2\/product"}],"about":[{"href":"https:\/\/aquavis.it\/fr\/wp-json\/wp\/v2\/types\/product"}],"replies":[{"embeddable":true,"href":"https:\/\/aquavis.it\/fr\/wp-json\/wp\/v2\/comments?post=15671"}],"version-history":[{"count":6,"href":"https:\/\/aquavis.it\/fr\/wp-json\/wp\/v2\/product\/15671\/revisions"}],"predecessor-version":[{"id":16213,"href":"https:\/\/aquavis.it\/fr\/wp-json\/wp\/v2\/product\/15671\/revisions\/16213"}],"wp:featuredmedia":[{"embeddable":true,"href":"https:\/\/aquavis.it\/fr\/wp-json\/wp\/v2\/media\/18466"}],"wp:attachment":[{"href":"https:\/\/aquavis.it\/fr\/wp-json\/wp\/v2\/media?parent=15671"}],"wp:term":[{"taxonomy":"product_cat","embeddable":true,"href":"https:\/\/aquavis.it\/fr\/wp-json\/wp\/v2\/product_cat?post=15671"},{"taxonomy":"product_tag","embeddable":true,"href":"https:\/\/aquavis.it\/fr\/wp-json\/wp\/v2\/product_tag?post=15671"}],"curies":[{"name":"wp","href":"https:\/\/api.w.org\/{rel}","templated":true}]}}