{"id":15668,"date":"2023-11-21T17:21:56","date_gmt":"2023-11-21T16:21:56","guid":{"rendered":"https:\/\/aquavis.it\/prodotto\/psoreasy-autogel\/"},"modified":"2025-10-10T15:54:56","modified_gmt":"2025-10-10T13:54:56","slug":"psoreasy-autogel","status":"publish","type":"product","link":"https:\/\/aquavis.it\/fr\/prodotto\/psoreasy-autogel\/","title":{"rendered":"PsorEasy Autogel 75ml"},"content":{"rendered":"\t\t<div data-elementor-type=\"wp-post\" data-elementor-id=\"15668\" class=\"elementor elementor-15668 elementor-2731\" data-elementor-post-type=\"product\">\n\t\t\t\t\t\t<section class=\"elementor-section elementor-top-section elementor-element elementor-element-b715e94 rey-section-stretched rey-section-bg--classic elementor-section-boxed elementor-section-height-default elementor-section-height-default\" data-id=\"b715e94\" data-element_type=\"section\" data-settings=\"{&quot;background_background&quot;:&quot;classic&quot;}\">\n\t\t\t\t\t\t<div class=\"elementor-container elementor-column-gap-default\">\n\t\t\t\t\t<div class=\"elementor-column elementor-col-33 elementor-top-column elementor-element elementor-element-bd87b4b\" data-id=\"bd87b4b\" data-element_type=\"column\">\n\t\t\t<div class=\"elementor-column-wrap--bd87b4b elementor-widget-wrap elementor-element-populated\">\n\t\t\t\t\t\t<div class=\"elementor-element elementor-element-e610b1d elementor-widget elementor-widget-image\" data-id=\"e610b1d\" data-element_type=\"widget\" data-widget_type=\"image.default\">\n\t\t\t\t<div class=\"elementor-widget-container\">\n\t\t\t\t\t\t\t\t\t\t\t\t\t<img decoding=\"async\" width=\"70\" height=\"70\" src=\"https:\/\/aquavis.it\/wp-content\/uploads\/2024\/10\/icona1-1-1.svg\" class=\"attachment-full size-full wp-image-15822\" alt=\"\" \/>\t\t\t\t\t\t\t\t\t\t\t\t\t<\/div>\n\t\t\t\t<\/div>\n\t\t\t\t<div class=\"elementor-element elementor-element-509e381 elementor-widget elementor-widget-heading\" data-id=\"509e381\" data-element_type=\"widget\" data-widget_type=\"heading.default\">\n\t\t\t\t<div class=\"elementor-widget-container\">\n\t\t\t<h3 class=\"elementor-heading-title elementor-size-default\">Actifs contenus :\n<\/h3>\t\t<\/div>\n\t\t\t\t<\/div>\n\t\t\t\t<div class=\"elementor-element elementor-element-13260b4 elementor-widget elementor-widget-text-editor\" data-id=\"13260b4\" data-element_type=\"widget\" data-widget_type=\"text-editor.default\">\n\t\t\t\t<div class=\"elementor-widget-container\">\n\t\t\t\t\t\t\t<p>Aquavis\u00ae, Extrait de Bardane, Aloe, Ur\u00e9e, Panth\u00e9nol, Prot\u00e9ines de Bl\u00e9, Glycine et Acide Lactique.<\/p>\n\t\t\t\t\t\t<\/div>\n\t\t\t\t<\/div>\n\t\t\t\t<div class=\"elementor-element elementor-element-aad7fbd elementor-widget elementor-widget-heading\" data-id=\"aad7fbd\" data-element_type=\"widget\" data-widget_type=\"heading.default\">\n\t\t\t\t<div class=\"elementor-widget-container\">\n\t\t\t<h3 class=\"elementor-heading-title elementor-size-default\">Qualit\u00e9 et s\u00e9curit\u00e9 :<\/h3>\t\t<\/div>\n\t\t\t\t<\/div>\n\t\t\t\t<div class=\"elementor-element elementor-element-1cb7f14 elementor-widget elementor-widget-text-editor\" data-id=\"1cb7f14\" data-element_type=\"widget\" data-widget_type=\"text-editor.default\">\n\t\t\t\t<div class=\"elementor-widget-container\">\n\t\t\t\t\t\t\t<p>Des \u00e9tudes in vitro ont \u00e9galement d\u00e9montr\u00e9 que la magn\u00e9tisation de l\u2019eau saline favorise la lib\u00e9ration topique d\u2019hydrog\u00e8ne sulfur\u00e9, une mol\u00e9cule gazeuse dot\u00e9e d\u2019une forte action anti-inflammatoire. Enfin, le produit contient un extrait botanique de Bardane qui agit comme inhibiteur sp\u00e9cifique de la phosphodiest\u00e9rase PDE4D, r\u00e9duisant l\u2019hyperactivation k\u00e9ratinocytaire.<\/p>\n\t\t\t\t\t\t<\/div>\n\t\t\t\t<\/div>\n\t\t\t\t\t<\/div>\n\t\t<\/div>\n\t\t\t\t<div class=\"elementor-column elementor-col-33 elementor-top-column elementor-element elementor-element-b4b5300\" data-id=\"b4b5300\" data-element_type=\"column\">\n\t\t\t<div class=\"elementor-column-wrap--b4b5300 elementor-widget-wrap elementor-element-populated\">\n\t\t\t\t\t\t<div class=\"elementor-element elementor-element-2406971 elementor-widget elementor-widget-image\" data-id=\"2406971\" data-element_type=\"widget\" data-widget_type=\"image.default\">\n\t\t\t\t<div class=\"elementor-widget-container\">\n\t\t\t\t\t\t\t\t\t\t\t\t\t<img decoding=\"async\" width=\"70\" height=\"70\" src=\"https:\/\/aquavis.it\/wp-content\/uploads\/2024\/10\/icona2-1-1.svg\" class=\"attachment-full size-full wp-image-15823\" alt=\"\" \/>\t\t\t\t\t\t\t\t\t\t\t\t\t<\/div>\n\t\t\t\t<\/div>\n\t\t\t\t<div class=\"elementor-element elementor-element-05db0d2 elementor-widget elementor-widget-heading\" data-id=\"05db0d2\" data-element_type=\"widget\" data-widget_type=\"heading.default\">\n\t\t\t\t<div class=\"elementor-widget-container\">\n\t\t\t<h3 class=\"elementor-heading-title elementor-size-default\">B\u00e9n\u00e9fices :<\/h3>\t\t<\/div>\n\t\t\t\t<\/div>\n\t\t\t\t<div class=\"elementor-element elementor-element-3eee7c3 elementor-widget elementor-widget-text-editor\" data-id=\"3eee7c3\" data-element_type=\"widget\" data-widget_type=\"text-editor.default\">\n\t\t\t\t<div class=\"elementor-widget-container\">\n\t\t\t\t\t\t\t<p class=\"p1\">Contient <b>Aquavis\u00ae<\/b>, le premier principe de nature biophysique capable de stimuler l\u2019autophagie cutan\u00e9e selon un mode d\u2019action non pharmacologique. Il renferme une combinaison d\u2019ingr\u00e9dients de haute qualit\u00e9 tels que la <b><i>Racine de Bardane<\/i><\/b> pour ses propri\u00e9t\u00e9s anti-inflammatoires et d\u00e9toxifiantes, <b><i>l\u2019Aloe Vera<\/i><\/b> pour ses propri\u00e9t\u00e9s apaisantes et hydratantes, la glyc\u00e9rine pour maintenir la peau douce et \u00e9lastique, <b><i>l\u2019Ur\u00e9e<\/i><\/b> pour am\u00e9liorer l\u2019hydratation et favoriser la r\u00e9g\u00e9n\u00e9ration cutan\u00e9e, le <b><i>Panth\u00e9nol<\/i><\/b> pour ses propri\u00e9t\u00e9s calmantes et r\u00e9g\u00e9n\u00e9rantes.  \n<b><i>Prot\u00e9ine de Bl\u00e9<\/i><\/b> (Hydrolys\u00e9e)&nbsp;: aide \u00e0 renforcer la structure de la peau et forme une barri\u00e8re protectrice.  \n<b><i>Glycine<\/i><\/b>&nbsp;: contribue \u00e0 la synth\u00e8se du collag\u00e8ne et am\u00e9liore la douceur de la peau.  \n<b><i>Acide Lactique<\/i><\/b>&nbsp;: am\u00e9liore la texture et le renouvellement cellulaire.  \nCes ingr\u00e9dients agissent en synergie avec <b><i>Aquavis\u00ae<\/i><\/b> pour soulager les sympt\u00f4mes du psoriasis, r\u00e9duire l\u2019inflammation et l\u2019irritation, tout en am\u00e9liorant l\u2019hydratation et l\u2019\u00e9tat g\u00e9n\u00e9ral de la peau.<\/p>\n\t\t\t\t\t\t<\/div>\n\t\t\t\t<\/div>\n\t\t\t\t\t<\/div>\n\t\t<\/div>\n\t\t\t\t<div class=\"elementor-column elementor-col-33 elementor-top-column elementor-element elementor-element-cd3457e\" data-id=\"cd3457e\" data-element_type=\"column\">\n\t\t\t<div class=\"elementor-column-wrap--cd3457e elementor-widget-wrap elementor-element-populated\">\n\t\t\t\t\t\t<div class=\"elementor-element elementor-element-cc71967 elementor-widget elementor-widget-image\" data-id=\"cc71967\" data-element_type=\"widget\" data-widget_type=\"image.default\">\n\t\t\t\t<div class=\"elementor-widget-container\">\n\t\t\t\t\t\t\t\t\t\t\t\t\t<img decoding=\"async\" width=\"70\" height=\"70\" src=\"https:\/\/aquavis.it\/wp-content\/uploads\/2024\/10\/icona3-1-1.svg\" class=\"attachment-full size-full wp-image-15824\" alt=\"\" \/>\t\t\t\t\t\t\t\t\t\t\t\t\t<\/div>\n\t\t\t\t<\/div>\n\t\t\t\t<div class=\"elementor-element elementor-element-3db08c7 elementor-widget elementor-widget-heading\" data-id=\"3db08c7\" data-element_type=\"widget\" data-widget_type=\"heading.default\">\n\t\t\t\t<div class=\"elementor-widget-container\">\n\t\t\t<h3 class=\"elementor-heading-title elementor-size-default\">Ingr\u00e9dients :<\/h3>\t\t<\/div>\n\t\t\t\t<\/div>\n\t\t\t\t<div class=\"elementor-element elementor-element-eaed803 elementor-widget elementor-widget-text-editor\" data-id=\"eaed803\" data-element_type=\"widget\" data-widget_type=\"text-editor.default\">\n\t\t\t\t<div class=\"elementor-widget-container\">\n\t\t\t\t\t\t\t<p>aqua (water), acrylates\/c10-30 alkyl acrylate crosspolymer, glycerin, sodium chloride, phenoxyethanol, sodium hydroxide, polysorbate 80, sodium dehydroacetate, arctium lappa root extract*, sulfurized tea-ricinoleate, ethylhexylglycerin, peg-35 castor oil, propylene glycol, aloe barbadensis leaf juice*, disodium edta, potassium chloride, glucose, calcium chloride, magnesium chloride, zinc chloride, sodium glutamate, sorbitol, urea, sodium benzoate, potassium sorbate, benzyl alcohol, sodium pca, glycine, lactic acid, hydrolyzed wheat protein, panthenol *issu de l\u2019agriculture biologique<\/p>\t\t\t\t\t\t<\/div>\n\t\t\t\t<\/div>\n\t\t\t\t<div class=\"elementor-element elementor-element-9ca24e9 elementor-widget elementor-widget-heading\" data-id=\"9ca24e9\" data-element_type=\"widget\" data-widget_type=\"heading.default\">\n\t\t\t\t<div class=\"elementor-widget-container\">\n\t\t\t<h3 class=\"elementor-heading-title elementor-size-default\">Indications et mode d\u2019emploi :<\/h3>\t\t<\/div>\n\t\t\t\t<\/div>\n\t\t\t\t<div class=\"elementor-element elementor-element-a88e5fb elementor-widget elementor-widget-text-editor\" data-id=\"a88e5fb\" data-element_type=\"widget\" data-widget_type=\"text-editor.default\">\n\t\t\t\t<div class=\"elementor-widget-container\">\n\t\t\t\t\t\t\t<p>Appliquer sur les zones concern\u00e9es en massant jusqu\u2019\u00e0 absorption compl\u00e8te. Il est recommand\u00e9 d\u2019effectuer deux applications par jour (matin et soir) pour une meilleure r\u00e9ponse cutan\u00e9e. En cas d\u2019utilisation conjointe avec des m\u00e9dicaments topiques, appliquer de pr\u00e9f\u00e9rence une heure avant le traitement m\u00e9dicamenteux.<\/p>\n\t\t\t\t\t\t<\/div>\n\t\t\t\t<\/div>\n\t\t\t\t\t<\/div>\n\t\t<\/div>\n\t\t\t\t\t<\/div>\n\t\t<\/section>\n\t\t\t\t<\/div>\n\t\t","protected":false},"excerpt":{"rendered":"<p class=\"p1\"><b>Avec Aquavis\u00ae, Extrait de Bardane, Aloe, Ur\u00e9e, Panth\u00e9nol, Prot\u00e9ines de Bl\u00e9, Glycine et Acide Lactique.<\/b><\/p>\n<p class=\"p1\">Produit \u00e0 haute concentration en Aquavis, activateur de l\u2019autophagie et de la r\u00e9g\u00e9n\u00e9ration cellulaire cutan\u00e9e. Gel adjuvant au traitement pharmacologique dans la th\u00e9rapie topique du psoriasis, il aide \u00e0 \u00e9liminer les squames, hydrate la peau et soulage les d\u00e9mangeaisons associ\u00e9es \u00e0 la desquamation. Sensation de fra\u00eecheur et absorption rapide apr\u00e8s application et massage sur les zones concern\u00e9es, avec un soulagement d\u00e8s les premi\u00e8res utilisations.<\/p>\n<ul>\n<li class=\"p1\"><strong>ANTI-INFLAMMATOIRE<\/strong><\/li>\n<li class=\"p2\"><strong>APAISANT<\/strong><\/li>\n<li class=\"p2\"><strong>STIMULE L\u2019AUTOPHAGIE.<\/strong><\/li>\n<li class=\"p2\"><strong>CALMANT<\/strong><\/li>\n<li class=\"p2\"><strong>SOULAGE LES D\u00c9MANGEAISONS<\/strong><\/li>\n<\/ul>\n","protected":false},"featured_media":18462,"comment_status":"open","ping_status":"closed","template":"","meta":{"_acf_changed":false},"product_cat":[340],"product_tag":[],"class_list":{"0":"post-15668","1":"product","2":"type-product","3":"status-publish","4":"has-post-thumbnail","6":"product_cat-soin-de-la-peau","8":"first","9":"instock","10":"shipping-taxable","11":"purchasable","12":"product-type-simple","swatches":"rey-swatches","show_selected":"","stretch_labels":"rey-swatches--stretch-labels"},"acf":[],"yoast_head":"<!-- This site is optimized with the Yoast SEO plugin v26.4 - https:\/\/yoast.com\/wordpress\/plugins\/seo\/ -->\n<title>PsorEasy Autogel 75ml - Aquavis<\/title>\n<meta name=\"robots\" content=\"index, follow, max-snippet:-1, max-image-preview:large, max-video-preview:-1\" \/>\n<link rel=\"canonical\" href=\"https:\/\/aquavis.it\/fr\/prodotto\/psoreasy-autogel\/\" \/>\n<meta property=\"og:locale\" content=\"fr_FR\" \/>\n<meta property=\"og:type\" content=\"article\" \/>\n<meta property=\"og:title\" content=\"PsorEasy Autogel 75ml - Aquavis\" \/>\n<meta property=\"og:description\" content=\"Avec Aquavis\u00ae, Extrait de Bardane, Aloe, Ur\u00e9e, Panth\u00e9nol, Prot\u00e9ines de Bl\u00e9, Glycine et Acide Lactique. Produit \u00e0 haute concentration en Aquavis, activateur de l\u2019autophagie et de la r\u00e9g\u00e9n\u00e9ration cellulaire cutan\u00e9e. Gel adjuvant au traitement pharmacologique dans la th\u00e9rapie topique du psoriasis, il aide \u00e0 \u00e9liminer les squames, hydrate la peau et soulage les d\u00e9mangeaisons associ\u00e9es \u00e0 la desquamation. Sensation de fra\u00eecheur et absorption rapide apr\u00e8s application et massage sur les zones concern\u00e9es, avec un soulagement d\u00e8s les premi\u00e8res utilisations.    ANTI-INFLAMMATOIRE  APAISANT  STIMULE L\u2019AUTOPHAGIE.  CALMANT  SOULAGE LES D\u00c9MANGEAISONS\" \/>\n<meta property=\"og:url\" content=\"https:\/\/aquavis.it\/fr\/prodotto\/psoreasy-autogel\/\" \/>\n<meta property=\"og:site_name\" content=\"Aquavis\" \/>\n<meta property=\"article:publisher\" content=\"https:\/\/www.facebook.com\/aquavis.it\" \/>\n<meta property=\"article:modified_time\" content=\"2025-10-10T13:54:56+00:00\" \/>\n<meta property=\"og:image\" content=\"https:\/\/aquavis.it\/wp-content\/uploads\/2023\/11\/468543278_3678532885790519_6423714703728572868_n-1.jpg\" \/>\n\t<meta property=\"og:image:width\" content=\"960\" \/>\n\t<meta property=\"og:image:height\" content=\"960\" \/>\n\t<meta property=\"og:image:type\" content=\"image\/jpeg\" \/>\n<meta name=\"twitter:card\" content=\"summary_large_image\" \/>\n<meta name=\"twitter:label1\" content=\"Dur\u00e9e de lecture estim\u00e9e\" \/>\n\t<meta name=\"twitter:data1\" content=\"3 minutes\" \/>\n<script type=\"application\/ld+json\" class=\"yoast-schema-graph\">{\"@context\":\"https:\/\/schema.org\",\"@graph\":[{\"@type\":\"WebPage\",\"@id\":\"https:\/\/aquavis.it\/fr\/prodotto\/psoreasy-autogel\/\",\"url\":\"https:\/\/aquavis.it\/fr\/prodotto\/psoreasy-autogel\/\",\"name\":\"PsorEasy Autogel 75ml - Aquavis\",\"isPartOf\":{\"@id\":\"https:\/\/aquavis.it\/fr\/#website\"},\"primaryImageOfPage\":{\"@id\":\"https:\/\/aquavis.it\/fr\/prodotto\/psoreasy-autogel\/#primaryimage\"},\"image\":{\"@id\":\"https:\/\/aquavis.it\/fr\/prodotto\/psoreasy-autogel\/#primaryimage\"},\"thumbnailUrl\":\"https:\/\/aquavis.it\/wp-content\/uploads\/2023\/11\/psoreasy.jpg\",\"datePublished\":\"2023-11-21T16:21:56+00:00\",\"dateModified\":\"2025-10-10T13:54:56+00:00\",\"breadcrumb\":{\"@id\":\"https:\/\/aquavis.it\/fr\/prodotto\/psoreasy-autogel\/#breadcrumb\"},\"inLanguage\":\"fr-FR\",\"potentialAction\":[{\"@type\":\"ReadAction\",\"target\":[\"https:\/\/aquavis.it\/fr\/prodotto\/psoreasy-autogel\/\"]}]},{\"@type\":\"ImageObject\",\"inLanguage\":\"fr-FR\",\"@id\":\"https:\/\/aquavis.it\/fr\/prodotto\/psoreasy-autogel\/#primaryimage\",\"url\":\"https:\/\/aquavis.it\/wp-content\/uploads\/2023\/11\/psoreasy.jpg\",\"contentUrl\":\"https:\/\/aquavis.it\/wp-content\/uploads\/2023\/11\/psoreasy.jpg\",\"width\":1000,\"height\":1000},{\"@type\":\"BreadcrumbList\",\"@id\":\"https:\/\/aquavis.it\/fr\/prodotto\/psoreasy-autogel\/#breadcrumb\",\"itemListElement\":[{\"@type\":\"ListItem\",\"position\":1,\"name\":\"Home\",\"item\":\"https:\/\/aquavis.it\/fr\/\"},{\"@type\":\"ListItem\",\"position\":2,\"name\":\"Boutique\",\"item\":\"https:\/\/aquavis.it\/fr\/boutique\/\"},{\"@type\":\"ListItem\",\"position\":3,\"name\":\"PsorEasy Autogel 75ml\"}]},{\"@type\":\"WebSite\",\"@id\":\"https:\/\/aquavis.it\/fr\/#website\",\"url\":\"https:\/\/aquavis.it\/fr\/\",\"name\":\"Aquavis\",\"description\":\"\",\"potentialAction\":[{\"@type\":\"SearchAction\",\"target\":{\"@type\":\"EntryPoint\",\"urlTemplate\":\"https:\/\/aquavis.it\/fr\/?s={search_term_string}\"},\"query-input\":{\"@type\":\"PropertyValueSpecification\",\"valueRequired\":true,\"valueName\":\"search_term_string\"}}],\"inLanguage\":\"fr-FR\"}]}<\/script>\n<!-- \/ Yoast SEO plugin. -->","yoast_head_json":{"title":"PsorEasy Autogel 75ml - Aquavis","robots":{"index":"index","follow":"follow","max-snippet":"max-snippet:-1","max-image-preview":"max-image-preview:large","max-video-preview":"max-video-preview:-1"},"canonical":"https:\/\/aquavis.it\/fr\/prodotto\/psoreasy-autogel\/","og_locale":"fr_FR","og_type":"article","og_title":"PsorEasy Autogel 75ml - Aquavis","og_description":"Avec Aquavis\u00ae, Extrait de Bardane, Aloe, Ur\u00e9e, Panth\u00e9nol, Prot\u00e9ines de Bl\u00e9, Glycine et Acide Lactique. Produit \u00e0 haute concentration en Aquavis, activateur de l\u2019autophagie et de la r\u00e9g\u00e9n\u00e9ration cellulaire cutan\u00e9e. Gel adjuvant au traitement pharmacologique dans la th\u00e9rapie topique du psoriasis, il aide \u00e0 \u00e9liminer les squames, hydrate la peau et soulage les d\u00e9mangeaisons associ\u00e9es \u00e0 la desquamation. Sensation de fra\u00eecheur et absorption rapide apr\u00e8s application et massage sur les zones concern\u00e9es, avec un soulagement d\u00e8s les premi\u00e8res utilisations.    ANTI-INFLAMMATOIRE  APAISANT  STIMULE L\u2019AUTOPHAGIE.  CALMANT  SOULAGE LES D\u00c9MANGEAISONS","og_url":"https:\/\/aquavis.it\/fr\/prodotto\/psoreasy-autogel\/","og_site_name":"Aquavis","article_publisher":"https:\/\/www.facebook.com\/aquavis.it","article_modified_time":"2025-10-10T13:54:56+00:00","og_image":[{"width":960,"height":960,"url":"https:\/\/aquavis.it\/wp-content\/uploads\/2023\/11\/468543278_3678532885790519_6423714703728572868_n-1.jpg","type":"image\/jpeg"}],"twitter_card":"summary_large_image","twitter_misc":{"Dur\u00e9e de lecture estim\u00e9e":"3 minutes"},"schema":{"@context":"https:\/\/schema.org","@graph":[{"@type":"WebPage","@id":"https:\/\/aquavis.it\/fr\/prodotto\/psoreasy-autogel\/","url":"https:\/\/aquavis.it\/fr\/prodotto\/psoreasy-autogel\/","name":"PsorEasy Autogel 75ml - Aquavis","isPartOf":{"@id":"https:\/\/aquavis.it\/fr\/#website"},"primaryImageOfPage":{"@id":"https:\/\/aquavis.it\/fr\/prodotto\/psoreasy-autogel\/#primaryimage"},"image":{"@id":"https:\/\/aquavis.it\/fr\/prodotto\/psoreasy-autogel\/#primaryimage"},"thumbnailUrl":"https:\/\/aquavis.it\/wp-content\/uploads\/2023\/11\/psoreasy.jpg","datePublished":"2023-11-21T16:21:56+00:00","dateModified":"2025-10-10T13:54:56+00:00","breadcrumb":{"@id":"https:\/\/aquavis.it\/fr\/prodotto\/psoreasy-autogel\/#breadcrumb"},"inLanguage":"fr-FR","potentialAction":[{"@type":"ReadAction","target":["https:\/\/aquavis.it\/fr\/prodotto\/psoreasy-autogel\/"]}]},{"@type":"ImageObject","inLanguage":"fr-FR","@id":"https:\/\/aquavis.it\/fr\/prodotto\/psoreasy-autogel\/#primaryimage","url":"https:\/\/aquavis.it\/wp-content\/uploads\/2023\/11\/psoreasy.jpg","contentUrl":"https:\/\/aquavis.it\/wp-content\/uploads\/2023\/11\/psoreasy.jpg","width":1000,"height":1000},{"@type":"BreadcrumbList","@id":"https:\/\/aquavis.it\/fr\/prodotto\/psoreasy-autogel\/#breadcrumb","itemListElement":[{"@type":"ListItem","position":1,"name":"Home","item":"https:\/\/aquavis.it\/fr\/"},{"@type":"ListItem","position":2,"name":"Boutique","item":"https:\/\/aquavis.it\/fr\/boutique\/"},{"@type":"ListItem","position":3,"name":"PsorEasy Autogel 75ml"}]},{"@type":"WebSite","@id":"https:\/\/aquavis.it\/fr\/#website","url":"https:\/\/aquavis.it\/fr\/","name":"Aquavis","description":"","potentialAction":[{"@type":"SearchAction","target":{"@type":"EntryPoint","urlTemplate":"https:\/\/aquavis.it\/fr\/?s={search_term_string}"},"query-input":{"@type":"PropertyValueSpecification","valueRequired":true,"valueName":"search_term_string"}}],"inLanguage":"fr-FR"}]}},"_links":{"self":[{"href":"https:\/\/aquavis.it\/fr\/wp-json\/wp\/v2\/product\/15668","targetHints":{"allow":["GET"]}}],"collection":[{"href":"https:\/\/aquavis.it\/fr\/wp-json\/wp\/v2\/product"}],"about":[{"href":"https:\/\/aquavis.it\/fr\/wp-json\/wp\/v2\/types\/product"}],"replies":[{"embeddable":true,"href":"https:\/\/aquavis.it\/fr\/wp-json\/wp\/v2\/comments?post=15668"}],"version-history":[{"count":6,"href":"https:\/\/aquavis.it\/fr\/wp-json\/wp\/v2\/product\/15668\/revisions"}],"predecessor-version":[{"id":16217,"href":"https:\/\/aquavis.it\/fr\/wp-json\/wp\/v2\/product\/15668\/revisions\/16217"}],"wp:featuredmedia":[{"embeddable":true,"href":"https:\/\/aquavis.it\/fr\/wp-json\/wp\/v2\/media\/18462"}],"wp:attachment":[{"href":"https:\/\/aquavis.it\/fr\/wp-json\/wp\/v2\/media?parent=15668"}],"wp:term":[{"taxonomy":"product_cat","embeddable":true,"href":"https:\/\/aquavis.it\/fr\/wp-json\/wp\/v2\/product_cat?post=15668"},{"taxonomy":"product_tag","embeddable":true,"href":"https:\/\/aquavis.it\/fr\/wp-json\/wp\/v2\/product_tag?post=15668"}],"curies":[{"name":"wp","href":"https:\/\/api.w.org\/{rel}","templated":true}]}}