{"id":15665,"date":"2023-12-19T15:21:39","date_gmt":"2023-12-19T14:21:39","guid":{"rendered":"https:\/\/aquavis.it\/prodotto\/crema-rigenerante\/"},"modified":"2025-10-10T15:55:52","modified_gmt":"2025-10-10T13:55:52","slug":"crema-rigenerante","status":"publish","type":"product","link":"https:\/\/aquavis.it\/fr\/prodotto\/crema-rigenerante\/","title":{"rendered":"Cr\u00e8me Visage R\u00e9g\u00e9n\u00e9rante 50ml"},"content":{"rendered":"\t\t<div data-elementor-type=\"wp-post\" data-elementor-id=\"15665\" class=\"elementor elementor-15665 elementor-2932\" data-elementor-post-type=\"product\">\n\t\t\t\t\t\t<section class=\"elementor-section elementor-top-section elementor-element elementor-element-8259c22 rey-section-stretched rey-section-bg--classic elementor-section-boxed elementor-section-height-default elementor-section-height-default\" data-id=\"8259c22\" data-element_type=\"section\" data-settings=\"{&quot;background_background&quot;:&quot;classic&quot;}\">\n\t\t\t\t\t\t<div class=\"elementor-container elementor-column-gap-default\">\n\t\t\t\t\t<div class=\"elementor-column elementor-col-33 elementor-top-column elementor-element elementor-element-291b988\" data-id=\"291b988\" data-element_type=\"column\">\n\t\t\t<div class=\"elementor-column-wrap--291b988 elementor-widget-wrap elementor-element-populated\">\n\t\t\t\t\t\t<div class=\"elementor-element elementor-element-a6c9b41 elementor-widget elementor-widget-image\" data-id=\"a6c9b41\" data-element_type=\"widget\" data-widget_type=\"image.default\">\n\t\t\t\t<div class=\"elementor-widget-container\">\n\t\t\t\t\t\t\t\t\t\t\t\t\t<img decoding=\"async\" width=\"70\" height=\"70\" src=\"https:\/\/aquavis.it\/wp-content\/uploads\/2024\/10\/icona1-1-1.svg\" class=\"attachment-full size-full wp-image-15822\" alt=\"\" \/>\t\t\t\t\t\t\t\t\t\t\t\t\t<\/div>\n\t\t\t\t<\/div>\n\t\t\t\t<div class=\"elementor-element elementor-element-2ca2e54 elementor-widget elementor-widget-heading\" data-id=\"2ca2e54\" data-element_type=\"widget\" data-widget_type=\"heading.default\">\n\t\t\t\t<div class=\"elementor-widget-container\">\n\t\t\t<h3 class=\"elementor-heading-title elementor-size-default\">Actifs contenus :<\/h3>\t\t<\/div>\n\t\t\t\t<\/div>\n\t\t\t\t<div class=\"elementor-element elementor-element-07dd651 elementor-widget elementor-widget-text-editor\" data-id=\"07dd651\" data-element_type=\"widget\" data-widget_type=\"text-editor.default\">\n\t\t\t\t<div class=\"elementor-widget-container\">\n\t\t\t\t\t\t\t<p>Aquavis\u00ae, Vitamine E, Acide Hyaluronique \u00e0 4 poids mol\u00e9culaires, Peptide Matrixyl et Beurre de Karit\u00e9.<\/p>\n\t\t\t\t\t\t<\/div>\n\t\t\t\t<\/div>\n\t\t\t\t<div class=\"elementor-element elementor-element-4a8e3ec elementor-widget elementor-widget-heading\" data-id=\"4a8e3ec\" data-element_type=\"widget\" data-widget_type=\"heading.default\">\n\t\t\t\t<div class=\"elementor-widget-container\">\n\t\t\t<h3 class=\"elementor-heading-title elementor-size-default\">Qualit\u00e9 et s\u00e9curit\u00e9 :<\/h3>\t\t<\/div>\n\t\t\t\t<\/div>\n\t\t\t\t<div class=\"elementor-element elementor-element-4ec0f80 elementor-widget elementor-widget-text-editor\" data-id=\"4ec0f80\" data-element_type=\"widget\" data-widget_type=\"text-editor.default\">\n\t\t\t\t<div class=\"elementor-widget-container\">\n\t\t\t\t\t\t\t<p>Chaque produit Aquavis\u00ae est test\u00e9 dermatologiquement afin de garantir qualit\u00e9 et s\u00e9curit\u00e9 d\u2019utilisation. Un test clinique men\u00e9 par un institut de recherche de renomm\u00e9e internationale a d\u00e9montr\u00e9 qu\u2019un traitement de 12&nbsp;semaines avec Aquavis\u00ae am\u00e9liore les param\u00e8tres biophysiques et l\u2019aspect esth\u00e9tique de la peau. En particulier&nbsp;: augmentation de l\u2019hydratation cutan\u00e9e de 20&nbsp;%, r\u00e9duction du taux de s\u00e9bum de 21&nbsp;%, diminution du TEWL de 20&nbsp;%, r\u00e9duction de l\u2019indice de m\u00e9lanine de 6&nbsp;% et de l\u2019indice d\u2019\u00e9ryth\u00e8me de 16&nbsp;%. 100&nbsp;% des participants \u00e0 l\u2019\u00e9tude ont confirm\u00e9 que le traitement avait am\u00e9lior\u00e9 l\u2019aspect de la peau du visage, du cou et du d\u00e9collet\u00e9.<\/p>\n\t\t\t\t\t\t<\/div>\n\t\t\t\t<\/div>\n\t\t\t\t\t<\/div>\n\t\t<\/div>\n\t\t\t\t<div class=\"elementor-column elementor-col-33 elementor-top-column elementor-element elementor-element-dc8789b\" data-id=\"dc8789b\" data-element_type=\"column\">\n\t\t\t<div class=\"elementor-column-wrap--dc8789b elementor-widget-wrap elementor-element-populated\">\n\t\t\t\t\t\t<div class=\"elementor-element elementor-element-0bc6e93 elementor-widget elementor-widget-image\" data-id=\"0bc6e93\" data-element_type=\"widget\" data-widget_type=\"image.default\">\n\t\t\t\t<div class=\"elementor-widget-container\">\n\t\t\t\t\t\t\t\t\t\t\t\t\t<img decoding=\"async\" width=\"70\" height=\"70\" src=\"https:\/\/aquavis.it\/wp-content\/uploads\/2024\/10\/icona2-1-1.svg\" class=\"attachment-full size-full wp-image-15823\" alt=\"\" \/>\t\t\t\t\t\t\t\t\t\t\t\t\t<\/div>\n\t\t\t\t<\/div>\n\t\t\t\t<div class=\"elementor-element elementor-element-a0e642e elementor-widget elementor-widget-heading\" data-id=\"a0e642e\" data-element_type=\"widget\" data-widget_type=\"heading.default\">\n\t\t\t\t<div class=\"elementor-widget-container\">\n\t\t\t<h3 class=\"elementor-heading-title elementor-size-default\">B\u00e9n\u00e9fices :<\/h3>\t\t<\/div>\n\t\t\t\t<\/div>\n\t\t\t\t<div class=\"elementor-element elementor-element-19f3b76 elementor-widget elementor-widget-text-editor\" data-id=\"19f3b76\" data-element_type=\"widget\" data-widget_type=\"text-editor.default\">\n\t\t\t\t<div class=\"elementor-widget-container\">\n\t\t\t\t\t\t\t<p class=\"p1\"><strong>Cr\u00e8me \u00e0 haute concentration en Aquavis\u00ae, eau saline magn\u00e9tis\u00e9e caract\u00e9ris\u00e9e par une importante action r\u00e9g\u00e9n\u00e9rante et un effet anti-\u00e2ge d\u00e9montr\u00e9 par des tests cliniques. La Cr\u00e8me R\u00e9g\u00e9n\u00e9rante est enrichie en <i>Vitamine&nbsp;E<\/i>, puissant antioxydant qui combat la formation des radicaux libres et ralentit le vieillissement cellulaire&nbsp;; en 4&nbsp;types diff\u00e9rents d\u2019<i>Acide Hyaluronique<\/i>, qui cr\u00e9ent un r\u00e9seau tridimensionnel sur la peau, l\u2019hydratent, la prot\u00e8gent et en am\u00e9liorent l\u2019\u00e9lasticit\u00e9. <i>Matrixyl&nbsp;Synthe-6<\/i>, peptide de derni\u00e8re g\u00e9n\u00e9ration, lisse le relief cutan\u00e9, comble les rides de l\u2019int\u00e9rieur et apporte un confort imm\u00e9diat \u00e0 la peau. <i>Beurre de Karit\u00e9<\/i>, pr\u00e9cieux ingr\u00e9dient naturel aux propri\u00e9t\u00e9s r\u00e9g\u00e9n\u00e9rantes et nourrissantes reconnues, conf\u00e8re \u00e0 la peau fermet\u00e9 et \u00e9lasticit\u00e9. La cr\u00e8me agit rapidement avec un effet liftant d\u00e8s la premi\u00e8re utilisation et contribue \u00e0 prot\u00e9ger la peau des rayons UV et de la pollution atmosph\u00e9rique, en la maintenant nourrie, hydrat\u00e9e et prot\u00e9g\u00e9e tout au long de la journ\u00e9e.<\/strong><\/p>\n\t\t\t\t\t\t<\/div>\n\t\t\t\t<\/div>\n\t\t\t\t\t<\/div>\n\t\t<\/div>\n\t\t\t\t<div class=\"elementor-column elementor-col-33 elementor-top-column elementor-element elementor-element-e3615eb\" data-id=\"e3615eb\" data-element_type=\"column\">\n\t\t\t<div class=\"elementor-column-wrap--e3615eb elementor-widget-wrap elementor-element-populated\">\n\t\t\t\t\t\t<div class=\"elementor-element elementor-element-039fa9f elementor-widget elementor-widget-image\" data-id=\"039fa9f\" data-element_type=\"widget\" data-widget_type=\"image.default\">\n\t\t\t\t<div class=\"elementor-widget-container\">\n\t\t\t\t\t\t\t\t\t\t\t\t\t<img decoding=\"async\" width=\"70\" height=\"70\" src=\"https:\/\/aquavis.it\/wp-content\/uploads\/2024\/10\/icona3-1-1.svg\" class=\"attachment-full size-full wp-image-15824\" alt=\"\" \/>\t\t\t\t\t\t\t\t\t\t\t\t\t<\/div>\n\t\t\t\t<\/div>\n\t\t\t\t<div class=\"elementor-element elementor-element-b9bff6b elementor-widget elementor-widget-heading\" data-id=\"b9bff6b\" data-element_type=\"widget\" data-widget_type=\"heading.default\">\n\t\t\t\t<div class=\"elementor-widget-container\">\n\t\t\t<h3 class=\"elementor-heading-title elementor-size-default\">Ingr\u00e9dients :<\/h3>\t\t<\/div>\n\t\t\t\t<\/div>\n\t\t\t\t<div class=\"elementor-element elementor-element-5c316fc elementor-widget elementor-widget-text-editor\" data-id=\"5c316fc\" data-element_type=\"widget\" data-widget_type=\"text-editor.default\">\n\t\t\t\t<div class=\"elementor-widget-container\">\n\t\t\t\t\t\t\t<p>aqua [water], triisostearin, glycerin, ethylhexyl stearate, coco-caprylate, butyrospermum parkii (shea) butter, sodium hyaluronate crosspolymer, hydroxypropyl cyclodextrin, tocopherol, palmitoyl tripeptide-38, phospholipids, sodium hyaluronate, hydrolyzed sodium hyaluronate, tocopheryl acetate, salvia hispanica seed oil, sodium acetylated hyaluronate, triticum vulgare (wheat) germ oil, helianthus annuus (sunflower) seed oil, cetearyl glucoside, titanium dioxide, pentylene glycol, potassium chloride, calcium chloride, magnesium chloride, zincchloride, hydrogenated polydecene,cetearyl alcohol, glyceryl stearate, polyglyceryl-10 stearate, dehydroxanthan gum, sodium benzoate, sodium acrylates copolymer, parfum fragrance], phenoxyethanol, ethylhexylglycerin, mica, disodium edta, citronellol, linalool, limonene, hexyl cinnamal.<\/p>\t\t\t\t\t\t<\/div>\n\t\t\t\t<\/div>\n\t\t\t\t<div class=\"elementor-element elementor-element-099671d elementor-widget elementor-widget-heading\" data-id=\"099671d\" data-element_type=\"widget\" data-widget_type=\"heading.default\">\n\t\t\t\t<div class=\"elementor-widget-container\">\n\t\t\t<h3 class=\"elementor-heading-title elementor-size-default\">Indications et mode d\u2019emploi :<\/h3>\t\t<\/div>\n\t\t\t\t<\/div>\n\t\t\t\t<div class=\"elementor-element elementor-element-754e3c4 elementor-widget elementor-widget-text-editor\" data-id=\"754e3c4\" data-element_type=\"widget\" data-widget_type=\"text-editor.default\">\n\t\t\t\t<div class=\"elementor-widget-container\">\n\t\t\t\t\t\t\t<p>Appliquer par un l\u00e9ger massage jusqu\u2019\u00e0 absorption compl\u00e8te sur le visage, le cou et le d\u00e9collet\u00e9. Un traitement r\u00e9gulier d\u2019au moins 8&nbsp;semaines est recommand\u00e9 pour obtenir des r\u00e9sultats visiblement significatifs.<\/p>\n\t\t\t\t\t\t<\/div>\n\t\t\t\t<\/div>\n\t\t\t\t\t<\/div>\n\t\t<\/div>\n\t\t\t\t\t<\/div>\n\t\t<\/section>\n\t\t<div class=\"e-con-top elementor-element elementor-element-490238e e-flex e-con-boxed e-con e-parent\" data-id=\"490238e\" data-element_type=\"container\">\n\t\t\t\t\t<div class=\"e-con-inner\">\n\t\t\t\t\t<\/div>\n\t\t\t\t<\/div>\n\t\t\t\t<\/div>\n\t\t","protected":false},"excerpt":{"rendered":"<p class=\"p1\"><strong>Avec Aquavis\u00ae, Vitamine E, Acide Hyaluronique \u00e0 4 poids mol\u00e9culaires, Matrixyl et Beurre de Karit\u00e9.<\/strong><\/p>\n<p class=\"p1\">Cr\u00e8me r\u00e9g\u00e9n\u00e9rante con\u00e7ue pour pr\u00e9server la jeunesse de la peau. Sp\u00e9cifiquement formul\u00e9e pour le visage, le cou et le d\u00e9collet\u00e9, elle contient Aquavis\u00ae\u00a0: un activateur dermocosm\u00e9tique \u00e0 fort pouvoir apaisant et anti-\u00e2ge, le premier principe de nature biophysique capable de stimuler l\u2019autophagie cutan\u00e9e, favorisant la r\u00e9g\u00e9n\u00e9ration cellulaire et amplifiant l\u2019efficacit\u00e9 de tous les autres ingr\u00e9dients de la formule. Sans silicones et sans parab\u00e8nes.<\/p>\n<ul>\n<li class=\"p1\"><strong>ANTI-RADICAUX<\/strong><\/li>\n<li class=\"p2\"><strong>ANTI-\u00c2GE<\/strong><\/li>\n<li class=\"p2\"><strong>R\u00c9G\u00c9N\u00c9RANTE<\/strong><\/li>\n<li class=\"p2\"><strong>STIMULE L\u2019AUTOPHAGIE<\/strong><\/li>\n<li class=\"p2\"><strong>ANTIOXYDANTE<\/strong><\/li>\n<\/ul>\n","protected":false},"featured_media":18456,"comment_status":"open","ping_status":"closed","template":"","meta":{"_acf_changed":false},"product_cat":[338],"product_tag":[],"class_list":{"0":"post-15665","1":"product","2":"type-product","3":"status-publish","4":"has-post-thumbnail","6":"product_cat-soins-anti-age","8":"first","9":"instock","10":"shipping-taxable","11":"purchasable","12":"product-type-simple","swatches":"rey-swatches","show_selected":"","stretch_labels":"rey-swatches--stretch-labels"},"acf":[],"yoast_head":"<!-- This site is optimized with the Yoast SEO plugin v26.4 - https:\/\/yoast.com\/wordpress\/plugins\/seo\/ -->\n<title>Cr\u00e8me Visage R\u00e9g\u00e9n\u00e9rante 50ml - Aquavis<\/title>\n<meta name=\"robots\" content=\"index, follow, max-snippet:-1, max-image-preview:large, max-video-preview:-1\" \/>\n<link rel=\"canonical\" href=\"https:\/\/aquavis.it\/fr\/prodotto\/crema-rigenerante\/\" \/>\n<meta property=\"og:locale\" content=\"fr_FR\" \/>\n<meta property=\"og:type\" content=\"article\" \/>\n<meta property=\"og:title\" content=\"Cr\u00e8me Visage R\u00e9g\u00e9n\u00e9rante 50ml - Aquavis\" \/>\n<meta property=\"og:description\" content=\"Avec Aquavis\u00ae, Vitamine E, Acide Hyaluronique \u00e0 4 poids mol\u00e9culaires, Matrixyl et Beurre de Karit\u00e9. Cr\u00e8me r\u00e9g\u00e9n\u00e9rante con\u00e7ue pour pr\u00e9server la jeunesse de la peau. Sp\u00e9cifiquement formul\u00e9e pour le visage, le cou et le d\u00e9collet\u00e9, elle contient Aquavis\u00ae\u00a0: un activateur dermocosm\u00e9tique \u00e0 fort pouvoir apaisant et anti-\u00e2ge, le premier principe de nature biophysique capable de stimuler l\u2019autophagie cutan\u00e9e, favorisant la r\u00e9g\u00e9n\u00e9ration cellulaire et amplifiant l\u2019efficacit\u00e9 de tous les autres ingr\u00e9dients de la formule. Sans silicones et sans parab\u00e8nes.    ANTI-RADICAUX  ANTI-\u00c2GE  R\u00c9G\u00c9N\u00c9RANTE  STIMULE L\u2019AUTOPHAGIE  ANTIOXYDANTE\" \/>\n<meta property=\"og:url\" content=\"https:\/\/aquavis.it\/fr\/prodotto\/crema-rigenerante\/\" \/>\n<meta property=\"og:site_name\" content=\"Aquavis\" \/>\n<meta property=\"article:publisher\" content=\"https:\/\/www.facebook.com\/aquavis.it\" \/>\n<meta property=\"article:modified_time\" content=\"2025-10-10T13:55:52+00:00\" \/>\n<meta property=\"og:image\" content=\"https:\/\/aquavis.it\/wp-content\/uploads\/2023\/12\/468270051_1349590559337121_4272363783004385772_n-1.jpg\" \/>\n\t<meta property=\"og:image:width\" content=\"960\" \/>\n\t<meta property=\"og:image:height\" content=\"960\" \/>\n\t<meta property=\"og:image:type\" content=\"image\/jpeg\" \/>\n<meta name=\"twitter:card\" content=\"summary_large_image\" \/>\n<meta name=\"twitter:label1\" content=\"Dur\u00e9e de lecture estim\u00e9e\" \/>\n\t<meta name=\"twitter:data1\" content=\"3 minutes\" \/>\n<script type=\"application\/ld+json\" class=\"yoast-schema-graph\">{\"@context\":\"https:\/\/schema.org\",\"@graph\":[{\"@type\":\"WebPage\",\"@id\":\"https:\/\/aquavis.it\/fr\/prodotto\/crema-rigenerante\/\",\"url\":\"https:\/\/aquavis.it\/fr\/prodotto\/crema-rigenerante\/\",\"name\":\"Cr\u00e8me Visage R\u00e9g\u00e9n\u00e9rante 50ml - Aquavis\",\"isPartOf\":{\"@id\":\"https:\/\/aquavis.it\/fr\/#website\"},\"primaryImageOfPage\":{\"@id\":\"https:\/\/aquavis.it\/fr\/prodotto\/crema-rigenerante\/#primaryimage\"},\"image\":{\"@id\":\"https:\/\/aquavis.it\/fr\/prodotto\/crema-rigenerante\/#primaryimage\"},\"thumbnailUrl\":\"https:\/\/aquavis.it\/wp-content\/uploads\/2023\/12\/crema-rigenerante-pack-1.jpg\",\"datePublished\":\"2023-12-19T14:21:39+00:00\",\"dateModified\":\"2025-10-10T13:55:52+00:00\",\"breadcrumb\":{\"@id\":\"https:\/\/aquavis.it\/fr\/prodotto\/crema-rigenerante\/#breadcrumb\"},\"inLanguage\":\"fr-FR\",\"potentialAction\":[{\"@type\":\"ReadAction\",\"target\":[\"https:\/\/aquavis.it\/fr\/prodotto\/crema-rigenerante\/\"]}]},{\"@type\":\"ImageObject\",\"inLanguage\":\"fr-FR\",\"@id\":\"https:\/\/aquavis.it\/fr\/prodotto\/crema-rigenerante\/#primaryimage\",\"url\":\"https:\/\/aquavis.it\/wp-content\/uploads\/2023\/12\/crema-rigenerante-pack-1.jpg\",\"contentUrl\":\"https:\/\/aquavis.it\/wp-content\/uploads\/2023\/12\/crema-rigenerante-pack-1.jpg\",\"width\":1000,\"height\":1000},{\"@type\":\"BreadcrumbList\",\"@id\":\"https:\/\/aquavis.it\/fr\/prodotto\/crema-rigenerante\/#breadcrumb\",\"itemListElement\":[{\"@type\":\"ListItem\",\"position\":1,\"name\":\"Home\",\"item\":\"https:\/\/aquavis.it\/fr\/\"},{\"@type\":\"ListItem\",\"position\":2,\"name\":\"Boutique\",\"item\":\"https:\/\/aquavis.it\/fr\/boutique\/\"},{\"@type\":\"ListItem\",\"position\":3,\"name\":\"Cr\u00e8me Visage R\u00e9g\u00e9n\u00e9rante 50ml\"}]},{\"@type\":\"WebSite\",\"@id\":\"https:\/\/aquavis.it\/fr\/#website\",\"url\":\"https:\/\/aquavis.it\/fr\/\",\"name\":\"Aquavis\",\"description\":\"\",\"potentialAction\":[{\"@type\":\"SearchAction\",\"target\":{\"@type\":\"EntryPoint\",\"urlTemplate\":\"https:\/\/aquavis.it\/fr\/?s={search_term_string}\"},\"query-input\":{\"@type\":\"PropertyValueSpecification\",\"valueRequired\":true,\"valueName\":\"search_term_string\"}}],\"inLanguage\":\"fr-FR\"}]}<\/script>\n<!-- \/ Yoast SEO plugin. -->","yoast_head_json":{"title":"Cr\u00e8me Visage R\u00e9g\u00e9n\u00e9rante 50ml - Aquavis","robots":{"index":"index","follow":"follow","max-snippet":"max-snippet:-1","max-image-preview":"max-image-preview:large","max-video-preview":"max-video-preview:-1"},"canonical":"https:\/\/aquavis.it\/fr\/prodotto\/crema-rigenerante\/","og_locale":"fr_FR","og_type":"article","og_title":"Cr\u00e8me Visage R\u00e9g\u00e9n\u00e9rante 50ml - Aquavis","og_description":"Avec Aquavis\u00ae, Vitamine E, Acide Hyaluronique \u00e0 4 poids mol\u00e9culaires, Matrixyl et Beurre de Karit\u00e9. Cr\u00e8me r\u00e9g\u00e9n\u00e9rante con\u00e7ue pour pr\u00e9server la jeunesse de la peau. Sp\u00e9cifiquement formul\u00e9e pour le visage, le cou et le d\u00e9collet\u00e9, elle contient Aquavis\u00ae\u00a0: un activateur dermocosm\u00e9tique \u00e0 fort pouvoir apaisant et anti-\u00e2ge, le premier principe de nature biophysique capable de stimuler l\u2019autophagie cutan\u00e9e, favorisant la r\u00e9g\u00e9n\u00e9ration cellulaire et amplifiant l\u2019efficacit\u00e9 de tous les autres ingr\u00e9dients de la formule. Sans silicones et sans parab\u00e8nes.    ANTI-RADICAUX  ANTI-\u00c2GE  R\u00c9G\u00c9N\u00c9RANTE  STIMULE L\u2019AUTOPHAGIE  ANTIOXYDANTE","og_url":"https:\/\/aquavis.it\/fr\/prodotto\/crema-rigenerante\/","og_site_name":"Aquavis","article_publisher":"https:\/\/www.facebook.com\/aquavis.it","article_modified_time":"2025-10-10T13:55:52+00:00","og_image":[{"width":960,"height":960,"url":"https:\/\/aquavis.it\/wp-content\/uploads\/2023\/12\/468270051_1349590559337121_4272363783004385772_n-1.jpg","type":"image\/jpeg"}],"twitter_card":"summary_large_image","twitter_misc":{"Dur\u00e9e de lecture estim\u00e9e":"3 minutes"},"schema":{"@context":"https:\/\/schema.org","@graph":[{"@type":"WebPage","@id":"https:\/\/aquavis.it\/fr\/prodotto\/crema-rigenerante\/","url":"https:\/\/aquavis.it\/fr\/prodotto\/crema-rigenerante\/","name":"Cr\u00e8me Visage R\u00e9g\u00e9n\u00e9rante 50ml - Aquavis","isPartOf":{"@id":"https:\/\/aquavis.it\/fr\/#website"},"primaryImageOfPage":{"@id":"https:\/\/aquavis.it\/fr\/prodotto\/crema-rigenerante\/#primaryimage"},"image":{"@id":"https:\/\/aquavis.it\/fr\/prodotto\/crema-rigenerante\/#primaryimage"},"thumbnailUrl":"https:\/\/aquavis.it\/wp-content\/uploads\/2023\/12\/crema-rigenerante-pack-1.jpg","datePublished":"2023-12-19T14:21:39+00:00","dateModified":"2025-10-10T13:55:52+00:00","breadcrumb":{"@id":"https:\/\/aquavis.it\/fr\/prodotto\/crema-rigenerante\/#breadcrumb"},"inLanguage":"fr-FR","potentialAction":[{"@type":"ReadAction","target":["https:\/\/aquavis.it\/fr\/prodotto\/crema-rigenerante\/"]}]},{"@type":"ImageObject","inLanguage":"fr-FR","@id":"https:\/\/aquavis.it\/fr\/prodotto\/crema-rigenerante\/#primaryimage","url":"https:\/\/aquavis.it\/wp-content\/uploads\/2023\/12\/crema-rigenerante-pack-1.jpg","contentUrl":"https:\/\/aquavis.it\/wp-content\/uploads\/2023\/12\/crema-rigenerante-pack-1.jpg","width":1000,"height":1000},{"@type":"BreadcrumbList","@id":"https:\/\/aquavis.it\/fr\/prodotto\/crema-rigenerante\/#breadcrumb","itemListElement":[{"@type":"ListItem","position":1,"name":"Home","item":"https:\/\/aquavis.it\/fr\/"},{"@type":"ListItem","position":2,"name":"Boutique","item":"https:\/\/aquavis.it\/fr\/boutique\/"},{"@type":"ListItem","position":3,"name":"Cr\u00e8me Visage R\u00e9g\u00e9n\u00e9rante 50ml"}]},{"@type":"WebSite","@id":"https:\/\/aquavis.it\/fr\/#website","url":"https:\/\/aquavis.it\/fr\/","name":"Aquavis","description":"","potentialAction":[{"@type":"SearchAction","target":{"@type":"EntryPoint","urlTemplate":"https:\/\/aquavis.it\/fr\/?s={search_term_string}"},"query-input":{"@type":"PropertyValueSpecification","valueRequired":true,"valueName":"search_term_string"}}],"inLanguage":"fr-FR"}]}},"_links":{"self":[{"href":"https:\/\/aquavis.it\/fr\/wp-json\/wp\/v2\/product\/15665","targetHints":{"allow":["GET"]}}],"collection":[{"href":"https:\/\/aquavis.it\/fr\/wp-json\/wp\/v2\/product"}],"about":[{"href":"https:\/\/aquavis.it\/fr\/wp-json\/wp\/v2\/types\/product"}],"replies":[{"embeddable":true,"href":"https:\/\/aquavis.it\/fr\/wp-json\/wp\/v2\/comments?post=15665"}],"version-history":[{"count":6,"href":"https:\/\/aquavis.it\/fr\/wp-json\/wp\/v2\/product\/15665\/revisions"}],"predecessor-version":[{"id":16221,"href":"https:\/\/aquavis.it\/fr\/wp-json\/wp\/v2\/product\/15665\/revisions\/16221"}],"wp:featuredmedia":[{"embeddable":true,"href":"https:\/\/aquavis.it\/fr\/wp-json\/wp\/v2\/media\/18456"}],"wp:attachment":[{"href":"https:\/\/aquavis.it\/fr\/wp-json\/wp\/v2\/media?parent=15665"}],"wp:term":[{"taxonomy":"product_cat","embeddable":true,"href":"https:\/\/aquavis.it\/fr\/wp-json\/wp\/v2\/product_cat?post=15665"},{"taxonomy":"product_tag","embeddable":true,"href":"https:\/\/aquavis.it\/fr\/wp-json\/wp\/v2\/product_tag?post=15665"}],"curies":[{"name":"wp","href":"https:\/\/api.w.org\/{rel}","templated":true}]}}