{"id":15644,"date":"2024-12-10T17:06:49","date_gmt":"2024-12-10T16:06:49","guid":{"rendered":"https:\/\/aquavis.it\/prodotto\/trattamento-anticaduta-hair-regenaration\/"},"modified":"2025-10-09T12:26:46","modified_gmt":"2025-10-09T10:26:46","slug":"trattamento-anticaduta-hair-regenaration","status":"publish","type":"product","link":"https:\/\/aquavis.it\/fr\/prodotto\/trattamento-anticaduta-hair-regenaration\/","title":{"rendered":"Kit Hair Regeneration Aquavis\u00ae<br>Traitement Complet Contre la Chute des Cheveux<br><span class=\"hidden-text\">Ampoules 4&nbsp;x&nbsp;15&nbsp;ml + Shampooing Anti-Chute 150&nbsp;ml<br>Synergie parfaite pour des r\u00e9sultats optimaux&nbsp;!<\/span>"},"content":{"rendered":"","protected":false},"excerpt":{"rendered":"<p class=\"p1\">Renforcez vos cheveux et stimulez leur repousse. Avec le traitement <strong>Shampooing Anti-Chute Aquavis\u00ae + Ampoules<\/strong>, augmentez la r\u00e9sistance de vos cheveux face au stress physique, \u00e9motionnel et environnemental. Un v\u00e9ritable traitement de repousse d\u00e9velopp\u00e9 par notre comit\u00e9 de chercheurs scientifiques et test\u00e9 cliniquement par un institut international sp\u00e9cialis\u00e9. Tests d\u2019efficacit\u00e9 apr\u00e8s seulement 12&nbsp;semaines d\u2019utilisation.<\/p>\n<ul>\n<li style=\"list-style-type: none;\">\n<ul>\n<li class=\"p1\"><b>R\u00e9duction de la chute des cheveux de 75&nbsp;%<\/b><\/li>\n<li class=\"p2\"><b>Augmentation du nombre de cheveux de 60&nbsp;%<\/b><\/li>\n<li class=\"p2\"><b>Am\u00e9lioration du volume et de la densit\u00e9 de 20&nbsp;%<\/b><\/li>\n<\/ul>\n<\/li>\n<\/ul>\n","protected":false},"featured_media":18450,"comment_status":"open","ping_status":"closed","template":"","meta":{"_acf_changed":false},"product_cat":[347],"product_tag":[],"class_list":{"0":"post-15644","1":"product","2":"type-product","3":"status-publish","4":"has-post-thumbnail","6":"product_cat-soins-anti-chute","8":"first","9":"instock","10":"shipping-taxable","11":"purchasable","12":"product-type-simple","swatches":"rey-swatches","show_selected":"","stretch_labels":"rey-swatches--stretch-labels"},"acf":[],"yoast_head":"<!-- This site is optimized with the Yoast SEO plugin v26.4 - https:\/\/yoast.com\/wordpress\/plugins\/seo\/ -->\n<title>Kit Hair Regeneration Aquavis\u00aeTraitement Complet Contre la Chute des CheveuxAmpoules 4&nbsp;x&nbsp;15&nbsp;ml + Shampooing Anti-Chute 150&nbsp;mlSynergie parfaite pour des r\u00e9sultats optimaux&nbsp;! - Aquavis<\/title>\n<meta name=\"robots\" content=\"index, follow, max-snippet:-1, max-image-preview:large, max-video-preview:-1\" \/>\n<link rel=\"canonical\" href=\"https:\/\/aquavis.it\/fr\/prodotto\/trattamento-anticaduta-hair-regenaration\/\" \/>\n<meta property=\"og:locale\" content=\"fr_FR\" \/>\n<meta property=\"og:type\" content=\"article\" \/>\n<meta property=\"og:title\" content=\"Kit Hair Regeneration Aquavis\u00aeTraitement Complet Contre la Chute des CheveuxAmpoules 4&nbsp;x&nbsp;15&nbsp;ml + Shampooing Anti-Chute 150&nbsp;mlSynergie parfaite pour des r\u00e9sultats optimaux&nbsp;! - Aquavis\" \/>\n<meta property=\"og:description\" content=\"Renforcez vos cheveux et stimulez leur repousse. Avec le traitement Shampooing Anti-Chute Aquavis\u00ae + Ampoules, augmentez la r\u00e9sistance de vos cheveux face au stress physique, \u00e9motionnel et environnemental. Un v\u00e9ritable traitement de repousse d\u00e9velopp\u00e9 par notre comit\u00e9 de chercheurs scientifiques et test\u00e9 cliniquement par un institut international sp\u00e9cialis\u00e9. Tests d\u2019efficacit\u00e9 apr\u00e8s seulement 12&nbsp;semaines d\u2019utilisation.      R\u00e9duction de la chute des cheveux de 75&nbsp;%  Augmentation du nombre de cheveux de 60&nbsp;%  Am\u00e9lioration du volume et de la densit\u00e9 de 20&nbsp;%\" \/>\n<meta property=\"og:url\" content=\"https:\/\/aquavis.it\/fr\/prodotto\/trattamento-anticaduta-hair-regenaration\/\" \/>\n<meta property=\"og:site_name\" content=\"Aquavis\" \/>\n<meta property=\"article:publisher\" content=\"https:\/\/www.facebook.com\/aquavis.it\" \/>\n<meta property=\"article:modified_time\" content=\"2025-10-09T10:26:46+00:00\" \/>\n<meta property=\"og:image\" content=\"https:\/\/aquavis.it\/wp-content\/uploads\/2024\/12\/WhatsApp-Image-2025-05-20-at-15.02.14.jpeg\" \/>\n\t<meta property=\"og:image:width\" content=\"1080\" \/>\n\t<meta property=\"og:image:height\" content=\"1080\" \/>\n\t<meta property=\"og:image:type\" content=\"image\/jpeg\" \/>\n<meta name=\"twitter:card\" content=\"summary_large_image\" \/>\n<meta name=\"twitter:label1\" content=\"Dur\u00e9e de lecture estim\u00e9e\" \/>\n\t<meta name=\"twitter:data1\" content=\"1 minute\" \/>\n<script type=\"application\/ld+json\" class=\"yoast-schema-graph\">{\"@context\":\"https:\/\/schema.org\",\"@graph\":[{\"@type\":\"WebPage\",\"@id\":\"https:\/\/aquavis.it\/fr\/prodotto\/trattamento-anticaduta-hair-regenaration\/\",\"url\":\"https:\/\/aquavis.it\/fr\/prodotto\/trattamento-anticaduta-hair-regenaration\/\",\"name\":\"Kit Hair Regeneration Aquavis\u00ae Traitement Complet Contre la Chute des Cheveux Ampoules 4&nbsp;x&nbsp;15&nbsp;ml + Shampooing Anti-Chute 150&nbsp;ml Synergie parfaite pour des r\u00e9sultats optimaux&nbsp;! - Aquavis\",\"isPartOf\":{\"@id\":\"https:\/\/aquavis.it\/fr\/#website\"},\"primaryImageOfPage\":{\"@id\":\"https:\/\/aquavis.it\/fr\/prodotto\/trattamento-anticaduta-hair-regenaration\/#primaryimage\"},\"image\":{\"@id\":\"https:\/\/aquavis.it\/fr\/prodotto\/trattamento-anticaduta-hair-regenaration\/#primaryimage\"},\"thumbnailUrl\":\"https:\/\/aquavis.it\/wp-content\/uploads\/2024\/12\/LOZIONE-ANTICADUTA-e-shampoo.jpg\",\"datePublished\":\"2024-12-10T16:06:49+00:00\",\"dateModified\":\"2025-10-09T10:26:46+00:00\",\"breadcrumb\":{\"@id\":\"https:\/\/aquavis.it\/fr\/prodotto\/trattamento-anticaduta-hair-regenaration\/#breadcrumb\"},\"inLanguage\":\"fr-FR\",\"potentialAction\":[{\"@type\":\"ReadAction\",\"target\":[\"https:\/\/aquavis.it\/fr\/prodotto\/trattamento-anticaduta-hair-regenaration\/\"]}]},{\"@type\":\"ImageObject\",\"inLanguage\":\"fr-FR\",\"@id\":\"https:\/\/aquavis.it\/fr\/prodotto\/trattamento-anticaduta-hair-regenaration\/#primaryimage\",\"url\":\"https:\/\/aquavis.it\/wp-content\/uploads\/2024\/12\/LOZIONE-ANTICADUTA-e-shampoo.jpg\",\"contentUrl\":\"https:\/\/aquavis.it\/wp-content\/uploads\/2024\/12\/LOZIONE-ANTICADUTA-e-shampoo.jpg\",\"width\":1000,\"height\":1000},{\"@type\":\"BreadcrumbList\",\"@id\":\"https:\/\/aquavis.it\/fr\/prodotto\/trattamento-anticaduta-hair-regenaration\/#breadcrumb\",\"itemListElement\":[{\"@type\":\"ListItem\",\"position\":1,\"name\":\"Home\",\"item\":\"https:\/\/aquavis.it\/fr\/\"},{\"@type\":\"ListItem\",\"position\":2,\"name\":\"Boutique\",\"item\":\"https:\/\/aquavis.it\/fr\/boutique\/\"},{\"@type\":\"ListItem\",\"position\":3,\"name\":\"Kit Hair Regeneration Aquavis\u00aeTraitement Complet Contre la Chute des CheveuxAmpoules 4&nbsp;x&nbsp;15&nbsp;ml + Shampooing Anti-Chute 150&nbsp;mlSynergie parfaite pour des r\u00e9sultats optimaux&nbsp;!\"}]},{\"@type\":\"WebSite\",\"@id\":\"https:\/\/aquavis.it\/fr\/#website\",\"url\":\"https:\/\/aquavis.it\/fr\/\",\"name\":\"Aquavis\",\"description\":\"\",\"potentialAction\":[{\"@type\":\"SearchAction\",\"target\":{\"@type\":\"EntryPoint\",\"urlTemplate\":\"https:\/\/aquavis.it\/fr\/?s={search_term_string}\"},\"query-input\":{\"@type\":\"PropertyValueSpecification\",\"valueRequired\":true,\"valueName\":\"search_term_string\"}}],\"inLanguage\":\"fr-FR\"}]}<\/script>\n<!-- \/ Yoast SEO plugin. -->","yoast_head_json":{"title":"Kit Hair Regeneration Aquavis\u00aeTraitement Complet Contre la Chute des CheveuxAmpoules 4&nbsp;x&nbsp;15&nbsp;ml + Shampooing Anti-Chute 150&nbsp;mlSynergie parfaite pour des r\u00e9sultats optimaux&nbsp;! - Aquavis","robots":{"index":"index","follow":"follow","max-snippet":"max-snippet:-1","max-image-preview":"max-image-preview:large","max-video-preview":"max-video-preview:-1"},"canonical":"https:\/\/aquavis.it\/fr\/prodotto\/trattamento-anticaduta-hair-regenaration\/","og_locale":"fr_FR","og_type":"article","og_title":"Kit Hair Regeneration Aquavis\u00aeTraitement Complet Contre la Chute des CheveuxAmpoules 4&nbsp;x&nbsp;15&nbsp;ml + Shampooing Anti-Chute 150&nbsp;mlSynergie parfaite pour des r\u00e9sultats optimaux&nbsp;! - Aquavis","og_description":"Renforcez vos cheveux et stimulez leur repousse. Avec le traitement Shampooing Anti-Chute Aquavis\u00ae + Ampoules, augmentez la r\u00e9sistance de vos cheveux face au stress physique, \u00e9motionnel et environnemental. Un v\u00e9ritable traitement de repousse d\u00e9velopp\u00e9 par notre comit\u00e9 de chercheurs scientifiques et test\u00e9 cliniquement par un institut international sp\u00e9cialis\u00e9. Tests d\u2019efficacit\u00e9 apr\u00e8s seulement 12&nbsp;semaines d\u2019utilisation.      R\u00e9duction de la chute des cheveux de 75&nbsp;%  Augmentation du nombre de cheveux de 60&nbsp;%  Am\u00e9lioration du volume et de la densit\u00e9 de 20&nbsp;%","og_url":"https:\/\/aquavis.it\/fr\/prodotto\/trattamento-anticaduta-hair-regenaration\/","og_site_name":"Aquavis","article_publisher":"https:\/\/www.facebook.com\/aquavis.it","article_modified_time":"2025-10-09T10:26:46+00:00","og_image":[{"width":1080,"height":1080,"url":"https:\/\/aquavis.it\/wp-content\/uploads\/2024\/12\/WhatsApp-Image-2025-05-20-at-15.02.14.jpeg","type":"image\/jpeg"}],"twitter_card":"summary_large_image","twitter_misc":{"Dur\u00e9e de lecture estim\u00e9e":"1 minute"},"schema":{"@context":"https:\/\/schema.org","@graph":[{"@type":"WebPage","@id":"https:\/\/aquavis.it\/fr\/prodotto\/trattamento-anticaduta-hair-regenaration\/","url":"https:\/\/aquavis.it\/fr\/prodotto\/trattamento-anticaduta-hair-regenaration\/","name":"Kit Hair Regeneration Aquavis\u00ae Traitement Complet Contre la Chute des Cheveux Ampoules 4&nbsp;x&nbsp;15&nbsp;ml + Shampooing Anti-Chute 150&nbsp;ml Synergie parfaite pour des r\u00e9sultats optimaux&nbsp;! - Aquavis","isPartOf":{"@id":"https:\/\/aquavis.it\/fr\/#website"},"primaryImageOfPage":{"@id":"https:\/\/aquavis.it\/fr\/prodotto\/trattamento-anticaduta-hair-regenaration\/#primaryimage"},"image":{"@id":"https:\/\/aquavis.it\/fr\/prodotto\/trattamento-anticaduta-hair-regenaration\/#primaryimage"},"thumbnailUrl":"https:\/\/aquavis.it\/wp-content\/uploads\/2024\/12\/LOZIONE-ANTICADUTA-e-shampoo.jpg","datePublished":"2024-12-10T16:06:49+00:00","dateModified":"2025-10-09T10:26:46+00:00","breadcrumb":{"@id":"https:\/\/aquavis.it\/fr\/prodotto\/trattamento-anticaduta-hair-regenaration\/#breadcrumb"},"inLanguage":"fr-FR","potentialAction":[{"@type":"ReadAction","target":["https:\/\/aquavis.it\/fr\/prodotto\/trattamento-anticaduta-hair-regenaration\/"]}]},{"@type":"ImageObject","inLanguage":"fr-FR","@id":"https:\/\/aquavis.it\/fr\/prodotto\/trattamento-anticaduta-hair-regenaration\/#primaryimage","url":"https:\/\/aquavis.it\/wp-content\/uploads\/2024\/12\/LOZIONE-ANTICADUTA-e-shampoo.jpg","contentUrl":"https:\/\/aquavis.it\/wp-content\/uploads\/2024\/12\/LOZIONE-ANTICADUTA-e-shampoo.jpg","width":1000,"height":1000},{"@type":"BreadcrumbList","@id":"https:\/\/aquavis.it\/fr\/prodotto\/trattamento-anticaduta-hair-regenaration\/#breadcrumb","itemListElement":[{"@type":"ListItem","position":1,"name":"Home","item":"https:\/\/aquavis.it\/fr\/"},{"@type":"ListItem","position":2,"name":"Boutique","item":"https:\/\/aquavis.it\/fr\/boutique\/"},{"@type":"ListItem","position":3,"name":"Kit Hair Regeneration Aquavis\u00aeTraitement Complet Contre la Chute des CheveuxAmpoules 4&nbsp;x&nbsp;15&nbsp;ml + Shampooing Anti-Chute 150&nbsp;mlSynergie parfaite pour des r\u00e9sultats optimaux&nbsp;!"}]},{"@type":"WebSite","@id":"https:\/\/aquavis.it\/fr\/#website","url":"https:\/\/aquavis.it\/fr\/","name":"Aquavis","description":"","potentialAction":[{"@type":"SearchAction","target":{"@type":"EntryPoint","urlTemplate":"https:\/\/aquavis.it\/fr\/?s={search_term_string}"},"query-input":{"@type":"PropertyValueSpecification","valueRequired":true,"valueName":"search_term_string"}}],"inLanguage":"fr-FR"}]}},"_links":{"self":[{"href":"https:\/\/aquavis.it\/fr\/wp-json\/wp\/v2\/product\/15644","targetHints":{"allow":["GET"]}}],"collection":[{"href":"https:\/\/aquavis.it\/fr\/wp-json\/wp\/v2\/product"}],"about":[{"href":"https:\/\/aquavis.it\/fr\/wp-json\/wp\/v2\/types\/product"}],"replies":[{"embeddable":true,"href":"https:\/\/aquavis.it\/fr\/wp-json\/wp\/v2\/comments?post=15644"}],"version-history":[{"count":3,"href":"https:\/\/aquavis.it\/fr\/wp-json\/wp\/v2\/product\/15644\/revisions"}],"predecessor-version":[{"id":16012,"href":"https:\/\/aquavis.it\/fr\/wp-json\/wp\/v2\/product\/15644\/revisions\/16012"}],"wp:featuredmedia":[{"embeddable":true,"href":"https:\/\/aquavis.it\/fr\/wp-json\/wp\/v2\/media\/18450"}],"wp:attachment":[{"href":"https:\/\/aquavis.it\/fr\/wp-json\/wp\/v2\/media?parent=15644"}],"wp:term":[{"taxonomy":"product_cat","embeddable":true,"href":"https:\/\/aquavis.it\/fr\/wp-json\/wp\/v2\/product_cat?post=15644"},{"taxonomy":"product_tag","embeddable":true,"href":"https:\/\/aquavis.it\/fr\/wp-json\/wp\/v2\/product_tag?post=15644"}],"curies":[{"name":"wp","href":"https:\/\/api.w.org\/{rel}","templated":true}]}}