{"id":15641,"date":"2024-12-10T17:16:21","date_gmt":"2024-12-10T16:16:21","guid":{"rendered":"https:\/\/aquavis.it\/prodotto\/trattamento-viso-antieta-acquavis-skin-care-siero-liftante-30-ml-crema-rigenerante-50ml-la-tua-nuova-routine-per-una-pelle-giovane-luminosa-e-rigenerata\/"},"modified":"2025-10-08T18:45:18","modified_gmt":"2025-10-08T16:45:18","slug":"trattamento-viso-antieta-acquavis-skin-care-siero-liftante-30-ml-crema-rigenerante-50ml-la-tua-nuova-routine-per-una-pelle-giovane-luminosa-e-rigenerata","status":"publish","type":"product","link":"https:\/\/aquavis.it\/fr\/prodotto\/trattamento-viso-antieta-acquavis-skin-care-siero-liftante-30-ml-crema-rigenerante-50ml-la-tua-nuova-routine-per-una-pelle-giovane-luminosa-e-rigenerata\/","title":{"rendered":"Kit Visage Anti-\u00c2ge Aquavis\u00ae<br>Traitement Quotidien Complet de Soin Anti-\u00c2ge<br><span class=\"hidden-text\">S\u00e9rum Liftant 30&nbsp;ml + Cr\u00e8me R\u00e9g\u00e9n\u00e9rante 50&nbsp;ml<br>Votre nouvelle routine pour une peau jeune, lumineuse et r\u00e9g\u00e9n\u00e9r\u00e9e&nbsp;!<\/span>"},"content":{"rendered":"","protected":false},"excerpt":{"rendered":"<p class=\"p1\">Le nouveau traitement quotidien pour prot\u00e9ger et r\u00e9g\u00e9n\u00e9rer la peau jour apr\u00e8s jour. Une routine simple et compl\u00e8te qui garantit des r\u00e9sultats visibles d\u00e8s la premi\u00e8re semaine&nbsp;! <strong>S\u00e9rum Liftant<\/strong> pour lisser et tonifier, <strong>Cr\u00e8me R\u00e9g\u00e9n\u00e9rante<\/strong>&nbsp;: riche et hydratante, elle aide \u00e0 renforcer la barri\u00e8re cutan\u00e9e et \u00e0 combattre les signes du temps. Id\u00e9ale pour prot\u00e9ger la peau, lui redonner \u00e9clat et fermet\u00e9, elle contribue \u00e0 am\u00e9liorer l\u2019aspect esth\u00e9tique du visage, du cou et du d\u00e9collet\u00e9.<\/p>\n<p class=\"p1\"><strong>Efficacit\u00e9 Cliniquement Test\u00e9e&nbsp;:<\/strong><\/p>\n<ul>\n<li class=\"p1\"><b>-21&nbsp;% de s\u00e9bum, pour un teint plus uniforme et matifi\u00e9.<\/b><\/li>\n<li class=\"p2\"><b>+20&nbsp;% de r\u00e9duction de la perte en eau, pour une barri\u00e8re cutan\u00e9e plus forte.<\/b><\/li>\n<li class=\"p2\"><b>+20&nbsp;% d\u2019hydratation, pour une peau plus douce et plus lisse.<\/b><\/li>\n<li class=\"p2\"><b>100&nbsp;% de satisfaction&nbsp;: am\u00e9lioration visible de l\u2019aspect du visage, du cou et du d\u00e9collet\u00e9 apr\u00e8s seulement 12&nbsp;semaines de traitement.<\/b><\/li>\n<\/ul>\n","protected":false},"featured_media":18446,"comment_status":"open","ping_status":"closed","template":"","meta":{"_acf_changed":false},"product_cat":[338],"product_tag":[],"class_list":{"0":"post-15641","1":"product","2":"type-product","3":"status-publish","4":"has-post-thumbnail","6":"product_cat-soins-anti-age","8":"first","9":"instock","10":"shipping-taxable","11":"purchasable","12":"product-type-simple","swatches":"rey-swatches","show_selected":"","stretch_labels":"rey-swatches--stretch-labels"},"acf":[],"yoast_head":"<!-- This site is optimized with the Yoast SEO plugin v26.4 - https:\/\/yoast.com\/wordpress\/plugins\/seo\/ -->\n<title>Kit Visage Anti-\u00c2ge Aquavis\u00aeTraitement Quotidien Complet de Soin Anti-\u00c2geS\u00e9rum Liftant 30&nbsp;ml + Cr\u00e8me R\u00e9g\u00e9n\u00e9rante 50&nbsp;mlVotre nouvelle routine pour une peau jeune, lumineuse et r\u00e9g\u00e9n\u00e9r\u00e9e&nbsp;! - Aquavis<\/title>\n<meta name=\"robots\" content=\"index, follow, max-snippet:-1, max-image-preview:large, max-video-preview:-1\" \/>\n<link rel=\"canonical\" href=\"https:\/\/aquavis.it\/fr\/prodotto\/trattamento-viso-antieta-acquavis-skin-care-siero-liftante-30-ml-crema-rigenerante-50ml-la-tua-nuova-routine-per-una-pelle-giovane-luminosa-e-rigenerata\/\" \/>\n<meta property=\"og:locale\" content=\"fr_FR\" \/>\n<meta property=\"og:type\" content=\"article\" \/>\n<meta property=\"og:title\" content=\"Kit Visage Anti-\u00c2ge Aquavis\u00aeTraitement Quotidien Complet de Soin Anti-\u00c2geS\u00e9rum Liftant 30&nbsp;ml + Cr\u00e8me R\u00e9g\u00e9n\u00e9rante 50&nbsp;mlVotre nouvelle routine pour une peau jeune, lumineuse et r\u00e9g\u00e9n\u00e9r\u00e9e&nbsp;! - Aquavis\" \/>\n<meta property=\"og:description\" content=\"Le nouveau traitement quotidien pour prot\u00e9ger et r\u00e9g\u00e9n\u00e9rer la peau jour apr\u00e8s jour. Une routine simple et compl\u00e8te qui garantit des r\u00e9sultats visibles d\u00e8s la premi\u00e8re semaine&nbsp;! S\u00e9rum Liftant pour lisser et tonifier, Cr\u00e8me R\u00e9g\u00e9n\u00e9rante&nbsp;: riche et hydratante, elle aide \u00e0 renforcer la barri\u00e8re cutan\u00e9e et \u00e0 combattre les signes du temps. Id\u00e9ale pour prot\u00e9ger la peau, lui redonner \u00e9clat et fermet\u00e9, elle contribue \u00e0 am\u00e9liorer l\u2019aspect esth\u00e9tique du visage, du cou et du d\u00e9collet\u00e9. Efficacit\u00e9 Cliniquement Test\u00e9e&nbsp;:   -21&nbsp;% de s\u00e9bum, pour un teint plus uniforme et matifi\u00e9.  +20&nbsp;% de r\u00e9duction de la perte en eau, pour une barri\u00e8re cutan\u00e9e plus forte.  +20&nbsp;% d\u2019hydratation, pour une peau plus douce et plus lisse.  100&nbsp;% de satisfaction&nbsp;: am\u00e9lioration visible de l\u2019aspect du visage, du cou et du d\u00e9collet\u00e9 apr\u00e8s seulement 12&nbsp;semaines de traitement.\" \/>\n<meta property=\"og:url\" content=\"https:\/\/aquavis.it\/fr\/prodotto\/trattamento-viso-antieta-acquavis-skin-care-siero-liftante-30-ml-crema-rigenerante-50ml-la-tua-nuova-routine-per-una-pelle-giovane-luminosa-e-rigenerata\/\" \/>\n<meta property=\"og:site_name\" content=\"Aquavis\" \/>\n<meta property=\"article:publisher\" content=\"https:\/\/www.facebook.com\/aquavis.it\" \/>\n<meta property=\"article:modified_time\" content=\"2025-10-08T16:45:18+00:00\" \/>\n<meta property=\"og:image\" content=\"https:\/\/aquavis.it\/wp-content\/uploads\/2024\/12\/9.png\" \/>\n\t<meta property=\"og:image:width\" content=\"1080\" \/>\n\t<meta property=\"og:image:height\" content=\"1080\" \/>\n\t<meta property=\"og:image:type\" content=\"image\/png\" \/>\n<meta name=\"twitter:card\" content=\"summary_large_image\" \/>\n<meta name=\"twitter:label1\" content=\"Dur\u00e9e de lecture estim\u00e9e\" \/>\n\t<meta name=\"twitter:data1\" content=\"1 minute\" \/>\n<script type=\"application\/ld+json\" class=\"yoast-schema-graph\">{\"@context\":\"https:\/\/schema.org\",\"@graph\":[{\"@type\":\"WebPage\",\"@id\":\"https:\/\/aquavis.it\/fr\/prodotto\/trattamento-viso-antieta-acquavis-skin-care-siero-liftante-30-ml-crema-rigenerante-50ml-la-tua-nuova-routine-per-una-pelle-giovane-luminosa-e-rigenerata\/\",\"url\":\"https:\/\/aquavis.it\/fr\/prodotto\/trattamento-viso-antieta-acquavis-skin-care-siero-liftante-30-ml-crema-rigenerante-50ml-la-tua-nuova-routine-per-una-pelle-giovane-luminosa-e-rigenerata\/\",\"name\":\"Kit Visage Anti-\u00c2ge Aquavis\u00ae Traitement Quotidien Complet de Soin Anti-\u00c2ge S\u00e9rum Liftant 30&nbsp;ml + Cr\u00e8me R\u00e9g\u00e9n\u00e9rante 50&nbsp;ml Votre nouvelle routine pour une peau jeune, lumineuse et r\u00e9g\u00e9n\u00e9r\u00e9e&nbsp;! - Aquavis\",\"isPartOf\":{\"@id\":\"https:\/\/aquavis.it\/fr\/#website\"},\"primaryImageOfPage\":{\"@id\":\"https:\/\/aquavis.it\/fr\/prodotto\/trattamento-viso-antieta-acquavis-skin-care-siero-liftante-30-ml-crema-rigenerante-50ml-la-tua-nuova-routine-per-una-pelle-giovane-luminosa-e-rigenerata\/#primaryimage\"},\"image\":{\"@id\":\"https:\/\/aquavis.it\/fr\/prodotto\/trattamento-viso-antieta-acquavis-skin-care-siero-liftante-30-ml-crema-rigenerante-50ml-la-tua-nuova-routine-per-una-pelle-giovane-luminosa-e-rigenerata\/#primaryimage\"},\"thumbnailUrl\":\"https:\/\/aquavis.it\/wp-content\/uploads\/2024\/12\/crema-siero-combo.jpg\",\"datePublished\":\"2024-12-10T16:16:21+00:00\",\"dateModified\":\"2025-10-08T16:45:18+00:00\",\"breadcrumb\":{\"@id\":\"https:\/\/aquavis.it\/fr\/prodotto\/trattamento-viso-antieta-acquavis-skin-care-siero-liftante-30-ml-crema-rigenerante-50ml-la-tua-nuova-routine-per-una-pelle-giovane-luminosa-e-rigenerata\/#breadcrumb\"},\"inLanguage\":\"fr-FR\",\"potentialAction\":[{\"@type\":\"ReadAction\",\"target\":[\"https:\/\/aquavis.it\/fr\/prodotto\/trattamento-viso-antieta-acquavis-skin-care-siero-liftante-30-ml-crema-rigenerante-50ml-la-tua-nuova-routine-per-una-pelle-giovane-luminosa-e-rigenerata\/\"]}]},{\"@type\":\"ImageObject\",\"inLanguage\":\"fr-FR\",\"@id\":\"https:\/\/aquavis.it\/fr\/prodotto\/trattamento-viso-antieta-acquavis-skin-care-siero-liftante-30-ml-crema-rigenerante-50ml-la-tua-nuova-routine-per-una-pelle-giovane-luminosa-e-rigenerata\/#primaryimage\",\"url\":\"https:\/\/aquavis.it\/wp-content\/uploads\/2024\/12\/crema-siero-combo.jpg\",\"contentUrl\":\"https:\/\/aquavis.it\/wp-content\/uploads\/2024\/12\/crema-siero-combo.jpg\",\"width\":1000,\"height\":1000},{\"@type\":\"BreadcrumbList\",\"@id\":\"https:\/\/aquavis.it\/fr\/prodotto\/trattamento-viso-antieta-acquavis-skin-care-siero-liftante-30-ml-crema-rigenerante-50ml-la-tua-nuova-routine-per-una-pelle-giovane-luminosa-e-rigenerata\/#breadcrumb\",\"itemListElement\":[{\"@type\":\"ListItem\",\"position\":1,\"name\":\"Home\",\"item\":\"https:\/\/aquavis.it\/fr\/\"},{\"@type\":\"ListItem\",\"position\":2,\"name\":\"Boutique\",\"item\":\"https:\/\/aquavis.it\/fr\/boutique\/\"},{\"@type\":\"ListItem\",\"position\":3,\"name\":\"Kit Visage Anti-\u00c2ge Aquavis\u00aeTraitement Quotidien Complet de Soin Anti-\u00c2geS\u00e9rum Liftant 30&nbsp;ml + Cr\u00e8me R\u00e9g\u00e9n\u00e9rante 50&nbsp;mlVotre nouvelle routine pour une peau jeune, lumineuse et r\u00e9g\u00e9n\u00e9r\u00e9e&nbsp;!\"}]},{\"@type\":\"WebSite\",\"@id\":\"https:\/\/aquavis.it\/fr\/#website\",\"url\":\"https:\/\/aquavis.it\/fr\/\",\"name\":\"Aquavis\",\"description\":\"\",\"potentialAction\":[{\"@type\":\"SearchAction\",\"target\":{\"@type\":\"EntryPoint\",\"urlTemplate\":\"https:\/\/aquavis.it\/fr\/?s={search_term_string}\"},\"query-input\":{\"@type\":\"PropertyValueSpecification\",\"valueRequired\":true,\"valueName\":\"search_term_string\"}}],\"inLanguage\":\"fr-FR\"}]}<\/script>\n<!-- \/ Yoast SEO plugin. -->","yoast_head_json":{"title":"Kit Visage Anti-\u00c2ge Aquavis\u00aeTraitement Quotidien Complet de Soin Anti-\u00c2geS\u00e9rum Liftant 30&nbsp;ml + Cr\u00e8me R\u00e9g\u00e9n\u00e9rante 50&nbsp;mlVotre nouvelle routine pour une peau jeune, lumineuse et r\u00e9g\u00e9n\u00e9r\u00e9e&nbsp;! - Aquavis","robots":{"index":"index","follow":"follow","max-snippet":"max-snippet:-1","max-image-preview":"max-image-preview:large","max-video-preview":"max-video-preview:-1"},"canonical":"https:\/\/aquavis.it\/fr\/prodotto\/trattamento-viso-antieta-acquavis-skin-care-siero-liftante-30-ml-crema-rigenerante-50ml-la-tua-nuova-routine-per-una-pelle-giovane-luminosa-e-rigenerata\/","og_locale":"fr_FR","og_type":"article","og_title":"Kit Visage Anti-\u00c2ge Aquavis\u00aeTraitement Quotidien Complet de Soin Anti-\u00c2geS\u00e9rum Liftant 30&nbsp;ml + Cr\u00e8me R\u00e9g\u00e9n\u00e9rante 50&nbsp;mlVotre nouvelle routine pour une peau jeune, lumineuse et r\u00e9g\u00e9n\u00e9r\u00e9e&nbsp;! - Aquavis","og_description":"Le nouveau traitement quotidien pour prot\u00e9ger et r\u00e9g\u00e9n\u00e9rer la peau jour apr\u00e8s jour. Une routine simple et compl\u00e8te qui garantit des r\u00e9sultats visibles d\u00e8s la premi\u00e8re semaine&nbsp;! S\u00e9rum Liftant pour lisser et tonifier, Cr\u00e8me R\u00e9g\u00e9n\u00e9rante&nbsp;: riche et hydratante, elle aide \u00e0 renforcer la barri\u00e8re cutan\u00e9e et \u00e0 combattre les signes du temps. Id\u00e9ale pour prot\u00e9ger la peau, lui redonner \u00e9clat et fermet\u00e9, elle contribue \u00e0 am\u00e9liorer l\u2019aspect esth\u00e9tique du visage, du cou et du d\u00e9collet\u00e9. Efficacit\u00e9 Cliniquement Test\u00e9e&nbsp;:   -21&nbsp;% de s\u00e9bum, pour un teint plus uniforme et matifi\u00e9.  +20&nbsp;% de r\u00e9duction de la perte en eau, pour une barri\u00e8re cutan\u00e9e plus forte.  +20&nbsp;% d\u2019hydratation, pour une peau plus douce et plus lisse.  100&nbsp;% de satisfaction&nbsp;: am\u00e9lioration visible de l\u2019aspect du visage, du cou et du d\u00e9collet\u00e9 apr\u00e8s seulement 12&nbsp;semaines de traitement.","og_url":"https:\/\/aquavis.it\/fr\/prodotto\/trattamento-viso-antieta-acquavis-skin-care-siero-liftante-30-ml-crema-rigenerante-50ml-la-tua-nuova-routine-per-una-pelle-giovane-luminosa-e-rigenerata\/","og_site_name":"Aquavis","article_publisher":"https:\/\/www.facebook.com\/aquavis.it","article_modified_time":"2025-10-08T16:45:18+00:00","og_image":[{"width":1080,"height":1080,"url":"https:\/\/aquavis.it\/wp-content\/uploads\/2024\/12\/9.png","type":"image\/png"}],"twitter_card":"summary_large_image","twitter_misc":{"Dur\u00e9e de lecture estim\u00e9e":"1 minute"},"schema":{"@context":"https:\/\/schema.org","@graph":[{"@type":"WebPage","@id":"https:\/\/aquavis.it\/fr\/prodotto\/trattamento-viso-antieta-acquavis-skin-care-siero-liftante-30-ml-crema-rigenerante-50ml-la-tua-nuova-routine-per-una-pelle-giovane-luminosa-e-rigenerata\/","url":"https:\/\/aquavis.it\/fr\/prodotto\/trattamento-viso-antieta-acquavis-skin-care-siero-liftante-30-ml-crema-rigenerante-50ml-la-tua-nuova-routine-per-una-pelle-giovane-luminosa-e-rigenerata\/","name":"Kit Visage Anti-\u00c2ge Aquavis\u00ae Traitement Quotidien Complet de Soin Anti-\u00c2ge S\u00e9rum Liftant 30&nbsp;ml + Cr\u00e8me R\u00e9g\u00e9n\u00e9rante 50&nbsp;ml Votre nouvelle routine pour une peau jeune, lumineuse et r\u00e9g\u00e9n\u00e9r\u00e9e&nbsp;! - Aquavis","isPartOf":{"@id":"https:\/\/aquavis.it\/fr\/#website"},"primaryImageOfPage":{"@id":"https:\/\/aquavis.it\/fr\/prodotto\/trattamento-viso-antieta-acquavis-skin-care-siero-liftante-30-ml-crema-rigenerante-50ml-la-tua-nuova-routine-per-una-pelle-giovane-luminosa-e-rigenerata\/#primaryimage"},"image":{"@id":"https:\/\/aquavis.it\/fr\/prodotto\/trattamento-viso-antieta-acquavis-skin-care-siero-liftante-30-ml-crema-rigenerante-50ml-la-tua-nuova-routine-per-una-pelle-giovane-luminosa-e-rigenerata\/#primaryimage"},"thumbnailUrl":"https:\/\/aquavis.it\/wp-content\/uploads\/2024\/12\/crema-siero-combo.jpg","datePublished":"2024-12-10T16:16:21+00:00","dateModified":"2025-10-08T16:45:18+00:00","breadcrumb":{"@id":"https:\/\/aquavis.it\/fr\/prodotto\/trattamento-viso-antieta-acquavis-skin-care-siero-liftante-30-ml-crema-rigenerante-50ml-la-tua-nuova-routine-per-una-pelle-giovane-luminosa-e-rigenerata\/#breadcrumb"},"inLanguage":"fr-FR","potentialAction":[{"@type":"ReadAction","target":["https:\/\/aquavis.it\/fr\/prodotto\/trattamento-viso-antieta-acquavis-skin-care-siero-liftante-30-ml-crema-rigenerante-50ml-la-tua-nuova-routine-per-una-pelle-giovane-luminosa-e-rigenerata\/"]}]},{"@type":"ImageObject","inLanguage":"fr-FR","@id":"https:\/\/aquavis.it\/fr\/prodotto\/trattamento-viso-antieta-acquavis-skin-care-siero-liftante-30-ml-crema-rigenerante-50ml-la-tua-nuova-routine-per-una-pelle-giovane-luminosa-e-rigenerata\/#primaryimage","url":"https:\/\/aquavis.it\/wp-content\/uploads\/2024\/12\/crema-siero-combo.jpg","contentUrl":"https:\/\/aquavis.it\/wp-content\/uploads\/2024\/12\/crema-siero-combo.jpg","width":1000,"height":1000},{"@type":"BreadcrumbList","@id":"https:\/\/aquavis.it\/fr\/prodotto\/trattamento-viso-antieta-acquavis-skin-care-siero-liftante-30-ml-crema-rigenerante-50ml-la-tua-nuova-routine-per-una-pelle-giovane-luminosa-e-rigenerata\/#breadcrumb","itemListElement":[{"@type":"ListItem","position":1,"name":"Home","item":"https:\/\/aquavis.it\/fr\/"},{"@type":"ListItem","position":2,"name":"Boutique","item":"https:\/\/aquavis.it\/fr\/boutique\/"},{"@type":"ListItem","position":3,"name":"Kit Visage Anti-\u00c2ge Aquavis\u00aeTraitement Quotidien Complet de Soin Anti-\u00c2geS\u00e9rum Liftant 30&nbsp;ml + Cr\u00e8me R\u00e9g\u00e9n\u00e9rante 50&nbsp;mlVotre nouvelle routine pour une peau jeune, lumineuse et r\u00e9g\u00e9n\u00e9r\u00e9e&nbsp;!"}]},{"@type":"WebSite","@id":"https:\/\/aquavis.it\/fr\/#website","url":"https:\/\/aquavis.it\/fr\/","name":"Aquavis","description":"","potentialAction":[{"@type":"SearchAction","target":{"@type":"EntryPoint","urlTemplate":"https:\/\/aquavis.it\/fr\/?s={search_term_string}"},"query-input":{"@type":"PropertyValueSpecification","valueRequired":true,"valueName":"search_term_string"}}],"inLanguage":"fr-FR"}]}},"_links":{"self":[{"href":"https:\/\/aquavis.it\/fr\/wp-json\/wp\/v2\/product\/15641","targetHints":{"allow":["GET"]}}],"collection":[{"href":"https:\/\/aquavis.it\/fr\/wp-json\/wp\/v2\/product"}],"about":[{"href":"https:\/\/aquavis.it\/fr\/wp-json\/wp\/v2\/types\/product"}],"replies":[{"embeddable":true,"href":"https:\/\/aquavis.it\/fr\/wp-json\/wp\/v2\/comments?post=15641"}],"version-history":[{"count":2,"href":"https:\/\/aquavis.it\/fr\/wp-json\/wp\/v2\/product\/15641\/revisions"}],"predecessor-version":[{"id":15966,"href":"https:\/\/aquavis.it\/fr\/wp-json\/wp\/v2\/product\/15641\/revisions\/15966"}],"wp:featuredmedia":[{"embeddable":true,"href":"https:\/\/aquavis.it\/fr\/wp-json\/wp\/v2\/media\/18446"}],"wp:attachment":[{"href":"https:\/\/aquavis.it\/fr\/wp-json\/wp\/v2\/media?parent=15641"}],"wp:term":[{"taxonomy":"product_cat","embeddable":true,"href":"https:\/\/aquavis.it\/fr\/wp-json\/wp\/v2\/product_cat?post=15641"},{"taxonomy":"product_tag","embeddable":true,"href":"https:\/\/aquavis.it\/fr\/wp-json\/wp\/v2\/product_tag?post=15641"}],"curies":[{"name":"wp","href":"https:\/\/api.w.org\/{rel}","templated":true}]}}