{"id":15638,"date":"2024-12-10T17:20:52","date_gmt":"2024-12-10T16:20:52","guid":{"rendered":"https:\/\/aquavis.it\/prodotto\/trattamento-di-protezione-family-aquavis-gel-puro-rigenerante-75-ml-pasta-bianca-protettiva-100-ml-proteggi-e-rigenera-la-pelle-di-tutta-la-famiglia\/"},"modified":"2025-10-08T18:43:12","modified_gmt":"2025-10-08T16:43:12","slug":"trattamento-di-protezione-family-aquavis-gel-puro-rigenerante-75-ml-pasta-bianca-protettiva-100-ml-proteggi-e-rigenera-la-pelle-di-tutta-la-famiglia","status":"publish","type":"product","link":"https:\/\/aquavis.it\/fr\/prodotto\/trattamento-di-protezione-family-aquavis-gel-puro-rigenerante-75-ml-pasta-bianca-protettiva-100-ml-proteggi-e-rigenera-la-pelle-di-tutta-la-famiglia\/","title":{"rendered":"Kit Protection Famille Aquavis\u00ae <br>Soin Complet pour la Peau de Toute la Famille <br><span class=\"hidden-text\">Gel Pur R\u00e9g\u00e9n\u00e9rant 75&nbsp;ml + P\u00e2te Blanche Protectrice 100&nbsp;ml&nbsp;: <br>prot\u00e9gez et r\u00e9g\u00e9n\u00e9rez la peau de toute la famille&nbsp;!<\/span>"},"content":{"rendered":"","protected":false},"excerpt":{"rendered":"<p class=\"p1\">2 produits indispensables pour r\u00e9pondre aux besoins de toute la famille&nbsp;: le <strong>Gel Pur R\u00e9g\u00e9n\u00e9rant Aquavis\u00ae<\/strong>, pour apaiser les irritations et traiter les probl\u00e8mes cutan\u00e9s les plus visibles tels que l\u2019acn\u00e9, les cicatrices d\u2019acn\u00e9, les ger\u00e7ures dues au froid, les d\u00e9mangeaisons, les inflammations de la peau, les br\u00fblures l\u00e9g\u00e8res, les irritations dues aux tatouages ou aux frottements.<br \/>\nLa <strong>P\u00e2te Blanche Aquavis\u00ae<\/strong>&nbsp;: le produit id\u00e9al pour les peaux les plus d\u00e9licates, comme celle des plus petits. Elle renforce la barri\u00e8re cutan\u00e9e et est parfaite pour traiter les dermatites, les irritations dues aux frottements, les piq\u00fbres d\u2019insectes, les d\u00e9mangeaisons, les irritations de type \u00e9ryth\u00e8me fessier et la desquamation cutan\u00e9e.<\/p>\n<ul>\n<li class=\"p1\"><b>+49&nbsp;% de r\u00e9g\u00e9n\u00e9ration cellulaire cutan\u00e9e.<\/b><\/li>\n<li class=\"p2\"><b>+13&nbsp;% de r\u00e9paration cellulaire dermique.<\/b><\/li>\n<li class=\"p2\"><b>Renforcement significatif de la barri\u00e8re cutan\u00e9e.<\/b><\/li>\n<\/ul>\n","protected":false},"featured_media":18442,"comment_status":"open","ping_status":"closed","template":"","meta":{"_acf_changed":false},"product_cat":[340],"product_tag":[],"class_list":{"0":"post-15638","1":"product","2":"type-product","3":"status-publish","4":"has-post-thumbnail","6":"product_cat-soin-de-la-peau","8":"first","9":"instock","10":"shipping-taxable","11":"purchasable","12":"product-type-simple","swatches":"rey-swatches","show_selected":"","stretch_labels":"rey-swatches--stretch-labels"},"acf":[],"yoast_head":"<!-- This site is optimized with the Yoast SEO plugin v26.4 - https:\/\/yoast.com\/wordpress\/plugins\/seo\/ -->\n<title>Kit Protection Famille Aquavis\u00ae Soin Complet pour la Peau de Toute la Famille Gel Pur R\u00e9g\u00e9n\u00e9rant 75&nbsp;ml + P\u00e2te Blanche Protectrice 100&nbsp;ml&nbsp;: prot\u00e9gez et r\u00e9g\u00e9n\u00e9rez la peau de toute la famille&nbsp;! - Aquavis<\/title>\n<meta name=\"robots\" content=\"index, follow, max-snippet:-1, max-image-preview:large, max-video-preview:-1\" \/>\n<link rel=\"canonical\" href=\"https:\/\/aquavis.it\/fr\/prodotto\/trattamento-di-protezione-family-aquavis-gel-puro-rigenerante-75-ml-pasta-bianca-protettiva-100-ml-proteggi-e-rigenera-la-pelle-di-tutta-la-famiglia\/\" \/>\n<meta property=\"og:locale\" content=\"fr_FR\" \/>\n<meta property=\"og:type\" content=\"article\" \/>\n<meta property=\"og:title\" content=\"Kit Protection Famille Aquavis\u00ae Soin Complet pour la Peau de Toute la Famille Gel Pur R\u00e9g\u00e9n\u00e9rant 75&nbsp;ml + P\u00e2te Blanche Protectrice 100&nbsp;ml&nbsp;: prot\u00e9gez et r\u00e9g\u00e9n\u00e9rez la peau de toute la famille&nbsp;! - Aquavis\" \/>\n<meta property=\"og:description\" content=\"2 produits indispensables pour r\u00e9pondre aux besoins de toute la famille&nbsp;: le Gel Pur R\u00e9g\u00e9n\u00e9rant Aquavis\u00ae, pour apaiser les irritations et traiter les probl\u00e8mes cutan\u00e9s les plus visibles tels que l\u2019acn\u00e9, les cicatrices d\u2019acn\u00e9, les ger\u00e7ures dues au froid, les d\u00e9mangeaisons, les inflammations de la peau, les br\u00fblures l\u00e9g\u00e8res, les irritations dues aux tatouages ou aux frottements.  La P\u00e2te Blanche Aquavis\u00ae&nbsp;: le produit id\u00e9al pour les peaux les plus d\u00e9licates, comme celle des plus petits. Elle renforce la barri\u00e8re cutan\u00e9e et est parfaite pour traiter les dermatites, les irritations dues aux frottements, les piq\u00fbres d\u2019insectes, les d\u00e9mangeaisons, les irritations de type \u00e9ryth\u00e8me fessier et la desquamation cutan\u00e9e.   +49&nbsp;% de r\u00e9g\u00e9n\u00e9ration cellulaire cutan\u00e9e.  +13&nbsp;% de r\u00e9paration cellulaire dermique.  Renforcement significatif de la barri\u00e8re cutan\u00e9e.\" \/>\n<meta property=\"og:url\" content=\"https:\/\/aquavis.it\/fr\/prodotto\/trattamento-di-protezione-family-aquavis-gel-puro-rigenerante-75-ml-pasta-bianca-protettiva-100-ml-proteggi-e-rigenera-la-pelle-di-tutta-la-famiglia\/\" \/>\n<meta property=\"og:site_name\" content=\"Aquavis\" \/>\n<meta property=\"article:publisher\" content=\"https:\/\/www.facebook.com\/aquavis.it\" \/>\n<meta property=\"article:modified_time\" content=\"2025-10-08T16:43:12+00:00\" \/>\n<meta property=\"og:image\" content=\"https:\/\/aquavis.it\/wp-content\/uploads\/2024\/12\/3.png\" \/>\n\t<meta property=\"og:image:width\" content=\"1080\" \/>\n\t<meta property=\"og:image:height\" content=\"1080\" \/>\n\t<meta property=\"og:image:type\" content=\"image\/png\" \/>\n<meta name=\"twitter:card\" content=\"summary_large_image\" \/>\n<meta name=\"twitter:label1\" content=\"Dur\u00e9e de lecture estim\u00e9e\" \/>\n\t<meta name=\"twitter:data1\" content=\"1 minute\" \/>\n<script type=\"application\/ld+json\" class=\"yoast-schema-graph\">{\"@context\":\"https:\/\/schema.org\",\"@graph\":[{\"@type\":\"WebPage\",\"@id\":\"https:\/\/aquavis.it\/fr\/prodotto\/trattamento-di-protezione-family-aquavis-gel-puro-rigenerante-75-ml-pasta-bianca-protettiva-100-ml-proteggi-e-rigenera-la-pelle-di-tutta-la-famiglia\/\",\"url\":\"https:\/\/aquavis.it\/fr\/prodotto\/trattamento-di-protezione-family-aquavis-gel-puro-rigenerante-75-ml-pasta-bianca-protettiva-100-ml-proteggi-e-rigenera-la-pelle-di-tutta-la-famiglia\/\",\"name\":\"Kit Protection Famille Aquavis\u00ae Soin Complet pour la Peau de Toute la Famille Gel Pur R\u00e9g\u00e9n\u00e9rant 75&nbsp;ml + P\u00e2te Blanche Protectrice 100&nbsp;ml&nbsp;: prot\u00e9gez et r\u00e9g\u00e9n\u00e9rez la peau de toute la famille&nbsp;! - Aquavis\",\"isPartOf\":{\"@id\":\"https:\/\/aquavis.it\/fr\/#website\"},\"primaryImageOfPage\":{\"@id\":\"https:\/\/aquavis.it\/fr\/prodotto\/trattamento-di-protezione-family-aquavis-gel-puro-rigenerante-75-ml-pasta-bianca-protettiva-100-ml-proteggi-e-rigenera-la-pelle-di-tutta-la-famiglia\/#primaryimage\"},\"image\":{\"@id\":\"https:\/\/aquavis.it\/fr\/prodotto\/trattamento-di-protezione-family-aquavis-gel-puro-rigenerante-75-ml-pasta-bianca-protettiva-100-ml-proteggi-e-rigenera-la-pelle-di-tutta-la-famiglia\/#primaryimage\"},\"thumbnailUrl\":\"https:\/\/aquavis.it\/wp-content\/uploads\/2024\/12\/gelpuro-pastabianca.jpg\",\"datePublished\":\"2024-12-10T16:20:52+00:00\",\"dateModified\":\"2025-10-08T16:43:12+00:00\",\"breadcrumb\":{\"@id\":\"https:\/\/aquavis.it\/fr\/prodotto\/trattamento-di-protezione-family-aquavis-gel-puro-rigenerante-75-ml-pasta-bianca-protettiva-100-ml-proteggi-e-rigenera-la-pelle-di-tutta-la-famiglia\/#breadcrumb\"},\"inLanguage\":\"fr-FR\",\"potentialAction\":[{\"@type\":\"ReadAction\",\"target\":[\"https:\/\/aquavis.it\/fr\/prodotto\/trattamento-di-protezione-family-aquavis-gel-puro-rigenerante-75-ml-pasta-bianca-protettiva-100-ml-proteggi-e-rigenera-la-pelle-di-tutta-la-famiglia\/\"]}]},{\"@type\":\"ImageObject\",\"inLanguage\":\"fr-FR\",\"@id\":\"https:\/\/aquavis.it\/fr\/prodotto\/trattamento-di-protezione-family-aquavis-gel-puro-rigenerante-75-ml-pasta-bianca-protettiva-100-ml-proteggi-e-rigenera-la-pelle-di-tutta-la-famiglia\/#primaryimage\",\"url\":\"https:\/\/aquavis.it\/wp-content\/uploads\/2024\/12\/gelpuro-pastabianca.jpg\",\"contentUrl\":\"https:\/\/aquavis.it\/wp-content\/uploads\/2024\/12\/gelpuro-pastabianca.jpg\",\"width\":1000,\"height\":1000},{\"@type\":\"BreadcrumbList\",\"@id\":\"https:\/\/aquavis.it\/fr\/prodotto\/trattamento-di-protezione-family-aquavis-gel-puro-rigenerante-75-ml-pasta-bianca-protettiva-100-ml-proteggi-e-rigenera-la-pelle-di-tutta-la-famiglia\/#breadcrumb\",\"itemListElement\":[{\"@type\":\"ListItem\",\"position\":1,\"name\":\"Home\",\"item\":\"https:\/\/aquavis.it\/fr\/\"},{\"@type\":\"ListItem\",\"position\":2,\"name\":\"Boutique\",\"item\":\"https:\/\/aquavis.it\/fr\/boutique\/\"},{\"@type\":\"ListItem\",\"position\":3,\"name\":\"Kit Protection Famille Aquavis\u00ae Soin Complet pour la Peau de Toute la Famille Gel Pur R\u00e9g\u00e9n\u00e9rant 75&nbsp;ml + P\u00e2te Blanche Protectrice 100&nbsp;ml&nbsp;: prot\u00e9gez et r\u00e9g\u00e9n\u00e9rez la peau de toute la famille&nbsp;!\"}]},{\"@type\":\"WebSite\",\"@id\":\"https:\/\/aquavis.it\/fr\/#website\",\"url\":\"https:\/\/aquavis.it\/fr\/\",\"name\":\"Aquavis\",\"description\":\"\",\"potentialAction\":[{\"@type\":\"SearchAction\",\"target\":{\"@type\":\"EntryPoint\",\"urlTemplate\":\"https:\/\/aquavis.it\/fr\/?s={search_term_string}\"},\"query-input\":{\"@type\":\"PropertyValueSpecification\",\"valueRequired\":true,\"valueName\":\"search_term_string\"}}],\"inLanguage\":\"fr-FR\"}]}<\/script>\n<!-- \/ Yoast SEO plugin. -->","yoast_head_json":{"title":"Kit Protection Famille Aquavis\u00ae Soin Complet pour la Peau de Toute la Famille Gel Pur R\u00e9g\u00e9n\u00e9rant 75&nbsp;ml + P\u00e2te Blanche Protectrice 100&nbsp;ml&nbsp;: prot\u00e9gez et r\u00e9g\u00e9n\u00e9rez la peau de toute la famille&nbsp;! - Aquavis","robots":{"index":"index","follow":"follow","max-snippet":"max-snippet:-1","max-image-preview":"max-image-preview:large","max-video-preview":"max-video-preview:-1"},"canonical":"https:\/\/aquavis.it\/fr\/prodotto\/trattamento-di-protezione-family-aquavis-gel-puro-rigenerante-75-ml-pasta-bianca-protettiva-100-ml-proteggi-e-rigenera-la-pelle-di-tutta-la-famiglia\/","og_locale":"fr_FR","og_type":"article","og_title":"Kit Protection Famille Aquavis\u00ae Soin Complet pour la Peau de Toute la Famille Gel Pur R\u00e9g\u00e9n\u00e9rant 75&nbsp;ml + P\u00e2te Blanche Protectrice 100&nbsp;ml&nbsp;: prot\u00e9gez et r\u00e9g\u00e9n\u00e9rez la peau de toute la famille&nbsp;! - Aquavis","og_description":"2 produits indispensables pour r\u00e9pondre aux besoins de toute la famille&nbsp;: le Gel Pur R\u00e9g\u00e9n\u00e9rant Aquavis\u00ae, pour apaiser les irritations et traiter les probl\u00e8mes cutan\u00e9s les plus visibles tels que l\u2019acn\u00e9, les cicatrices d\u2019acn\u00e9, les ger\u00e7ures dues au froid, les d\u00e9mangeaisons, les inflammations de la peau, les br\u00fblures l\u00e9g\u00e8res, les irritations dues aux tatouages ou aux frottements.  La P\u00e2te Blanche Aquavis\u00ae&nbsp;: le produit id\u00e9al pour les peaux les plus d\u00e9licates, comme celle des plus petits. Elle renforce la barri\u00e8re cutan\u00e9e et est parfaite pour traiter les dermatites, les irritations dues aux frottements, les piq\u00fbres d\u2019insectes, les d\u00e9mangeaisons, les irritations de type \u00e9ryth\u00e8me fessier et la desquamation cutan\u00e9e.   +49&nbsp;% de r\u00e9g\u00e9n\u00e9ration cellulaire cutan\u00e9e.  +13&nbsp;% de r\u00e9paration cellulaire dermique.  Renforcement significatif de la barri\u00e8re cutan\u00e9e.","og_url":"https:\/\/aquavis.it\/fr\/prodotto\/trattamento-di-protezione-family-aquavis-gel-puro-rigenerante-75-ml-pasta-bianca-protettiva-100-ml-proteggi-e-rigenera-la-pelle-di-tutta-la-famiglia\/","og_site_name":"Aquavis","article_publisher":"https:\/\/www.facebook.com\/aquavis.it","article_modified_time":"2025-10-08T16:43:12+00:00","og_image":[{"width":1080,"height":1080,"url":"https:\/\/aquavis.it\/wp-content\/uploads\/2024\/12\/3.png","type":"image\/png"}],"twitter_card":"summary_large_image","twitter_misc":{"Dur\u00e9e de lecture estim\u00e9e":"1 minute"},"schema":{"@context":"https:\/\/schema.org","@graph":[{"@type":"WebPage","@id":"https:\/\/aquavis.it\/fr\/prodotto\/trattamento-di-protezione-family-aquavis-gel-puro-rigenerante-75-ml-pasta-bianca-protettiva-100-ml-proteggi-e-rigenera-la-pelle-di-tutta-la-famiglia\/","url":"https:\/\/aquavis.it\/fr\/prodotto\/trattamento-di-protezione-family-aquavis-gel-puro-rigenerante-75-ml-pasta-bianca-protettiva-100-ml-proteggi-e-rigenera-la-pelle-di-tutta-la-famiglia\/","name":"Kit Protection Famille Aquavis\u00ae Soin Complet pour la Peau de Toute la Famille Gel Pur R\u00e9g\u00e9n\u00e9rant 75&nbsp;ml + P\u00e2te Blanche Protectrice 100&nbsp;ml&nbsp;: prot\u00e9gez et r\u00e9g\u00e9n\u00e9rez la peau de toute la famille&nbsp;! - Aquavis","isPartOf":{"@id":"https:\/\/aquavis.it\/fr\/#website"},"primaryImageOfPage":{"@id":"https:\/\/aquavis.it\/fr\/prodotto\/trattamento-di-protezione-family-aquavis-gel-puro-rigenerante-75-ml-pasta-bianca-protettiva-100-ml-proteggi-e-rigenera-la-pelle-di-tutta-la-famiglia\/#primaryimage"},"image":{"@id":"https:\/\/aquavis.it\/fr\/prodotto\/trattamento-di-protezione-family-aquavis-gel-puro-rigenerante-75-ml-pasta-bianca-protettiva-100-ml-proteggi-e-rigenera-la-pelle-di-tutta-la-famiglia\/#primaryimage"},"thumbnailUrl":"https:\/\/aquavis.it\/wp-content\/uploads\/2024\/12\/gelpuro-pastabianca.jpg","datePublished":"2024-12-10T16:20:52+00:00","dateModified":"2025-10-08T16:43:12+00:00","breadcrumb":{"@id":"https:\/\/aquavis.it\/fr\/prodotto\/trattamento-di-protezione-family-aquavis-gel-puro-rigenerante-75-ml-pasta-bianca-protettiva-100-ml-proteggi-e-rigenera-la-pelle-di-tutta-la-famiglia\/#breadcrumb"},"inLanguage":"fr-FR","potentialAction":[{"@type":"ReadAction","target":["https:\/\/aquavis.it\/fr\/prodotto\/trattamento-di-protezione-family-aquavis-gel-puro-rigenerante-75-ml-pasta-bianca-protettiva-100-ml-proteggi-e-rigenera-la-pelle-di-tutta-la-famiglia\/"]}]},{"@type":"ImageObject","inLanguage":"fr-FR","@id":"https:\/\/aquavis.it\/fr\/prodotto\/trattamento-di-protezione-family-aquavis-gel-puro-rigenerante-75-ml-pasta-bianca-protettiva-100-ml-proteggi-e-rigenera-la-pelle-di-tutta-la-famiglia\/#primaryimage","url":"https:\/\/aquavis.it\/wp-content\/uploads\/2024\/12\/gelpuro-pastabianca.jpg","contentUrl":"https:\/\/aquavis.it\/wp-content\/uploads\/2024\/12\/gelpuro-pastabianca.jpg","width":1000,"height":1000},{"@type":"BreadcrumbList","@id":"https:\/\/aquavis.it\/fr\/prodotto\/trattamento-di-protezione-family-aquavis-gel-puro-rigenerante-75-ml-pasta-bianca-protettiva-100-ml-proteggi-e-rigenera-la-pelle-di-tutta-la-famiglia\/#breadcrumb","itemListElement":[{"@type":"ListItem","position":1,"name":"Home","item":"https:\/\/aquavis.it\/fr\/"},{"@type":"ListItem","position":2,"name":"Boutique","item":"https:\/\/aquavis.it\/fr\/boutique\/"},{"@type":"ListItem","position":3,"name":"Kit Protection Famille Aquavis\u00ae Soin Complet pour la Peau de Toute la Famille Gel Pur R\u00e9g\u00e9n\u00e9rant 75&nbsp;ml + P\u00e2te Blanche Protectrice 100&nbsp;ml&nbsp;: prot\u00e9gez et r\u00e9g\u00e9n\u00e9rez la peau de toute la famille&nbsp;!"}]},{"@type":"WebSite","@id":"https:\/\/aquavis.it\/fr\/#website","url":"https:\/\/aquavis.it\/fr\/","name":"Aquavis","description":"","potentialAction":[{"@type":"SearchAction","target":{"@type":"EntryPoint","urlTemplate":"https:\/\/aquavis.it\/fr\/?s={search_term_string}"},"query-input":{"@type":"PropertyValueSpecification","valueRequired":true,"valueName":"search_term_string"}}],"inLanguage":"fr-FR"}]}},"_links":{"self":[{"href":"https:\/\/aquavis.it\/fr\/wp-json\/wp\/v2\/product\/15638","targetHints":{"allow":["GET"]}}],"collection":[{"href":"https:\/\/aquavis.it\/fr\/wp-json\/wp\/v2\/product"}],"about":[{"href":"https:\/\/aquavis.it\/fr\/wp-json\/wp\/v2\/types\/product"}],"replies":[{"embeddable":true,"href":"https:\/\/aquavis.it\/fr\/wp-json\/wp\/v2\/comments?post=15638"}],"version-history":[{"count":3,"href":"https:\/\/aquavis.it\/fr\/wp-json\/wp\/v2\/product\/15638\/revisions"}],"predecessor-version":[{"id":15962,"href":"https:\/\/aquavis.it\/fr\/wp-json\/wp\/v2\/product\/15638\/revisions\/15962"}],"wp:featuredmedia":[{"embeddable":true,"href":"https:\/\/aquavis.it\/fr\/wp-json\/wp\/v2\/media\/18442"}],"wp:attachment":[{"href":"https:\/\/aquavis.it\/fr\/wp-json\/wp\/v2\/media?parent=15638"}],"wp:term":[{"taxonomy":"product_cat","embeddable":true,"href":"https:\/\/aquavis.it\/fr\/wp-json\/wp\/v2\/product_cat?post=15638"},{"taxonomy":"product_tag","embeddable":true,"href":"https:\/\/aquavis.it\/fr\/wp-json\/wp\/v2\/product_tag?post=15638"}],"curies":[{"name":"wp","href":"https:\/\/api.w.org\/{rel}","templated":true}]}}